{"id":9874,"date":"2021-04-05T15:28:00","date_gmt":"2021-04-05T13:28:09","guid":{"rendered":"https:\/\/www.curlynights.com\/?post_type=product&#038;p=9874"},"modified":"2022-12-07T22:11:51","modified_gmt":"2022-12-07T21:11:51","slug":"kimono-satin-wax-bleu-marine-arlequin","status":"publish","type":"product","link":"https:\/\/www.curlynights.com\/fr\/shop\/kimono-satin-wax-bleu-marine-arlequin\/","title":{"rendered":"Kimono Satin \/ Wax Bleu Marine ARLEQUIN"},"content":{"rendered":"<p>Conseil mode : n&rsquo;h\u00e9sitez pas \u00e0 porter la ceinture avec un jean, pour cintrer une robe ou un manteau !<\/p>\n","protected":false},"excerpt":{"rendered":"<p>El\u00e9gant, brillant, doux : vous allez adorer porter ce d\u00e9shabill\u00e9 en satin, seul ou par-dessus un pyjama ! La ceinture en wax apporte la touche de peps et de style qui feront de ce kimono un incontournable de vos tenues de maison.<\/p>\n<ul>\n<li>Ceinture en wax XXL cousue main dans notre atelier lyonnais<\/li>\n<li>Kimono en satin de polyester bleu marine ultra-doux et brillant<\/li>\n<li>2 passants pour la ceinture<\/li>\n<li>Cordon \u00e0 l&rsquo;int\u00e9rieur<\/li>\n<\/ul>\n","protected":false},"featured_media":9832,"template":"","meta":[],"product_brand":[],"product_cat":[112],"product_tag":[],"class_list":{"0":"post-9874","1":"product","2":"type-product","3":"status-publish","4":"has-post-thumbnail","6":"product_cat-kimonos","8":"first","9":"instock","10":"purchasable","11":"product-type-variable"},"yoast_head":"<!-- This site is optimized with the Yoast SEO plugin v27.4 - https:\/\/yoast.com\/product\/yoast-seo-wordpress\/ -->\n<title>Kimono Satin \/ Wax Bleu Marine ARLEQUIN &#8902; Curly Nights<\/title>\n<meta name=\"description\" content=\"La tenue que vous allez adorer porter \u00e0 la maison : un d\u00e9shabill\u00e9 coupe kimono \u00e9l\u00e9gant, sexy et confortable, avec une ceinture en wax styl\u00e9e !\" \/>\n<meta name=\"robots\" content=\"index, follow, max-snippet:-1, max-image-preview:large, max-video-preview:-1\" \/>\n<link rel=\"canonical\" href=\"https:\/\/www.curlynights.com\/fr\/shop\/kimono-satin-wax-bleu-marine-arlequin\/\" \/>\n<meta property=\"og:locale\" content=\"fr_FR\" \/>\n<meta property=\"og:type\" content=\"article\" \/>\n<meta property=\"og:title\" content=\"Kimono Satin \/ Wax Bleu Marine ARLEQUIN &#8902; Curly Nights\" \/>\n<meta property=\"og:description\" content=\"La tenue que vous allez adorer porter \u00e0 la maison : un d\u00e9shabill\u00e9 coupe kimono \u00e9l\u00e9gant, sexy et confortable, avec une ceinture en wax styl\u00e9e !\" \/>\n<meta property=\"og:url\" content=\"https:\/\/www.curlynights.com\/fr\/shop\/kimono-satin-wax-bleu-marine-arlequin\/\" \/>\n<meta property=\"og:site_name\" content=\"Curly Nights\" \/>\n<meta property=\"article:modified_time\" content=\"2022-12-07T21:11:51+00:00\" \/>\n<meta property=\"og:image\" content=\"https:\/\/www.curlynights.com\/wp-content\/uploads\/2021\/04\/lunettes-arlequin-.jpg\" \/>\n\t<meta property=\"og:image:width\" content=\"1000\" \/>\n\t<meta property=\"og:image:height\" content=\"1000\" \/>\n\t<meta property=\"og:image:type\" content=\"image\/jpeg\" \/>\n<meta name=\"twitter:card\" content=\"summary_large_image\" \/>\n<meta name=\"twitter:label1\" content=\"Dur\u00e9e de lecture estim\u00e9e\" \/>\n\t<meta name=\"twitter:data1\" content=\"1 minute\" \/>\n<script type=\"application\/ld+json\" class=\"yoast-schema-graph\">{\"@context\":\"https:\\\/\\\/schema.org\",\"@graph\":[{\"@type\":\"WebPage\",\"@id\":\"https:\\\/\\\/www.curlynights.com\\\/fr\\\/shop\\\/kimono-satin-wax-bleu-marine-arlequin\\\/\",\"url\":\"https:\\\/\\\/www.curlynights.com\\\/fr\\\/shop\\\/kimono-satin-wax-bleu-marine-arlequin\\\/\",\"name\":\"Kimono Satin \\\/ Wax Bleu Marine ARLEQUIN &#8902; Curly Nights\",\"isPartOf\":{\"@id\":\"https:\\\/\\\/www.curlynights.com\\\/fr\\\/#website\"},\"primaryImageOfPage\":{\"@id\":\"https:\\\/\\\/www.curlynights.com\\\/fr\\\/shop\\\/kimono-satin-wax-bleu-marine-arlequin\\\/#primaryimage\"},\"image\":{\"@id\":\"https:\\\/\\\/www.curlynights.com\\\/fr\\\/shop\\\/kimono-satin-wax-bleu-marine-arlequin\\\/#primaryimage\"},\"thumbnailUrl\":\"https:\\\/\\\/www.curlynights.com\\\/wp-content\\\/uploads\\\/2021\\\/04\\\/lunettes-arlequin-.jpg\",\"datePublished\":\"2021-04-05T13:28:09+00:00\",\"dateModified\":\"2022-12-07T21:11:51+00:00\",\"description\":\"La tenue que vous allez adorer porter \u00e0 la maison : un d\u00e9shabill\u00e9 coupe kimono \u00e9l\u00e9gant, sexy et confortable, avec une ceinture en wax styl\u00e9e !\",\"breadcrumb\":{\"@id\":\"https:\\\/\\\/www.curlynights.com\\\/fr\\\/shop\\\/kimono-satin-wax-bleu-marine-arlequin\\\/#breadcrumb\"},\"inLanguage\":\"fr-FR\",\"potentialAction\":[{\"@type\":\"ReadAction\",\"target\":[\"https:\\\/\\\/www.curlynights.com\\\/fr\\\/shop\\\/kimono-satin-wax-bleu-marine-arlequin\\\/\"]}]},{\"@type\":\"ImageObject\",\"inLanguage\":\"fr-FR\",\"@id\":\"https:\\\/\\\/www.curlynights.com\\\/fr\\\/shop\\\/kimono-satin-wax-bleu-marine-arlequin\\\/#primaryimage\",\"url\":\"https:\\\/\\\/www.curlynights.com\\\/wp-content\\\/uploads\\\/2021\\\/04\\\/lunettes-arlequin-.jpg\",\"contentUrl\":\"https:\\\/\\\/www.curlynights.com\\\/wp-content\\\/uploads\\\/2021\\\/04\\\/lunettes-arlequin-.jpg\",\"width\":1000,\"height\":1000,\"caption\":\"kimono satin ceinture wax masque de nuit curly nights arlequin\"},{\"@type\":\"BreadcrumbList\",\"@id\":\"https:\\\/\\\/www.curlynights.com\\\/fr\\\/shop\\\/kimono-satin-wax-bleu-marine-arlequin\\\/#breadcrumb\",\"itemListElement\":[{\"@type\":\"ListItem\",\"position\":1,\"name\":\"Startseite\",\"item\":\"https:\\\/\\\/www.curlynights.com\\\/fr\\\/\"},{\"@type\":\"ListItem\",\"position\":2,\"name\":\"Boutique\",\"item\":\"https:\\\/\\\/www.curlynights.com\\\/fr\\\/boutique\\\/\"},{\"@type\":\"ListItem\",\"position\":3,\"name\":\"Kimono Satin \\\/ Wax Bleu Marine ARLEQUIN\"}]},{\"@type\":\"WebSite\",\"@id\":\"https:\\\/\\\/www.curlynights.com\\\/fr\\\/#website\",\"url\":\"https:\\\/\\\/www.curlynights.com\\\/fr\\\/\",\"name\":\"Curly Nights\",\"description\":\"Bonnets de nuit, de soin et taies d&#039;oreiller en wax et satin\",\"publisher\":{\"@id\":\"https:\\\/\\\/www.curlynights.com\\\/fr\\\/#organization\"},\"potentialAction\":[{\"@type\":\"SearchAction\",\"target\":{\"@type\":\"EntryPoint\",\"urlTemplate\":\"https:\\\/\\\/www.curlynights.com\\\/fr\\\/?s={search_term_string}\"},\"query-input\":{\"@type\":\"PropertyValueSpecification\",\"valueRequired\":true,\"valueName\":\"search_term_string\"}}],\"inLanguage\":\"fr-FR\"},{\"@type\":\"Organization\",\"@id\":\"https:\\\/\\\/www.curlynights.com\\\/fr\\\/#organization\",\"name\":\"Curly Nights\",\"url\":\"https:\\\/\\\/www.curlynights.com\\\/fr\\\/\",\"logo\":{\"@type\":\"ImageObject\",\"inLanguage\":\"fr-FR\",\"@id\":\"https:\\\/\\\/www.curlynights.com\\\/fr\\\/#\\\/schema\\\/logo\\\/image\\\/\",\"url\":\"https:\\\/\\\/www.curlynights.com\\\/wp-content\\\/uploads\\\/2018\\\/08\\\/cropped-LOGO-GLYNNIS.png\",\"contentUrl\":\"https:\\\/\\\/www.curlynights.com\\\/wp-content\\\/uploads\\\/2018\\\/08\\\/cropped-LOGO-GLYNNIS.png\",\"width\":1024,\"height\":276,\"caption\":\"Curly Nights\"},\"image\":{\"@id\":\"https:\\\/\\\/www.curlynights.com\\\/fr\\\/#\\\/schema\\\/logo\\\/image\\\/\"}}]}<\/script>\n<!-- \/ Yoast SEO plugin. -->","yoast_head_json":{"title":"Kimono Satin \/ Wax Bleu Marine ARLEQUIN &#8902; Curly Nights","description":"La tenue que vous allez adorer porter \u00e0 la maison : un d\u00e9shabill\u00e9 coupe kimono \u00e9l\u00e9gant, sexy et confortable, avec une ceinture en wax styl\u00e9e !","robots":{"index":"index","follow":"follow","max-snippet":"max-snippet:-1","max-image-preview":"max-image-preview:large","max-video-preview":"max-video-preview:-1"},"canonical":"https:\/\/www.curlynights.com\/fr\/shop\/kimono-satin-wax-bleu-marine-arlequin\/","og_locale":"fr_FR","og_type":"article","og_title":"Kimono Satin \/ Wax Bleu Marine ARLEQUIN &#8902; Curly Nights","og_description":"La tenue que vous allez adorer porter \u00e0 la maison : un d\u00e9shabill\u00e9 coupe kimono \u00e9l\u00e9gant, sexy et confortable, avec une ceinture en wax styl\u00e9e !","og_url":"https:\/\/www.curlynights.com\/fr\/shop\/kimono-satin-wax-bleu-marine-arlequin\/","og_site_name":"Curly Nights","article_modified_time":"2022-12-07T21:11:51+00:00","og_image":[{"width":1000,"height":1000,"url":"https:\/\/www.curlynights.com\/wp-content\/uploads\/2021\/04\/lunettes-arlequin-.jpg","type":"image\/jpeg"}],"twitter_card":"summary_large_image","twitter_misc":{"Dur\u00e9e de lecture estim\u00e9e":"1 minute"},"schema":{"@context":"https:\/\/schema.org","@graph":[{"@type":"WebPage","@id":"https:\/\/www.curlynights.com\/fr\/shop\/kimono-satin-wax-bleu-marine-arlequin\/","url":"https:\/\/www.curlynights.com\/fr\/shop\/kimono-satin-wax-bleu-marine-arlequin\/","name":"Kimono Satin \/ Wax Bleu Marine ARLEQUIN &#8902; Curly Nights","isPartOf":{"@id":"https:\/\/www.curlynights.com\/fr\/#website"},"primaryImageOfPage":{"@id":"https:\/\/www.curlynights.com\/fr\/shop\/kimono-satin-wax-bleu-marine-arlequin\/#primaryimage"},"image":{"@id":"https:\/\/www.curlynights.com\/fr\/shop\/kimono-satin-wax-bleu-marine-arlequin\/#primaryimage"},"thumbnailUrl":"https:\/\/www.curlynights.com\/wp-content\/uploads\/2021\/04\/lunettes-arlequin-.jpg","datePublished":"2021-04-05T13:28:09+00:00","dateModified":"2022-12-07T21:11:51+00:00","description":"La tenue que vous allez adorer porter \u00e0 la maison : un d\u00e9shabill\u00e9 coupe kimono \u00e9l\u00e9gant, sexy et confortable, avec une ceinture en wax styl\u00e9e !","breadcrumb":{"@id":"https:\/\/www.curlynights.com\/fr\/shop\/kimono-satin-wax-bleu-marine-arlequin\/#breadcrumb"},"inLanguage":"fr-FR","potentialAction":[{"@type":"ReadAction","target":["https:\/\/www.curlynights.com\/fr\/shop\/kimono-satin-wax-bleu-marine-arlequin\/"]}]},{"@type":"ImageObject","inLanguage":"fr-FR","@id":"https:\/\/www.curlynights.com\/fr\/shop\/kimono-satin-wax-bleu-marine-arlequin\/#primaryimage","url":"https:\/\/www.curlynights.com\/wp-content\/uploads\/2021\/04\/lunettes-arlequin-.jpg","contentUrl":"https:\/\/www.curlynights.com\/wp-content\/uploads\/2021\/04\/lunettes-arlequin-.jpg","width":1000,"height":1000,"caption":"kimono satin ceinture wax masque de nuit curly nights arlequin"},{"@type":"BreadcrumbList","@id":"https:\/\/www.curlynights.com\/fr\/shop\/kimono-satin-wax-bleu-marine-arlequin\/#breadcrumb","itemListElement":[{"@type":"ListItem","position":1,"name":"Startseite","item":"https:\/\/www.curlynights.com\/fr\/"},{"@type":"ListItem","position":2,"name":"Boutique","item":"https:\/\/www.curlynights.com\/fr\/boutique\/"},{"@type":"ListItem","position":3,"name":"Kimono Satin \/ Wax Bleu Marine ARLEQUIN"}]},{"@type":"WebSite","@id":"https:\/\/www.curlynights.com\/fr\/#website","url":"https:\/\/www.curlynights.com\/fr\/","name":"Curly Nights","description":"Bonnets de nuit, de soin et taies d&#039;oreiller en wax et satin","publisher":{"@id":"https:\/\/www.curlynights.com\/fr\/#organization"},"potentialAction":[{"@type":"SearchAction","target":{"@type":"EntryPoint","urlTemplate":"https:\/\/www.curlynights.com\/fr\/?s={search_term_string}"},"query-input":{"@type":"PropertyValueSpecification","valueRequired":true,"valueName":"search_term_string"}}],"inLanguage":"fr-FR"},{"@type":"Organization","@id":"https:\/\/www.curlynights.com\/fr\/#organization","name":"Curly Nights","url":"https:\/\/www.curlynights.com\/fr\/","logo":{"@type":"ImageObject","inLanguage":"fr-FR","@id":"https:\/\/www.curlynights.com\/fr\/#\/schema\/logo\/image\/","url":"https:\/\/www.curlynights.com\/wp-content\/uploads\/2018\/08\/cropped-LOGO-GLYNNIS.png","contentUrl":"https:\/\/www.curlynights.com\/wp-content\/uploads\/2018\/08\/cropped-LOGO-GLYNNIS.png","width":1024,"height":276,"caption":"Curly Nights"},"image":{"@id":"https:\/\/www.curlynights.com\/fr\/#\/schema\/logo\/image\/"}}]}},"_links":{"self":[{"href":"https:\/\/www.curlynights.com\/fr\/wp-json\/wp\/v2\/product\/9874","targetHints":{"allow":["GET"]}}],"collection":[{"href":"https:\/\/www.curlynights.com\/fr\/wp-json\/wp\/v2\/product"}],"about":[{"href":"https:\/\/www.curlynights.com\/fr\/wp-json\/wp\/v2\/types\/product"}],"wp:featuredmedia":[{"embeddable":true,"href":"https:\/\/www.curlynights.com\/fr\/wp-json\/wp\/v2\/media\/9832"}],"wp:attachment":[{"href":"https:\/\/www.curlynights.com\/fr\/wp-json\/wp\/v2\/media?parent=9874"}],"wp:term":[{"taxonomy":"product_brand","embeddable":true,"href":"https:\/\/www.curlynights.com\/fr\/wp-json\/wp\/v2\/product_brand?post=9874"},{"taxonomy":"product_cat","embeddable":true,"href":"https:\/\/www.curlynights.com\/fr\/wp-json\/wp\/v2\/product_cat?post=9874"},{"taxonomy":"product_tag","embeddable":true,"href":"https:\/\/www.curlynights.com\/fr\/wp-json\/wp\/v2\/product_tag?post=9874"}],"curies":[{"name":"wp","href":"https:\/\/api.w.org\/{rel}","templated":true}]}}