{"id":9707,"date":"2021-03-21T13:13:29","date_gmt":"2021-03-21T12:13:29","guid":{"rendered":"https:\/\/www.curlynights.com\/?post_type=product&#038;p=9707"},"modified":"2023-11-11T13:17:48","modified_gmt":"2023-11-11T12:17:48","slug":"bandeau-pour-cheveux-wax-satin-avec-fil-de-fer-paon-dor","status":"publish","type":"product","link":"https:\/\/www.curlynights.com\/fr\/shop\/bandeau-pour-cheveux-wax-satin-avec-fil-de-fer-paon-dor\/","title":{"rendered":"Bandeau pour cheveux wax \/ satin avec fil de fer PAON D&rsquo;OR"},"content":{"rendered":"<p>Riche en couleurs : ensoleillez votre garde-robe avec le motif PAON D&rsquo;OR ! Il s&rsquo;associe \u00e0 merveille avec un jean et des bijoux dor\u00e9s.<\/p>\n<p>Soyez styl\u00e9es \u00e0 l&rsquo;approche de l&rsquo;\u00e9t\u00e9 avec notre nouvel accessoire : le <strong>bandeau<\/strong> pour cheveux en <strong>wax<\/strong> et en <strong>satin<\/strong>. Ajoutez une touche de couleur \u00e0 votre tenue et votre coiffure gr\u00e2ce aux <strong>motifs<\/strong> du <strong>tissu africain, <\/strong>tout en sauvant votre chevelure de la s\u00e8cheresse gr\u00e2ce aux bienfaits de la face en satin.<\/p>\n<p>Simple \u00e0\u00a0attacher et adapt\u00e9 pour tout type de volume et tout type de cheveux (<strong>boucl\u00e9s, cr\u00e9pus, afros, lisses<\/strong>)<strong>, le headband<\/strong> est flexible, modulable et confortable gr\u00e2ce \u00e0 son <strong>fil de fer qui s\u2019adapte \u00e0 votre tour de t\u00eate sans serrer. <\/strong>Fini les bandeaux qui glissent, laissez place \u00e0 votre imagination et votre sens de la mode\u00a0!<\/p>\n<p><u>Conseils d\u2019utilisation\u00a0:<\/u><\/p>\n<p><em>Le bandeau de 80cm est parfaitement r\u00e9glable gr\u00e2ce \u00e0 un fil d\u2019aluminium anodis\u00e9 ultra flexible. <\/em><\/p>\n<p><em>Il suffit de placer le bandeau \u00e0 l\u2019avant ou \u00e0 l\u2019arri\u00e8re de votre t\u00eate et de tordre le fil de fer pour cr\u00e9er le look que vous souhaitez adopter selon votre inspiration du jour\u00a0! <\/em><\/p>\n<p><em>Apr\u00e8s utilisation, saisissez une extr\u00e9mit\u00e9 du fil de chaque main et tirez d\u2019un coup sec pour retrouver un bandeau droit, pr\u00eat \u00e0 \u00eatre r\u00e9utilis\u00e9.<\/em><\/p>\n","protected":false},"excerpt":{"rendered":"<p>Sortez styl\u00e9es et mettez en avant votre coiffure et votre cr\u00e9ativit\u00e9 !<\/p>\n<ul>\n<li>Un c\u00f4t\u00e9 en wax pour rester fashion<\/li>\n<li>Un c\u00f4t\u00e9 en satin pour conserver votre hydratation<\/li>\n<li>Flexible gr\u00e2ce \u00e0 un fil d\u2019aluminium anodis\u00e9 (ne rouille pas)<\/li>\n<li>Lavable en machine \u00e0 30\u00b0c<\/li>\n<\/ul>\n","protected":false},"featured_media":9713,"template":"","meta":[],"product_brand":[],"product_cat":[97,126],"product_tag":[],"class_list":{"0":"post-9707","1":"product","2":"type-product","3":"status-publish","4":"has-post-thumbnail","6":"product_cat-coiffure","7":"product_cat-pour-le-jour","9":"first","10":"instock","11":"purchasable","12":"product-type-simple"},"yoast_head":"<!-- This site is optimized with the Yoast SEO plugin v27.4 - https:\/\/yoast.com\/product\/yoast-seo-wordpress\/ -->\n<title>Bandeau pour cheveux wax \/ satin avec fil de fer PAON D&#039;OR &#8902; Curly Nights<\/title>\n<meta name=\"description\" content=\"Sortez styl\u00e9es en portant notre bandeau r\u00e9versible wax \/ satin. Ajoutez une touche de couleur \u00e0 votre tenue en arborant des motifs du tissu africain !\" \/>\n<meta name=\"robots\" content=\"index, follow, max-snippet:-1, max-image-preview:large, max-video-preview:-1\" \/>\n<link rel=\"canonical\" href=\"https:\/\/www.curlynights.com\/fr\/shop\/bandeau-pour-cheveux-wax-satin-avec-fil-de-fer-paon-dor\/\" \/>\n<meta property=\"og:locale\" content=\"fr_FR\" \/>\n<meta property=\"og:type\" content=\"article\" \/>\n<meta property=\"og:title\" content=\"Bandeau pour cheveux wax \/ satin avec fil de fer PAON D&#039;OR &#8902; Curly Nights\" \/>\n<meta property=\"og:description\" content=\"Sortez styl\u00e9es en portant notre bandeau r\u00e9versible wax \/ satin. Ajoutez une touche de couleur \u00e0 votre tenue en arborant des motifs du tissu africain !\" \/>\n<meta property=\"og:url\" content=\"https:\/\/www.curlynights.com\/fr\/shop\/bandeau-pour-cheveux-wax-satin-avec-fil-de-fer-paon-dor\/\" \/>\n<meta property=\"og:site_name\" content=\"Curly Nights\" \/>\n<meta property=\"article:modified_time\" content=\"2023-11-11T12:17:48+00:00\" \/>\n<meta property=\"og:image\" content=\"https:\/\/www.curlynights.com\/wp-content\/uploads\/2021\/03\/pfau-1.1.jpg\" \/>\n\t<meta property=\"og:image:width\" content=\"1000\" \/>\n\t<meta property=\"og:image:height\" content=\"1000\" \/>\n\t<meta property=\"og:image:type\" content=\"image\/jpeg\" \/>\n<meta name=\"twitter:card\" content=\"summary_large_image\" \/>\n<meta name=\"twitter:label1\" content=\"Dur\u00e9e de lecture estim\u00e9e\" \/>\n\t<meta name=\"twitter:data1\" content=\"2 minutes\" \/>\n<script type=\"application\/ld+json\" class=\"yoast-schema-graph\">{\"@context\":\"https:\\\/\\\/schema.org\",\"@graph\":[{\"@type\":\"WebPage\",\"@id\":\"https:\\\/\\\/www.curlynights.com\\\/fr\\\/shop\\\/bandeau-pour-cheveux-wax-satin-avec-fil-de-fer-paon-dor\\\/\",\"url\":\"https:\\\/\\\/www.curlynights.com\\\/fr\\\/shop\\\/bandeau-pour-cheveux-wax-satin-avec-fil-de-fer-paon-dor\\\/\",\"name\":\"Bandeau pour cheveux wax \\\/ satin avec fil de fer PAON D'OR &#8902; Curly Nights\",\"isPartOf\":{\"@id\":\"https:\\\/\\\/www.curlynights.com\\\/fr\\\/#website\"},\"primaryImageOfPage\":{\"@id\":\"https:\\\/\\\/www.curlynights.com\\\/fr\\\/shop\\\/bandeau-pour-cheveux-wax-satin-avec-fil-de-fer-paon-dor\\\/#primaryimage\"},\"image\":{\"@id\":\"https:\\\/\\\/www.curlynights.com\\\/fr\\\/shop\\\/bandeau-pour-cheveux-wax-satin-avec-fil-de-fer-paon-dor\\\/#primaryimage\"},\"thumbnailUrl\":\"https:\\\/\\\/www.curlynights.com\\\/wp-content\\\/uploads\\\/2021\\\/03\\\/pfau-1.1.jpg\",\"datePublished\":\"2021-03-21T12:13:29+00:00\",\"dateModified\":\"2023-11-11T12:17:48+00:00\",\"description\":\"Sortez styl\u00e9es en portant notre bandeau r\u00e9versible wax \\\/ satin. Ajoutez une touche de couleur \u00e0 votre tenue en arborant des motifs du tissu africain !\",\"breadcrumb\":{\"@id\":\"https:\\\/\\\/www.curlynights.com\\\/fr\\\/shop\\\/bandeau-pour-cheveux-wax-satin-avec-fil-de-fer-paon-dor\\\/#breadcrumb\"},\"inLanguage\":\"fr-FR\",\"potentialAction\":[{\"@type\":\"ReadAction\",\"target\":[\"https:\\\/\\\/www.curlynights.com\\\/fr\\\/shop\\\/bandeau-pour-cheveux-wax-satin-avec-fil-de-fer-paon-dor\\\/\"]}]},{\"@type\":\"ImageObject\",\"inLanguage\":\"fr-FR\",\"@id\":\"https:\\\/\\\/www.curlynights.com\\\/fr\\\/shop\\\/bandeau-pour-cheveux-wax-satin-avec-fil-de-fer-paon-dor\\\/#primaryimage\",\"url\":\"https:\\\/\\\/www.curlynights.com\\\/wp-content\\\/uploads\\\/2021\\\/03\\\/pfau-1.1.jpg\",\"contentUrl\":\"https:\\\/\\\/www.curlynights.com\\\/wp-content\\\/uploads\\\/2021\\\/03\\\/pfau-1.1.jpg\",\"width\":1000,\"height\":1000,\"caption\":\"bandeau wax satin fil de fer PAON D'OR\"},{\"@type\":\"BreadcrumbList\",\"@id\":\"https:\\\/\\\/www.curlynights.com\\\/fr\\\/shop\\\/bandeau-pour-cheveux-wax-satin-avec-fil-de-fer-paon-dor\\\/#breadcrumb\",\"itemListElement\":[{\"@type\":\"ListItem\",\"position\":1,\"name\":\"Startseite\",\"item\":\"https:\\\/\\\/www.curlynights.com\\\/fr\\\/\"},{\"@type\":\"ListItem\",\"position\":2,\"name\":\"Boutique\",\"item\":\"https:\\\/\\\/www.curlynights.com\\\/fr\\\/boutique\\\/\"},{\"@type\":\"ListItem\",\"position\":3,\"name\":\"Bandeau pour cheveux wax \\\/ satin avec fil de fer PAON D&rsquo;OR\"}]},{\"@type\":\"WebSite\",\"@id\":\"https:\\\/\\\/www.curlynights.com\\\/fr\\\/#website\",\"url\":\"https:\\\/\\\/www.curlynights.com\\\/fr\\\/\",\"name\":\"Curly Nights\",\"description\":\"Bonnets de nuit, de soin et taies d&#039;oreiller en wax et satin\",\"publisher\":{\"@id\":\"https:\\\/\\\/www.curlynights.com\\\/fr\\\/#organization\"},\"potentialAction\":[{\"@type\":\"SearchAction\",\"target\":{\"@type\":\"EntryPoint\",\"urlTemplate\":\"https:\\\/\\\/www.curlynights.com\\\/fr\\\/?s={search_term_string}\"},\"query-input\":{\"@type\":\"PropertyValueSpecification\",\"valueRequired\":true,\"valueName\":\"search_term_string\"}}],\"inLanguage\":\"fr-FR\"},{\"@type\":\"Organization\",\"@id\":\"https:\\\/\\\/www.curlynights.com\\\/fr\\\/#organization\",\"name\":\"Curly Nights\",\"url\":\"https:\\\/\\\/www.curlynights.com\\\/fr\\\/\",\"logo\":{\"@type\":\"ImageObject\",\"inLanguage\":\"fr-FR\",\"@id\":\"https:\\\/\\\/www.curlynights.com\\\/fr\\\/#\\\/schema\\\/logo\\\/image\\\/\",\"url\":\"https:\\\/\\\/www.curlynights.com\\\/wp-content\\\/uploads\\\/2018\\\/08\\\/cropped-LOGO-GLYNNIS.png\",\"contentUrl\":\"https:\\\/\\\/www.curlynights.com\\\/wp-content\\\/uploads\\\/2018\\\/08\\\/cropped-LOGO-GLYNNIS.png\",\"width\":1024,\"height\":276,\"caption\":\"Curly Nights\"},\"image\":{\"@id\":\"https:\\\/\\\/www.curlynights.com\\\/fr\\\/#\\\/schema\\\/logo\\\/image\\\/\"}}]}<\/script>\n<!-- \/ Yoast SEO plugin. -->","yoast_head_json":{"title":"Bandeau pour cheveux wax \/ satin avec fil de fer PAON D'OR &#8902; Curly Nights","description":"Sortez styl\u00e9es en portant notre bandeau r\u00e9versible wax \/ satin. Ajoutez une touche de couleur \u00e0 votre tenue en arborant des motifs du tissu africain !","robots":{"index":"index","follow":"follow","max-snippet":"max-snippet:-1","max-image-preview":"max-image-preview:large","max-video-preview":"max-video-preview:-1"},"canonical":"https:\/\/www.curlynights.com\/fr\/shop\/bandeau-pour-cheveux-wax-satin-avec-fil-de-fer-paon-dor\/","og_locale":"fr_FR","og_type":"article","og_title":"Bandeau pour cheveux wax \/ satin avec fil de fer PAON D'OR &#8902; Curly Nights","og_description":"Sortez styl\u00e9es en portant notre bandeau r\u00e9versible wax \/ satin. Ajoutez une touche de couleur \u00e0 votre tenue en arborant des motifs du tissu africain !","og_url":"https:\/\/www.curlynights.com\/fr\/shop\/bandeau-pour-cheveux-wax-satin-avec-fil-de-fer-paon-dor\/","og_site_name":"Curly Nights","article_modified_time":"2023-11-11T12:17:48+00:00","og_image":[{"width":1000,"height":1000,"url":"https:\/\/www.curlynights.com\/wp-content\/uploads\/2021\/03\/pfau-1.1.jpg","type":"image\/jpeg"}],"twitter_card":"summary_large_image","twitter_misc":{"Dur\u00e9e de lecture estim\u00e9e":"2 minutes"},"schema":{"@context":"https:\/\/schema.org","@graph":[{"@type":"WebPage","@id":"https:\/\/www.curlynights.com\/fr\/shop\/bandeau-pour-cheveux-wax-satin-avec-fil-de-fer-paon-dor\/","url":"https:\/\/www.curlynights.com\/fr\/shop\/bandeau-pour-cheveux-wax-satin-avec-fil-de-fer-paon-dor\/","name":"Bandeau pour cheveux wax \/ satin avec fil de fer PAON D'OR &#8902; Curly Nights","isPartOf":{"@id":"https:\/\/www.curlynights.com\/fr\/#website"},"primaryImageOfPage":{"@id":"https:\/\/www.curlynights.com\/fr\/shop\/bandeau-pour-cheveux-wax-satin-avec-fil-de-fer-paon-dor\/#primaryimage"},"image":{"@id":"https:\/\/www.curlynights.com\/fr\/shop\/bandeau-pour-cheveux-wax-satin-avec-fil-de-fer-paon-dor\/#primaryimage"},"thumbnailUrl":"https:\/\/www.curlynights.com\/wp-content\/uploads\/2021\/03\/pfau-1.1.jpg","datePublished":"2021-03-21T12:13:29+00:00","dateModified":"2023-11-11T12:17:48+00:00","description":"Sortez styl\u00e9es en portant notre bandeau r\u00e9versible wax \/ satin. Ajoutez une touche de couleur \u00e0 votre tenue en arborant des motifs du tissu africain !","breadcrumb":{"@id":"https:\/\/www.curlynights.com\/fr\/shop\/bandeau-pour-cheveux-wax-satin-avec-fil-de-fer-paon-dor\/#breadcrumb"},"inLanguage":"fr-FR","potentialAction":[{"@type":"ReadAction","target":["https:\/\/www.curlynights.com\/fr\/shop\/bandeau-pour-cheveux-wax-satin-avec-fil-de-fer-paon-dor\/"]}]},{"@type":"ImageObject","inLanguage":"fr-FR","@id":"https:\/\/www.curlynights.com\/fr\/shop\/bandeau-pour-cheveux-wax-satin-avec-fil-de-fer-paon-dor\/#primaryimage","url":"https:\/\/www.curlynights.com\/wp-content\/uploads\/2021\/03\/pfau-1.1.jpg","contentUrl":"https:\/\/www.curlynights.com\/wp-content\/uploads\/2021\/03\/pfau-1.1.jpg","width":1000,"height":1000,"caption":"bandeau wax satin fil de fer PAON D'OR"},{"@type":"BreadcrumbList","@id":"https:\/\/www.curlynights.com\/fr\/shop\/bandeau-pour-cheveux-wax-satin-avec-fil-de-fer-paon-dor\/#breadcrumb","itemListElement":[{"@type":"ListItem","position":1,"name":"Startseite","item":"https:\/\/www.curlynights.com\/fr\/"},{"@type":"ListItem","position":2,"name":"Boutique","item":"https:\/\/www.curlynights.com\/fr\/boutique\/"},{"@type":"ListItem","position":3,"name":"Bandeau pour cheveux wax \/ satin avec fil de fer PAON D&rsquo;OR"}]},{"@type":"WebSite","@id":"https:\/\/www.curlynights.com\/fr\/#website","url":"https:\/\/www.curlynights.com\/fr\/","name":"Curly Nights","description":"Bonnets de nuit, de soin et taies d&#039;oreiller en wax et satin","publisher":{"@id":"https:\/\/www.curlynights.com\/fr\/#organization"},"potentialAction":[{"@type":"SearchAction","target":{"@type":"EntryPoint","urlTemplate":"https:\/\/www.curlynights.com\/fr\/?s={search_term_string}"},"query-input":{"@type":"PropertyValueSpecification","valueRequired":true,"valueName":"search_term_string"}}],"inLanguage":"fr-FR"},{"@type":"Organization","@id":"https:\/\/www.curlynights.com\/fr\/#organization","name":"Curly Nights","url":"https:\/\/www.curlynights.com\/fr\/","logo":{"@type":"ImageObject","inLanguage":"fr-FR","@id":"https:\/\/www.curlynights.com\/fr\/#\/schema\/logo\/image\/","url":"https:\/\/www.curlynights.com\/wp-content\/uploads\/2018\/08\/cropped-LOGO-GLYNNIS.png","contentUrl":"https:\/\/www.curlynights.com\/wp-content\/uploads\/2018\/08\/cropped-LOGO-GLYNNIS.png","width":1024,"height":276,"caption":"Curly Nights"},"image":{"@id":"https:\/\/www.curlynights.com\/fr\/#\/schema\/logo\/image\/"}}]}},"_links":{"self":[{"href":"https:\/\/www.curlynights.com\/fr\/wp-json\/wp\/v2\/product\/9707","targetHints":{"allow":["GET"]}}],"collection":[{"href":"https:\/\/www.curlynights.com\/fr\/wp-json\/wp\/v2\/product"}],"about":[{"href":"https:\/\/www.curlynights.com\/fr\/wp-json\/wp\/v2\/types\/product"}],"wp:featuredmedia":[{"embeddable":true,"href":"https:\/\/www.curlynights.com\/fr\/wp-json\/wp\/v2\/media\/9713"}],"wp:attachment":[{"href":"https:\/\/www.curlynights.com\/fr\/wp-json\/wp\/v2\/media?parent=9707"}],"wp:term":[{"taxonomy":"product_brand","embeddable":true,"href":"https:\/\/www.curlynights.com\/fr\/wp-json\/wp\/v2\/product_brand?post=9707"},{"taxonomy":"product_cat","embeddable":true,"href":"https:\/\/www.curlynights.com\/fr\/wp-json\/wp\/v2\/product_cat?post=9707"},{"taxonomy":"product_tag","embeddable":true,"href":"https:\/\/www.curlynights.com\/fr\/wp-json\/wp\/v2\/product_tag?post=9707"}],"curies":[{"name":"wp","href":"https:\/\/api.w.org\/{rel}","templated":true}]}}