{"id":9598,"date":"2021-03-21T00:45:24","date_gmt":"2021-03-20T23:45:25","guid":{"rendered":"https:\/\/www.curlynights.com\/?post_type=product&#038;p=9598"},"modified":"2025-09-18T14:54:41","modified_gmt":"2025-09-18T12:54:41","slug":"bonnet-satin-wax-reglable-paon-d-or","status":"publish","type":"product","link":"https:\/\/www.curlynights.com\/fr\/shop\/bonnet-satin-wax-reglable-paon-d-or\/","title":{"rendered":"Bonnet satin\/wax r\u00e9glable PAON D&rsquo;OR"},"content":{"rendered":"<p>Le <strong>bonnet de nuit<\/strong> doubl\u00e9 en <strong>satin<\/strong> est <strong>l&rsquo;accessoire indispensable<\/strong> pour maintenir de <strong>beaux cheveux naturels boucl\u00e9s, fris\u00e9s et cr\u00e9pus<\/strong>. Vos cheveux vont l&rsquo;adorer ! Au contact du satin, les cheveux <strong>conservent leur hydratation<\/strong>. Ils b\u00e9n\u00e9ficient des soins que vous leur administrez, car ces derniers ne sont pas absorb\u00e9s par le coton de la taie d&rsquo;oreiller ou des draps et les cheveux s\u2019emm\u00ealent moins lorsqu&rsquo;ils sont prot\u00e9g\u00e9s par le bonnet.<\/p>\n<p>Le r\u00e9sultat : <strong>moins de casse<\/strong>, <strong>plus de longueur<\/strong>, <strong>plus d&rsquo;\u00e9clat<\/strong>, <strong>gain de temps<\/strong> le matin et des <strong>coiffures protectrices qui restent fra\u00eeches plus longtemps<\/strong>. Nous avons con\u00e7u notre bonnet en satin pour qu&rsquo;il prot\u00e8ge vos cheveux efficacement tout au long de la nuit, mais qu&rsquo;il soit\u00a0 assez <strong>confortable<\/strong> pour se faire oublier jusqu&rsquo;au lendemain.<\/p>\n<p><strong><em>Astuce coiffure\u00a0pour les cheveux naturels<\/em><\/strong><em> : si vous avez port\u00e9 vos cheveux boucl\u00e9s\/cr\u00e9pus\/afro d\u00e9tach\u00e9s toute la journ\u00e9e, ou pour une soir\u00e9e, ils sont sans doute un peu secs. Vaporisez de l&rsquo;eau et ajoutez une petite quantit\u00e9 de cr\u00e8me ou \u00ab\u00a0leave-in\u00a0\u00bb de votre choix. \u00c9tirez les pour r\u00e9aliser une couette au sommet du cr\u00e2ne. Maintenez la couette avec un chouchou en satin Curly Nights.<\/em><\/p>\n<p><em>Pour les cheveux cr\u00e9pus, lissez vos baby hair ou petits cheveux rebelles \u00e0 l&rsquo;aide d&rsquo;une cr\u00e8me \u00ab\u00a0edge control\u00a0\u00bb ou de gel et d&rsquo;une brosse \u00e0 dent souple. Placez le bonnet en satin Curly Nights et r\u00e9glez la taille \u00e0 votre convenance. Vos cheveux auront toute la nuit pour profiter de l&rsquo;hydratation et se regorger de vitalit\u00e9. Le lendemain, \u00f4tez le bonnet et rafra\u00eechissez les boucles \u00e0 l&rsquo;aide d&rsquo;un vaporisateur d&rsquo;eau.\u00a0 Vous \u00eates pr\u00eate en 5mn&#8230; au moins en ce qui concerne la coiffure! Vos cheveux ne vous mettront plus en retard.<\/em><\/p>\n","protected":false},"excerpt":{"rendered":"<ul>\n<li>Bonnet wax doubl\u00e9 en satin<\/li>\n<li>Boucles prot\u00e9g\u00e9es, moins de frisottis, moins de casse<\/li>\n<li>R\u00e9glable \u00e0 l&rsquo;aide des rubans<\/li>\n<li>Bordure large pour plaquer les #babyhair<\/li>\n<li>Adapt\u00e9 aux plus petites t\u00eates<\/li>\n<li>Pas d&rsquo;\u00e9lastique au contact de la peau<\/li>\n<li>Lavable en machine 30\u00b0<\/li>\n<\/ul>\n","protected":false},"featured_media":9606,"template":"","meta":[],"product_brand":[],"product_cat":[76],"product_tag":[],"class_list":{"0":"post-9598","1":"product","2":"type-product","3":"status-publish","4":"has-post-thumbnail","6":"product_cat-bonnet-reglable","8":"first","9":"outofstock","10":"purchasable","11":"product-type-simple"},"yoast_head":"<!-- This site is optimized with the Yoast SEO plugin v27.4 - https:\/\/yoast.com\/product\/yoast-seo-wordpress\/ -->\n<title>Bonnet satin\/wax r\u00e9glable PAON D&#039;OR &#8902; Curly Nights<\/title>\n<meta name=\"description\" content=\"Le bonnet wax satin premium pour prot\u00e9ger vos cheveux cr\u00e9pus, fris\u00e9s, boucl\u00e9s de la casse et de la d\u00e9shydratation la nuit. Syst\u00e8me r\u00e9glable innovant..\" \/>\n<meta name=\"robots\" content=\"index, follow, max-snippet:-1, max-image-preview:large, max-video-preview:-1\" \/>\n<link rel=\"canonical\" href=\"https:\/\/www.curlynights.com\/fr\/shop\/bonnet-satin-wax-reglable-paon-d-or\/\" \/>\n<meta property=\"og:locale\" content=\"fr_FR\" \/>\n<meta property=\"og:type\" content=\"article\" \/>\n<meta property=\"og:title\" content=\"Bonnet satin\/wax r\u00e9glable PAON D&#039;OR &#8902; Curly Nights\" \/>\n<meta property=\"og:description\" content=\"Le bonnet wax satin premium pour prot\u00e9ger vos cheveux cr\u00e9pus, fris\u00e9s, boucl\u00e9s de la casse et de la d\u00e9shydratation la nuit. Syst\u00e8me r\u00e9glable innovant..\" \/>\n<meta property=\"og:url\" content=\"https:\/\/www.curlynights.com\/fr\/shop\/bonnet-satin-wax-reglable-paon-d-or\/\" \/>\n<meta property=\"og:site_name\" content=\"Curly Nights\" \/>\n<meta property=\"article:modified_time\" content=\"2025-09-18T12:54:41+00:00\" \/>\n<meta property=\"og:image\" content=\"https:\/\/www.curlynights.com\/wp-content\/uploads\/2021\/03\/2021-54-1-4.jpg\" \/>\n\t<meta property=\"og:image:width\" content=\"1024\" \/>\n\t<meta property=\"og:image:height\" content=\"1024\" \/>\n\t<meta property=\"og:image:type\" content=\"image\/jpeg\" \/>\n<meta name=\"twitter:card\" content=\"summary_large_image\" \/>\n<meta name=\"twitter:label1\" content=\"Dur\u00e9e de lecture estim\u00e9e\" \/>\n\t<meta name=\"twitter:data1\" content=\"2 minutes\" \/>\n<script type=\"application\/ld+json\" class=\"yoast-schema-graph\">{\"@context\":\"https:\\\/\\\/schema.org\",\"@graph\":[{\"@type\":\"WebPage\",\"@id\":\"https:\\\/\\\/www.curlynights.com\\\/fr\\\/shop\\\/bonnet-satin-wax-reglable-paon-d-or\\\/\",\"url\":\"https:\\\/\\\/www.curlynights.com\\\/fr\\\/shop\\\/bonnet-satin-wax-reglable-paon-d-or\\\/\",\"name\":\"Bonnet satin\\\/wax r\u00e9glable PAON D'OR &#8902; Curly Nights\",\"isPartOf\":{\"@id\":\"https:\\\/\\\/www.curlynights.com\\\/fr\\\/#website\"},\"primaryImageOfPage\":{\"@id\":\"https:\\\/\\\/www.curlynights.com\\\/fr\\\/shop\\\/bonnet-satin-wax-reglable-paon-d-or\\\/#primaryimage\"},\"image\":{\"@id\":\"https:\\\/\\\/www.curlynights.com\\\/fr\\\/shop\\\/bonnet-satin-wax-reglable-paon-d-or\\\/#primaryimage\"},\"thumbnailUrl\":\"https:\\\/\\\/www.curlynights.com\\\/wp-content\\\/uploads\\\/2021\\\/03\\\/2021-54-1-4.jpg\",\"datePublished\":\"2021-03-20T23:45:25+00:00\",\"dateModified\":\"2025-09-18T12:54:41+00:00\",\"description\":\"Le bonnet wax satin premium pour prot\u00e9ger vos cheveux cr\u00e9pus, fris\u00e9s, boucl\u00e9s de la casse et de la d\u00e9shydratation la nuit. Syst\u00e8me r\u00e9glable innovant..\",\"breadcrumb\":{\"@id\":\"https:\\\/\\\/www.curlynights.com\\\/fr\\\/shop\\\/bonnet-satin-wax-reglable-paon-d-or\\\/#breadcrumb\"},\"inLanguage\":\"fr-FR\",\"potentialAction\":[{\"@type\":\"ReadAction\",\"target\":[\"https:\\\/\\\/www.curlynights.com\\\/fr\\\/shop\\\/bonnet-satin-wax-reglable-paon-d-or\\\/\"]}]},{\"@type\":\"ImageObject\",\"inLanguage\":\"fr-FR\",\"@id\":\"https:\\\/\\\/www.curlynights.com\\\/fr\\\/shop\\\/bonnet-satin-wax-reglable-paon-d-or\\\/#primaryimage\",\"url\":\"https:\\\/\\\/www.curlynights.com\\\/wp-content\\\/uploads\\\/2021\\\/03\\\/2021-54-1-4.jpg\",\"contentUrl\":\"https:\\\/\\\/www.curlynights.com\\\/wp-content\\\/uploads\\\/2021\\\/03\\\/2021-54-1-4.jpg\",\"width\":1024,\"height\":1024,\"caption\":\"bonnet en satin de nuit r\u00e9glable curly nights wax PAON D'OR\"},{\"@type\":\"BreadcrumbList\",\"@id\":\"https:\\\/\\\/www.curlynights.com\\\/fr\\\/shop\\\/bonnet-satin-wax-reglable-paon-d-or\\\/#breadcrumb\",\"itemListElement\":[{\"@type\":\"ListItem\",\"position\":1,\"name\":\"Startseite\",\"item\":\"https:\\\/\\\/www.curlynights.com\\\/fr\\\/\"},{\"@type\":\"ListItem\",\"position\":2,\"name\":\"Boutique\",\"item\":\"https:\\\/\\\/www.curlynights.com\\\/fr\\\/boutique\\\/\"},{\"@type\":\"ListItem\",\"position\":3,\"name\":\"Bonnet satin\\\/wax r\u00e9glable PAON D&#8217;OR\"}]},{\"@type\":\"WebSite\",\"@id\":\"https:\\\/\\\/www.curlynights.com\\\/fr\\\/#website\",\"url\":\"https:\\\/\\\/www.curlynights.com\\\/fr\\\/\",\"name\":\"Curly Nights\",\"description\":\"Bonnets de nuit, de soin et taies d&#039;oreiller en wax et satin\",\"publisher\":{\"@id\":\"https:\\\/\\\/www.curlynights.com\\\/fr\\\/#organization\"},\"potentialAction\":[{\"@type\":\"SearchAction\",\"target\":{\"@type\":\"EntryPoint\",\"urlTemplate\":\"https:\\\/\\\/www.curlynights.com\\\/fr\\\/?s={search_term_string}\"},\"query-input\":{\"@type\":\"PropertyValueSpecification\",\"valueRequired\":true,\"valueName\":\"search_term_string\"}}],\"inLanguage\":\"fr-FR\"},{\"@type\":\"Organization\",\"@id\":\"https:\\\/\\\/www.curlynights.com\\\/fr\\\/#organization\",\"name\":\"Curly Nights\",\"url\":\"https:\\\/\\\/www.curlynights.com\\\/fr\\\/\",\"logo\":{\"@type\":\"ImageObject\",\"inLanguage\":\"fr-FR\",\"@id\":\"https:\\\/\\\/www.curlynights.com\\\/fr\\\/#\\\/schema\\\/logo\\\/image\\\/\",\"url\":\"https:\\\/\\\/www.curlynights.com\\\/wp-content\\\/uploads\\\/2018\\\/08\\\/cropped-LOGO-GLYNNIS.png\",\"contentUrl\":\"https:\\\/\\\/www.curlynights.com\\\/wp-content\\\/uploads\\\/2018\\\/08\\\/cropped-LOGO-GLYNNIS.png\",\"width\":1024,\"height\":276,\"caption\":\"Curly Nights\"},\"image\":{\"@id\":\"https:\\\/\\\/www.curlynights.com\\\/fr\\\/#\\\/schema\\\/logo\\\/image\\\/\"}}]}<\/script>\n<!-- \/ Yoast SEO plugin. -->","yoast_head_json":{"title":"Bonnet satin\/wax r\u00e9glable PAON D'OR &#8902; Curly Nights","description":"Le bonnet wax satin premium pour prot\u00e9ger vos cheveux cr\u00e9pus, fris\u00e9s, boucl\u00e9s de la casse et de la d\u00e9shydratation la nuit. Syst\u00e8me r\u00e9glable innovant..","robots":{"index":"index","follow":"follow","max-snippet":"max-snippet:-1","max-image-preview":"max-image-preview:large","max-video-preview":"max-video-preview:-1"},"canonical":"https:\/\/www.curlynights.com\/fr\/shop\/bonnet-satin-wax-reglable-paon-d-or\/","og_locale":"fr_FR","og_type":"article","og_title":"Bonnet satin\/wax r\u00e9glable PAON D'OR &#8902; Curly Nights","og_description":"Le bonnet wax satin premium pour prot\u00e9ger vos cheveux cr\u00e9pus, fris\u00e9s, boucl\u00e9s de la casse et de la d\u00e9shydratation la nuit. Syst\u00e8me r\u00e9glable innovant..","og_url":"https:\/\/www.curlynights.com\/fr\/shop\/bonnet-satin-wax-reglable-paon-d-or\/","og_site_name":"Curly Nights","article_modified_time":"2025-09-18T12:54:41+00:00","og_image":[{"width":1024,"height":1024,"url":"https:\/\/www.curlynights.com\/wp-content\/uploads\/2021\/03\/2021-54-1-4.jpg","type":"image\/jpeg"}],"twitter_card":"summary_large_image","twitter_misc":{"Dur\u00e9e de lecture estim\u00e9e":"2 minutes"},"schema":{"@context":"https:\/\/schema.org","@graph":[{"@type":"WebPage","@id":"https:\/\/www.curlynights.com\/fr\/shop\/bonnet-satin-wax-reglable-paon-d-or\/","url":"https:\/\/www.curlynights.com\/fr\/shop\/bonnet-satin-wax-reglable-paon-d-or\/","name":"Bonnet satin\/wax r\u00e9glable PAON D'OR &#8902; Curly Nights","isPartOf":{"@id":"https:\/\/www.curlynights.com\/fr\/#website"},"primaryImageOfPage":{"@id":"https:\/\/www.curlynights.com\/fr\/shop\/bonnet-satin-wax-reglable-paon-d-or\/#primaryimage"},"image":{"@id":"https:\/\/www.curlynights.com\/fr\/shop\/bonnet-satin-wax-reglable-paon-d-or\/#primaryimage"},"thumbnailUrl":"https:\/\/www.curlynights.com\/wp-content\/uploads\/2021\/03\/2021-54-1-4.jpg","datePublished":"2021-03-20T23:45:25+00:00","dateModified":"2025-09-18T12:54:41+00:00","description":"Le bonnet wax satin premium pour prot\u00e9ger vos cheveux cr\u00e9pus, fris\u00e9s, boucl\u00e9s de la casse et de la d\u00e9shydratation la nuit. Syst\u00e8me r\u00e9glable innovant..","breadcrumb":{"@id":"https:\/\/www.curlynights.com\/fr\/shop\/bonnet-satin-wax-reglable-paon-d-or\/#breadcrumb"},"inLanguage":"fr-FR","potentialAction":[{"@type":"ReadAction","target":["https:\/\/www.curlynights.com\/fr\/shop\/bonnet-satin-wax-reglable-paon-d-or\/"]}]},{"@type":"ImageObject","inLanguage":"fr-FR","@id":"https:\/\/www.curlynights.com\/fr\/shop\/bonnet-satin-wax-reglable-paon-d-or\/#primaryimage","url":"https:\/\/www.curlynights.com\/wp-content\/uploads\/2021\/03\/2021-54-1-4.jpg","contentUrl":"https:\/\/www.curlynights.com\/wp-content\/uploads\/2021\/03\/2021-54-1-4.jpg","width":1024,"height":1024,"caption":"bonnet en satin de nuit r\u00e9glable curly nights wax PAON D'OR"},{"@type":"BreadcrumbList","@id":"https:\/\/www.curlynights.com\/fr\/shop\/bonnet-satin-wax-reglable-paon-d-or\/#breadcrumb","itemListElement":[{"@type":"ListItem","position":1,"name":"Startseite","item":"https:\/\/www.curlynights.com\/fr\/"},{"@type":"ListItem","position":2,"name":"Boutique","item":"https:\/\/www.curlynights.com\/fr\/boutique\/"},{"@type":"ListItem","position":3,"name":"Bonnet satin\/wax r\u00e9glable PAON D&#8217;OR"}]},{"@type":"WebSite","@id":"https:\/\/www.curlynights.com\/fr\/#website","url":"https:\/\/www.curlynights.com\/fr\/","name":"Curly Nights","description":"Bonnets de nuit, de soin et taies d&#039;oreiller en wax et satin","publisher":{"@id":"https:\/\/www.curlynights.com\/fr\/#organization"},"potentialAction":[{"@type":"SearchAction","target":{"@type":"EntryPoint","urlTemplate":"https:\/\/www.curlynights.com\/fr\/?s={search_term_string}"},"query-input":{"@type":"PropertyValueSpecification","valueRequired":true,"valueName":"search_term_string"}}],"inLanguage":"fr-FR"},{"@type":"Organization","@id":"https:\/\/www.curlynights.com\/fr\/#organization","name":"Curly Nights","url":"https:\/\/www.curlynights.com\/fr\/","logo":{"@type":"ImageObject","inLanguage":"fr-FR","@id":"https:\/\/www.curlynights.com\/fr\/#\/schema\/logo\/image\/","url":"https:\/\/www.curlynights.com\/wp-content\/uploads\/2018\/08\/cropped-LOGO-GLYNNIS.png","contentUrl":"https:\/\/www.curlynights.com\/wp-content\/uploads\/2018\/08\/cropped-LOGO-GLYNNIS.png","width":1024,"height":276,"caption":"Curly Nights"},"image":{"@id":"https:\/\/www.curlynights.com\/fr\/#\/schema\/logo\/image\/"}}]}},"_links":{"self":[{"href":"https:\/\/www.curlynights.com\/fr\/wp-json\/wp\/v2\/product\/9598","targetHints":{"allow":["GET"]}}],"collection":[{"href":"https:\/\/www.curlynights.com\/fr\/wp-json\/wp\/v2\/product"}],"about":[{"href":"https:\/\/www.curlynights.com\/fr\/wp-json\/wp\/v2\/types\/product"}],"wp:featuredmedia":[{"embeddable":true,"href":"https:\/\/www.curlynights.com\/fr\/wp-json\/wp\/v2\/media\/9606"}],"wp:attachment":[{"href":"https:\/\/www.curlynights.com\/fr\/wp-json\/wp\/v2\/media?parent=9598"}],"wp:term":[{"taxonomy":"product_brand","embeddable":true,"href":"https:\/\/www.curlynights.com\/fr\/wp-json\/wp\/v2\/product_brand?post=9598"},{"taxonomy":"product_cat","embeddable":true,"href":"https:\/\/www.curlynights.com\/fr\/wp-json\/wp\/v2\/product_cat?post=9598"},{"taxonomy":"product_tag","embeddable":true,"href":"https:\/\/www.curlynights.com\/fr\/wp-json\/wp\/v2\/product_tag?post=9598"}],"curies":[{"name":"wp","href":"https:\/\/api.w.org\/{rel}","templated":true}]}}