{"id":9348,"date":"2021-02-27T22:02:39","date_gmt":"2021-02-27T21:02:39","guid":{"rendered":"https:\/\/www.curlynights.com\/?post_type=product&#038;p=9348"},"modified":"2025-09-21T16:14:26","modified_gmt":"2025-09-21T14:14:26","slug":"bonnet-douche-et-soin-capillaire-reversible-rouge","status":"publish","type":"product","link":"https:\/\/www.curlynights.com\/fr\/shop\/bonnet-douche-et-soin-capillaire-reversible-rouge\/","title":{"rendered":"Bonnet douche et soin capillaire r\u00e9versible rouge"},"content":{"rendered":"<p>Profitez de vos moments cocooning dans le plus grand des conforts !<\/p>\n<p><strong>1- Bonnet de soins capillaires auto-chauffant<\/strong><\/p>\n<p>Placez le cot\u00e9 en tissu imperm\u00e9able au contact des cheveux pour laisser poser un masque ou un bain d&rsquo;huile. Son efficacit\u00e9 sera d\u00e9cupl\u00e9e gr\u00e2ce \u00e0 l&rsquo;effet chaleur. Le mat\u00e9riau utilis\u00e9 capte et concentre la <strong>chaleur naturelle du corps<\/strong> pour <strong>ouvrir les \u00e9cailles des cheveux<\/strong> et <strong>favoriser la p\u00e9n\u00e9tration des actifs<\/strong> contenus dans vos soins. Vaquez tranquillement \u00e0 vos occupations en attendant !<\/p>\n<p><strong>2- Bonnet de douche z\u00e9ro d\u00e9chet <\/strong><\/p>\n<p>Chaque jour, si vous ne souhaitez pas mouiller vos cheveux sous la douche, placez la face satin contre vos cheveux pour une protection en douceur et utilisez le <strong>c\u00f4t\u00e9 imperm\u00e9able<\/strong> comme <strong>bonnet de douche<\/strong> classique.<\/p>\n<p><strong>3- Rebord \u00e9ponge anti-coulure<\/strong><\/p>\n<p>Le rebord du bonnet de douche et de soin Curly Nights en tissu \u00e9ponge moelleux <strong>absorbe les gouttes d&rsquo;eau et les produits capillaires<\/strong> qui voudraient p\u00e9n\u00e9trer \u00e0 l&rsquo;int\u00e9rieur du bonnet ou en sortir. Il est parfait si vous pr\u00e9parez vos <strong>soins capillaires maison<\/strong> qui sont parfois <strong>tr\u00e8s liquides.<\/strong> Ne craignez plus de tacher vos v\u00eatements, votre lit ou votre canap\u00e9 pendant la pose du masque ou du bain d&rsquo;huile !<\/p>\n<p><strong>4- Entretien<\/strong><\/p>\n<p>Ce bonnet 2-en-1 est un bon investissement. Vous allez l&rsquo;utiliser tous les jours et ne pourrez plus vous en passer ! Bien s\u00fbr, il se lave sans probl\u00e8me <strong>en machine \u00e0 30 degr\u00e9s<\/strong>. Faites-le s\u00e9cher pr\u00e8s d&rsquo;une source de chaleur pour acc\u00e9l\u00e9rer le s\u00e9chage du rebord en \u00e9ponge.\u00a0 Ce bonnet de douche et de soins capillaires<strong> z\u00e9ro d\u00e9chet<\/strong> accompagnera longtemps vos routines naturelles pour vos cheveux boucl\u00e9s, fris\u00e9s et cr\u00e9pus.<\/p>\n","protected":false},"excerpt":{"rendered":"<ul>\n<li>rebord en tissu \u00e9ponge moelleux (70% viscose de bambou, 30% coton)<\/li>\n<li>une face en satin de polyester<\/li>\n<li>une face en tissu imperm\u00e9able<\/li>\n<li>pour la douche et la pose des soins capillaires (masque, bain d&rsquo;huile, pr\u00e9-poo)<\/li>\n<li>lavage en machine \u00e0 30 degr\u00e9s<\/li>\n<\/ul>\n","protected":false},"featured_media":9342,"template":"","meta":[],"product_brand":[],"product_cat":[68,117],"product_tag":[],"class_list":{"0":"post-9348","1":"product","2":"type-product","3":"status-publish","4":"has-post-thumbnail","6":"product_cat-accessoires-fr","7":"product_cat-bonnet-de-soins-capillaires-douche-reversible-2-en-1","9":"first","10":"instock","11":"purchasable","12":"product-type-simple"},"yoast_head":"<!-- This site is optimized with the Yoast SEO plugin v27.3 - https:\/\/yoast.com\/product\/yoast-seo-wordpress\/ -->\n<title>Bonnet douche et soin capillaire r\u00e9versible rouge &#8902; Curly Nights<\/title>\n<meta name=\"description\" content=\"Bonnet r\u00e9versible satin \/ imperm\u00e9able auto-chauffant et z\u00e9ro-d\u00e9chet, pour soins des cheveux et protection sous la douche. L&#039;essayer, c&#039;est l&#039;adopter !\" \/>\n<meta name=\"robots\" content=\"index, follow, max-snippet:-1, max-image-preview:large, max-video-preview:-1\" \/>\n<link rel=\"canonical\" href=\"https:\/\/www.curlynights.com\/fr\/shop\/bonnet-douche-et-soin-capillaire-reversible-rouge\/\" \/>\n<meta property=\"og:locale\" content=\"fr_FR\" \/>\n<meta property=\"og:type\" content=\"article\" \/>\n<meta property=\"og:title\" content=\"Bonnet douche et soin capillaire r\u00e9versible rouge &#8902; Curly Nights\" \/>\n<meta property=\"og:description\" content=\"Bonnet r\u00e9versible satin \/ imperm\u00e9able auto-chauffant et z\u00e9ro-d\u00e9chet, pour soins des cheveux et protection sous la douche. L&#039;essayer, c&#039;est l&#039;adopter !\" \/>\n<meta property=\"og:url\" content=\"https:\/\/www.curlynights.com\/fr\/shop\/bonnet-douche-et-soin-capillaire-reversible-rouge\/\" \/>\n<meta property=\"og:site_name\" content=\"Curly Nights\" \/>\n<meta property=\"article:modified_time\" content=\"2025-09-21T14:14:26+00:00\" \/>\n<meta property=\"og:image\" content=\"https:\/\/www.curlynights.com\/wp-content\/uploads\/2021\/02\/2021-60-9-2.jpg\" \/>\n\t<meta property=\"og:image:width\" content=\"1024\" \/>\n\t<meta property=\"og:image:height\" content=\"1024\" \/>\n\t<meta property=\"og:image:type\" content=\"image\/jpeg\" \/>\n<meta name=\"twitter:card\" content=\"summary_large_image\" \/>\n<meta name=\"twitter:label1\" content=\"Dur\u00e9e de lecture estim\u00e9e\" \/>\n\t<meta name=\"twitter:data1\" content=\"2 minutes\" \/>\n<script type=\"application\/ld+json\" class=\"yoast-schema-graph\">{\"@context\":\"https:\\\/\\\/schema.org\",\"@graph\":[{\"@type\":\"WebPage\",\"@id\":\"https:\\\/\\\/www.curlynights.com\\\/fr\\\/shop\\\/bonnet-douche-et-soin-capillaire-reversible-rouge\\\/\",\"url\":\"https:\\\/\\\/www.curlynights.com\\\/fr\\\/shop\\\/bonnet-douche-et-soin-capillaire-reversible-rouge\\\/\",\"name\":\"Bonnet douche et soin capillaire r\u00e9versible rouge &#8902; Curly Nights\",\"isPartOf\":{\"@id\":\"https:\\\/\\\/www.curlynights.com\\\/fr\\\/#website\"},\"primaryImageOfPage\":{\"@id\":\"https:\\\/\\\/www.curlynights.com\\\/fr\\\/shop\\\/bonnet-douche-et-soin-capillaire-reversible-rouge\\\/#primaryimage\"},\"image\":{\"@id\":\"https:\\\/\\\/www.curlynights.com\\\/fr\\\/shop\\\/bonnet-douche-et-soin-capillaire-reversible-rouge\\\/#primaryimage\"},\"thumbnailUrl\":\"https:\\\/\\\/www.curlynights.com\\\/wp-content\\\/uploads\\\/2021\\\/02\\\/2021-60-9-2.jpg\",\"datePublished\":\"2021-02-27T21:02:39+00:00\",\"dateModified\":\"2025-09-21T14:14:26+00:00\",\"description\":\"Bonnet r\u00e9versible satin \\\/ imperm\u00e9able auto-chauffant et z\u00e9ro-d\u00e9chet, pour soins des cheveux et protection sous la douche. L'essayer, c'est l'adopter !\",\"breadcrumb\":{\"@id\":\"https:\\\/\\\/www.curlynights.com\\\/fr\\\/shop\\\/bonnet-douche-et-soin-capillaire-reversible-rouge\\\/#breadcrumb\"},\"inLanguage\":\"fr-FR\",\"potentialAction\":[{\"@type\":\"ReadAction\",\"target\":[\"https:\\\/\\\/www.curlynights.com\\\/fr\\\/shop\\\/bonnet-douche-et-soin-capillaire-reversible-rouge\\\/\"]}]},{\"@type\":\"ImageObject\",\"inLanguage\":\"fr-FR\",\"@id\":\"https:\\\/\\\/www.curlynights.com\\\/fr\\\/shop\\\/bonnet-douche-et-soin-capillaire-reversible-rouge\\\/#primaryimage\",\"url\":\"https:\\\/\\\/www.curlynights.com\\\/wp-content\\\/uploads\\\/2021\\\/02\\\/2021-60-9-2.jpg\",\"contentUrl\":\"https:\\\/\\\/www.curlynights.com\\\/wp-content\\\/uploads\\\/2021\\\/02\\\/2021-60-9-2.jpg\",\"width\":1024,\"height\":1024,\"caption\":\"bonnet soins capillaires douche 2-en-1 r\u00e9versible curly nights\"},{\"@type\":\"BreadcrumbList\",\"@id\":\"https:\\\/\\\/www.curlynights.com\\\/fr\\\/shop\\\/bonnet-douche-et-soin-capillaire-reversible-rouge\\\/#breadcrumb\",\"itemListElement\":[{\"@type\":\"ListItem\",\"position\":1,\"name\":\"Startseite\",\"item\":\"https:\\\/\\\/www.curlynights.com\\\/fr\\\/\"},{\"@type\":\"ListItem\",\"position\":2,\"name\":\"Boutique\",\"item\":\"https:\\\/\\\/www.curlynights.com\\\/fr\\\/boutique\\\/\"},{\"@type\":\"ListItem\",\"position\":3,\"name\":\"Bonnet douche et soin capillaire r\u00e9versible rouge\"}]},{\"@type\":\"WebSite\",\"@id\":\"https:\\\/\\\/www.curlynights.com\\\/fr\\\/#website\",\"url\":\"https:\\\/\\\/www.curlynights.com\\\/fr\\\/\",\"name\":\"Curly Nights\",\"description\":\"Bonnets de nuit, de soin et taies d&#039;oreiller en wax et satin\",\"publisher\":{\"@id\":\"https:\\\/\\\/www.curlynights.com\\\/fr\\\/#organization\"},\"potentialAction\":[{\"@type\":\"SearchAction\",\"target\":{\"@type\":\"EntryPoint\",\"urlTemplate\":\"https:\\\/\\\/www.curlynights.com\\\/fr\\\/?s={search_term_string}\"},\"query-input\":{\"@type\":\"PropertyValueSpecification\",\"valueRequired\":true,\"valueName\":\"search_term_string\"}}],\"inLanguage\":\"fr-FR\"},{\"@type\":\"Organization\",\"@id\":\"https:\\\/\\\/www.curlynights.com\\\/fr\\\/#organization\",\"name\":\"Curly Nights\",\"url\":\"https:\\\/\\\/www.curlynights.com\\\/fr\\\/\",\"logo\":{\"@type\":\"ImageObject\",\"inLanguage\":\"fr-FR\",\"@id\":\"https:\\\/\\\/www.curlynights.com\\\/fr\\\/#\\\/schema\\\/logo\\\/image\\\/\",\"url\":\"https:\\\/\\\/www.curlynights.com\\\/wp-content\\\/uploads\\\/2018\\\/08\\\/cropped-LOGO-GLYNNIS.png\",\"contentUrl\":\"https:\\\/\\\/www.curlynights.com\\\/wp-content\\\/uploads\\\/2018\\\/08\\\/cropped-LOGO-GLYNNIS.png\",\"width\":1024,\"height\":276,\"caption\":\"Curly Nights\"},\"image\":{\"@id\":\"https:\\\/\\\/www.curlynights.com\\\/fr\\\/#\\\/schema\\\/logo\\\/image\\\/\"}}]}<\/script>\n<!-- \/ Yoast SEO plugin. -->","yoast_head_json":{"title":"Bonnet douche et soin capillaire r\u00e9versible rouge &#8902; Curly Nights","description":"Bonnet r\u00e9versible satin \/ imperm\u00e9able auto-chauffant et z\u00e9ro-d\u00e9chet, pour soins des cheveux et protection sous la douche. L'essayer, c'est l'adopter !","robots":{"index":"index","follow":"follow","max-snippet":"max-snippet:-1","max-image-preview":"max-image-preview:large","max-video-preview":"max-video-preview:-1"},"canonical":"https:\/\/www.curlynights.com\/fr\/shop\/bonnet-douche-et-soin-capillaire-reversible-rouge\/","og_locale":"fr_FR","og_type":"article","og_title":"Bonnet douche et soin capillaire r\u00e9versible rouge &#8902; Curly Nights","og_description":"Bonnet r\u00e9versible satin \/ imperm\u00e9able auto-chauffant et z\u00e9ro-d\u00e9chet, pour soins des cheveux et protection sous la douche. L'essayer, c'est l'adopter !","og_url":"https:\/\/www.curlynights.com\/fr\/shop\/bonnet-douche-et-soin-capillaire-reversible-rouge\/","og_site_name":"Curly Nights","article_modified_time":"2025-09-21T14:14:26+00:00","og_image":[{"width":1024,"height":1024,"url":"https:\/\/www.curlynights.com\/wp-content\/uploads\/2021\/02\/2021-60-9-2.jpg","type":"image\/jpeg"}],"twitter_card":"summary_large_image","twitter_misc":{"Dur\u00e9e de lecture estim\u00e9e":"2 minutes"},"schema":{"@context":"https:\/\/schema.org","@graph":[{"@type":"WebPage","@id":"https:\/\/www.curlynights.com\/fr\/shop\/bonnet-douche-et-soin-capillaire-reversible-rouge\/","url":"https:\/\/www.curlynights.com\/fr\/shop\/bonnet-douche-et-soin-capillaire-reversible-rouge\/","name":"Bonnet douche et soin capillaire r\u00e9versible rouge &#8902; Curly Nights","isPartOf":{"@id":"https:\/\/www.curlynights.com\/fr\/#website"},"primaryImageOfPage":{"@id":"https:\/\/www.curlynights.com\/fr\/shop\/bonnet-douche-et-soin-capillaire-reversible-rouge\/#primaryimage"},"image":{"@id":"https:\/\/www.curlynights.com\/fr\/shop\/bonnet-douche-et-soin-capillaire-reversible-rouge\/#primaryimage"},"thumbnailUrl":"https:\/\/www.curlynights.com\/wp-content\/uploads\/2021\/02\/2021-60-9-2.jpg","datePublished":"2021-02-27T21:02:39+00:00","dateModified":"2025-09-21T14:14:26+00:00","description":"Bonnet r\u00e9versible satin \/ imperm\u00e9able auto-chauffant et z\u00e9ro-d\u00e9chet, pour soins des cheveux et protection sous la douche. L'essayer, c'est l'adopter !","breadcrumb":{"@id":"https:\/\/www.curlynights.com\/fr\/shop\/bonnet-douche-et-soin-capillaire-reversible-rouge\/#breadcrumb"},"inLanguage":"fr-FR","potentialAction":[{"@type":"ReadAction","target":["https:\/\/www.curlynights.com\/fr\/shop\/bonnet-douche-et-soin-capillaire-reversible-rouge\/"]}]},{"@type":"ImageObject","inLanguage":"fr-FR","@id":"https:\/\/www.curlynights.com\/fr\/shop\/bonnet-douche-et-soin-capillaire-reversible-rouge\/#primaryimage","url":"https:\/\/www.curlynights.com\/wp-content\/uploads\/2021\/02\/2021-60-9-2.jpg","contentUrl":"https:\/\/www.curlynights.com\/wp-content\/uploads\/2021\/02\/2021-60-9-2.jpg","width":1024,"height":1024,"caption":"bonnet soins capillaires douche 2-en-1 r\u00e9versible curly nights"},{"@type":"BreadcrumbList","@id":"https:\/\/www.curlynights.com\/fr\/shop\/bonnet-douche-et-soin-capillaire-reversible-rouge\/#breadcrumb","itemListElement":[{"@type":"ListItem","position":1,"name":"Startseite","item":"https:\/\/www.curlynights.com\/fr\/"},{"@type":"ListItem","position":2,"name":"Boutique","item":"https:\/\/www.curlynights.com\/fr\/boutique\/"},{"@type":"ListItem","position":3,"name":"Bonnet douche et soin capillaire r\u00e9versible rouge"}]},{"@type":"WebSite","@id":"https:\/\/www.curlynights.com\/fr\/#website","url":"https:\/\/www.curlynights.com\/fr\/","name":"Curly Nights","description":"Bonnets de nuit, de soin et taies d&#039;oreiller en wax et satin","publisher":{"@id":"https:\/\/www.curlynights.com\/fr\/#organization"},"potentialAction":[{"@type":"SearchAction","target":{"@type":"EntryPoint","urlTemplate":"https:\/\/www.curlynights.com\/fr\/?s={search_term_string}"},"query-input":{"@type":"PropertyValueSpecification","valueRequired":true,"valueName":"search_term_string"}}],"inLanguage":"fr-FR"},{"@type":"Organization","@id":"https:\/\/www.curlynights.com\/fr\/#organization","name":"Curly Nights","url":"https:\/\/www.curlynights.com\/fr\/","logo":{"@type":"ImageObject","inLanguage":"fr-FR","@id":"https:\/\/www.curlynights.com\/fr\/#\/schema\/logo\/image\/","url":"https:\/\/www.curlynights.com\/wp-content\/uploads\/2018\/08\/cropped-LOGO-GLYNNIS.png","contentUrl":"https:\/\/www.curlynights.com\/wp-content\/uploads\/2018\/08\/cropped-LOGO-GLYNNIS.png","width":1024,"height":276,"caption":"Curly Nights"},"image":{"@id":"https:\/\/www.curlynights.com\/fr\/#\/schema\/logo\/image\/"}}]}},"_links":{"self":[{"href":"https:\/\/www.curlynights.com\/fr\/wp-json\/wp\/v2\/product\/9348","targetHints":{"allow":["GET"]}}],"collection":[{"href":"https:\/\/www.curlynights.com\/fr\/wp-json\/wp\/v2\/product"}],"about":[{"href":"https:\/\/www.curlynights.com\/fr\/wp-json\/wp\/v2\/types\/product"}],"wp:featuredmedia":[{"embeddable":true,"href":"https:\/\/www.curlynights.com\/fr\/wp-json\/wp\/v2\/media\/9342"}],"wp:attachment":[{"href":"https:\/\/www.curlynights.com\/fr\/wp-json\/wp\/v2\/media?parent=9348"}],"wp:term":[{"taxonomy":"product_brand","embeddable":true,"href":"https:\/\/www.curlynights.com\/fr\/wp-json\/wp\/v2\/product_brand?post=9348"},{"taxonomy":"product_cat","embeddable":true,"href":"https:\/\/www.curlynights.com\/fr\/wp-json\/wp\/v2\/product_cat?post=9348"},{"taxonomy":"product_tag","embeddable":true,"href":"https:\/\/www.curlynights.com\/fr\/wp-json\/wp\/v2\/product_tag?post=9348"}],"curies":[{"name":"wp","href":"https:\/\/api.w.org\/{rel}","templated":true}]}}