{"id":9157,"date":"2021-02-05T20:23:51","date_gmt":"2021-02-05T19:23:51","guid":{"rendered":"https:\/\/www.curlynights.com\/?post_type=product&#038;p=9157"},"modified":"2025-03-05T14:05:42","modified_gmt":"2025-03-05T13:05:42","slug":"bonnet-de-nuit-interieur-satin-elastique-uni-noir-profond","status":"publish","type":"product","link":"https:\/\/www.curlynights.com\/fr\/shop\/bonnet-de-nuit-interieur-satin-elastique-uni-noir-profond\/","title":{"rendered":"Bonnet de nuit int\u00e9rieur satin \u00e9lastique uni noir profond"},"content":{"rendered":"<p>Le\u00a0<strong>bonnet de nuit<\/strong>\u00a0doubl\u00e9 en\u00a0<strong>satin<\/strong>\u00a0est\u00a0<strong>l\u2019accessoire indispensable<\/strong>\u00a0pour maintenir de\u00a0<strong>beaux cheveux naturels boucl\u00e9s, fris\u00e9s et cr\u00e9pus<\/strong>. Vos cheveux vont l\u2019adorer ! Au contact du satin, les cheveux\u00a0<strong>conservent leur hydratation<\/strong>. Ils b\u00e9n\u00e9ficient des soins que vous leur administrez, car ces derniers ne sont pas absorb\u00e9s par le coton de la taie d\u2019oreiller ou des draps et les cheveux s\u2019emm\u00ealent moins lorsqu\u2019ils sont prot\u00e9g\u00e9s par le bonnet.<\/p>\n<p>Le r\u00e9sultat :\u00a0<strong>moins de casse<\/strong>,\u00a0<strong>plus de longueur<\/strong>,\u00a0<strong>plus d\u2019\u00e9clat<\/strong>,\u00a0<strong>gain de temps<\/strong>\u00a0le matin et des\u00a0<strong>coiffures protectrices qui restent fra\u00eeches plus longtemps<\/strong>. Nous avons con\u00e7u notre bonnet en satin pour qu\u2019il prot\u00e8ge vos cheveux efficacement tout au long de la nuit, mais qu\u2019il soit assez\u00a0<strong>confortable<\/strong>\u00a0pour se faire oublier jusqu\u2019au lendemain.<\/p>\n","protected":false},"excerpt":{"rendered":"<p>Le bonnet doubl\u00e9 en satin classique, simple et efficace, pour prot\u00e9ger vos boucles la nuit en toute simplicit\u00e9 :<\/p>\n<ul>\n<li>bonnet en coton doux doubl\u00e9 en satin<\/li>\n<li>couleur unie discr\u00e8te et \u00e9l\u00e9gante<\/li>\n<li>doublure 100% satin de polyester bleu marine<\/li>\n<li>bordure \u00e9lastique<\/li>\n<li>fabriqu\u00e9 en France, dans notre atelier lyonnais<\/li>\n<\/ul>\n","protected":false},"featured_media":9109,"template":"","meta":[],"product_brand":[],"product_cat":[77],"product_tag":[],"class_list":{"0":"post-9157","1":"product","2":"type-product","3":"status-publish","4":"has-post-thumbnail","6":"product_cat-bonnets-elastiques","8":"first","9":"outofstock","10":"sold-individually","11":"purchasable","12":"product-type-simple"},"yoast_head":"<!-- This site is optimized with the Yoast SEO plugin v27.4 - https:\/\/yoast.com\/product\/yoast-seo-wordpress\/ -->\n<title>Bonnet de nuit int\u00e9rieur satin \u00e9lastique uni noir profond &#8902; Curly Nights<\/title>\n<meta name=\"description\" content=\"Un classique revisit\u00e9 par Curly Nights : le bonnet wax satin \u00e9lastique. Il prot\u00e8ge vos cheveux tout au long de la nuit et se retire en un geste au matin !\" \/>\n<meta name=\"robots\" content=\"index, follow, max-snippet:-1, max-image-preview:large, max-video-preview:-1\" \/>\n<link rel=\"canonical\" href=\"https:\/\/www.curlynights.com\/fr\/shop\/bonnet-de-nuit-interieur-satin-elastique-uni-noir-profond\/\" \/>\n<meta property=\"og:locale\" content=\"fr_FR\" \/>\n<meta property=\"og:type\" content=\"article\" \/>\n<meta property=\"og:title\" content=\"Bonnet de nuit int\u00e9rieur satin \u00e9lastique uni noir profond &#8902; Curly Nights\" \/>\n<meta property=\"og:description\" content=\"Un classique revisit\u00e9 par Curly Nights : le bonnet wax satin \u00e9lastique. Il prot\u00e8ge vos cheveux tout au long de la nuit et se retire en un geste au matin !\" \/>\n<meta property=\"og:url\" content=\"https:\/\/www.curlynights.com\/fr\/shop\/bonnet-de-nuit-interieur-satin-elastique-uni-noir-profond\/\" \/>\n<meta property=\"og:site_name\" content=\"Curly Nights\" \/>\n<meta property=\"article:modified_time\" content=\"2025-03-05T13:05:42+00:00\" \/>\n<meta property=\"og:image\" content=\"https:\/\/www.curlynights.com\/wp-content\/uploads\/2021\/02\/2021-55-2-1.jpg\" \/>\n\t<meta property=\"og:image:width\" content=\"1024\" \/>\n\t<meta property=\"og:image:height\" content=\"1024\" \/>\n\t<meta property=\"og:image:type\" content=\"image\/jpeg\" \/>\n<meta name=\"twitter:card\" content=\"summary_large_image\" \/>\n<meta name=\"twitter:label1\" content=\"Dur\u00e9e de lecture estim\u00e9e\" \/>\n\t<meta name=\"twitter:data1\" content=\"1 minute\" \/>\n<script type=\"application\/ld+json\" class=\"yoast-schema-graph\">{\"@context\":\"https:\\\/\\\/schema.org\",\"@graph\":[{\"@type\":\"WebPage\",\"@id\":\"https:\\\/\\\/www.curlynights.com\\\/fr\\\/shop\\\/bonnet-de-nuit-interieur-satin-elastique-uni-noir-profond\\\/\",\"url\":\"https:\\\/\\\/www.curlynights.com\\\/fr\\\/shop\\\/bonnet-de-nuit-interieur-satin-elastique-uni-noir-profond\\\/\",\"name\":\"Bonnet de nuit int\u00e9rieur satin \u00e9lastique uni noir profond &#8902; Curly Nights\",\"isPartOf\":{\"@id\":\"https:\\\/\\\/www.curlynights.com\\\/fr\\\/#website\"},\"primaryImageOfPage\":{\"@id\":\"https:\\\/\\\/www.curlynights.com\\\/fr\\\/shop\\\/bonnet-de-nuit-interieur-satin-elastique-uni-noir-profond\\\/#primaryimage\"},\"image\":{\"@id\":\"https:\\\/\\\/www.curlynights.com\\\/fr\\\/shop\\\/bonnet-de-nuit-interieur-satin-elastique-uni-noir-profond\\\/#primaryimage\"},\"thumbnailUrl\":\"https:\\\/\\\/www.curlynights.com\\\/wp-content\\\/uploads\\\/2021\\\/02\\\/2021-55-2-1.jpg\",\"datePublished\":\"2021-02-05T19:23:51+00:00\",\"dateModified\":\"2025-03-05T13:05:42+00:00\",\"description\":\"Un classique revisit\u00e9 par Curly Nights : le bonnet wax satin \u00e9lastique. Il prot\u00e8ge vos cheveux tout au long de la nuit et se retire en un geste au matin !\",\"breadcrumb\":{\"@id\":\"https:\\\/\\\/www.curlynights.com\\\/fr\\\/shop\\\/bonnet-de-nuit-interieur-satin-elastique-uni-noir-profond\\\/#breadcrumb\"},\"inLanguage\":\"fr-FR\",\"potentialAction\":[{\"@type\":\"ReadAction\",\"target\":[\"https:\\\/\\\/www.curlynights.com\\\/fr\\\/shop\\\/bonnet-de-nuit-interieur-satin-elastique-uni-noir-profond\\\/\"]}]},{\"@type\":\"ImageObject\",\"inLanguage\":\"fr-FR\",\"@id\":\"https:\\\/\\\/www.curlynights.com\\\/fr\\\/shop\\\/bonnet-de-nuit-interieur-satin-elastique-uni-noir-profond\\\/#primaryimage\",\"url\":\"https:\\\/\\\/www.curlynights.com\\\/wp-content\\\/uploads\\\/2021\\\/02\\\/2021-55-2-1.jpg\",\"contentUrl\":\"https:\\\/\\\/www.curlynights.com\\\/wp-content\\\/uploads\\\/2021\\\/02\\\/2021-55-2-1.jpg\",\"width\":1024,\"height\":1024,\"caption\":\"bonnet nuit boucles satin noir curly nights\"},{\"@type\":\"BreadcrumbList\",\"@id\":\"https:\\\/\\\/www.curlynights.com\\\/fr\\\/shop\\\/bonnet-de-nuit-interieur-satin-elastique-uni-noir-profond\\\/#breadcrumb\",\"itemListElement\":[{\"@type\":\"ListItem\",\"position\":1,\"name\":\"Startseite\",\"item\":\"https:\\\/\\\/www.curlynights.com\\\/fr\\\/\"},{\"@type\":\"ListItem\",\"position\":2,\"name\":\"Boutique\",\"item\":\"https:\\\/\\\/www.curlynights.com\\\/fr\\\/boutique\\\/\"},{\"@type\":\"ListItem\",\"position\":3,\"name\":\"Bonnet de nuit int\u00e9rieur satin \u00e9lastique uni noir profond\"}]},{\"@type\":\"WebSite\",\"@id\":\"https:\\\/\\\/www.curlynights.com\\\/fr\\\/#website\",\"url\":\"https:\\\/\\\/www.curlynights.com\\\/fr\\\/\",\"name\":\"Curly Nights\",\"description\":\"Bonnets de nuit, de soin et taies d&#039;oreiller en wax et satin\",\"publisher\":{\"@id\":\"https:\\\/\\\/www.curlynights.com\\\/fr\\\/#organization\"},\"potentialAction\":[{\"@type\":\"SearchAction\",\"target\":{\"@type\":\"EntryPoint\",\"urlTemplate\":\"https:\\\/\\\/www.curlynights.com\\\/fr\\\/?s={search_term_string}\"},\"query-input\":{\"@type\":\"PropertyValueSpecification\",\"valueRequired\":true,\"valueName\":\"search_term_string\"}}],\"inLanguage\":\"fr-FR\"},{\"@type\":\"Organization\",\"@id\":\"https:\\\/\\\/www.curlynights.com\\\/fr\\\/#organization\",\"name\":\"Curly Nights\",\"url\":\"https:\\\/\\\/www.curlynights.com\\\/fr\\\/\",\"logo\":{\"@type\":\"ImageObject\",\"inLanguage\":\"fr-FR\",\"@id\":\"https:\\\/\\\/www.curlynights.com\\\/fr\\\/#\\\/schema\\\/logo\\\/image\\\/\",\"url\":\"https:\\\/\\\/www.curlynights.com\\\/wp-content\\\/uploads\\\/2018\\\/08\\\/cropped-LOGO-GLYNNIS.png\",\"contentUrl\":\"https:\\\/\\\/www.curlynights.com\\\/wp-content\\\/uploads\\\/2018\\\/08\\\/cropped-LOGO-GLYNNIS.png\",\"width\":1024,\"height\":276,\"caption\":\"Curly Nights\"},\"image\":{\"@id\":\"https:\\\/\\\/www.curlynights.com\\\/fr\\\/#\\\/schema\\\/logo\\\/image\\\/\"}}]}<\/script>\n<!-- \/ Yoast SEO plugin. -->","yoast_head_json":{"title":"Bonnet de nuit int\u00e9rieur satin \u00e9lastique uni noir profond &#8902; Curly Nights","description":"Un classique revisit\u00e9 par Curly Nights : le bonnet wax satin \u00e9lastique. Il prot\u00e8ge vos cheveux tout au long de la nuit et se retire en un geste au matin !","robots":{"index":"index","follow":"follow","max-snippet":"max-snippet:-1","max-image-preview":"max-image-preview:large","max-video-preview":"max-video-preview:-1"},"canonical":"https:\/\/www.curlynights.com\/fr\/shop\/bonnet-de-nuit-interieur-satin-elastique-uni-noir-profond\/","og_locale":"fr_FR","og_type":"article","og_title":"Bonnet de nuit int\u00e9rieur satin \u00e9lastique uni noir profond &#8902; Curly Nights","og_description":"Un classique revisit\u00e9 par Curly Nights : le bonnet wax satin \u00e9lastique. Il prot\u00e8ge vos cheveux tout au long de la nuit et se retire en un geste au matin !","og_url":"https:\/\/www.curlynights.com\/fr\/shop\/bonnet-de-nuit-interieur-satin-elastique-uni-noir-profond\/","og_site_name":"Curly Nights","article_modified_time":"2025-03-05T13:05:42+00:00","og_image":[{"width":1024,"height":1024,"url":"https:\/\/www.curlynights.com\/wp-content\/uploads\/2021\/02\/2021-55-2-1.jpg","type":"image\/jpeg"}],"twitter_card":"summary_large_image","twitter_misc":{"Dur\u00e9e de lecture estim\u00e9e":"1 minute"},"schema":{"@context":"https:\/\/schema.org","@graph":[{"@type":"WebPage","@id":"https:\/\/www.curlynights.com\/fr\/shop\/bonnet-de-nuit-interieur-satin-elastique-uni-noir-profond\/","url":"https:\/\/www.curlynights.com\/fr\/shop\/bonnet-de-nuit-interieur-satin-elastique-uni-noir-profond\/","name":"Bonnet de nuit int\u00e9rieur satin \u00e9lastique uni noir profond &#8902; Curly Nights","isPartOf":{"@id":"https:\/\/www.curlynights.com\/fr\/#website"},"primaryImageOfPage":{"@id":"https:\/\/www.curlynights.com\/fr\/shop\/bonnet-de-nuit-interieur-satin-elastique-uni-noir-profond\/#primaryimage"},"image":{"@id":"https:\/\/www.curlynights.com\/fr\/shop\/bonnet-de-nuit-interieur-satin-elastique-uni-noir-profond\/#primaryimage"},"thumbnailUrl":"https:\/\/www.curlynights.com\/wp-content\/uploads\/2021\/02\/2021-55-2-1.jpg","datePublished":"2021-02-05T19:23:51+00:00","dateModified":"2025-03-05T13:05:42+00:00","description":"Un classique revisit\u00e9 par Curly Nights : le bonnet wax satin \u00e9lastique. Il prot\u00e8ge vos cheveux tout au long de la nuit et se retire en un geste au matin !","breadcrumb":{"@id":"https:\/\/www.curlynights.com\/fr\/shop\/bonnet-de-nuit-interieur-satin-elastique-uni-noir-profond\/#breadcrumb"},"inLanguage":"fr-FR","potentialAction":[{"@type":"ReadAction","target":["https:\/\/www.curlynights.com\/fr\/shop\/bonnet-de-nuit-interieur-satin-elastique-uni-noir-profond\/"]}]},{"@type":"ImageObject","inLanguage":"fr-FR","@id":"https:\/\/www.curlynights.com\/fr\/shop\/bonnet-de-nuit-interieur-satin-elastique-uni-noir-profond\/#primaryimage","url":"https:\/\/www.curlynights.com\/wp-content\/uploads\/2021\/02\/2021-55-2-1.jpg","contentUrl":"https:\/\/www.curlynights.com\/wp-content\/uploads\/2021\/02\/2021-55-2-1.jpg","width":1024,"height":1024,"caption":"bonnet nuit boucles satin noir curly nights"},{"@type":"BreadcrumbList","@id":"https:\/\/www.curlynights.com\/fr\/shop\/bonnet-de-nuit-interieur-satin-elastique-uni-noir-profond\/#breadcrumb","itemListElement":[{"@type":"ListItem","position":1,"name":"Startseite","item":"https:\/\/www.curlynights.com\/fr\/"},{"@type":"ListItem","position":2,"name":"Boutique","item":"https:\/\/www.curlynights.com\/fr\/boutique\/"},{"@type":"ListItem","position":3,"name":"Bonnet de nuit int\u00e9rieur satin \u00e9lastique uni noir profond"}]},{"@type":"WebSite","@id":"https:\/\/www.curlynights.com\/fr\/#website","url":"https:\/\/www.curlynights.com\/fr\/","name":"Curly Nights","description":"Bonnets de nuit, de soin et taies d&#039;oreiller en wax et satin","publisher":{"@id":"https:\/\/www.curlynights.com\/fr\/#organization"},"potentialAction":[{"@type":"SearchAction","target":{"@type":"EntryPoint","urlTemplate":"https:\/\/www.curlynights.com\/fr\/?s={search_term_string}"},"query-input":{"@type":"PropertyValueSpecification","valueRequired":true,"valueName":"search_term_string"}}],"inLanguage":"fr-FR"},{"@type":"Organization","@id":"https:\/\/www.curlynights.com\/fr\/#organization","name":"Curly Nights","url":"https:\/\/www.curlynights.com\/fr\/","logo":{"@type":"ImageObject","inLanguage":"fr-FR","@id":"https:\/\/www.curlynights.com\/fr\/#\/schema\/logo\/image\/","url":"https:\/\/www.curlynights.com\/wp-content\/uploads\/2018\/08\/cropped-LOGO-GLYNNIS.png","contentUrl":"https:\/\/www.curlynights.com\/wp-content\/uploads\/2018\/08\/cropped-LOGO-GLYNNIS.png","width":1024,"height":276,"caption":"Curly Nights"},"image":{"@id":"https:\/\/www.curlynights.com\/fr\/#\/schema\/logo\/image\/"}}]}},"_links":{"self":[{"href":"https:\/\/www.curlynights.com\/fr\/wp-json\/wp\/v2\/product\/9157","targetHints":{"allow":["GET"]}}],"collection":[{"href":"https:\/\/www.curlynights.com\/fr\/wp-json\/wp\/v2\/product"}],"about":[{"href":"https:\/\/www.curlynights.com\/fr\/wp-json\/wp\/v2\/types\/product"}],"wp:featuredmedia":[{"embeddable":true,"href":"https:\/\/www.curlynights.com\/fr\/wp-json\/wp\/v2\/media\/9109"}],"wp:attachment":[{"href":"https:\/\/www.curlynights.com\/fr\/wp-json\/wp\/v2\/media?parent=9157"}],"wp:term":[{"taxonomy":"product_brand","embeddable":true,"href":"https:\/\/www.curlynights.com\/fr\/wp-json\/wp\/v2\/product_brand?post=9157"},{"taxonomy":"product_cat","embeddable":true,"href":"https:\/\/www.curlynights.com\/fr\/wp-json\/wp\/v2\/product_cat?post=9157"},{"taxonomy":"product_tag","embeddable":true,"href":"https:\/\/www.curlynights.com\/fr\/wp-json\/wp\/v2\/product_tag?post=9157"}],"curies":[{"name":"wp","href":"https:\/\/api.w.org\/{rel}","templated":true}]}}