{"id":8478,"date":"2020-11-07T21:34:22","date_gmt":"2020-11-07T20:34:22","guid":{"rendered":"https:\/\/www.curlynights.com\/?post_type=product&#038;p=8478"},"modified":"2025-12-02T10:59:51","modified_gmt":"2025-12-02T09:59:51","slug":"masque-de-nuit-wax-satin-honeymoon","status":"publish","type":"product","link":"https:\/\/www.curlynights.com\/fr\/shop\/masque-de-nuit-wax-satin-honeymoon\/","title":{"rendered":"Masque de nuit wax\/satin HONEYMOON"},"content":{"rendered":"<p>Notre masque de sommeil en satin et wax est tr\u00e8s doux et styl\u00e9 \u00e0 la fois. Il sera parfaitement assorti aux autres accessoires de nuit de la gamme HONEYMOON : taie d&rsquo;oreiller r\u00e9versible wax\/satin, pyjama ou bonnet de nuit protecteur de boucles.<\/p>\n","protected":false},"excerpt":{"rendered":"<p>Chez vous ou en voyage, dormez profond\u00e9ment sans \u00eatre d\u00e9rang\u00e9(e) par la lumi\u00e8re gr\u00e2ce \u00e0 notre masque de nuit !<\/p>\n<ul>\n<li>\u00e9lastique fin envelopp\u00e9 de satin<\/li>\n<li>int\u00e9rieur satin<\/li>\n<li>ext\u00e9rieur wax<\/li>\n<li>renforc\u00e9 de deux couches de tissu en coton \u00e0 l&rsquo;int\u00e9rieur<\/li>\n<li>fabriqu\u00e9 en France de mani\u00e8re artisanale dans notre atelier lyonnais<\/li>\n<li>lavable en machine \u00e0 30\u00b0C, s\u00e8che-linge d\u00e9conseill\u00e9<\/li>\n<\/ul>\n","protected":false},"featured_media":8488,"template":"","meta":[],"product_brand":[],"product_cat":[127,91],"product_tag":[],"class_list":{"0":"post-8478","1":"product","2":"type-product","3":"status-publish","4":"has-post-thumbnail","6":"product_cat-linge-de-nuit","7":"product_cat-masques","9":"first","10":"instock","11":"purchasable","12":"product-type-simple"},"yoast_head":"<!-- This site is optimized with the Yoast SEO plugin v27.4 - https:\/\/yoast.com\/product\/yoast-seo-wordpress\/ -->\n<title>Masque de nuit wax\/satin HONEYMOON &#8902; Curly Nights<\/title>\n<meta name=\"description\" content=\"Dormez profond\u00e9ment avec un masque de sommeil. Notre masque de nuit en wax et satin vous prot\u00e8ge de la lumi\u00e8re du jour avec style et douceur.\" \/>\n<meta name=\"robots\" content=\"index, follow, max-snippet:-1, max-image-preview:large, max-video-preview:-1\" \/>\n<link rel=\"canonical\" href=\"https:\/\/www.curlynights.com\/fr\/shop\/masque-de-nuit-wax-satin-honeymoon\/\" \/>\n<meta property=\"og:locale\" content=\"fr_FR\" \/>\n<meta property=\"og:type\" content=\"article\" \/>\n<meta property=\"og:title\" content=\"Masque de nuit wax\/satin HONEYMOON &#8902; Curly Nights\" \/>\n<meta property=\"og:description\" content=\"Dormez profond\u00e9ment avec un masque de sommeil. Notre masque de nuit en wax et satin vous prot\u00e8ge de la lumi\u00e8re du jour avec style et douceur.\" \/>\n<meta property=\"og:url\" content=\"https:\/\/www.curlynights.com\/fr\/shop\/masque-de-nuit-wax-satin-honeymoon\/\" \/>\n<meta property=\"og:site_name\" content=\"Curly Nights\" \/>\n<meta property=\"article:modified_time\" content=\"2025-12-02T09:59:51+00:00\" \/>\n<meta property=\"og:image\" content=\"https:\/\/www.curlynights.com\/wp-content\/uploads\/2020\/11\/Schlafbrille.jpg\" \/>\n\t<meta property=\"og:image:width\" content=\"1209\" \/>\n\t<meta property=\"og:image:height\" content=\"1209\" \/>\n\t<meta property=\"og:image:type\" content=\"image\/jpeg\" \/>\n<meta name=\"twitter:card\" content=\"summary_large_image\" \/>\n<meta name=\"twitter:label1\" content=\"Dur\u00e9e de lecture estim\u00e9e\" \/>\n\t<meta name=\"twitter:data1\" content=\"1 minute\" \/>\n<script type=\"application\/ld+json\" class=\"yoast-schema-graph\">{\"@context\":\"https:\\\/\\\/schema.org\",\"@graph\":[{\"@type\":\"WebPage\",\"@id\":\"https:\\\/\\\/www.curlynights.com\\\/fr\\\/shop\\\/masque-de-nuit-wax-satin-honeymoon\\\/\",\"url\":\"https:\\\/\\\/www.curlynights.com\\\/fr\\\/shop\\\/masque-de-nuit-wax-satin-honeymoon\\\/\",\"name\":\"Masque de nuit wax\\\/satin HONEYMOON &#8902; Curly Nights\",\"isPartOf\":{\"@id\":\"https:\\\/\\\/www.curlynights.com\\\/fr\\\/#website\"},\"primaryImageOfPage\":{\"@id\":\"https:\\\/\\\/www.curlynights.com\\\/fr\\\/shop\\\/masque-de-nuit-wax-satin-honeymoon\\\/#primaryimage\"},\"image\":{\"@id\":\"https:\\\/\\\/www.curlynights.com\\\/fr\\\/shop\\\/masque-de-nuit-wax-satin-honeymoon\\\/#primaryimage\"},\"thumbnailUrl\":\"https:\\\/\\\/www.curlynights.com\\\/wp-content\\\/uploads\\\/2020\\\/11\\\/Schlafbrille.jpg\",\"datePublished\":\"2020-11-07T20:34:22+00:00\",\"dateModified\":\"2025-12-02T09:59:51+00:00\",\"description\":\"Dormez profond\u00e9ment avec un masque de sommeil. Notre masque de nuit en wax et satin vous prot\u00e8ge de la lumi\u00e8re du jour avec style et douceur.\",\"breadcrumb\":{\"@id\":\"https:\\\/\\\/www.curlynights.com\\\/fr\\\/shop\\\/masque-de-nuit-wax-satin-honeymoon\\\/#breadcrumb\"},\"inLanguage\":\"fr-FR\",\"potentialAction\":[{\"@type\":\"ReadAction\",\"target\":[\"https:\\\/\\\/www.curlynights.com\\\/fr\\\/shop\\\/masque-de-nuit-wax-satin-honeymoon\\\/\"]}]},{\"@type\":\"ImageObject\",\"inLanguage\":\"fr-FR\",\"@id\":\"https:\\\/\\\/www.curlynights.com\\\/fr\\\/shop\\\/masque-de-nuit-wax-satin-honeymoon\\\/#primaryimage\",\"url\":\"https:\\\/\\\/www.curlynights.com\\\/wp-content\\\/uploads\\\/2020\\\/11\\\/Schlafbrille.jpg\",\"contentUrl\":\"https:\\\/\\\/www.curlynights.com\\\/wp-content\\\/uploads\\\/2020\\\/11\\\/Schlafbrille.jpg\",\"width\":1209,\"height\":1209,\"caption\":\"Masque de sommeil pour la nuit Satin Wax HONEYMOON\"},{\"@type\":\"BreadcrumbList\",\"@id\":\"https:\\\/\\\/www.curlynights.com\\\/fr\\\/shop\\\/masque-de-nuit-wax-satin-honeymoon\\\/#breadcrumb\",\"itemListElement\":[{\"@type\":\"ListItem\",\"position\":1,\"name\":\"Startseite\",\"item\":\"https:\\\/\\\/www.curlynights.com\\\/fr\\\/\"},{\"@type\":\"ListItem\",\"position\":2,\"name\":\"Boutique\",\"item\":\"https:\\\/\\\/www.curlynights.com\\\/fr\\\/boutique\\\/\"},{\"@type\":\"ListItem\",\"position\":3,\"name\":\"Masque de nuit wax\\\/satin HONEYMOON\"}]},{\"@type\":\"WebSite\",\"@id\":\"https:\\\/\\\/www.curlynights.com\\\/fr\\\/#website\",\"url\":\"https:\\\/\\\/www.curlynights.com\\\/fr\\\/\",\"name\":\"Curly Nights\",\"description\":\"Bonnets de nuit, de soin et taies d&#039;oreiller en wax et satin\",\"publisher\":{\"@id\":\"https:\\\/\\\/www.curlynights.com\\\/fr\\\/#organization\"},\"potentialAction\":[{\"@type\":\"SearchAction\",\"target\":{\"@type\":\"EntryPoint\",\"urlTemplate\":\"https:\\\/\\\/www.curlynights.com\\\/fr\\\/?s={search_term_string}\"},\"query-input\":{\"@type\":\"PropertyValueSpecification\",\"valueRequired\":true,\"valueName\":\"search_term_string\"}}],\"inLanguage\":\"fr-FR\"},{\"@type\":\"Organization\",\"@id\":\"https:\\\/\\\/www.curlynights.com\\\/fr\\\/#organization\",\"name\":\"Curly Nights\",\"url\":\"https:\\\/\\\/www.curlynights.com\\\/fr\\\/\",\"logo\":{\"@type\":\"ImageObject\",\"inLanguage\":\"fr-FR\",\"@id\":\"https:\\\/\\\/www.curlynights.com\\\/fr\\\/#\\\/schema\\\/logo\\\/image\\\/\",\"url\":\"https:\\\/\\\/www.curlynights.com\\\/wp-content\\\/uploads\\\/2018\\\/08\\\/cropped-LOGO-GLYNNIS.png\",\"contentUrl\":\"https:\\\/\\\/www.curlynights.com\\\/wp-content\\\/uploads\\\/2018\\\/08\\\/cropped-LOGO-GLYNNIS.png\",\"width\":1024,\"height\":276,\"caption\":\"Curly Nights\"},\"image\":{\"@id\":\"https:\\\/\\\/www.curlynights.com\\\/fr\\\/#\\\/schema\\\/logo\\\/image\\\/\"}}]}<\/script>\n<!-- \/ Yoast SEO plugin. -->","yoast_head_json":{"title":"Masque de nuit wax\/satin HONEYMOON &#8902; Curly Nights","description":"Dormez profond\u00e9ment avec un masque de sommeil. Notre masque de nuit en wax et satin vous prot\u00e8ge de la lumi\u00e8re du jour avec style et douceur.","robots":{"index":"index","follow":"follow","max-snippet":"max-snippet:-1","max-image-preview":"max-image-preview:large","max-video-preview":"max-video-preview:-1"},"canonical":"https:\/\/www.curlynights.com\/fr\/shop\/masque-de-nuit-wax-satin-honeymoon\/","og_locale":"fr_FR","og_type":"article","og_title":"Masque de nuit wax\/satin HONEYMOON &#8902; Curly Nights","og_description":"Dormez profond\u00e9ment avec un masque de sommeil. Notre masque de nuit en wax et satin vous prot\u00e8ge de la lumi\u00e8re du jour avec style et douceur.","og_url":"https:\/\/www.curlynights.com\/fr\/shop\/masque-de-nuit-wax-satin-honeymoon\/","og_site_name":"Curly Nights","article_modified_time":"2025-12-02T09:59:51+00:00","og_image":[{"width":1209,"height":1209,"url":"https:\/\/www.curlynights.com\/wp-content\/uploads\/2020\/11\/Schlafbrille.jpg","type":"image\/jpeg"}],"twitter_card":"summary_large_image","twitter_misc":{"Dur\u00e9e de lecture estim\u00e9e":"1 minute"},"schema":{"@context":"https:\/\/schema.org","@graph":[{"@type":"WebPage","@id":"https:\/\/www.curlynights.com\/fr\/shop\/masque-de-nuit-wax-satin-honeymoon\/","url":"https:\/\/www.curlynights.com\/fr\/shop\/masque-de-nuit-wax-satin-honeymoon\/","name":"Masque de nuit wax\/satin HONEYMOON &#8902; Curly Nights","isPartOf":{"@id":"https:\/\/www.curlynights.com\/fr\/#website"},"primaryImageOfPage":{"@id":"https:\/\/www.curlynights.com\/fr\/shop\/masque-de-nuit-wax-satin-honeymoon\/#primaryimage"},"image":{"@id":"https:\/\/www.curlynights.com\/fr\/shop\/masque-de-nuit-wax-satin-honeymoon\/#primaryimage"},"thumbnailUrl":"https:\/\/www.curlynights.com\/wp-content\/uploads\/2020\/11\/Schlafbrille.jpg","datePublished":"2020-11-07T20:34:22+00:00","dateModified":"2025-12-02T09:59:51+00:00","description":"Dormez profond\u00e9ment avec un masque de sommeil. Notre masque de nuit en wax et satin vous prot\u00e8ge de la lumi\u00e8re du jour avec style et douceur.","breadcrumb":{"@id":"https:\/\/www.curlynights.com\/fr\/shop\/masque-de-nuit-wax-satin-honeymoon\/#breadcrumb"},"inLanguage":"fr-FR","potentialAction":[{"@type":"ReadAction","target":["https:\/\/www.curlynights.com\/fr\/shop\/masque-de-nuit-wax-satin-honeymoon\/"]}]},{"@type":"ImageObject","inLanguage":"fr-FR","@id":"https:\/\/www.curlynights.com\/fr\/shop\/masque-de-nuit-wax-satin-honeymoon\/#primaryimage","url":"https:\/\/www.curlynights.com\/wp-content\/uploads\/2020\/11\/Schlafbrille.jpg","contentUrl":"https:\/\/www.curlynights.com\/wp-content\/uploads\/2020\/11\/Schlafbrille.jpg","width":1209,"height":1209,"caption":"Masque de sommeil pour la nuit Satin Wax HONEYMOON"},{"@type":"BreadcrumbList","@id":"https:\/\/www.curlynights.com\/fr\/shop\/masque-de-nuit-wax-satin-honeymoon\/#breadcrumb","itemListElement":[{"@type":"ListItem","position":1,"name":"Startseite","item":"https:\/\/www.curlynights.com\/fr\/"},{"@type":"ListItem","position":2,"name":"Boutique","item":"https:\/\/www.curlynights.com\/fr\/boutique\/"},{"@type":"ListItem","position":3,"name":"Masque de nuit wax\/satin HONEYMOON"}]},{"@type":"WebSite","@id":"https:\/\/www.curlynights.com\/fr\/#website","url":"https:\/\/www.curlynights.com\/fr\/","name":"Curly Nights","description":"Bonnets de nuit, de soin et taies d&#039;oreiller en wax et satin","publisher":{"@id":"https:\/\/www.curlynights.com\/fr\/#organization"},"potentialAction":[{"@type":"SearchAction","target":{"@type":"EntryPoint","urlTemplate":"https:\/\/www.curlynights.com\/fr\/?s={search_term_string}"},"query-input":{"@type":"PropertyValueSpecification","valueRequired":true,"valueName":"search_term_string"}}],"inLanguage":"fr-FR"},{"@type":"Organization","@id":"https:\/\/www.curlynights.com\/fr\/#organization","name":"Curly Nights","url":"https:\/\/www.curlynights.com\/fr\/","logo":{"@type":"ImageObject","inLanguage":"fr-FR","@id":"https:\/\/www.curlynights.com\/fr\/#\/schema\/logo\/image\/","url":"https:\/\/www.curlynights.com\/wp-content\/uploads\/2018\/08\/cropped-LOGO-GLYNNIS.png","contentUrl":"https:\/\/www.curlynights.com\/wp-content\/uploads\/2018\/08\/cropped-LOGO-GLYNNIS.png","width":1024,"height":276,"caption":"Curly Nights"},"image":{"@id":"https:\/\/www.curlynights.com\/fr\/#\/schema\/logo\/image\/"}}]}},"_links":{"self":[{"href":"https:\/\/www.curlynights.com\/fr\/wp-json\/wp\/v2\/product\/8478","targetHints":{"allow":["GET"]}}],"collection":[{"href":"https:\/\/www.curlynights.com\/fr\/wp-json\/wp\/v2\/product"}],"about":[{"href":"https:\/\/www.curlynights.com\/fr\/wp-json\/wp\/v2\/types\/product"}],"wp:featuredmedia":[{"embeddable":true,"href":"https:\/\/www.curlynights.com\/fr\/wp-json\/wp\/v2\/media\/8488"}],"wp:attachment":[{"href":"https:\/\/www.curlynights.com\/fr\/wp-json\/wp\/v2\/media?parent=8478"}],"wp:term":[{"taxonomy":"product_brand","embeddable":true,"href":"https:\/\/www.curlynights.com\/fr\/wp-json\/wp\/v2\/product_brand?post=8478"},{"taxonomy":"product_cat","embeddable":true,"href":"https:\/\/www.curlynights.com\/fr\/wp-json\/wp\/v2\/product_cat?post=8478"},{"taxonomy":"product_tag","embeddable":true,"href":"https:\/\/www.curlynights.com\/fr\/wp-json\/wp\/v2\/product_tag?post=8478"}],"curies":[{"name":"wp","href":"https:\/\/api.w.org\/{rel}","templated":true}]}}