{"id":8428,"date":"2020-11-07T16:46:40","date_gmt":"2020-11-07T15:46:40","guid":{"rendered":"https:\/\/www.curlynights.com\/?post_type=product&#038;p=8428"},"modified":"2022-12-13T17:19:48","modified_gmt":"2022-12-13T16:19:48","slug":"masque-anti-projection-lavable-et-reutilisable-en-wax-coton-honeymoon","status":"publish","type":"product","link":"https:\/\/www.curlynights.com\/fr\/shop\/masque-anti-projection-lavable-et-reutilisable-en-wax-coton-honeymoon\/","title":{"rendered":"Masque anti-projection lavable et r\u00e9utilisable en wax\/coton HONEYMOON"},"content":{"rendered":"<p>Le masque de protection Curly Nights en wax et coton bleu marine vous permet d&rsquo;\u00eatre masqu\u00e9.e, mais styl\u00e9.e ! Nous respectons les gestes barri\u00e8res lors de la production, notamment un lavage de mains r\u00e9gulier et une d\u00e9sinfection r\u00e9guli\u00e8re des outils et surfaces de travail.<\/p>\n<p>N\u00e9anmoins, <strong>nous vous recommandons fortement de laver votre masque \u00e0 au moins 60\u00b0C avant de le porter pour la premi\u00e8re fois.\u00a0<\/strong><\/p>\n<p>Lavez vous les mains avant de manipuler le masque. \u00d4tez-le sans toucher la partie qui \u00e9tait en contact avec la bouche et le nez. Lavez-le \u00e0 60\u00b0 minimum avant de le r\u00e9utiliser.<\/p>\n<p>Attention : n&rsquo;est pas con\u00e7u dans le respect de la norme AFNOR, il ne s&rsquo;agit pas d&rsquo;un masque chirurgical ou FFP2.<\/p>\n<p>&nbsp;<\/p>\n","protected":false},"excerpt":{"rendered":"<ul>\n<li><strong>lavable<\/strong> jusqu&rsquo;\u00e0 60\u00b0C<\/li>\n<li><strong>r\u00e9versible<\/strong> ( une face en coton bleu marine, une face en wax color\u00e9)<\/li>\n<li>attaches par <strong>\u00e9lastiques noirs styl\u00e9s et discrets<\/strong><\/li>\n<\/ul>\n<p>&nbsp;<\/p>\n","protected":false},"featured_media":8436,"template":"","meta":[],"product_brand":[],"product_cat":[80],"product_tag":[],"class_list":{"0":"post-8428","1":"product","2":"type-product","3":"status-publish","4":"has-post-thumbnail","6":"product_cat-offre-du-moment","8":"first","9":"instock","10":"sale","11":"purchasable","12":"product-type-variable"},"yoast_head":"<!-- This site is optimized with the Yoast SEO plugin v27.4 - https:\/\/yoast.com\/product\/yoast-seo-wordpress\/ -->\n<title>Masque anti-projection lavable et r\u00e9utilisable en wax\/coton HONEYMOON &#8902; Curly Nights<\/title>\n<meta name=\"description\" content=\"Masqu\u00e9e, mais styl\u00e9e ! Masque de protection en wax. Compl\u00e9ment des gestes barri\u00e8res contre le coronavirus Covid-19, pour les courses et dans les transports.\" \/>\n<meta name=\"robots\" content=\"index, follow, max-snippet:-1, max-image-preview:large, max-video-preview:-1\" \/>\n<link rel=\"canonical\" href=\"https:\/\/www.curlynights.com\/fr\/shop\/masque-anti-projection-lavable-et-reutilisable-en-wax-coton-honeymoon\/\" \/>\n<meta property=\"og:locale\" content=\"fr_FR\" \/>\n<meta property=\"og:type\" content=\"article\" \/>\n<meta property=\"og:title\" content=\"Masque anti-projection lavable et r\u00e9utilisable en wax\/coton HONEYMOON &#8902; Curly Nights\" \/>\n<meta property=\"og:description\" content=\"Masqu\u00e9e, mais styl\u00e9e ! Masque de protection en wax. Compl\u00e9ment des gestes barri\u00e8res contre le coronavirus Covid-19, pour les courses et dans les transports.\" \/>\n<meta property=\"og:url\" content=\"https:\/\/www.curlynights.com\/fr\/shop\/masque-anti-projection-lavable-et-reutilisable-en-wax-coton-honeymoon\/\" \/>\n<meta property=\"og:site_name\" content=\"Curly Nights\" \/>\n<meta property=\"article:modified_time\" content=\"2022-12-13T16:19:48+00:00\" \/>\n<meta property=\"og:image\" content=\"https:\/\/i0.wp.com\/www.curlynights.com\/wp-content\/uploads\/2020\/11\/2020-49-7-5.jpg?fit=1024%2C1024&ssl=1\" \/>\n\t<meta property=\"og:image:width\" content=\"1024\" \/>\n\t<meta property=\"og:image:height\" content=\"1024\" \/>\n\t<meta property=\"og:image:type\" content=\"image\/jpeg\" \/>\n<meta name=\"twitter:card\" content=\"summary_large_image\" \/>\n<meta name=\"twitter:label1\" content=\"Dur\u00e9e de lecture estim\u00e9e\" \/>\n\t<meta name=\"twitter:data1\" content=\"1 minute\" \/>\n<script type=\"application\/ld+json\" class=\"yoast-schema-graph\">{\"@context\":\"https:\\\/\\\/schema.org\",\"@graph\":[{\"@type\":\"WebPage\",\"@id\":\"https:\\\/\\\/www.curlynights.com\\\/fr\\\/shop\\\/masque-anti-projection-lavable-et-reutilisable-en-wax-coton-honeymoon\\\/\",\"url\":\"https:\\\/\\\/www.curlynights.com\\\/fr\\\/shop\\\/masque-anti-projection-lavable-et-reutilisable-en-wax-coton-honeymoon\\\/\",\"name\":\"Masque anti-projection lavable et r\u00e9utilisable en wax\\\/coton HONEYMOON &#8902; Curly Nights\",\"isPartOf\":{\"@id\":\"https:\\\/\\\/www.curlynights.com\\\/fr\\\/#website\"},\"primaryImageOfPage\":{\"@id\":\"https:\\\/\\\/www.curlynights.com\\\/fr\\\/shop\\\/masque-anti-projection-lavable-et-reutilisable-en-wax-coton-honeymoon\\\/#primaryimage\"},\"image\":{\"@id\":\"https:\\\/\\\/www.curlynights.com\\\/fr\\\/shop\\\/masque-anti-projection-lavable-et-reutilisable-en-wax-coton-honeymoon\\\/#primaryimage\"},\"thumbnailUrl\":\"https:\\\/\\\/www.curlynights.com\\\/wp-content\\\/uploads\\\/2020\\\/11\\\/2020-49-7-5.jpg\",\"datePublished\":\"2020-11-07T15:46:40+00:00\",\"dateModified\":\"2022-12-13T16:19:48+00:00\",\"description\":\"Masqu\u00e9e, mais styl\u00e9e ! Masque de protection en wax. Compl\u00e9ment des gestes barri\u00e8res contre le coronavirus Covid-19, pour les courses et dans les transports.\",\"breadcrumb\":{\"@id\":\"https:\\\/\\\/www.curlynights.com\\\/fr\\\/shop\\\/masque-anti-projection-lavable-et-reutilisable-en-wax-coton-honeymoon\\\/#breadcrumb\"},\"inLanguage\":\"fr-FR\",\"potentialAction\":[{\"@type\":\"ReadAction\",\"target\":[\"https:\\\/\\\/www.curlynights.com\\\/fr\\\/shop\\\/masque-anti-projection-lavable-et-reutilisable-en-wax-coton-honeymoon\\\/\"]}]},{\"@type\":\"ImageObject\",\"inLanguage\":\"fr-FR\",\"@id\":\"https:\\\/\\\/www.curlynights.com\\\/fr\\\/shop\\\/masque-anti-projection-lavable-et-reutilisable-en-wax-coton-honeymoon\\\/#primaryimage\",\"url\":\"https:\\\/\\\/www.curlynights.com\\\/wp-content\\\/uploads\\\/2020\\\/11\\\/2020-49-7-5.jpg\",\"contentUrl\":\"https:\\\/\\\/www.curlynights.com\\\/wp-content\\\/uploads\\\/2020\\\/11\\\/2020-49-7-5.jpg\",\"width\":1024,\"height\":1024,\"caption\":\"masque anti-projection lavable coton wax coronavirus covid-19 protection visage nez bouche HONEYMOON\"},{\"@type\":\"BreadcrumbList\",\"@id\":\"https:\\\/\\\/www.curlynights.com\\\/fr\\\/shop\\\/masque-anti-projection-lavable-et-reutilisable-en-wax-coton-honeymoon\\\/#breadcrumb\",\"itemListElement\":[{\"@type\":\"ListItem\",\"position\":1,\"name\":\"Startseite\",\"item\":\"https:\\\/\\\/www.curlynights.com\\\/fr\\\/\"},{\"@type\":\"ListItem\",\"position\":2,\"name\":\"Boutique\",\"item\":\"https:\\\/\\\/www.curlynights.com\\\/fr\\\/boutique\\\/\"},{\"@type\":\"ListItem\",\"position\":3,\"name\":\"Masque anti-projection lavable et r\u00e9utilisable en wax\\\/coton HONEYMOON\"}]},{\"@type\":\"WebSite\",\"@id\":\"https:\\\/\\\/www.curlynights.com\\\/fr\\\/#website\",\"url\":\"https:\\\/\\\/www.curlynights.com\\\/fr\\\/\",\"name\":\"Curly Nights\",\"description\":\"Bonnets de nuit, de soin et taies d&#039;oreiller en wax et satin\",\"publisher\":{\"@id\":\"https:\\\/\\\/www.curlynights.com\\\/fr\\\/#organization\"},\"potentialAction\":[{\"@type\":\"SearchAction\",\"target\":{\"@type\":\"EntryPoint\",\"urlTemplate\":\"https:\\\/\\\/www.curlynights.com\\\/fr\\\/?s={search_term_string}\"},\"query-input\":{\"@type\":\"PropertyValueSpecification\",\"valueRequired\":true,\"valueName\":\"search_term_string\"}}],\"inLanguage\":\"fr-FR\"},{\"@type\":\"Organization\",\"@id\":\"https:\\\/\\\/www.curlynights.com\\\/fr\\\/#organization\",\"name\":\"Curly Nights\",\"url\":\"https:\\\/\\\/www.curlynights.com\\\/fr\\\/\",\"logo\":{\"@type\":\"ImageObject\",\"inLanguage\":\"fr-FR\",\"@id\":\"https:\\\/\\\/www.curlynights.com\\\/fr\\\/#\\\/schema\\\/logo\\\/image\\\/\",\"url\":\"https:\\\/\\\/www.curlynights.com\\\/wp-content\\\/uploads\\\/2018\\\/08\\\/cropped-LOGO-GLYNNIS.png\",\"contentUrl\":\"https:\\\/\\\/www.curlynights.com\\\/wp-content\\\/uploads\\\/2018\\\/08\\\/cropped-LOGO-GLYNNIS.png\",\"width\":1024,\"height\":276,\"caption\":\"Curly Nights\"},\"image\":{\"@id\":\"https:\\\/\\\/www.curlynights.com\\\/fr\\\/#\\\/schema\\\/logo\\\/image\\\/\"}}]}<\/script>\n<!-- \/ Yoast SEO plugin. -->","yoast_head_json":{"title":"Masque anti-projection lavable et r\u00e9utilisable en wax\/coton HONEYMOON &#8902; Curly Nights","description":"Masqu\u00e9e, mais styl\u00e9e ! Masque de protection en wax. Compl\u00e9ment des gestes barri\u00e8res contre le coronavirus Covid-19, pour les courses et dans les transports.","robots":{"index":"index","follow":"follow","max-snippet":"max-snippet:-1","max-image-preview":"max-image-preview:large","max-video-preview":"max-video-preview:-1"},"canonical":"https:\/\/www.curlynights.com\/fr\/shop\/masque-anti-projection-lavable-et-reutilisable-en-wax-coton-honeymoon\/","og_locale":"fr_FR","og_type":"article","og_title":"Masque anti-projection lavable et r\u00e9utilisable en wax\/coton HONEYMOON &#8902; Curly Nights","og_description":"Masqu\u00e9e, mais styl\u00e9e ! Masque de protection en wax. Compl\u00e9ment des gestes barri\u00e8res contre le coronavirus Covid-19, pour les courses et dans les transports.","og_url":"https:\/\/www.curlynights.com\/fr\/shop\/masque-anti-projection-lavable-et-reutilisable-en-wax-coton-honeymoon\/","og_site_name":"Curly Nights","article_modified_time":"2022-12-13T16:19:48+00:00","og_image":[{"width":1024,"height":1024,"url":"https:\/\/i0.wp.com\/www.curlynights.com\/wp-content\/uploads\/2020\/11\/2020-49-7-5.jpg?fit=1024%2C1024&ssl=1","type":"image\/jpeg"}],"twitter_card":"summary_large_image","twitter_misc":{"Dur\u00e9e de lecture estim\u00e9e":"1 minute"},"schema":{"@context":"https:\/\/schema.org","@graph":[{"@type":"WebPage","@id":"https:\/\/www.curlynights.com\/fr\/shop\/masque-anti-projection-lavable-et-reutilisable-en-wax-coton-honeymoon\/","url":"https:\/\/www.curlynights.com\/fr\/shop\/masque-anti-projection-lavable-et-reutilisable-en-wax-coton-honeymoon\/","name":"Masque anti-projection lavable et r\u00e9utilisable en wax\/coton HONEYMOON &#8902; Curly Nights","isPartOf":{"@id":"https:\/\/www.curlynights.com\/fr\/#website"},"primaryImageOfPage":{"@id":"https:\/\/www.curlynights.com\/fr\/shop\/masque-anti-projection-lavable-et-reutilisable-en-wax-coton-honeymoon\/#primaryimage"},"image":{"@id":"https:\/\/www.curlynights.com\/fr\/shop\/masque-anti-projection-lavable-et-reutilisable-en-wax-coton-honeymoon\/#primaryimage"},"thumbnailUrl":"https:\/\/www.curlynights.com\/wp-content\/uploads\/2020\/11\/2020-49-7-5.jpg","datePublished":"2020-11-07T15:46:40+00:00","dateModified":"2022-12-13T16:19:48+00:00","description":"Masqu\u00e9e, mais styl\u00e9e ! Masque de protection en wax. Compl\u00e9ment des gestes barri\u00e8res contre le coronavirus Covid-19, pour les courses et dans les transports.","breadcrumb":{"@id":"https:\/\/www.curlynights.com\/fr\/shop\/masque-anti-projection-lavable-et-reutilisable-en-wax-coton-honeymoon\/#breadcrumb"},"inLanguage":"fr-FR","potentialAction":[{"@type":"ReadAction","target":["https:\/\/www.curlynights.com\/fr\/shop\/masque-anti-projection-lavable-et-reutilisable-en-wax-coton-honeymoon\/"]}]},{"@type":"ImageObject","inLanguage":"fr-FR","@id":"https:\/\/www.curlynights.com\/fr\/shop\/masque-anti-projection-lavable-et-reutilisable-en-wax-coton-honeymoon\/#primaryimage","url":"https:\/\/www.curlynights.com\/wp-content\/uploads\/2020\/11\/2020-49-7-5.jpg","contentUrl":"https:\/\/www.curlynights.com\/wp-content\/uploads\/2020\/11\/2020-49-7-5.jpg","width":1024,"height":1024,"caption":"masque anti-projection lavable coton wax coronavirus covid-19 protection visage nez bouche HONEYMOON"},{"@type":"BreadcrumbList","@id":"https:\/\/www.curlynights.com\/fr\/shop\/masque-anti-projection-lavable-et-reutilisable-en-wax-coton-honeymoon\/#breadcrumb","itemListElement":[{"@type":"ListItem","position":1,"name":"Startseite","item":"https:\/\/www.curlynights.com\/fr\/"},{"@type":"ListItem","position":2,"name":"Boutique","item":"https:\/\/www.curlynights.com\/fr\/boutique\/"},{"@type":"ListItem","position":3,"name":"Masque anti-projection lavable et r\u00e9utilisable en wax\/coton HONEYMOON"}]},{"@type":"WebSite","@id":"https:\/\/www.curlynights.com\/fr\/#website","url":"https:\/\/www.curlynights.com\/fr\/","name":"Curly Nights","description":"Bonnets de nuit, de soin et taies d&#039;oreiller en wax et satin","publisher":{"@id":"https:\/\/www.curlynights.com\/fr\/#organization"},"potentialAction":[{"@type":"SearchAction","target":{"@type":"EntryPoint","urlTemplate":"https:\/\/www.curlynights.com\/fr\/?s={search_term_string}"},"query-input":{"@type":"PropertyValueSpecification","valueRequired":true,"valueName":"search_term_string"}}],"inLanguage":"fr-FR"},{"@type":"Organization","@id":"https:\/\/www.curlynights.com\/fr\/#organization","name":"Curly Nights","url":"https:\/\/www.curlynights.com\/fr\/","logo":{"@type":"ImageObject","inLanguage":"fr-FR","@id":"https:\/\/www.curlynights.com\/fr\/#\/schema\/logo\/image\/","url":"https:\/\/www.curlynights.com\/wp-content\/uploads\/2018\/08\/cropped-LOGO-GLYNNIS.png","contentUrl":"https:\/\/www.curlynights.com\/wp-content\/uploads\/2018\/08\/cropped-LOGO-GLYNNIS.png","width":1024,"height":276,"caption":"Curly Nights"},"image":{"@id":"https:\/\/www.curlynights.com\/fr\/#\/schema\/logo\/image\/"}}]}},"_links":{"self":[{"href":"https:\/\/www.curlynights.com\/fr\/wp-json\/wp\/v2\/product\/8428","targetHints":{"allow":["GET"]}}],"collection":[{"href":"https:\/\/www.curlynights.com\/fr\/wp-json\/wp\/v2\/product"}],"about":[{"href":"https:\/\/www.curlynights.com\/fr\/wp-json\/wp\/v2\/types\/product"}],"wp:featuredmedia":[{"embeddable":true,"href":"https:\/\/www.curlynights.com\/fr\/wp-json\/wp\/v2\/media\/8436"}],"wp:attachment":[{"href":"https:\/\/www.curlynights.com\/fr\/wp-json\/wp\/v2\/media?parent=8428"}],"wp:term":[{"taxonomy":"product_brand","embeddable":true,"href":"https:\/\/www.curlynights.com\/fr\/wp-json\/wp\/v2\/product_brand?post=8428"},{"taxonomy":"product_cat","embeddable":true,"href":"https:\/\/www.curlynights.com\/fr\/wp-json\/wp\/v2\/product_cat?post=8428"},{"taxonomy":"product_tag","embeddable":true,"href":"https:\/\/www.curlynights.com\/fr\/wp-json\/wp\/v2\/product_tag?post=8428"}],"curies":[{"name":"wp","href":"https:\/\/api.w.org\/{rel}","templated":true}]}}