{"id":8412,"date":"2020-11-07T16:17:04","date_gmt":"2020-11-07T15:17:04","guid":{"rendered":"https:\/\/www.curlynights.com\/?post_type=product&#038;p=8412"},"modified":"2026-04-04T18:48:48","modified_gmt":"2026-04-04T16:48:48","slug":"bonnet-satin-wax-elastique-honeymoon","status":"publish","type":"product","link":"https:\/\/www.curlynights.com\/fr\/shop\/bonnet-satin-wax-elastique-honeymoon\/","title":{"rendered":"Bonnet satin\/wax \u00e9lastique HONEYMOON"},"content":{"rendered":"<p>Le <strong>bonnet de nuit<\/strong> doubl\u00e9 en <strong>satin<\/strong> est <strong>l&rsquo;accessoire indispensable<\/strong> pour maintenir de <strong>beaux cheveux naturels boucl\u00e9s, fris\u00e9s et cr\u00e9pus<\/strong>. Vos cheveux vont l&rsquo;adorer ! Au contact du satin, les cheveux <strong>conservent leur hydratation<\/strong>. Ils b\u00e9n\u00e9ficient des soins que vous leur administrez, car ces derniers ne sont pas absorb\u00e9s par le coton de la taie d&rsquo;oreiller ou des draps et les cheveux s\u2019emm\u00ealent moins lorsqu&rsquo;ils sont prot\u00e9g\u00e9s par le bonnet.<\/p>\n<p>Le r\u00e9sultat : <strong>moins de casse<\/strong>, <strong>plus de longueur<\/strong>, <strong>plus d&rsquo;\u00e9clat<\/strong>, <strong>gain de temps<\/strong> le matin et des <strong>coiffures protectrices qui restent fra\u00eeches plus longtemps<\/strong>. Nous avons con\u00e7u notre bonnet en satin pour qu&rsquo;il prot\u00e8ge vos cheveux efficacement tout au long de la nuit, mais qu&rsquo;il soit assez <strong>confortable<\/strong> pour se faire oublier jusqu&rsquo;au lendemain.<\/p>\n","protected":false},"excerpt":{"rendered":"<p>Le bonnet doubl\u00e9 en satin classique, simple et efficace. Il ne vous reste plus qu&rsquo;\u00e0 choisir votre couleur pr\u00e9f\u00e9r\u00e9e.<\/p>\n<ul>\n<li>100% coton wax<\/li>\n<li>doublure 100% satin<\/li>\n<li>bordure \u00e9lastique<\/li>\n<li>boucles prot\u00e9g\u00e9es, bien form\u00e9es au r\u00e9veil<\/li>\n<li>moins de casse, moins de frisottis<\/li>\n<li>hydratation pr\u00e9serv\u00e9e<\/li>\n<\/ul>\n","protected":false},"featured_media":8414,"template":"","meta":[],"product_brand":[],"product_cat":[77],"product_tag":[],"class_list":{"0":"post-8412","1":"product","2":"type-product","3":"status-publish","4":"has-post-thumbnail","6":"product_cat-bonnets-elastiques","8":"first","9":"outofstock","10":"sold-individually","11":"purchasable","12":"product-type-simple"},"yoast_head":"<!-- This site is optimized with the Yoast SEO plugin v27.4 - https:\/\/yoast.com\/product\/yoast-seo-wordpress\/ -->\n<title>Bonnet satin\/wax \u00e9lastique HONEYMOON &#8902; Curly Nights<\/title>\n<meta name=\"description\" content=\"Un classique revisit\u00e9 par Curly Nights : le bonnet wax satin \u00e9lastique. Il prot\u00e8ge vos cheveux tout au long de la nuit et se retire en un geste au matin !\" \/>\n<meta name=\"robots\" content=\"index, follow, max-snippet:-1, max-image-preview:large, max-video-preview:-1\" \/>\n<link rel=\"canonical\" href=\"https:\/\/www.curlynights.com\/fr\/shop\/bonnet-satin-wax-elastique-honeymoon\/\" \/>\n<meta property=\"og:locale\" content=\"fr_FR\" \/>\n<meta property=\"og:type\" content=\"article\" \/>\n<meta property=\"og:title\" content=\"Bonnet satin\/wax \u00e9lastique HONEYMOON &#8902; Curly Nights\" \/>\n<meta property=\"og:description\" content=\"Un classique revisit\u00e9 par Curly Nights : le bonnet wax satin \u00e9lastique. Il prot\u00e8ge vos cheveux tout au long de la nuit et se retire en un geste au matin !\" \/>\n<meta property=\"og:url\" content=\"https:\/\/www.curlynights.com\/fr\/shop\/bonnet-satin-wax-elastique-honeymoon\/\" \/>\n<meta property=\"og:site_name\" content=\"Curly Nights\" \/>\n<meta property=\"article:modified_time\" content=\"2026-04-04T16:48:48+00:00\" \/>\n<meta property=\"og:image\" content=\"https:\/\/www.curlynights.com\/wp-content\/uploads\/2020\/11\/2020-49-2-2.jpg\" \/>\n\t<meta property=\"og:image:width\" content=\"1209\" \/>\n\t<meta property=\"og:image:height\" content=\"1209\" \/>\n\t<meta property=\"og:image:type\" content=\"image\/jpeg\" \/>\n<meta name=\"twitter:card\" content=\"summary_large_image\" \/>\n<meta name=\"twitter:label1\" content=\"Dur\u00e9e de lecture estim\u00e9e\" \/>\n\t<meta name=\"twitter:data1\" content=\"1 minute\" \/>\n<script type=\"application\/ld+json\" class=\"yoast-schema-graph\">{\"@context\":\"https:\\\/\\\/schema.org\",\"@graph\":[{\"@type\":\"WebPage\",\"@id\":\"https:\\\/\\\/www.curlynights.com\\\/fr\\\/shop\\\/bonnet-satin-wax-elastique-honeymoon\\\/\",\"url\":\"https:\\\/\\\/www.curlynights.com\\\/fr\\\/shop\\\/bonnet-satin-wax-elastique-honeymoon\\\/\",\"name\":\"Bonnet satin\\\/wax \u00e9lastique HONEYMOON &#8902; Curly Nights\",\"isPartOf\":{\"@id\":\"https:\\\/\\\/www.curlynights.com\\\/fr\\\/#website\"},\"primaryImageOfPage\":{\"@id\":\"https:\\\/\\\/www.curlynights.com\\\/fr\\\/shop\\\/bonnet-satin-wax-elastique-honeymoon\\\/#primaryimage\"},\"image\":{\"@id\":\"https:\\\/\\\/www.curlynights.com\\\/fr\\\/shop\\\/bonnet-satin-wax-elastique-honeymoon\\\/#primaryimage\"},\"thumbnailUrl\":\"https:\\\/\\\/www.curlynights.com\\\/wp-content\\\/uploads\\\/2020\\\/11\\\/2020-49-2-2.jpg\",\"datePublished\":\"2020-11-07T15:17:04+00:00\",\"dateModified\":\"2026-04-04T16:48:48+00:00\",\"description\":\"Un classique revisit\u00e9 par Curly Nights : le bonnet wax satin \u00e9lastique. Il prot\u00e8ge vos cheveux tout au long de la nuit et se retire en un geste au matin !\",\"breadcrumb\":{\"@id\":\"https:\\\/\\\/www.curlynights.com\\\/fr\\\/shop\\\/bonnet-satin-wax-elastique-honeymoon\\\/#breadcrumb\"},\"inLanguage\":\"fr-FR\",\"potentialAction\":[{\"@type\":\"ReadAction\",\"target\":[\"https:\\\/\\\/www.curlynights.com\\\/fr\\\/shop\\\/bonnet-satin-wax-elastique-honeymoon\\\/\"]}]},{\"@type\":\"ImageObject\",\"inLanguage\":\"fr-FR\",\"@id\":\"https:\\\/\\\/www.curlynights.com\\\/fr\\\/shop\\\/bonnet-satin-wax-elastique-honeymoon\\\/#primaryimage\",\"url\":\"https:\\\/\\\/www.curlynights.com\\\/wp-content\\\/uploads\\\/2020\\\/11\\\/2020-49-2-2.jpg\",\"contentUrl\":\"https:\\\/\\\/www.curlynights.com\\\/wp-content\\\/uploads\\\/2020\\\/11\\\/2020-49-2-2.jpg\",\"width\":1209,\"height\":1209,\"caption\":\"bonnet satin wax nuit \u00e9lastique curly nights cheveux boucl\u00e9s cr\u00e9pus HONEYMOON\"},{\"@type\":\"BreadcrumbList\",\"@id\":\"https:\\\/\\\/www.curlynights.com\\\/fr\\\/shop\\\/bonnet-satin-wax-elastique-honeymoon\\\/#breadcrumb\",\"itemListElement\":[{\"@type\":\"ListItem\",\"position\":1,\"name\":\"Startseite\",\"item\":\"https:\\\/\\\/www.curlynights.com\\\/fr\\\/\"},{\"@type\":\"ListItem\",\"position\":2,\"name\":\"Boutique\",\"item\":\"https:\\\/\\\/www.curlynights.com\\\/fr\\\/boutique\\\/\"},{\"@type\":\"ListItem\",\"position\":3,\"name\":\"Bonnet satin\\\/wax \u00e9lastique HONEYMOON\"}]},{\"@type\":\"WebSite\",\"@id\":\"https:\\\/\\\/www.curlynights.com\\\/fr\\\/#website\",\"url\":\"https:\\\/\\\/www.curlynights.com\\\/fr\\\/\",\"name\":\"Curly Nights\",\"description\":\"Bonnets de nuit, de soin et taies d&#039;oreiller en wax et satin\",\"publisher\":{\"@id\":\"https:\\\/\\\/www.curlynights.com\\\/fr\\\/#organization\"},\"potentialAction\":[{\"@type\":\"SearchAction\",\"target\":{\"@type\":\"EntryPoint\",\"urlTemplate\":\"https:\\\/\\\/www.curlynights.com\\\/fr\\\/?s={search_term_string}\"},\"query-input\":{\"@type\":\"PropertyValueSpecification\",\"valueRequired\":true,\"valueName\":\"search_term_string\"}}],\"inLanguage\":\"fr-FR\"},{\"@type\":\"Organization\",\"@id\":\"https:\\\/\\\/www.curlynights.com\\\/fr\\\/#organization\",\"name\":\"Curly Nights\",\"url\":\"https:\\\/\\\/www.curlynights.com\\\/fr\\\/\",\"logo\":{\"@type\":\"ImageObject\",\"inLanguage\":\"fr-FR\",\"@id\":\"https:\\\/\\\/www.curlynights.com\\\/fr\\\/#\\\/schema\\\/logo\\\/image\\\/\",\"url\":\"https:\\\/\\\/www.curlynights.com\\\/wp-content\\\/uploads\\\/2018\\\/08\\\/cropped-LOGO-GLYNNIS.png\",\"contentUrl\":\"https:\\\/\\\/www.curlynights.com\\\/wp-content\\\/uploads\\\/2018\\\/08\\\/cropped-LOGO-GLYNNIS.png\",\"width\":1024,\"height\":276,\"caption\":\"Curly Nights\"},\"image\":{\"@id\":\"https:\\\/\\\/www.curlynights.com\\\/fr\\\/#\\\/schema\\\/logo\\\/image\\\/\"}}]}<\/script>\n<!-- \/ Yoast SEO plugin. -->","yoast_head_json":{"title":"Bonnet satin\/wax \u00e9lastique HONEYMOON &#8902; Curly Nights","description":"Un classique revisit\u00e9 par Curly Nights : le bonnet wax satin \u00e9lastique. Il prot\u00e8ge vos cheveux tout au long de la nuit et se retire en un geste au matin !","robots":{"index":"index","follow":"follow","max-snippet":"max-snippet:-1","max-image-preview":"max-image-preview:large","max-video-preview":"max-video-preview:-1"},"canonical":"https:\/\/www.curlynights.com\/fr\/shop\/bonnet-satin-wax-elastique-honeymoon\/","og_locale":"fr_FR","og_type":"article","og_title":"Bonnet satin\/wax \u00e9lastique HONEYMOON &#8902; Curly Nights","og_description":"Un classique revisit\u00e9 par Curly Nights : le bonnet wax satin \u00e9lastique. Il prot\u00e8ge vos cheveux tout au long de la nuit et se retire en un geste au matin !","og_url":"https:\/\/www.curlynights.com\/fr\/shop\/bonnet-satin-wax-elastique-honeymoon\/","og_site_name":"Curly Nights","article_modified_time":"2026-04-04T16:48:48+00:00","og_image":[{"width":1209,"height":1209,"url":"https:\/\/www.curlynights.com\/wp-content\/uploads\/2020\/11\/2020-49-2-2.jpg","type":"image\/jpeg"}],"twitter_card":"summary_large_image","twitter_misc":{"Dur\u00e9e de lecture estim\u00e9e":"1 minute"},"schema":{"@context":"https:\/\/schema.org","@graph":[{"@type":"WebPage","@id":"https:\/\/www.curlynights.com\/fr\/shop\/bonnet-satin-wax-elastique-honeymoon\/","url":"https:\/\/www.curlynights.com\/fr\/shop\/bonnet-satin-wax-elastique-honeymoon\/","name":"Bonnet satin\/wax \u00e9lastique HONEYMOON &#8902; Curly Nights","isPartOf":{"@id":"https:\/\/www.curlynights.com\/fr\/#website"},"primaryImageOfPage":{"@id":"https:\/\/www.curlynights.com\/fr\/shop\/bonnet-satin-wax-elastique-honeymoon\/#primaryimage"},"image":{"@id":"https:\/\/www.curlynights.com\/fr\/shop\/bonnet-satin-wax-elastique-honeymoon\/#primaryimage"},"thumbnailUrl":"https:\/\/www.curlynights.com\/wp-content\/uploads\/2020\/11\/2020-49-2-2.jpg","datePublished":"2020-11-07T15:17:04+00:00","dateModified":"2026-04-04T16:48:48+00:00","description":"Un classique revisit\u00e9 par Curly Nights : le bonnet wax satin \u00e9lastique. Il prot\u00e8ge vos cheveux tout au long de la nuit et se retire en un geste au matin !","breadcrumb":{"@id":"https:\/\/www.curlynights.com\/fr\/shop\/bonnet-satin-wax-elastique-honeymoon\/#breadcrumb"},"inLanguage":"fr-FR","potentialAction":[{"@type":"ReadAction","target":["https:\/\/www.curlynights.com\/fr\/shop\/bonnet-satin-wax-elastique-honeymoon\/"]}]},{"@type":"ImageObject","inLanguage":"fr-FR","@id":"https:\/\/www.curlynights.com\/fr\/shop\/bonnet-satin-wax-elastique-honeymoon\/#primaryimage","url":"https:\/\/www.curlynights.com\/wp-content\/uploads\/2020\/11\/2020-49-2-2.jpg","contentUrl":"https:\/\/www.curlynights.com\/wp-content\/uploads\/2020\/11\/2020-49-2-2.jpg","width":1209,"height":1209,"caption":"bonnet satin wax nuit \u00e9lastique curly nights cheveux boucl\u00e9s cr\u00e9pus HONEYMOON"},{"@type":"BreadcrumbList","@id":"https:\/\/www.curlynights.com\/fr\/shop\/bonnet-satin-wax-elastique-honeymoon\/#breadcrumb","itemListElement":[{"@type":"ListItem","position":1,"name":"Startseite","item":"https:\/\/www.curlynights.com\/fr\/"},{"@type":"ListItem","position":2,"name":"Boutique","item":"https:\/\/www.curlynights.com\/fr\/boutique\/"},{"@type":"ListItem","position":3,"name":"Bonnet satin\/wax \u00e9lastique HONEYMOON"}]},{"@type":"WebSite","@id":"https:\/\/www.curlynights.com\/fr\/#website","url":"https:\/\/www.curlynights.com\/fr\/","name":"Curly Nights","description":"Bonnets de nuit, de soin et taies d&#039;oreiller en wax et satin","publisher":{"@id":"https:\/\/www.curlynights.com\/fr\/#organization"},"potentialAction":[{"@type":"SearchAction","target":{"@type":"EntryPoint","urlTemplate":"https:\/\/www.curlynights.com\/fr\/?s={search_term_string}"},"query-input":{"@type":"PropertyValueSpecification","valueRequired":true,"valueName":"search_term_string"}}],"inLanguage":"fr-FR"},{"@type":"Organization","@id":"https:\/\/www.curlynights.com\/fr\/#organization","name":"Curly Nights","url":"https:\/\/www.curlynights.com\/fr\/","logo":{"@type":"ImageObject","inLanguage":"fr-FR","@id":"https:\/\/www.curlynights.com\/fr\/#\/schema\/logo\/image\/","url":"https:\/\/www.curlynights.com\/wp-content\/uploads\/2018\/08\/cropped-LOGO-GLYNNIS.png","contentUrl":"https:\/\/www.curlynights.com\/wp-content\/uploads\/2018\/08\/cropped-LOGO-GLYNNIS.png","width":1024,"height":276,"caption":"Curly Nights"},"image":{"@id":"https:\/\/www.curlynights.com\/fr\/#\/schema\/logo\/image\/"}}]}},"_links":{"self":[{"href":"https:\/\/www.curlynights.com\/fr\/wp-json\/wp\/v2\/product\/8412","targetHints":{"allow":["GET"]}}],"collection":[{"href":"https:\/\/www.curlynights.com\/fr\/wp-json\/wp\/v2\/product"}],"about":[{"href":"https:\/\/www.curlynights.com\/fr\/wp-json\/wp\/v2\/types\/product"}],"wp:featuredmedia":[{"embeddable":true,"href":"https:\/\/www.curlynights.com\/fr\/wp-json\/wp\/v2\/media\/8414"}],"wp:attachment":[{"href":"https:\/\/www.curlynights.com\/fr\/wp-json\/wp\/v2\/media?parent=8412"}],"wp:term":[{"taxonomy":"product_brand","embeddable":true,"href":"https:\/\/www.curlynights.com\/fr\/wp-json\/wp\/v2\/product_brand?post=8412"},{"taxonomy":"product_cat","embeddable":true,"href":"https:\/\/www.curlynights.com\/fr\/wp-json\/wp\/v2\/product_cat?post=8412"},{"taxonomy":"product_tag","embeddable":true,"href":"https:\/\/www.curlynights.com\/fr\/wp-json\/wp\/v2\/product_tag?post=8412"}],"curies":[{"name":"wp","href":"https:\/\/api.w.org\/{rel}","templated":true}]}}