{"id":8368,"date":"2020-11-07T15:34:23","date_gmt":"2020-11-07T14:34:23","guid":{"rendered":"https:\/\/www.curlynights.com\/?post_type=product&#038;p=8368"},"modified":"2023-06-18T14:00:59","modified_gmt":"2023-06-18T12:00:59","slug":"t-shirt-girlfriend-poche-wax-honeymoon","status":"publish","type":"product","link":"https:\/\/www.curlynights.com\/fr\/shop\/t-shirt-girlfriend-poche-wax-honeymoon\/","title":{"rendered":"T-shirt Girlfriend Poche Wax HONEYMOON"},"content":{"rendered":"<p>Le mod\u00e8le mesure 1,70 m et porte une taille M\/L.<\/p>\n<ul>\n<li style=\"font-weight: 400;\"><span style=\"font-weight: 400;\">Longueur : 57 cm<\/span><\/li>\n<li style=\"font-weight: 400;\"><span style=\"font-weight: 400;\">Largeur (\u00e9paules) : 55 cm<\/span><\/li>\n<li style=\"font-weight: 400;\"><span style=\"font-weight: 400;\">Largeur (taille) : 52 cm<\/span><\/li>\n<\/ul>\n","protected":false},"excerpt":{"rendered":"<p>Un t-shirt \u00e0 coupe f\u00e9minine ample pour des nuits confortables et styl\u00e9es !<\/p>\n<p>Pour cette collection sp\u00e9ciale f\u00eates, il est disponible en rouge en \u00e9dition limit\u00e9e ! Une fois les stocks \u00e9puis\u00e9s, il sera propos\u00e9 en noir.<\/p>\n<ul>\n<li>100% coton<\/li>\n<li>poche 100% coton Wax<\/li>\n<li>coupe ample confortable<\/li>\n<li>customis\u00e9 dans notre atelier lyonnais<\/li>\n<\/ul>\n","protected":false},"featured_media":8378,"template":"","meta":[],"product_brand":[],"product_cat":[127,103],"product_tag":[],"class_list":{"0":"post-8368","1":"product","2":"type-product","3":"status-publish","4":"has-post-thumbnail","6":"product_cat-linge-de-nuit","7":"product_cat-t-shirt-pyjama","9":"first","10":"instock","11":"sale","12":"purchasable","13":"product-type-variable"},"yoast_head":"<!-- This site is optimized with the Yoast SEO plugin v27.4 - https:\/\/yoast.com\/product\/yoast-seo-wordpress\/ -->\n<title>T-shirt Girlfriend Poche Wax HONEYMOON &#8902; Curly Nights<\/title>\n<meta name=\"description\" content=\"Avec sa coupe f\u00e9minine mais ample, le t-shirt Girlfriend coton \/ wax Curly Nights est aussi confortable pour dormir que styl\u00e9 au petit d\u00e9jeuner !\" \/>\n<meta name=\"robots\" content=\"index, follow, max-snippet:-1, max-image-preview:large, max-video-preview:-1\" \/>\n<link rel=\"canonical\" href=\"https:\/\/www.curlynights.com\/fr\/shop\/t-shirt-girlfriend-poche-wax-honeymoon\/\" \/>\n<meta property=\"og:locale\" content=\"fr_FR\" \/>\n<meta property=\"og:type\" content=\"article\" \/>\n<meta property=\"og:title\" content=\"T-shirt Girlfriend Poche Wax HONEYMOON &#8902; Curly Nights\" \/>\n<meta property=\"og:description\" content=\"Avec sa coupe f\u00e9minine mais ample, le t-shirt Girlfriend coton \/ wax Curly Nights est aussi confortable pour dormir que styl\u00e9 au petit d\u00e9jeuner !\" \/>\n<meta property=\"og:url\" content=\"https:\/\/www.curlynights.com\/fr\/shop\/t-shirt-girlfriend-poche-wax-honeymoon\/\" \/>\n<meta property=\"og:site_name\" content=\"Curly Nights\" \/>\n<meta property=\"article:modified_time\" content=\"2023-06-18T12:00:59+00:00\" \/>\n<meta property=\"og:image\" content=\"https:\/\/www.curlynights.com\/wp-content\/uploads\/2020\/11\/2020-49-3-2.jpg\" \/>\n\t<meta property=\"og:image:width\" content=\"1209\" \/>\n\t<meta property=\"og:image:height\" content=\"1209\" \/>\n\t<meta property=\"og:image:type\" content=\"image\/jpeg\" \/>\n<meta name=\"twitter:card\" content=\"summary_large_image\" \/>\n<meta name=\"twitter:label1\" content=\"Dur\u00e9e de lecture estim\u00e9e\" \/>\n\t<meta name=\"twitter:data1\" content=\"1 minute\" \/>\n<script type=\"application\/ld+json\" class=\"yoast-schema-graph\">{\"@context\":\"https:\\\/\\\/schema.org\",\"@graph\":[{\"@type\":\"WebPage\",\"@id\":\"https:\\\/\\\/www.curlynights.com\\\/fr\\\/shop\\\/t-shirt-girlfriend-poche-wax-honeymoon\\\/\",\"url\":\"https:\\\/\\\/www.curlynights.com\\\/fr\\\/shop\\\/t-shirt-girlfriend-poche-wax-honeymoon\\\/\",\"name\":\"T-shirt Girlfriend Poche Wax HONEYMOON &#8902; Curly Nights\",\"isPartOf\":{\"@id\":\"https:\\\/\\\/www.curlynights.com\\\/fr\\\/#website\"},\"primaryImageOfPage\":{\"@id\":\"https:\\\/\\\/www.curlynights.com\\\/fr\\\/shop\\\/t-shirt-girlfriend-poche-wax-honeymoon\\\/#primaryimage\"},\"image\":{\"@id\":\"https:\\\/\\\/www.curlynights.com\\\/fr\\\/shop\\\/t-shirt-girlfriend-poche-wax-honeymoon\\\/#primaryimage\"},\"thumbnailUrl\":\"https:\\\/\\\/www.curlynights.com\\\/wp-content\\\/uploads\\\/2020\\\/11\\\/2020-49-3-2.jpg\",\"datePublished\":\"2020-11-07T14:34:23+00:00\",\"dateModified\":\"2023-06-18T12:00:59+00:00\",\"description\":\"Avec sa coupe f\u00e9minine mais ample, le t-shirt Girlfriend coton \\\/ wax Curly Nights est aussi confortable pour dormir que styl\u00e9 au petit d\u00e9jeuner !\",\"breadcrumb\":{\"@id\":\"https:\\\/\\\/www.curlynights.com\\\/fr\\\/shop\\\/t-shirt-girlfriend-poche-wax-honeymoon\\\/#breadcrumb\"},\"inLanguage\":\"fr-FR\",\"potentialAction\":[{\"@type\":\"ReadAction\",\"target\":[\"https:\\\/\\\/www.curlynights.com\\\/fr\\\/shop\\\/t-shirt-girlfriend-poche-wax-honeymoon\\\/\"]}]},{\"@type\":\"ImageObject\",\"inLanguage\":\"fr-FR\",\"@id\":\"https:\\\/\\\/www.curlynights.com\\\/fr\\\/shop\\\/t-shirt-girlfriend-poche-wax-honeymoon\\\/#primaryimage\",\"url\":\"https:\\\/\\\/www.curlynights.com\\\/wp-content\\\/uploads\\\/2020\\\/11\\\/2020-49-3-2.jpg\",\"contentUrl\":\"https:\\\/\\\/www.curlynights.com\\\/wp-content\\\/uploads\\\/2020\\\/11\\\/2020-49-3-2.jpg\",\"width\":1209,\"height\":1209,\"caption\":\"t-shirt de pyjama rouge curly nights poche en wax HONEYMOON\"},{\"@type\":\"BreadcrumbList\",\"@id\":\"https:\\\/\\\/www.curlynights.com\\\/fr\\\/shop\\\/t-shirt-girlfriend-poche-wax-honeymoon\\\/#breadcrumb\",\"itemListElement\":[{\"@type\":\"ListItem\",\"position\":1,\"name\":\"Startseite\",\"item\":\"https:\\\/\\\/www.curlynights.com\\\/fr\\\/\"},{\"@type\":\"ListItem\",\"position\":2,\"name\":\"Boutique\",\"item\":\"https:\\\/\\\/www.curlynights.com\\\/fr\\\/boutique\\\/\"},{\"@type\":\"ListItem\",\"position\":3,\"name\":\"T-shirt Girlfriend Poche Wax HONEYMOON\"}]},{\"@type\":\"WebSite\",\"@id\":\"https:\\\/\\\/www.curlynights.com\\\/fr\\\/#website\",\"url\":\"https:\\\/\\\/www.curlynights.com\\\/fr\\\/\",\"name\":\"Curly Nights\",\"description\":\"Bonnets de nuit, de soin et taies d&#039;oreiller en wax et satin\",\"publisher\":{\"@id\":\"https:\\\/\\\/www.curlynights.com\\\/fr\\\/#organization\"},\"potentialAction\":[{\"@type\":\"SearchAction\",\"target\":{\"@type\":\"EntryPoint\",\"urlTemplate\":\"https:\\\/\\\/www.curlynights.com\\\/fr\\\/?s={search_term_string}\"},\"query-input\":{\"@type\":\"PropertyValueSpecification\",\"valueRequired\":true,\"valueName\":\"search_term_string\"}}],\"inLanguage\":\"fr-FR\"},{\"@type\":\"Organization\",\"@id\":\"https:\\\/\\\/www.curlynights.com\\\/fr\\\/#organization\",\"name\":\"Curly Nights\",\"url\":\"https:\\\/\\\/www.curlynights.com\\\/fr\\\/\",\"logo\":{\"@type\":\"ImageObject\",\"inLanguage\":\"fr-FR\",\"@id\":\"https:\\\/\\\/www.curlynights.com\\\/fr\\\/#\\\/schema\\\/logo\\\/image\\\/\",\"url\":\"https:\\\/\\\/www.curlynights.com\\\/wp-content\\\/uploads\\\/2018\\\/08\\\/cropped-LOGO-GLYNNIS.png\",\"contentUrl\":\"https:\\\/\\\/www.curlynights.com\\\/wp-content\\\/uploads\\\/2018\\\/08\\\/cropped-LOGO-GLYNNIS.png\",\"width\":1024,\"height\":276,\"caption\":\"Curly Nights\"},\"image\":{\"@id\":\"https:\\\/\\\/www.curlynights.com\\\/fr\\\/#\\\/schema\\\/logo\\\/image\\\/\"}}]}<\/script>\n<!-- \/ Yoast SEO plugin. -->","yoast_head_json":{"title":"T-shirt Girlfriend Poche Wax HONEYMOON &#8902; Curly Nights","description":"Avec sa coupe f\u00e9minine mais ample, le t-shirt Girlfriend coton \/ wax Curly Nights est aussi confortable pour dormir que styl\u00e9 au petit d\u00e9jeuner !","robots":{"index":"index","follow":"follow","max-snippet":"max-snippet:-1","max-image-preview":"max-image-preview:large","max-video-preview":"max-video-preview:-1"},"canonical":"https:\/\/www.curlynights.com\/fr\/shop\/t-shirt-girlfriend-poche-wax-honeymoon\/","og_locale":"fr_FR","og_type":"article","og_title":"T-shirt Girlfriend Poche Wax HONEYMOON &#8902; Curly Nights","og_description":"Avec sa coupe f\u00e9minine mais ample, le t-shirt Girlfriend coton \/ wax Curly Nights est aussi confortable pour dormir que styl\u00e9 au petit d\u00e9jeuner !","og_url":"https:\/\/www.curlynights.com\/fr\/shop\/t-shirt-girlfriend-poche-wax-honeymoon\/","og_site_name":"Curly Nights","article_modified_time":"2023-06-18T12:00:59+00:00","og_image":[{"width":1209,"height":1209,"url":"https:\/\/www.curlynights.com\/wp-content\/uploads\/2020\/11\/2020-49-3-2.jpg","type":"image\/jpeg"}],"twitter_card":"summary_large_image","twitter_misc":{"Dur\u00e9e de lecture estim\u00e9e":"1 minute"},"schema":{"@context":"https:\/\/schema.org","@graph":[{"@type":"WebPage","@id":"https:\/\/www.curlynights.com\/fr\/shop\/t-shirt-girlfriend-poche-wax-honeymoon\/","url":"https:\/\/www.curlynights.com\/fr\/shop\/t-shirt-girlfriend-poche-wax-honeymoon\/","name":"T-shirt Girlfriend Poche Wax HONEYMOON &#8902; Curly Nights","isPartOf":{"@id":"https:\/\/www.curlynights.com\/fr\/#website"},"primaryImageOfPage":{"@id":"https:\/\/www.curlynights.com\/fr\/shop\/t-shirt-girlfriend-poche-wax-honeymoon\/#primaryimage"},"image":{"@id":"https:\/\/www.curlynights.com\/fr\/shop\/t-shirt-girlfriend-poche-wax-honeymoon\/#primaryimage"},"thumbnailUrl":"https:\/\/www.curlynights.com\/wp-content\/uploads\/2020\/11\/2020-49-3-2.jpg","datePublished":"2020-11-07T14:34:23+00:00","dateModified":"2023-06-18T12:00:59+00:00","description":"Avec sa coupe f\u00e9minine mais ample, le t-shirt Girlfriend coton \/ wax Curly Nights est aussi confortable pour dormir que styl\u00e9 au petit d\u00e9jeuner !","breadcrumb":{"@id":"https:\/\/www.curlynights.com\/fr\/shop\/t-shirt-girlfriend-poche-wax-honeymoon\/#breadcrumb"},"inLanguage":"fr-FR","potentialAction":[{"@type":"ReadAction","target":["https:\/\/www.curlynights.com\/fr\/shop\/t-shirt-girlfriend-poche-wax-honeymoon\/"]}]},{"@type":"ImageObject","inLanguage":"fr-FR","@id":"https:\/\/www.curlynights.com\/fr\/shop\/t-shirt-girlfriend-poche-wax-honeymoon\/#primaryimage","url":"https:\/\/www.curlynights.com\/wp-content\/uploads\/2020\/11\/2020-49-3-2.jpg","contentUrl":"https:\/\/www.curlynights.com\/wp-content\/uploads\/2020\/11\/2020-49-3-2.jpg","width":1209,"height":1209,"caption":"t-shirt de pyjama rouge curly nights poche en wax HONEYMOON"},{"@type":"BreadcrumbList","@id":"https:\/\/www.curlynights.com\/fr\/shop\/t-shirt-girlfriend-poche-wax-honeymoon\/#breadcrumb","itemListElement":[{"@type":"ListItem","position":1,"name":"Startseite","item":"https:\/\/www.curlynights.com\/fr\/"},{"@type":"ListItem","position":2,"name":"Boutique","item":"https:\/\/www.curlynights.com\/fr\/boutique\/"},{"@type":"ListItem","position":3,"name":"T-shirt Girlfriend Poche Wax HONEYMOON"}]},{"@type":"WebSite","@id":"https:\/\/www.curlynights.com\/fr\/#website","url":"https:\/\/www.curlynights.com\/fr\/","name":"Curly Nights","description":"Bonnets de nuit, de soin et taies d&#039;oreiller en wax et satin","publisher":{"@id":"https:\/\/www.curlynights.com\/fr\/#organization"},"potentialAction":[{"@type":"SearchAction","target":{"@type":"EntryPoint","urlTemplate":"https:\/\/www.curlynights.com\/fr\/?s={search_term_string}"},"query-input":{"@type":"PropertyValueSpecification","valueRequired":true,"valueName":"search_term_string"}}],"inLanguage":"fr-FR"},{"@type":"Organization","@id":"https:\/\/www.curlynights.com\/fr\/#organization","name":"Curly Nights","url":"https:\/\/www.curlynights.com\/fr\/","logo":{"@type":"ImageObject","inLanguage":"fr-FR","@id":"https:\/\/www.curlynights.com\/fr\/#\/schema\/logo\/image\/","url":"https:\/\/www.curlynights.com\/wp-content\/uploads\/2018\/08\/cropped-LOGO-GLYNNIS.png","contentUrl":"https:\/\/www.curlynights.com\/wp-content\/uploads\/2018\/08\/cropped-LOGO-GLYNNIS.png","width":1024,"height":276,"caption":"Curly Nights"},"image":{"@id":"https:\/\/www.curlynights.com\/fr\/#\/schema\/logo\/image\/"}}]}},"_links":{"self":[{"href":"https:\/\/www.curlynights.com\/fr\/wp-json\/wp\/v2\/product\/8368","targetHints":{"allow":["GET"]}}],"collection":[{"href":"https:\/\/www.curlynights.com\/fr\/wp-json\/wp\/v2\/product"}],"about":[{"href":"https:\/\/www.curlynights.com\/fr\/wp-json\/wp\/v2\/types\/product"}],"wp:featuredmedia":[{"embeddable":true,"href":"https:\/\/www.curlynights.com\/fr\/wp-json\/wp\/v2\/media\/8378"}],"wp:attachment":[{"href":"https:\/\/www.curlynights.com\/fr\/wp-json\/wp\/v2\/media?parent=8368"}],"wp:term":[{"taxonomy":"product_brand","embeddable":true,"href":"https:\/\/www.curlynights.com\/fr\/wp-json\/wp\/v2\/product_brand?post=8368"},{"taxonomy":"product_cat","embeddable":true,"href":"https:\/\/www.curlynights.com\/fr\/wp-json\/wp\/v2\/product_cat?post=8368"},{"taxonomy":"product_tag","embeddable":true,"href":"https:\/\/www.curlynights.com\/fr\/wp-json\/wp\/v2\/product_tag?post=8368"}],"curies":[{"name":"wp","href":"https:\/\/api.w.org\/{rel}","templated":true}]}}