{"id":8125,"date":"2020-10-04T19:00:44","date_gmt":"2020-10-04T17:00:44","guid":{"rendered":"https:\/\/www.curlynights.com\/?post_type=product&#038;p=8125"},"modified":"2022-12-07T22:41:59","modified_gmt":"2022-12-07T21:41:59","slug":"box-speciale-masque-capillaire-idmos-x-curly-nights","status":"publish","type":"product","link":"https:\/\/www.curlynights.com\/fr\/shop\/box-speciale-masque-capillaire-idmos-x-curly-nights\/","title":{"rendered":"BOX SPECIALE MASQUE CAPILLAIRE | IDMOS x CURLY NIGHTS"},"content":{"rendered":"<p>Une box \u00e0 configurer en fonction des besoins de vos cheveux !<\/p>\n<p><strong>Cheveux secs et ab\u00eem\u00e9s :\u00a0<\/strong><\/p>\n<ul>\n<li>Masque en poudre guimauve et lin 200 gr<\/li>\n<li>Shampoing solide de 80 gr. Le beurre de karit\u00e9 pour nourrir et la guimauve pour aider au d\u00e9m\u00ealage des cheveux.<\/li>\n<li>Apr\u00e8s-shampoing solide 54gr. Sp\u00e9cifique pour pour d\u00e9m\u00ealer et nourrir.<\/li>\n<\/ul>\n<p>Le masque capillaire bio sp\u00e9cial cheveux secs\/ab\u00eem\u00e9s IDMOS est compos\u00e9 \u00e0 100% d\u2019ingr\u00e9dients issus de l\u2019agriculture biologique :<\/p>\n<ul>\n<li>La poudre de guimauve et les graines de lin aident au d\u00e9m\u00ealage gr\u00e2ce au mucilage (c\u2019est une substance v\u00e9g\u00e9tale, qui gonfle au contact de l\u2019eau en prenant une consistance visqueuse, semblable \u00e0 la g\u00e9latine.) et hydratent vos cheveux.<\/li>\n<li>La banane et l\u2019avoine associ\u00e9s \u00e0 la levure de bi\u00e8re vont renforcer vos cheveux.<\/li>\n<li>Le romarin et les graines de moutarde vont tonifier le cuir chevelu pour r\u00e9duire la chute de cheveux.<\/li>\n<\/ul>\n<p>Le shampoing solide bio sp\u00e9cial sec\/ab\u00eem\u00e9e de IDMOS est compos\u00e9 de 100% d\u2019ingr\u00e9dients d\u2019origine naturelle dont 60% d\u2019ingr\u00e9dients issus de l\u2019agriculture biologique.<\/p>\n<ul>\n<li>La poudres de guimauve et le graine de lin aide aux d\u00e9m\u00ealage gr\u00e2ce aux mucilages.<\/li>\n<li>La banane et l\u2019avoine associ\u00e9 \u00e0 la levure de bi\u00e8re vont renforcer les cheveux.<\/li>\n<li>Beurre de karit\u00e9 bio associ\u00e9 \u00e0 l\u2019huile d\u2019olive vont nourrie les cheveux secs.<\/li>\n<\/ul>\n<p><strong>Cheveux fris\u00e9s\/cr\u00e9pus :\u00a0<\/strong><\/p>\n<ul>\n<li>Masque en poudre bentonite et spiruline 200 gr<\/li>\n<li>Shampoing solide de 80 gr.\u00a0A base de poudre de bouillon blanc et beurre de karit\u00e9.<\/li>\n<li>Apr\u00e8s shampoing solide de 54gr. Sp\u00e9cifique pour pour d\u00e9m\u00ealer et nourrir.<\/li>\n<\/ul>\n<p>Le masque capillaire bio sp\u00e9cial cheveux fris\u00e9s et cr\u00e9pus IDMOS est compos\u00e9 \u00e0 100% d\u2019ingr\u00e9dients issus de l\u2019agriculture biologique.<\/p>\n<ul>\n<li>La spiruline est l\u00e0 pour nourrir vos cheveux gr\u00e2ce \u00e0 ses prot\u00e9ines v\u00e9g\u00e9tales.<\/li>\n<li>La poudre bentonite est une argile issue des cendres volcaniques. Elle hydrate tout en assouplissant les cheveux. Elle est riche en oligo-\u00e9l\u00e9ments.<\/li>\n<li>La poudre de guimauve et les graines de fenugrec aident au d\u00e9m\u00ealage gr\u00e2ce au mucilage (c\u2019est une substance v\u00e9g\u00e9tale, qui gonfle au contact de l\u2019eau en prenant une consistance visqueuse, semblable \u00e0 la g\u00e9latine.), gaine vos cheveux.<\/li>\n<li>Le bouillon-blanc et le tilleul associ\u00e9s vont adoucir et tonifier les cheveux.<\/li>\n<\/ul>\n<p>Le shampoing solide bio sp\u00e9cial fris\u00e9s et cr\u00e9pus de IDMOS est compos\u00e9 \u00e0 100% d\u2019ingr\u00e9dients d\u2019origine naturelle dont 60% d\u2019ingr\u00e9dients issus de l\u2019agriculture biologique.<\/p>\n<ul>\n<li>La guimauve, associ\u00e9e \u00e0 poudre de bouillon blanc, et la poudre de tilleul vont aider le d\u00e9m\u00ealage gr\u00e2ce \u00e0 la mucilage (La mucilage est substance v\u00e9g\u00e9tale, qui gonfle au contact de l\u2019eau en prenant une consistance visqueuse, semblable \u00e0 la g\u00e9latine.)<\/li>\n<li>Beurre de karit\u00e9 associ\u00e9 la poudre de riz, nourrit et faire sublimer les cheveux.<\/li>\n<\/ul>\n<p><strong>Cheveux ultra secs :\u00a0<\/strong><\/p>\n<ul>\n<li>Masque en poudre avoine et mauve 200 gr<\/li>\n<li>Shampoing solide de 80 gr. A\u00a0base de beurre d\u2019avocat et bouillon blanc.<\/li>\n<li>Apr\u00e8s shampoing solide de 54 gr.<\/li>\n<\/ul>\n<p>Le masque capillaire bio sp\u00e9cial cheveux extr\u00eamement secs de IDMOS est compos\u00e9 de 100% d\u2019ingr\u00e9dients issus de l\u2019agriculture biologique.<\/p>\n<ul>\n<li>La poudre de mauve, les graines de fenugrec associ\u00e9es \u00e0 la poudre de guimauves et au plantain lanc\u00e9ole aident au d\u00e9m\u00ealage, gr\u00e2ce au mucilage (C\u2019est une substance v\u00e9g\u00e9tale, qui gonfle au contact de l\u2019eau en prenant une consistance visqueuse, semblable \u00e0 la g\u00e9latine) adoucit et gaine vos cheveux.<\/li>\n<li>Le bouillon-blanc et le tilleul blanc associ\u00e9s vont adoucir et tonifier les cheveux.<\/li>\n<li>La poudre d\u2019avoine est riche en vitamines B et E, elle va les nourrir vos cheveux.<\/li>\n<li>Pour finir, l\u2019argile bleue est riche en s\u00e9l\u00e9nium, c\u2019est un min\u00e9ral dont les cheveux ont cruellement besoin.<\/li>\n<\/ul>\n<p>Le shampoing solide bio sp\u00e9cial extr\u00eamement secs de IDMOS est compos\u00e9 \u00e0 100% d\u2019ingr\u00e9dients d\u2019origine naturelle dont 60% d\u2019ingr\u00e9dients issus de l\u2019agriculture biologique.<\/p>\n<ul>\n<li>Le beurre d\u2019avocat et de coco vont nourris en profondeur les cheveux.<\/li>\n<li>Le bouillon-blanc associ\u00e9 a la poudre de tilleul\u00a0 et l\u2019\u00e9corce de plantain vont aider \u00e0 d\u00e9m\u00ealer les cheveux\u00a0gr\u00e2ce \u00e0 la mucilage (La mucilage est substance v\u00e9g\u00e9tale, qui gonfle au contact de l\u2019eau en prenant une consistance visqueuse, semblable \u00e0 la g\u00e9latine.)<\/li>\n<li>Le fenugrec associ\u00e9 \u00e0 la mauve sa va aider pour la brillance et un douceur doux.<\/li>\n<\/ul>\n<p class=\"product_title entry-title\"><strong>Bonnet de soin \u00e0 effet chauffant :\u00a0<\/strong><\/p>\n<p>Dans une optique z\u00e9ro d\u00e9chet, le bonnet de soin Curly Nights remplace efficacement les charlottes en plastiques jetables dans votre routine capillaire.<\/p>\n<ul>\n<li>bordure \u00e9ponge pour \u00e9viter au masque de couler<\/li>\n<li>tissu imperm\u00e9able effet chaleur (int\u00e9rieur)<\/li>\n<li>tissu vert upcycl\u00e9 pour accentuer l&rsquo;effet chaleur (ext\u00e9rieur)<\/li>\n<\/ul>\n<p><strong>Guide pratique 10 pages :<\/strong><\/p>\n<ul>\n<li>comment utiliser la poudre<\/li>\n<li>recette de masque<\/li>\n<li>comment utiliser le bonnet<\/li>\n<\/ul>\n<p><strong>Livraison gratuite en France m\u00e9tropolitaine \u00e0 partir de 60 \u20ac d&rsquo;achat <\/strong>(choisir l&rsquo;option lors de la commande).<\/p>\n<p><strong>Edition limit\u00e9e.<\/strong><\/p>\n<p><strong>Toutes les commandes seront envoy\u00e9es \u00e0 partir du 20 octobre 2020.<\/strong><\/p>\n","protected":false},"excerpt":{"rendered":"<p>La box capillaire IDMOS x Curly Nights contient :<\/p>\n<ul>\n<li>1 sachet de 200 gr d\u2019un masque capillaire bio en poudre \u00e0 choisir en fonction de vos cheveux<\/li>\n<li>1 bonnet de soins cr\u00e9\u00e9 par Curly Nights \u00e0 partir de tissu upcycl\u00e9<\/li>\n<li>1 shampoing solide<\/li>\n<li>1 apr\u00e8s-shampoing solide<\/li>\n<li>1 chouchou en tissu upcycl\u00e9<\/li>\n<li>1 cuill\u00e8re en bois<\/li>\n<li>1 guide de 10 pages au format PDF avec notamment des recettes de masque<\/li>\n<\/ul>\n<p>Tous les produits de la box sont fabriqu\u00e9s de mani\u00e8re artisanale \u00e0 Lyon par Morgane, fondatrice de IDMOS (cosm\u00e9tique bio et z\u00e9ro d\u00e9chet) et Philipp &amp; Glynnis, fondateurs de Curly Nights (accessoires capillaires).<\/p>\n<p>Les cosm\u00e9tiques sont\u00a0 100% naturel et bio, non test\u00e9s sur des animaux et z\u00e9ro d\u00e9chet. Le bonnet et le chouchou sont lavables, r\u00e9utilisables et fabriqu\u00e9s \u00e0 partir de tissu upcycl\u00e9. Le guide est envoy\u00e9 au format PDF, z\u00e9ro papier. Enfin, l&#8217;emballage est 100% recycl\u00e9 et recyclable.<\/p>\n","protected":false},"featured_media":8140,"template":"","meta":[],"product_brand":[],"product_cat":[68],"product_tag":[],"class_list":{"0":"post-8125","1":"product","2":"type-product","3":"status-publish","4":"has-post-thumbnail","6":"product_cat-accessoires-fr","8":"first","9":"instock","10":"purchasable","11":"product-type-variable"},"yoast_head":"<!-- This site is optimized with the Yoast SEO plugin v27.3 - https:\/\/yoast.com\/product\/yoast-seo-wordpress\/ -->\n<title>BOX SPECIALE MASQUE CAPILLAIRE | IDMOS x CURLY NIGHTS &#8902; Curly Nights<\/title>\n<meta name=\"description\" content=\"D\u00e9couvrez les masques capillaires en poudre sans prise de t\u00eate avec une box ultra compl\u00e8te en \u00e9dition limit\u00e9e 100% made in France !\" \/>\n<meta name=\"robots\" content=\"index, follow, max-snippet:-1, max-image-preview:large, max-video-preview:-1\" \/>\n<link rel=\"canonical\" href=\"https:\/\/www.curlynights.com\/fr\/shop\/box-speciale-masque-capillaire-idmos-x-curly-nights\/\" \/>\n<meta property=\"og:locale\" content=\"fr_FR\" \/>\n<meta property=\"og:type\" content=\"article\" \/>\n<meta property=\"og:title\" content=\"BOX SPECIALE MASQUE CAPILLAIRE | IDMOS x CURLY NIGHTS &#8902; Curly Nights\" \/>\n<meta property=\"og:description\" content=\"D\u00e9couvrez les masques capillaires en poudre sans prise de t\u00eate avec une box ultra compl\u00e8te en \u00e9dition limit\u00e9e 100% made in France !\" \/>\n<meta property=\"og:url\" content=\"https:\/\/www.curlynights.com\/fr\/shop\/box-speciale-masque-capillaire-idmos-x-curly-nights\/\" \/>\n<meta property=\"og:site_name\" content=\"Curly Nights\" \/>\n<meta property=\"article:modified_time\" content=\"2022-12-07T21:41:59+00:00\" \/>\n<meta property=\"og:image\" content=\"https:\/\/www.curlynights.com\/wp-content\/uploads\/2020\/10\/WhatsApp-Image-2020-10-03-at-15.55.53.jpeg\" \/>\n\t<meta property=\"og:image:width\" content=\"1512\" \/>\n\t<meta property=\"og:image:height\" content=\"1512\" \/>\n\t<meta property=\"og:image:type\" content=\"image\/jpeg\" \/>\n<meta name=\"twitter:card\" content=\"summary_large_image\" \/>\n<meta name=\"twitter:label1\" content=\"Dur\u00e9e de lecture estim\u00e9e\" \/>\n\t<meta name=\"twitter:data1\" content=\"4 minutes\" \/>\n<script type=\"application\/ld+json\" class=\"yoast-schema-graph\">{\"@context\":\"https:\\\/\\\/schema.org\",\"@graph\":[{\"@type\":\"WebPage\",\"@id\":\"https:\\\/\\\/www.curlynights.com\\\/fr\\\/shop\\\/box-speciale-masque-capillaire-idmos-x-curly-nights\\\/\",\"url\":\"https:\\\/\\\/www.curlynights.com\\\/fr\\\/shop\\\/box-speciale-masque-capillaire-idmos-x-curly-nights\\\/\",\"name\":\"BOX SPECIALE MASQUE CAPILLAIRE | IDMOS x CURLY NIGHTS &#8902; Curly Nights\",\"isPartOf\":{\"@id\":\"https:\\\/\\\/www.curlynights.com\\\/fr\\\/#website\"},\"primaryImageOfPage\":{\"@id\":\"https:\\\/\\\/www.curlynights.com\\\/fr\\\/shop\\\/box-speciale-masque-capillaire-idmos-x-curly-nights\\\/#primaryimage\"},\"image\":{\"@id\":\"https:\\\/\\\/www.curlynights.com\\\/fr\\\/shop\\\/box-speciale-masque-capillaire-idmos-x-curly-nights\\\/#primaryimage\"},\"thumbnailUrl\":\"https:\\\/\\\/www.curlynights.com\\\/wp-content\\\/uploads\\\/2020\\\/10\\\/WhatsApp-Image-2020-10-03-at-15.55.53.jpeg\",\"datePublished\":\"2020-10-04T17:00:44+00:00\",\"dateModified\":\"2022-12-07T21:41:59+00:00\",\"description\":\"D\u00e9couvrez les masques capillaires en poudre sans prise de t\u00eate avec une box ultra compl\u00e8te en \u00e9dition limit\u00e9e 100% made in France !\",\"breadcrumb\":{\"@id\":\"https:\\\/\\\/www.curlynights.com\\\/fr\\\/shop\\\/box-speciale-masque-capillaire-idmos-x-curly-nights\\\/#breadcrumb\"},\"inLanguage\":\"fr-FR\",\"potentialAction\":[{\"@type\":\"ReadAction\",\"target\":[\"https:\\\/\\\/www.curlynights.com\\\/fr\\\/shop\\\/box-speciale-masque-capillaire-idmos-x-curly-nights\\\/\"]}]},{\"@type\":\"ImageObject\",\"inLanguage\":\"fr-FR\",\"@id\":\"https:\\\/\\\/www.curlynights.com\\\/fr\\\/shop\\\/box-speciale-masque-capillaire-idmos-x-curly-nights\\\/#primaryimage\",\"url\":\"https:\\\/\\\/www.curlynights.com\\\/wp-content\\\/uploads\\\/2020\\\/10\\\/WhatsApp-Image-2020-10-03-at-15.55.53.jpeg\",\"contentUrl\":\"https:\\\/\\\/www.curlynights.com\\\/wp-content\\\/uploads\\\/2020\\\/10\\\/WhatsApp-Image-2020-10-03-at-15.55.53.jpeg\",\"width\":1512,\"height\":1512,\"caption\":\"box idmos curly nights masque capillaire bonnet de soins\"},{\"@type\":\"BreadcrumbList\",\"@id\":\"https:\\\/\\\/www.curlynights.com\\\/fr\\\/shop\\\/box-speciale-masque-capillaire-idmos-x-curly-nights\\\/#breadcrumb\",\"itemListElement\":[{\"@type\":\"ListItem\",\"position\":1,\"name\":\"Startseite\",\"item\":\"https:\\\/\\\/www.curlynights.com\\\/fr\\\/\"},{\"@type\":\"ListItem\",\"position\":2,\"name\":\"Boutique\",\"item\":\"https:\\\/\\\/www.curlynights.com\\\/fr\\\/boutique\\\/\"},{\"@type\":\"ListItem\",\"position\":3,\"name\":\"BOX SPECIALE MASQUE CAPILLAIRE | IDMOS x CURLY NIGHTS\"}]},{\"@type\":\"WebSite\",\"@id\":\"https:\\\/\\\/www.curlynights.com\\\/fr\\\/#website\",\"url\":\"https:\\\/\\\/www.curlynights.com\\\/fr\\\/\",\"name\":\"Curly Nights\",\"description\":\"Bonnets de nuit, de soin et taies d&#039;oreiller en wax et satin\",\"publisher\":{\"@id\":\"https:\\\/\\\/www.curlynights.com\\\/fr\\\/#organization\"},\"potentialAction\":[{\"@type\":\"SearchAction\",\"target\":{\"@type\":\"EntryPoint\",\"urlTemplate\":\"https:\\\/\\\/www.curlynights.com\\\/fr\\\/?s={search_term_string}\"},\"query-input\":{\"@type\":\"PropertyValueSpecification\",\"valueRequired\":true,\"valueName\":\"search_term_string\"}}],\"inLanguage\":\"fr-FR\"},{\"@type\":\"Organization\",\"@id\":\"https:\\\/\\\/www.curlynights.com\\\/fr\\\/#organization\",\"name\":\"Curly Nights\",\"url\":\"https:\\\/\\\/www.curlynights.com\\\/fr\\\/\",\"logo\":{\"@type\":\"ImageObject\",\"inLanguage\":\"fr-FR\",\"@id\":\"https:\\\/\\\/www.curlynights.com\\\/fr\\\/#\\\/schema\\\/logo\\\/image\\\/\",\"url\":\"https:\\\/\\\/www.curlynights.com\\\/wp-content\\\/uploads\\\/2018\\\/08\\\/cropped-LOGO-GLYNNIS.png\",\"contentUrl\":\"https:\\\/\\\/www.curlynights.com\\\/wp-content\\\/uploads\\\/2018\\\/08\\\/cropped-LOGO-GLYNNIS.png\",\"width\":1024,\"height\":276,\"caption\":\"Curly Nights\"},\"image\":{\"@id\":\"https:\\\/\\\/www.curlynights.com\\\/fr\\\/#\\\/schema\\\/logo\\\/image\\\/\"}}]}<\/script>\n<!-- \/ Yoast SEO plugin. -->","yoast_head_json":{"title":"BOX SPECIALE MASQUE CAPILLAIRE | IDMOS x CURLY NIGHTS &#8902; Curly Nights","description":"D\u00e9couvrez les masques capillaires en poudre sans prise de t\u00eate avec une box ultra compl\u00e8te en \u00e9dition limit\u00e9e 100% made in France !","robots":{"index":"index","follow":"follow","max-snippet":"max-snippet:-1","max-image-preview":"max-image-preview:large","max-video-preview":"max-video-preview:-1"},"canonical":"https:\/\/www.curlynights.com\/fr\/shop\/box-speciale-masque-capillaire-idmos-x-curly-nights\/","og_locale":"fr_FR","og_type":"article","og_title":"BOX SPECIALE MASQUE CAPILLAIRE | IDMOS x CURLY NIGHTS &#8902; Curly Nights","og_description":"D\u00e9couvrez les masques capillaires en poudre sans prise de t\u00eate avec une box ultra compl\u00e8te en \u00e9dition limit\u00e9e 100% made in France !","og_url":"https:\/\/www.curlynights.com\/fr\/shop\/box-speciale-masque-capillaire-idmos-x-curly-nights\/","og_site_name":"Curly Nights","article_modified_time":"2022-12-07T21:41:59+00:00","og_image":[{"width":1512,"height":1512,"url":"https:\/\/www.curlynights.com\/wp-content\/uploads\/2020\/10\/WhatsApp-Image-2020-10-03-at-15.55.53.jpeg","type":"image\/jpeg"}],"twitter_card":"summary_large_image","twitter_misc":{"Dur\u00e9e de lecture estim\u00e9e":"4 minutes"},"schema":{"@context":"https:\/\/schema.org","@graph":[{"@type":"WebPage","@id":"https:\/\/www.curlynights.com\/fr\/shop\/box-speciale-masque-capillaire-idmos-x-curly-nights\/","url":"https:\/\/www.curlynights.com\/fr\/shop\/box-speciale-masque-capillaire-idmos-x-curly-nights\/","name":"BOX SPECIALE MASQUE CAPILLAIRE | IDMOS x CURLY NIGHTS &#8902; Curly Nights","isPartOf":{"@id":"https:\/\/www.curlynights.com\/fr\/#website"},"primaryImageOfPage":{"@id":"https:\/\/www.curlynights.com\/fr\/shop\/box-speciale-masque-capillaire-idmos-x-curly-nights\/#primaryimage"},"image":{"@id":"https:\/\/www.curlynights.com\/fr\/shop\/box-speciale-masque-capillaire-idmos-x-curly-nights\/#primaryimage"},"thumbnailUrl":"https:\/\/www.curlynights.com\/wp-content\/uploads\/2020\/10\/WhatsApp-Image-2020-10-03-at-15.55.53.jpeg","datePublished":"2020-10-04T17:00:44+00:00","dateModified":"2022-12-07T21:41:59+00:00","description":"D\u00e9couvrez les masques capillaires en poudre sans prise de t\u00eate avec une box ultra compl\u00e8te en \u00e9dition limit\u00e9e 100% made in France !","breadcrumb":{"@id":"https:\/\/www.curlynights.com\/fr\/shop\/box-speciale-masque-capillaire-idmos-x-curly-nights\/#breadcrumb"},"inLanguage":"fr-FR","potentialAction":[{"@type":"ReadAction","target":["https:\/\/www.curlynights.com\/fr\/shop\/box-speciale-masque-capillaire-idmos-x-curly-nights\/"]}]},{"@type":"ImageObject","inLanguage":"fr-FR","@id":"https:\/\/www.curlynights.com\/fr\/shop\/box-speciale-masque-capillaire-idmos-x-curly-nights\/#primaryimage","url":"https:\/\/www.curlynights.com\/wp-content\/uploads\/2020\/10\/WhatsApp-Image-2020-10-03-at-15.55.53.jpeg","contentUrl":"https:\/\/www.curlynights.com\/wp-content\/uploads\/2020\/10\/WhatsApp-Image-2020-10-03-at-15.55.53.jpeg","width":1512,"height":1512,"caption":"box idmos curly nights masque capillaire bonnet de soins"},{"@type":"BreadcrumbList","@id":"https:\/\/www.curlynights.com\/fr\/shop\/box-speciale-masque-capillaire-idmos-x-curly-nights\/#breadcrumb","itemListElement":[{"@type":"ListItem","position":1,"name":"Startseite","item":"https:\/\/www.curlynights.com\/fr\/"},{"@type":"ListItem","position":2,"name":"Boutique","item":"https:\/\/www.curlynights.com\/fr\/boutique\/"},{"@type":"ListItem","position":3,"name":"BOX SPECIALE MASQUE CAPILLAIRE | IDMOS x CURLY NIGHTS"}]},{"@type":"WebSite","@id":"https:\/\/www.curlynights.com\/fr\/#website","url":"https:\/\/www.curlynights.com\/fr\/","name":"Curly Nights","description":"Bonnets de nuit, de soin et taies d&#039;oreiller en wax et satin","publisher":{"@id":"https:\/\/www.curlynights.com\/fr\/#organization"},"potentialAction":[{"@type":"SearchAction","target":{"@type":"EntryPoint","urlTemplate":"https:\/\/www.curlynights.com\/fr\/?s={search_term_string}"},"query-input":{"@type":"PropertyValueSpecification","valueRequired":true,"valueName":"search_term_string"}}],"inLanguage":"fr-FR"},{"@type":"Organization","@id":"https:\/\/www.curlynights.com\/fr\/#organization","name":"Curly Nights","url":"https:\/\/www.curlynights.com\/fr\/","logo":{"@type":"ImageObject","inLanguage":"fr-FR","@id":"https:\/\/www.curlynights.com\/fr\/#\/schema\/logo\/image\/","url":"https:\/\/www.curlynights.com\/wp-content\/uploads\/2018\/08\/cropped-LOGO-GLYNNIS.png","contentUrl":"https:\/\/www.curlynights.com\/wp-content\/uploads\/2018\/08\/cropped-LOGO-GLYNNIS.png","width":1024,"height":276,"caption":"Curly Nights"},"image":{"@id":"https:\/\/www.curlynights.com\/fr\/#\/schema\/logo\/image\/"}}]}},"_links":{"self":[{"href":"https:\/\/www.curlynights.com\/fr\/wp-json\/wp\/v2\/product\/8125","targetHints":{"allow":["GET"]}}],"collection":[{"href":"https:\/\/www.curlynights.com\/fr\/wp-json\/wp\/v2\/product"}],"about":[{"href":"https:\/\/www.curlynights.com\/fr\/wp-json\/wp\/v2\/types\/product"}],"wp:featuredmedia":[{"embeddable":true,"href":"https:\/\/www.curlynights.com\/fr\/wp-json\/wp\/v2\/media\/8140"}],"wp:attachment":[{"href":"https:\/\/www.curlynights.com\/fr\/wp-json\/wp\/v2\/media?parent=8125"}],"wp:term":[{"taxonomy":"product_brand","embeddable":true,"href":"https:\/\/www.curlynights.com\/fr\/wp-json\/wp\/v2\/product_brand?post=8125"},{"taxonomy":"product_cat","embeddable":true,"href":"https:\/\/www.curlynights.com\/fr\/wp-json\/wp\/v2\/product_cat?post=8125"},{"taxonomy":"product_tag","embeddable":true,"href":"https:\/\/www.curlynights.com\/fr\/wp-json\/wp\/v2\/product_tag?post=8125"}],"curies":[{"name":"wp","href":"https:\/\/api.w.org\/{rel}","templated":true}]}}