{"id":73,"date":"2019-04-21T12:11:41","date_gmt":"2019-04-21T12:04:43","guid":{"rendered":"https:\/\/www.curlynights.com\/?post_type=product&#038;p=73"},"modified":"2019-04-21T12:11:07","modified_gmt":"2019-04-21T12:11:07","slug":"bonnet-satin-wax-reglable","status":"publish","type":"product","link":"https:\/\/www.curlynights.com\/fr\/shop\/bonnet-satin-wax-reglable\/","title":{"rendered":"Bonnet satin\/wax r\u00e9glable SAVANE"},"content":{"rendered":"","protected":false},"excerpt":{"rendered":"<ul>\n<li>Bonnet wax doubl\u00e9 en satin<\/li>\n<li>R\u00e9glable \u00e0 l&rsquo;aide des rubans<\/li>\n<li>Bordure large pour plaquer les #babyhair<\/li>\n<li>Lavable en machine 30\u00b0<\/li>\n<\/ul>\n","protected":false},"featured_media":372,"template":"","meta":[],"product_brand":[],"product_cat":[60,76],"product_tag":[],"class_list":{"0":"post-73","1":"product","2":"type-product","3":"status-publish","4":"has-post-thumbnail","6":"product_cat-bonnets-fr","7":"product_cat-bonnet-reglable","9":"first","10":"outofstock","11":"purchasable","12":"product-type-simple"},"yoast_head":"<!-- This site is optimized with the Yoast SEO plugin v27.5 - https:\/\/yoast.com\/product\/yoast-seo-wordpress\/ -->\n<title>Bonnet satin\/wax r\u00e9glable SAVANE &#8902; Curly Nights<\/title>\n<meta name=\"description\" content=\"Das hochwertigste Satinbonnet auf dem Markt. Anpassbar ohne Elastik f\u00fcr maximales Komfort. F\u00fcr Afrohaar, Locken, Locks und volumin\u00f6se Frisuren. Handmade.\" \/>\n<meta name=\"robots\" content=\"index, follow, max-snippet:-1, max-image-preview:large, max-video-preview:-1\" \/>\n<link rel=\"canonical\" href=\"https:\/\/www.curlynights.com\/fr\/shop\/bonnet-satin-wax-reglable\/\" \/>\n<meta property=\"og:locale\" content=\"fr_FR\" \/>\n<meta property=\"og:type\" content=\"article\" \/>\n<meta property=\"og:title\" content=\"Bonnet satin\/wax r\u00e9glable SAVANE &#8902; Curly Nights\" \/>\n<meta property=\"og:description\" content=\"Das hochwertigste Satinbonnet auf dem Markt. Anpassbar ohne Elastik f\u00fcr maximales Komfort. F\u00fcr Afrohaar, Locken, Locks und volumin\u00f6se Frisuren. Handmade.\" \/>\n<meta property=\"og:url\" content=\"https:\/\/www.curlynights.com\/fr\/shop\/bonnet-satin-wax-reglable\/\" \/>\n<meta property=\"og:site_name\" content=\"Curly Nights\" \/>\n<meta property=\"article:modified_time\" content=\"2019-04-21T12:11:07+00:00\" \/>\n<meta property=\"og:image\" content=\"https:\/\/i2.wp.com\/www.curlynights.com\/wp-content\/uploads\/2019\/04\/20190309_151818.jpg?fit=1024%2C1024&ssl=1\" \/>\n\t<meta property=\"og:image:width\" content=\"1024\" \/>\n\t<meta property=\"og:image:height\" content=\"1024\" \/>\n\t<meta property=\"og:image:type\" content=\"image\/jpeg\" \/>\n<meta name=\"twitter:card\" content=\"summary_large_image\" \/>\n<script type=\"application\/ld+json\" class=\"yoast-schema-graph\">{\"@context\":\"https:\\\/\\\/schema.org\",\"@graph\":[{\"@type\":\"WebPage\",\"@id\":\"https:\\\/\\\/www.curlynights.com\\\/fr\\\/shop\\\/bonnet-satin-wax-reglable\\\/\",\"url\":\"https:\\\/\\\/www.curlynights.com\\\/fr\\\/shop\\\/bonnet-satin-wax-reglable\\\/\",\"name\":\"Bonnet satin\\\/wax r\u00e9glable SAVANE &#8902; Curly Nights\",\"isPartOf\":{\"@id\":\"https:\\\/\\\/www.curlynights.com\\\/fr\\\/#website\"},\"primaryImageOfPage\":{\"@id\":\"https:\\\/\\\/www.curlynights.com\\\/fr\\\/shop\\\/bonnet-satin-wax-reglable\\\/#primaryimage\"},\"image\":{\"@id\":\"https:\\\/\\\/www.curlynights.com\\\/fr\\\/shop\\\/bonnet-satin-wax-reglable\\\/#primaryimage\"},\"thumbnailUrl\":\"https:\\\/\\\/www.curlynights.com\\\/wp-content\\\/uploads\\\/2019\\\/04\\\/20190309_151818.jpg\",\"datePublished\":\"2019-04-21T12:04:43+00:00\",\"dateModified\":\"2019-04-21T12:11:07+00:00\",\"description\":\"Das hochwertigste Satinbonnet auf dem Markt. Anpassbar ohne Elastik f\u00fcr maximales Komfort. F\u00fcr Afrohaar, Locken, Locks und volumin\u00f6se Frisuren. Handmade.\",\"breadcrumb\":{\"@id\":\"https:\\\/\\\/www.curlynights.com\\\/fr\\\/shop\\\/bonnet-satin-wax-reglable\\\/#breadcrumb\"},\"inLanguage\":\"fr-FR\",\"potentialAction\":[{\"@type\":\"ReadAction\",\"target\":[\"https:\\\/\\\/www.curlynights.com\\\/fr\\\/shop\\\/bonnet-satin-wax-reglable\\\/\"]}]},{\"@type\":\"ImageObject\",\"inLanguage\":\"fr-FR\",\"@id\":\"https:\\\/\\\/www.curlynights.com\\\/fr\\\/shop\\\/bonnet-satin-wax-reglable\\\/#primaryimage\",\"url\":\"https:\\\/\\\/www.curlynights.com\\\/wp-content\\\/uploads\\\/2019\\\/04\\\/20190309_151818.jpg\",\"contentUrl\":\"https:\\\/\\\/www.curlynights.com\\\/wp-content\\\/uploads\\\/2019\\\/04\\\/20190309_151818.jpg\",\"width\":1024,\"height\":1024,\"caption\":\"bonnet anpassbar curly nights savane wax satin\"},{\"@type\":\"BreadcrumbList\",\"@id\":\"https:\\\/\\\/www.curlynights.com\\\/fr\\\/shop\\\/bonnet-satin-wax-reglable\\\/#breadcrumb\",\"itemListElement\":[{\"@type\":\"ListItem\",\"position\":1,\"name\":\"Startseite\",\"item\":\"https:\\\/\\\/www.curlynights.com\\\/fr\\\/\"},{\"@type\":\"ListItem\",\"position\":2,\"name\":\"Boutique\",\"item\":\"https:\\\/\\\/www.curlynights.com\\\/fr\\\/boutique\\\/\"},{\"@type\":\"ListItem\",\"position\":3,\"name\":\"Bonnet satin\\\/wax r\u00e9glable SAVANE\"}]},{\"@type\":\"WebSite\",\"@id\":\"https:\\\/\\\/www.curlynights.com\\\/fr\\\/#website\",\"url\":\"https:\\\/\\\/www.curlynights.com\\\/fr\\\/\",\"name\":\"Curly Nights\",\"description\":\"Bonnets de nuit, de soin et taies d&#039;oreiller en wax et satin\",\"publisher\":{\"@id\":\"https:\\\/\\\/www.curlynights.com\\\/fr\\\/#organization\"},\"potentialAction\":[{\"@type\":\"SearchAction\",\"target\":{\"@type\":\"EntryPoint\",\"urlTemplate\":\"https:\\\/\\\/www.curlynights.com\\\/fr\\\/?s={search_term_string}\"},\"query-input\":{\"@type\":\"PropertyValueSpecification\",\"valueRequired\":true,\"valueName\":\"search_term_string\"}}],\"inLanguage\":\"fr-FR\"},{\"@type\":\"Organization\",\"@id\":\"https:\\\/\\\/www.curlynights.com\\\/fr\\\/#organization\",\"name\":\"Curly Nights\",\"url\":\"https:\\\/\\\/www.curlynights.com\\\/fr\\\/\",\"logo\":{\"@type\":\"ImageObject\",\"inLanguage\":\"fr-FR\",\"@id\":\"https:\\\/\\\/www.curlynights.com\\\/fr\\\/#\\\/schema\\\/logo\\\/image\\\/\",\"url\":\"https:\\\/\\\/www.curlynights.com\\\/wp-content\\\/uploads\\\/2018\\\/08\\\/cropped-LOGO-GLYNNIS.png\",\"contentUrl\":\"https:\\\/\\\/www.curlynights.com\\\/wp-content\\\/uploads\\\/2018\\\/08\\\/cropped-LOGO-GLYNNIS.png\",\"width\":1024,\"height\":276,\"caption\":\"Curly Nights\"},\"image\":{\"@id\":\"https:\\\/\\\/www.curlynights.com\\\/fr\\\/#\\\/schema\\\/logo\\\/image\\\/\"}}]}<\/script>\n<!-- \/ Yoast SEO plugin. -->","yoast_head_json":{"title":"Bonnet satin\/wax r\u00e9glable SAVANE &#8902; Curly Nights","description":"Das hochwertigste Satinbonnet auf dem Markt. Anpassbar ohne Elastik f\u00fcr maximales Komfort. F\u00fcr Afrohaar, Locken, Locks und volumin\u00f6se Frisuren. Handmade.","robots":{"index":"index","follow":"follow","max-snippet":"max-snippet:-1","max-image-preview":"max-image-preview:large","max-video-preview":"max-video-preview:-1"},"canonical":"https:\/\/www.curlynights.com\/fr\/shop\/bonnet-satin-wax-reglable\/","og_locale":"fr_FR","og_type":"article","og_title":"Bonnet satin\/wax r\u00e9glable SAVANE &#8902; Curly Nights","og_description":"Das hochwertigste Satinbonnet auf dem Markt. Anpassbar ohne Elastik f\u00fcr maximales Komfort. F\u00fcr Afrohaar, Locken, Locks und volumin\u00f6se Frisuren. Handmade.","og_url":"https:\/\/www.curlynights.com\/fr\/shop\/bonnet-satin-wax-reglable\/","og_site_name":"Curly Nights","article_modified_time":"2019-04-21T12:11:07+00:00","og_image":[{"width":1024,"height":1024,"url":"https:\/\/i2.wp.com\/www.curlynights.com\/wp-content\/uploads\/2019\/04\/20190309_151818.jpg?fit=1024%2C1024&ssl=1","type":"image\/jpeg"}],"twitter_card":"summary_large_image","schema":{"@context":"https:\/\/schema.org","@graph":[{"@type":"WebPage","@id":"https:\/\/www.curlynights.com\/fr\/shop\/bonnet-satin-wax-reglable\/","url":"https:\/\/www.curlynights.com\/fr\/shop\/bonnet-satin-wax-reglable\/","name":"Bonnet satin\/wax r\u00e9glable SAVANE &#8902; Curly Nights","isPartOf":{"@id":"https:\/\/www.curlynights.com\/fr\/#website"},"primaryImageOfPage":{"@id":"https:\/\/www.curlynights.com\/fr\/shop\/bonnet-satin-wax-reglable\/#primaryimage"},"image":{"@id":"https:\/\/www.curlynights.com\/fr\/shop\/bonnet-satin-wax-reglable\/#primaryimage"},"thumbnailUrl":"https:\/\/www.curlynights.com\/wp-content\/uploads\/2019\/04\/20190309_151818.jpg","datePublished":"2019-04-21T12:04:43+00:00","dateModified":"2019-04-21T12:11:07+00:00","description":"Das hochwertigste Satinbonnet auf dem Markt. Anpassbar ohne Elastik f\u00fcr maximales Komfort. F\u00fcr Afrohaar, Locken, Locks und volumin\u00f6se Frisuren. Handmade.","breadcrumb":{"@id":"https:\/\/www.curlynights.com\/fr\/shop\/bonnet-satin-wax-reglable\/#breadcrumb"},"inLanguage":"fr-FR","potentialAction":[{"@type":"ReadAction","target":["https:\/\/www.curlynights.com\/fr\/shop\/bonnet-satin-wax-reglable\/"]}]},{"@type":"ImageObject","inLanguage":"fr-FR","@id":"https:\/\/www.curlynights.com\/fr\/shop\/bonnet-satin-wax-reglable\/#primaryimage","url":"https:\/\/www.curlynights.com\/wp-content\/uploads\/2019\/04\/20190309_151818.jpg","contentUrl":"https:\/\/www.curlynights.com\/wp-content\/uploads\/2019\/04\/20190309_151818.jpg","width":1024,"height":1024,"caption":"bonnet anpassbar curly nights savane wax satin"},{"@type":"BreadcrumbList","@id":"https:\/\/www.curlynights.com\/fr\/shop\/bonnet-satin-wax-reglable\/#breadcrumb","itemListElement":[{"@type":"ListItem","position":1,"name":"Startseite","item":"https:\/\/www.curlynights.com\/fr\/"},{"@type":"ListItem","position":2,"name":"Boutique","item":"https:\/\/www.curlynights.com\/fr\/boutique\/"},{"@type":"ListItem","position":3,"name":"Bonnet satin\/wax r\u00e9glable SAVANE"}]},{"@type":"WebSite","@id":"https:\/\/www.curlynights.com\/fr\/#website","url":"https:\/\/www.curlynights.com\/fr\/","name":"Curly Nights","description":"Bonnets de nuit, de soin et taies d&#039;oreiller en wax et satin","publisher":{"@id":"https:\/\/www.curlynights.com\/fr\/#organization"},"potentialAction":[{"@type":"SearchAction","target":{"@type":"EntryPoint","urlTemplate":"https:\/\/www.curlynights.com\/fr\/?s={search_term_string}"},"query-input":{"@type":"PropertyValueSpecification","valueRequired":true,"valueName":"search_term_string"}}],"inLanguage":"fr-FR"},{"@type":"Organization","@id":"https:\/\/www.curlynights.com\/fr\/#organization","name":"Curly Nights","url":"https:\/\/www.curlynights.com\/fr\/","logo":{"@type":"ImageObject","inLanguage":"fr-FR","@id":"https:\/\/www.curlynights.com\/fr\/#\/schema\/logo\/image\/","url":"https:\/\/www.curlynights.com\/wp-content\/uploads\/2018\/08\/cropped-LOGO-GLYNNIS.png","contentUrl":"https:\/\/www.curlynights.com\/wp-content\/uploads\/2018\/08\/cropped-LOGO-GLYNNIS.png","width":1024,"height":276,"caption":"Curly Nights"},"image":{"@id":"https:\/\/www.curlynights.com\/fr\/#\/schema\/logo\/image\/"}}]}},"_links":{"self":[{"href":"https:\/\/www.curlynights.com\/fr\/wp-json\/wp\/v2\/product\/73","targetHints":{"allow":["GET"]}}],"collection":[{"href":"https:\/\/www.curlynights.com\/fr\/wp-json\/wp\/v2\/product"}],"about":[{"href":"https:\/\/www.curlynights.com\/fr\/wp-json\/wp\/v2\/types\/product"}],"wp:featuredmedia":[{"embeddable":true,"href":"https:\/\/www.curlynights.com\/fr\/wp-json\/wp\/v2\/media\/372"}],"wp:attachment":[{"href":"https:\/\/www.curlynights.com\/fr\/wp-json\/wp\/v2\/media?parent=73"}],"wp:term":[{"taxonomy":"product_brand","embeddable":true,"href":"https:\/\/www.curlynights.com\/fr\/wp-json\/wp\/v2\/product_brand?post=73"},{"taxonomy":"product_cat","embeddable":true,"href":"https:\/\/www.curlynights.com\/fr\/wp-json\/wp\/v2\/product_cat?post=73"},{"taxonomy":"product_tag","embeddable":true,"href":"https:\/\/www.curlynights.com\/fr\/wp-json\/wp\/v2\/product_tag?post=73"}],"curies":[{"name":"wp","href":"https:\/\/api.w.org\/{rel}","templated":true}]}}