{"id":5788,"date":"2020-06-17T14:06:47","date_gmt":"2020-06-17T12:06:47","guid":{"rendered":"https:\/\/www.curlynights.com\/?post_type=product&#038;p=5788"},"modified":"2023-06-18T14:55:04","modified_gmt":"2023-06-18T12:55:04","slug":"t-shirt-femme-blanc-poche-wax-violine","status":"publish","type":"product","link":"https:\/\/www.curlynights.com\/fr\/shop\/t-shirt-femme-blanc-poche-wax-violine\/","title":{"rendered":"T-shirt Femme Blanc Poche Wax VIOLINE"},"content":{"rendered":"<p>Graphique et tendance\u00a0: offrez une touche d\u2019originalit\u00e9 \u00e0 votre <strong>garde-robe<\/strong> avec le motif VIOLINE\u00a0!<\/p>\n<p>Soyez styl\u00e9es cet <strong>\u00e9t\u00e9<\/strong> avec notre nouvelle collection de <strong>t-shirts \u00e0 poche<\/strong> en wax. Ajoutez une touche de couleur \u00e0 votre <strong>tenue<\/strong> en arborant des <strong>motifs<\/strong> du <strong>tissu africain, <\/strong>tout en gardant la sobri\u00e9t\u00e9 et la simplicit\u00e9 du blanc. De nombreux <strong>looks<\/strong> s\u2019offrent \u00e0 vous et votre <strong>dressing<\/strong>\u00a0!<\/p>\n<p><u>Conseils d\u2019utilisation :<\/u><\/p>\n<p><em>Lavable en machine \u00e0 30\u00b0c <\/em><\/p>\n","protected":false},"excerpt":{"rendered":"<p>A l\u2019int\u00e9rieur comme dehors, soyez <strong>fashion<\/strong> et d\u00e9contract\u00e9e avec le <strong>tee-shirt<\/strong> Curly Nights\u00a0!<\/p>\n<ul>\n<li>T-shirt <strong>blanc uni<\/strong><\/li>\n<li><strong>Manches courtes<\/strong><\/li>\n<li><strong>Col rond<\/strong><\/li>\n<li>T-shirt 100% <strong>coton<\/strong><\/li>\n<li>Poche 100% coton <strong>wax<\/strong><\/li>\n<li><strong>Coupe ample<\/strong>: parfait pour l\u2019\u00e9t\u00e9\u00a0!<\/li>\n<\/ul>\n","protected":false},"featured_media":5746,"template":"","meta":[],"product_brand":[],"product_cat":[79],"product_tag":[],"class_list":{"0":"post-5788","1":"product","2":"type-product","3":"status-publish","4":"has-post-thumbnail","6":"product_cat-t-shirts-girlfriend","8":"first","9":"instock","10":"sale","11":"purchasable","12":"product-type-variable"},"yoast_head":"<!-- This site is optimized with the Yoast SEO plugin v27.4 - https:\/\/yoast.com\/product\/yoast-seo-wordpress\/ -->\n<title>T-shirt Femme Blanc Poche Wax VIOLINE &#8902; Curly Nights<\/title>\n<meta name=\"description\" content=\"Soyez fashion et d\u00e9contract\u00e9e avec notre t-shirt en coton \u00e0 poche en wax. Cet \u00e9t\u00e9, ajoutez une touche de couleur en arborant des motifs du tissu africain !\" \/>\n<meta name=\"robots\" content=\"index, follow, max-snippet:-1, max-image-preview:large, max-video-preview:-1\" \/>\n<link rel=\"canonical\" href=\"https:\/\/www.curlynights.com\/fr\/shop\/t-shirt-femme-blanc-poche-wax-violine\/\" \/>\n<meta property=\"og:locale\" content=\"fr_FR\" \/>\n<meta property=\"og:type\" content=\"article\" \/>\n<meta property=\"og:title\" content=\"T-shirt Femme Blanc Poche Wax VIOLINE &#8902; Curly Nights\" \/>\n<meta property=\"og:description\" content=\"Soyez fashion et d\u00e9contract\u00e9e avec notre t-shirt en coton \u00e0 poche en wax. Cet \u00e9t\u00e9, ajoutez une touche de couleur en arborant des motifs du tissu africain !\" \/>\n<meta property=\"og:url\" content=\"https:\/\/www.curlynights.com\/fr\/shop\/t-shirt-femme-blanc-poche-wax-violine\/\" \/>\n<meta property=\"og:site_name\" content=\"Curly Nights\" \/>\n<meta property=\"article:modified_time\" content=\"2023-06-18T12:55:04+00:00\" \/>\n<meta property=\"og:image\" content=\"https:\/\/www.curlynights.com\/wp-content\/uploads\/2020\/06\/tshirtvioline2.png\" \/>\n\t<meta property=\"og:image:width\" content=\"1000\" \/>\n\t<meta property=\"og:image:height\" content=\"1000\" \/>\n\t<meta property=\"og:image:type\" content=\"image\/png\" \/>\n<meta name=\"twitter:card\" content=\"summary_large_image\" \/>\n<meta name=\"twitter:label1\" content=\"Dur\u00e9e de lecture estim\u00e9e\" \/>\n\t<meta name=\"twitter:data1\" content=\"1 minute\" \/>\n<script type=\"application\/ld+json\" class=\"yoast-schema-graph\">{\"@context\":\"https:\\\/\\\/schema.org\",\"@graph\":[{\"@type\":\"WebPage\",\"@id\":\"https:\\\/\\\/www.curlynights.com\\\/fr\\\/shop\\\/t-shirt-femme-blanc-poche-wax-violine\\\/\",\"url\":\"https:\\\/\\\/www.curlynights.com\\\/fr\\\/shop\\\/t-shirt-femme-blanc-poche-wax-violine\\\/\",\"name\":\"T-shirt Femme Blanc Poche Wax VIOLINE &#8902; Curly Nights\",\"isPartOf\":{\"@id\":\"https:\\\/\\\/www.curlynights.com\\\/fr\\\/#website\"},\"primaryImageOfPage\":{\"@id\":\"https:\\\/\\\/www.curlynights.com\\\/fr\\\/shop\\\/t-shirt-femme-blanc-poche-wax-violine\\\/#primaryimage\"},\"image\":{\"@id\":\"https:\\\/\\\/www.curlynights.com\\\/fr\\\/shop\\\/t-shirt-femme-blanc-poche-wax-violine\\\/#primaryimage\"},\"thumbnailUrl\":\"https:\\\/\\\/www.curlynights.com\\\/wp-content\\\/uploads\\\/2020\\\/06\\\/tshirtvioline2.png\",\"datePublished\":\"2020-06-17T12:06:47+00:00\",\"dateModified\":\"2023-06-18T12:55:04+00:00\",\"description\":\"Soyez fashion et d\u00e9contract\u00e9e avec notre t-shirt en coton \u00e0 poche en wax. Cet \u00e9t\u00e9, ajoutez une touche de couleur en arborant des motifs du tissu africain !\",\"breadcrumb\":{\"@id\":\"https:\\\/\\\/www.curlynights.com\\\/fr\\\/shop\\\/t-shirt-femme-blanc-poche-wax-violine\\\/#breadcrumb\"},\"inLanguage\":\"fr-FR\",\"potentialAction\":[{\"@type\":\"ReadAction\",\"target\":[\"https:\\\/\\\/www.curlynights.com\\\/fr\\\/shop\\\/t-shirt-femme-blanc-poche-wax-violine\\\/\"]}]},{\"@type\":\"ImageObject\",\"inLanguage\":\"fr-FR\",\"@id\":\"https:\\\/\\\/www.curlynights.com\\\/fr\\\/shop\\\/t-shirt-femme-blanc-poche-wax-violine\\\/#primaryimage\",\"url\":\"https:\\\/\\\/www.curlynights.com\\\/wp-content\\\/uploads\\\/2020\\\/06\\\/tshirtvioline2.png\",\"contentUrl\":\"https:\\\/\\\/www.curlynights.com\\\/wp-content\\\/uploads\\\/2020\\\/06\\\/tshirtvioline2.png\",\"width\":1000,\"height\":1000,\"caption\":\"t shirt blanc coton poche wax violine\"},{\"@type\":\"BreadcrumbList\",\"@id\":\"https:\\\/\\\/www.curlynights.com\\\/fr\\\/shop\\\/t-shirt-femme-blanc-poche-wax-violine\\\/#breadcrumb\",\"itemListElement\":[{\"@type\":\"ListItem\",\"position\":1,\"name\":\"Startseite\",\"item\":\"https:\\\/\\\/www.curlynights.com\\\/fr\\\/\"},{\"@type\":\"ListItem\",\"position\":2,\"name\":\"Boutique\",\"item\":\"https:\\\/\\\/www.curlynights.com\\\/fr\\\/boutique\\\/\"},{\"@type\":\"ListItem\",\"position\":3,\"name\":\"T-shirt Femme Blanc Poche Wax VIOLINE\"}]},{\"@type\":\"WebSite\",\"@id\":\"https:\\\/\\\/www.curlynights.com\\\/fr\\\/#website\",\"url\":\"https:\\\/\\\/www.curlynights.com\\\/fr\\\/\",\"name\":\"Curly Nights\",\"description\":\"Bonnets de nuit, de soin et taies d&#039;oreiller en wax et satin\",\"publisher\":{\"@id\":\"https:\\\/\\\/www.curlynights.com\\\/fr\\\/#organization\"},\"potentialAction\":[{\"@type\":\"SearchAction\",\"target\":{\"@type\":\"EntryPoint\",\"urlTemplate\":\"https:\\\/\\\/www.curlynights.com\\\/fr\\\/?s={search_term_string}\"},\"query-input\":{\"@type\":\"PropertyValueSpecification\",\"valueRequired\":true,\"valueName\":\"search_term_string\"}}],\"inLanguage\":\"fr-FR\"},{\"@type\":\"Organization\",\"@id\":\"https:\\\/\\\/www.curlynights.com\\\/fr\\\/#organization\",\"name\":\"Curly Nights\",\"url\":\"https:\\\/\\\/www.curlynights.com\\\/fr\\\/\",\"logo\":{\"@type\":\"ImageObject\",\"inLanguage\":\"fr-FR\",\"@id\":\"https:\\\/\\\/www.curlynights.com\\\/fr\\\/#\\\/schema\\\/logo\\\/image\\\/\",\"url\":\"https:\\\/\\\/www.curlynights.com\\\/wp-content\\\/uploads\\\/2018\\\/08\\\/cropped-LOGO-GLYNNIS.png\",\"contentUrl\":\"https:\\\/\\\/www.curlynights.com\\\/wp-content\\\/uploads\\\/2018\\\/08\\\/cropped-LOGO-GLYNNIS.png\",\"width\":1024,\"height\":276,\"caption\":\"Curly Nights\"},\"image\":{\"@id\":\"https:\\\/\\\/www.curlynights.com\\\/fr\\\/#\\\/schema\\\/logo\\\/image\\\/\"}}]}<\/script>\n<!-- \/ Yoast SEO plugin. -->","yoast_head_json":{"title":"T-shirt Femme Blanc Poche Wax VIOLINE &#8902; Curly Nights","description":"Soyez fashion et d\u00e9contract\u00e9e avec notre t-shirt en coton \u00e0 poche en wax. Cet \u00e9t\u00e9, ajoutez une touche de couleur en arborant des motifs du tissu africain !","robots":{"index":"index","follow":"follow","max-snippet":"max-snippet:-1","max-image-preview":"max-image-preview:large","max-video-preview":"max-video-preview:-1"},"canonical":"https:\/\/www.curlynights.com\/fr\/shop\/t-shirt-femme-blanc-poche-wax-violine\/","og_locale":"fr_FR","og_type":"article","og_title":"T-shirt Femme Blanc Poche Wax VIOLINE &#8902; Curly Nights","og_description":"Soyez fashion et d\u00e9contract\u00e9e avec notre t-shirt en coton \u00e0 poche en wax. Cet \u00e9t\u00e9, ajoutez une touche de couleur en arborant des motifs du tissu africain !","og_url":"https:\/\/www.curlynights.com\/fr\/shop\/t-shirt-femme-blanc-poche-wax-violine\/","og_site_name":"Curly Nights","article_modified_time":"2023-06-18T12:55:04+00:00","og_image":[{"width":1000,"height":1000,"url":"https:\/\/www.curlynights.com\/wp-content\/uploads\/2020\/06\/tshirtvioline2.png","type":"image\/png"}],"twitter_card":"summary_large_image","twitter_misc":{"Dur\u00e9e de lecture estim\u00e9e":"1 minute"},"schema":{"@context":"https:\/\/schema.org","@graph":[{"@type":"WebPage","@id":"https:\/\/www.curlynights.com\/fr\/shop\/t-shirt-femme-blanc-poche-wax-violine\/","url":"https:\/\/www.curlynights.com\/fr\/shop\/t-shirt-femme-blanc-poche-wax-violine\/","name":"T-shirt Femme Blanc Poche Wax VIOLINE &#8902; Curly Nights","isPartOf":{"@id":"https:\/\/www.curlynights.com\/fr\/#website"},"primaryImageOfPage":{"@id":"https:\/\/www.curlynights.com\/fr\/shop\/t-shirt-femme-blanc-poche-wax-violine\/#primaryimage"},"image":{"@id":"https:\/\/www.curlynights.com\/fr\/shop\/t-shirt-femme-blanc-poche-wax-violine\/#primaryimage"},"thumbnailUrl":"https:\/\/www.curlynights.com\/wp-content\/uploads\/2020\/06\/tshirtvioline2.png","datePublished":"2020-06-17T12:06:47+00:00","dateModified":"2023-06-18T12:55:04+00:00","description":"Soyez fashion et d\u00e9contract\u00e9e avec notre t-shirt en coton \u00e0 poche en wax. Cet \u00e9t\u00e9, ajoutez une touche de couleur en arborant des motifs du tissu africain !","breadcrumb":{"@id":"https:\/\/www.curlynights.com\/fr\/shop\/t-shirt-femme-blanc-poche-wax-violine\/#breadcrumb"},"inLanguage":"fr-FR","potentialAction":[{"@type":"ReadAction","target":["https:\/\/www.curlynights.com\/fr\/shop\/t-shirt-femme-blanc-poche-wax-violine\/"]}]},{"@type":"ImageObject","inLanguage":"fr-FR","@id":"https:\/\/www.curlynights.com\/fr\/shop\/t-shirt-femme-blanc-poche-wax-violine\/#primaryimage","url":"https:\/\/www.curlynights.com\/wp-content\/uploads\/2020\/06\/tshirtvioline2.png","contentUrl":"https:\/\/www.curlynights.com\/wp-content\/uploads\/2020\/06\/tshirtvioline2.png","width":1000,"height":1000,"caption":"t shirt blanc coton poche wax violine"},{"@type":"BreadcrumbList","@id":"https:\/\/www.curlynights.com\/fr\/shop\/t-shirt-femme-blanc-poche-wax-violine\/#breadcrumb","itemListElement":[{"@type":"ListItem","position":1,"name":"Startseite","item":"https:\/\/www.curlynights.com\/fr\/"},{"@type":"ListItem","position":2,"name":"Boutique","item":"https:\/\/www.curlynights.com\/fr\/boutique\/"},{"@type":"ListItem","position":3,"name":"T-shirt Femme Blanc Poche Wax VIOLINE"}]},{"@type":"WebSite","@id":"https:\/\/www.curlynights.com\/fr\/#website","url":"https:\/\/www.curlynights.com\/fr\/","name":"Curly Nights","description":"Bonnets de nuit, de soin et taies d&#039;oreiller en wax et satin","publisher":{"@id":"https:\/\/www.curlynights.com\/fr\/#organization"},"potentialAction":[{"@type":"SearchAction","target":{"@type":"EntryPoint","urlTemplate":"https:\/\/www.curlynights.com\/fr\/?s={search_term_string}"},"query-input":{"@type":"PropertyValueSpecification","valueRequired":true,"valueName":"search_term_string"}}],"inLanguage":"fr-FR"},{"@type":"Organization","@id":"https:\/\/www.curlynights.com\/fr\/#organization","name":"Curly Nights","url":"https:\/\/www.curlynights.com\/fr\/","logo":{"@type":"ImageObject","inLanguage":"fr-FR","@id":"https:\/\/www.curlynights.com\/fr\/#\/schema\/logo\/image\/","url":"https:\/\/www.curlynights.com\/wp-content\/uploads\/2018\/08\/cropped-LOGO-GLYNNIS.png","contentUrl":"https:\/\/www.curlynights.com\/wp-content\/uploads\/2018\/08\/cropped-LOGO-GLYNNIS.png","width":1024,"height":276,"caption":"Curly Nights"},"image":{"@id":"https:\/\/www.curlynights.com\/fr\/#\/schema\/logo\/image\/"}}]}},"_links":{"self":[{"href":"https:\/\/www.curlynights.com\/fr\/wp-json\/wp\/v2\/product\/5788","targetHints":{"allow":["GET"]}}],"collection":[{"href":"https:\/\/www.curlynights.com\/fr\/wp-json\/wp\/v2\/product"}],"about":[{"href":"https:\/\/www.curlynights.com\/fr\/wp-json\/wp\/v2\/types\/product"}],"wp:featuredmedia":[{"embeddable":true,"href":"https:\/\/www.curlynights.com\/fr\/wp-json\/wp\/v2\/media\/5746"}],"wp:attachment":[{"href":"https:\/\/www.curlynights.com\/fr\/wp-json\/wp\/v2\/media?parent=5788"}],"wp:term":[{"taxonomy":"product_brand","embeddable":true,"href":"https:\/\/www.curlynights.com\/fr\/wp-json\/wp\/v2\/product_brand?post=5788"},{"taxonomy":"product_cat","embeddable":true,"href":"https:\/\/www.curlynights.com\/fr\/wp-json\/wp\/v2\/product_cat?post=5788"},{"taxonomy":"product_tag","embeddable":true,"href":"https:\/\/www.curlynights.com\/fr\/wp-json\/wp\/v2\/product_tag?post=5788"}],"curies":[{"name":"wp","href":"https:\/\/api.w.org\/{rel}","templated":true}]}}