{"id":5437,"date":"2020-06-11T11:18:57","date_gmt":"2020-06-11T09:18:57","guid":{"rendered":"https:\/\/www.curlynights.com\/?post_type=product&#038;p=5437"},"modified":"2021-02-08T20:02:04","modified_gmt":"2021-02-08T19:02:04","slug":"pack-promo-sport-rouge-ecarlate-bandeau-de-sport-et-cosmetique-eponge-satin-wax-chouchou-satin-xxl","status":"publish","type":"product","link":"https:\/\/www.curlynights.com\/fr\/shop\/pack-promo-sport-rouge-ecarlate-bandeau-de-sport-et-cosmetique-eponge-satin-wax-chouchou-satin-xxl\/","title":{"rendered":"Pack SPORT\/COSMETIQUE Rouge Ecarlate : bandeau de sport et cosm\u00e9tique \u00e9ponge\/satin\/wax + chouchou satin XXL"},"content":{"rendered":"<ul>\n<li>Intensifiez votre s\u00e9ance de sport avec le pack SPORT Rouge Ecarlate !<\/li>\n<li>Le bandeau b\u00e9n\u00e9ficie d&rsquo;un\u00a0<strong>c\u00f4t\u00e9 en \u00e9ponge<\/strong> qui viendra absorber la transpiration au contact de votre front pendant le sport. Le bandeau de <strong>85 cm<\/strong>\u00a0est parfaitement\u00a0<strong>r\u00e9glable<\/strong> gr\u00e2ce \u00e0 un fil d\u2019aluminium anodis\u00e9 ultra flexible. Apr\u00e8s utilisation, saisissez une extr\u00e9mit\u00e9 du fil dans chaque main et tirez d\u2019un coup sec pour retrouver un bandeau droit, pr\u00eat \u00e0 \u00eatre utilis\u00e9 \u00e0 nouveau !<\/li>\n<li>Avec son satin brillant si styl\u00e9, vous pouvez aussi opter pour le chouchou pendant votre s\u00e9ance sport, afin de donner de la praticit\u00e9 \u00e0 toutes vos coiffures. Faites un chignon haut, un ananas, avec un \u00e9lastique ni trop l\u00e2che, ni trop serr\u00e9. Enfin un mod\u00e8le qui convient !<br \/>\n<section class=\"up-sells upsells products\"><\/section>\n<\/li>\n<\/ul>\n","protected":false},"excerpt":{"rendered":"<div class=\"woocommerce-product-details__short-description\">\n<p>A l&rsquo;approche de l&rsquo;\u00e9t\u00e9, que vous soyez sportives occasionnelles comme r\u00e9guli\u00e8res, ce pack est fait pour vous.<\/p>\n<p>Pour f\u00eater le lancement de nos nouveaux bandeaux et chouchous, nous vous proposons ce pack \u00e0 prix avantageux. Attention, il est en dur\u00e9e limit\u00e9e !<\/p>\n<\/div>\n","protected":false},"featured_media":5427,"template":"","meta":[],"product_brand":[],"product_cat":[101],"product_tag":[],"class_list":{"0":"post-5437","1":"product","2":"type-product","3":"status-publish","4":"has-post-thumbnail","6":"product_cat-bandeaux-sport-cosmetique","8":"first","9":"outofstock","10":"purchasable","11":"product-type-simple"},"yoast_head":"<!-- This site is optimized with the Yoast SEO plugin v27.5 - https:\/\/yoast.com\/product\/yoast-seo-wordpress\/ -->\n<title>Pack SPORT\/COSMETIQUE Rouge Ecarlate : bandeau de sport et cosm\u00e9tique \u00e9ponge\/satin\/wax + chouchou satin XXL &#8902; Curly Nights<\/title>\n<meta name=\"description\" content=\"Le lot indispensable pour les boucl\u00e9es sportives : bandeau flexible en \u00e9ponge \/ satin pour prot\u00e9ger les boucles de l&#039;humidit\u00e9 et chouchou color\u00e9 en satin\" \/>\n<meta name=\"robots\" content=\"index, follow, max-snippet:-1, max-image-preview:large, max-video-preview:-1\" \/>\n<link rel=\"canonical\" href=\"https:\/\/www.curlynights.com\/fr\/shop\/pack-promo-sport-rouge-ecarlate-bandeau-de-sport-et-cosmetique-eponge-satin-wax-chouchou-satin-xxl\/\" \/>\n<meta property=\"og:locale\" content=\"fr_FR\" \/>\n<meta property=\"og:type\" content=\"article\" \/>\n<meta property=\"og:title\" content=\"Pack SPORT\/COSMETIQUE Rouge Ecarlate : bandeau de sport et cosm\u00e9tique \u00e9ponge\/satin\/wax + chouchou satin XXL &#8902; Curly Nights\" \/>\n<meta property=\"og:description\" content=\"Le lot indispensable pour les boucl\u00e9es sportives : bandeau flexible en \u00e9ponge \/ satin pour prot\u00e9ger les boucles de l&#039;humidit\u00e9 et chouchou color\u00e9 en satin\" \/>\n<meta property=\"og:url\" content=\"https:\/\/www.curlynights.com\/fr\/shop\/pack-promo-sport-rouge-ecarlate-bandeau-de-sport-et-cosmetique-eponge-satin-wax-chouchou-satin-xxl\/\" \/>\n<meta property=\"og:site_name\" content=\"Curly Nights\" \/>\n<meta property=\"article:modified_time\" content=\"2021-02-08T19:02:04+00:00\" \/>\n<meta property=\"og:image\" content=\"https:\/\/i2.wp.com\/www.curlynights.com\/wp-content\/uploads\/2020\/06\/lot2.png?fit=1024%2C1024&ssl=1\" \/>\n\t<meta property=\"og:image:width\" content=\"1024\" \/>\n\t<meta property=\"og:image:height\" content=\"1024\" \/>\n\t<meta property=\"og:image:type\" content=\"image\/png\" \/>\n<meta name=\"twitter:card\" content=\"summary_large_image\" \/>\n<meta name=\"twitter:label1\" content=\"Dur\u00e9e de lecture estim\u00e9e\" \/>\n\t<meta name=\"twitter:data1\" content=\"1 minute\" \/>\n<script type=\"application\/ld+json\" class=\"yoast-schema-graph\">{\"@context\":\"https:\\\/\\\/schema.org\",\"@graph\":[{\"@type\":\"WebPage\",\"@id\":\"https:\\\/\\\/www.curlynights.com\\\/fr\\\/shop\\\/pack-promo-sport-rouge-ecarlate-bandeau-de-sport-et-cosmetique-eponge-satin-wax-chouchou-satin-xxl\\\/\",\"url\":\"https:\\\/\\\/www.curlynights.com\\\/fr\\\/shop\\\/pack-promo-sport-rouge-ecarlate-bandeau-de-sport-et-cosmetique-eponge-satin-wax-chouchou-satin-xxl\\\/\",\"name\":\"Pack SPORT\\\/COSMETIQUE Rouge Ecarlate : bandeau de sport et cosm\u00e9tique \u00e9ponge\\\/satin\\\/wax + chouchou satin XXL &#8902; Curly Nights\",\"isPartOf\":{\"@id\":\"https:\\\/\\\/www.curlynights.com\\\/fr\\\/#website\"},\"primaryImageOfPage\":{\"@id\":\"https:\\\/\\\/www.curlynights.com\\\/fr\\\/shop\\\/pack-promo-sport-rouge-ecarlate-bandeau-de-sport-et-cosmetique-eponge-satin-wax-chouchou-satin-xxl\\\/#primaryimage\"},\"image\":{\"@id\":\"https:\\\/\\\/www.curlynights.com\\\/fr\\\/shop\\\/pack-promo-sport-rouge-ecarlate-bandeau-de-sport-et-cosmetique-eponge-satin-wax-chouchou-satin-xxl\\\/#primaryimage\"},\"thumbnailUrl\":\"https:\\\/\\\/www.curlynights.com\\\/wp-content\\\/uploads\\\/2020\\\/06\\\/lot2.png\",\"datePublished\":\"2020-06-11T09:18:57+00:00\",\"dateModified\":\"2021-02-08T19:02:04+00:00\",\"description\":\"Le lot indispensable pour les boucl\u00e9es sportives : bandeau flexible en \u00e9ponge \\\/ satin pour prot\u00e9ger les boucles de l'humidit\u00e9 et chouchou color\u00e9 en satin\",\"breadcrumb\":{\"@id\":\"https:\\\/\\\/www.curlynights.com\\\/fr\\\/shop\\\/pack-promo-sport-rouge-ecarlate-bandeau-de-sport-et-cosmetique-eponge-satin-wax-chouchou-satin-xxl\\\/#breadcrumb\"},\"inLanguage\":\"fr-FR\",\"potentialAction\":[{\"@type\":\"ReadAction\",\"target\":[\"https:\\\/\\\/www.curlynights.com\\\/fr\\\/shop\\\/pack-promo-sport-rouge-ecarlate-bandeau-de-sport-et-cosmetique-eponge-satin-wax-chouchou-satin-xxl\\\/\"]}]},{\"@type\":\"ImageObject\",\"inLanguage\":\"fr-FR\",\"@id\":\"https:\\\/\\\/www.curlynights.com\\\/fr\\\/shop\\\/pack-promo-sport-rouge-ecarlate-bandeau-de-sport-et-cosmetique-eponge-satin-wax-chouchou-satin-xxl\\\/#primaryimage\",\"url\":\"https:\\\/\\\/www.curlynights.com\\\/wp-content\\\/uploads\\\/2020\\\/06\\\/lot2.png\",\"contentUrl\":\"https:\\\/\\\/www.curlynights.com\\\/wp-content\\\/uploads\\\/2020\\\/06\\\/lot2.png\",\"width\":1024,\"height\":1024,\"caption\":\"bandeau eponge satin wax chouchou rouge ecarlate\"},{\"@type\":\"BreadcrumbList\",\"@id\":\"https:\\\/\\\/www.curlynights.com\\\/fr\\\/shop\\\/pack-promo-sport-rouge-ecarlate-bandeau-de-sport-et-cosmetique-eponge-satin-wax-chouchou-satin-xxl\\\/#breadcrumb\",\"itemListElement\":[{\"@type\":\"ListItem\",\"position\":1,\"name\":\"Startseite\",\"item\":\"https:\\\/\\\/www.curlynights.com\\\/fr\\\/\"},{\"@type\":\"ListItem\",\"position\":2,\"name\":\"Boutique\",\"item\":\"https:\\\/\\\/www.curlynights.com\\\/fr\\\/boutique\\\/\"},{\"@type\":\"ListItem\",\"position\":3,\"name\":\"Pack SPORT\\\/COSMETIQUE Rouge Ecarlate : bandeau de sport et cosm\u00e9tique \u00e9ponge\\\/satin\\\/wax + chouchou satin XXL\"}]},{\"@type\":\"WebSite\",\"@id\":\"https:\\\/\\\/www.curlynights.com\\\/fr\\\/#website\",\"url\":\"https:\\\/\\\/www.curlynights.com\\\/fr\\\/\",\"name\":\"Curly Nights\",\"description\":\"Bonnets de nuit, de soin et taies d&#039;oreiller en wax et satin\",\"publisher\":{\"@id\":\"https:\\\/\\\/www.curlynights.com\\\/fr\\\/#organization\"},\"potentialAction\":[{\"@type\":\"SearchAction\",\"target\":{\"@type\":\"EntryPoint\",\"urlTemplate\":\"https:\\\/\\\/www.curlynights.com\\\/fr\\\/?s={search_term_string}\"},\"query-input\":{\"@type\":\"PropertyValueSpecification\",\"valueRequired\":true,\"valueName\":\"search_term_string\"}}],\"inLanguage\":\"fr-FR\"},{\"@type\":\"Organization\",\"@id\":\"https:\\\/\\\/www.curlynights.com\\\/fr\\\/#organization\",\"name\":\"Curly Nights\",\"url\":\"https:\\\/\\\/www.curlynights.com\\\/fr\\\/\",\"logo\":{\"@type\":\"ImageObject\",\"inLanguage\":\"fr-FR\",\"@id\":\"https:\\\/\\\/www.curlynights.com\\\/fr\\\/#\\\/schema\\\/logo\\\/image\\\/\",\"url\":\"https:\\\/\\\/www.curlynights.com\\\/wp-content\\\/uploads\\\/2018\\\/08\\\/cropped-LOGO-GLYNNIS.png\",\"contentUrl\":\"https:\\\/\\\/www.curlynights.com\\\/wp-content\\\/uploads\\\/2018\\\/08\\\/cropped-LOGO-GLYNNIS.png\",\"width\":1024,\"height\":276,\"caption\":\"Curly Nights\"},\"image\":{\"@id\":\"https:\\\/\\\/www.curlynights.com\\\/fr\\\/#\\\/schema\\\/logo\\\/image\\\/\"}}]}<\/script>\n<!-- \/ Yoast SEO plugin. -->","yoast_head_json":{"title":"Pack SPORT\/COSMETIQUE Rouge Ecarlate : bandeau de sport et cosm\u00e9tique \u00e9ponge\/satin\/wax + chouchou satin XXL &#8902; Curly Nights","description":"Le lot indispensable pour les boucl\u00e9es sportives : bandeau flexible en \u00e9ponge \/ satin pour prot\u00e9ger les boucles de l'humidit\u00e9 et chouchou color\u00e9 en satin","robots":{"index":"index","follow":"follow","max-snippet":"max-snippet:-1","max-image-preview":"max-image-preview:large","max-video-preview":"max-video-preview:-1"},"canonical":"https:\/\/www.curlynights.com\/fr\/shop\/pack-promo-sport-rouge-ecarlate-bandeau-de-sport-et-cosmetique-eponge-satin-wax-chouchou-satin-xxl\/","og_locale":"fr_FR","og_type":"article","og_title":"Pack SPORT\/COSMETIQUE Rouge Ecarlate : bandeau de sport et cosm\u00e9tique \u00e9ponge\/satin\/wax + chouchou satin XXL &#8902; Curly Nights","og_description":"Le lot indispensable pour les boucl\u00e9es sportives : bandeau flexible en \u00e9ponge \/ satin pour prot\u00e9ger les boucles de l'humidit\u00e9 et chouchou color\u00e9 en satin","og_url":"https:\/\/www.curlynights.com\/fr\/shop\/pack-promo-sport-rouge-ecarlate-bandeau-de-sport-et-cosmetique-eponge-satin-wax-chouchou-satin-xxl\/","og_site_name":"Curly Nights","article_modified_time":"2021-02-08T19:02:04+00:00","og_image":[{"width":1024,"height":1024,"url":"https:\/\/i2.wp.com\/www.curlynights.com\/wp-content\/uploads\/2020\/06\/lot2.png?fit=1024%2C1024&ssl=1","type":"image\/png"}],"twitter_card":"summary_large_image","twitter_misc":{"Dur\u00e9e de lecture estim\u00e9e":"1 minute"},"schema":{"@context":"https:\/\/schema.org","@graph":[{"@type":"WebPage","@id":"https:\/\/www.curlynights.com\/fr\/shop\/pack-promo-sport-rouge-ecarlate-bandeau-de-sport-et-cosmetique-eponge-satin-wax-chouchou-satin-xxl\/","url":"https:\/\/www.curlynights.com\/fr\/shop\/pack-promo-sport-rouge-ecarlate-bandeau-de-sport-et-cosmetique-eponge-satin-wax-chouchou-satin-xxl\/","name":"Pack SPORT\/COSMETIQUE Rouge Ecarlate : bandeau de sport et cosm\u00e9tique \u00e9ponge\/satin\/wax + chouchou satin XXL &#8902; Curly Nights","isPartOf":{"@id":"https:\/\/www.curlynights.com\/fr\/#website"},"primaryImageOfPage":{"@id":"https:\/\/www.curlynights.com\/fr\/shop\/pack-promo-sport-rouge-ecarlate-bandeau-de-sport-et-cosmetique-eponge-satin-wax-chouchou-satin-xxl\/#primaryimage"},"image":{"@id":"https:\/\/www.curlynights.com\/fr\/shop\/pack-promo-sport-rouge-ecarlate-bandeau-de-sport-et-cosmetique-eponge-satin-wax-chouchou-satin-xxl\/#primaryimage"},"thumbnailUrl":"https:\/\/www.curlynights.com\/wp-content\/uploads\/2020\/06\/lot2.png","datePublished":"2020-06-11T09:18:57+00:00","dateModified":"2021-02-08T19:02:04+00:00","description":"Le lot indispensable pour les boucl\u00e9es sportives : bandeau flexible en \u00e9ponge \/ satin pour prot\u00e9ger les boucles de l'humidit\u00e9 et chouchou color\u00e9 en satin","breadcrumb":{"@id":"https:\/\/www.curlynights.com\/fr\/shop\/pack-promo-sport-rouge-ecarlate-bandeau-de-sport-et-cosmetique-eponge-satin-wax-chouchou-satin-xxl\/#breadcrumb"},"inLanguage":"fr-FR","potentialAction":[{"@type":"ReadAction","target":["https:\/\/www.curlynights.com\/fr\/shop\/pack-promo-sport-rouge-ecarlate-bandeau-de-sport-et-cosmetique-eponge-satin-wax-chouchou-satin-xxl\/"]}]},{"@type":"ImageObject","inLanguage":"fr-FR","@id":"https:\/\/www.curlynights.com\/fr\/shop\/pack-promo-sport-rouge-ecarlate-bandeau-de-sport-et-cosmetique-eponge-satin-wax-chouchou-satin-xxl\/#primaryimage","url":"https:\/\/www.curlynights.com\/wp-content\/uploads\/2020\/06\/lot2.png","contentUrl":"https:\/\/www.curlynights.com\/wp-content\/uploads\/2020\/06\/lot2.png","width":1024,"height":1024,"caption":"bandeau eponge satin wax chouchou rouge ecarlate"},{"@type":"BreadcrumbList","@id":"https:\/\/www.curlynights.com\/fr\/shop\/pack-promo-sport-rouge-ecarlate-bandeau-de-sport-et-cosmetique-eponge-satin-wax-chouchou-satin-xxl\/#breadcrumb","itemListElement":[{"@type":"ListItem","position":1,"name":"Startseite","item":"https:\/\/www.curlynights.com\/fr\/"},{"@type":"ListItem","position":2,"name":"Boutique","item":"https:\/\/www.curlynights.com\/fr\/boutique\/"},{"@type":"ListItem","position":3,"name":"Pack SPORT\/COSMETIQUE Rouge Ecarlate : bandeau de sport et cosm\u00e9tique \u00e9ponge\/satin\/wax + chouchou satin XXL"}]},{"@type":"WebSite","@id":"https:\/\/www.curlynights.com\/fr\/#website","url":"https:\/\/www.curlynights.com\/fr\/","name":"Curly Nights","description":"Bonnets de nuit, de soin et taies d&#039;oreiller en wax et satin","publisher":{"@id":"https:\/\/www.curlynights.com\/fr\/#organization"},"potentialAction":[{"@type":"SearchAction","target":{"@type":"EntryPoint","urlTemplate":"https:\/\/www.curlynights.com\/fr\/?s={search_term_string}"},"query-input":{"@type":"PropertyValueSpecification","valueRequired":true,"valueName":"search_term_string"}}],"inLanguage":"fr-FR"},{"@type":"Organization","@id":"https:\/\/www.curlynights.com\/fr\/#organization","name":"Curly Nights","url":"https:\/\/www.curlynights.com\/fr\/","logo":{"@type":"ImageObject","inLanguage":"fr-FR","@id":"https:\/\/www.curlynights.com\/fr\/#\/schema\/logo\/image\/","url":"https:\/\/www.curlynights.com\/wp-content\/uploads\/2018\/08\/cropped-LOGO-GLYNNIS.png","contentUrl":"https:\/\/www.curlynights.com\/wp-content\/uploads\/2018\/08\/cropped-LOGO-GLYNNIS.png","width":1024,"height":276,"caption":"Curly Nights"},"image":{"@id":"https:\/\/www.curlynights.com\/fr\/#\/schema\/logo\/image\/"}}]}},"_links":{"self":[{"href":"https:\/\/www.curlynights.com\/fr\/wp-json\/wp\/v2\/product\/5437","targetHints":{"allow":["GET"]}}],"collection":[{"href":"https:\/\/www.curlynights.com\/fr\/wp-json\/wp\/v2\/product"}],"about":[{"href":"https:\/\/www.curlynights.com\/fr\/wp-json\/wp\/v2\/types\/product"}],"wp:featuredmedia":[{"embeddable":true,"href":"https:\/\/www.curlynights.com\/fr\/wp-json\/wp\/v2\/media\/5427"}],"wp:attachment":[{"href":"https:\/\/www.curlynights.com\/fr\/wp-json\/wp\/v2\/media?parent=5437"}],"wp:term":[{"taxonomy":"product_brand","embeddable":true,"href":"https:\/\/www.curlynights.com\/fr\/wp-json\/wp\/v2\/product_brand?post=5437"},{"taxonomy":"product_cat","embeddable":true,"href":"https:\/\/www.curlynights.com\/fr\/wp-json\/wp\/v2\/product_cat?post=5437"},{"taxonomy":"product_tag","embeddable":true,"href":"https:\/\/www.curlynights.com\/fr\/wp-json\/wp\/v2\/product_tag?post=5437"}],"curies":[{"name":"wp","href":"https:\/\/api.w.org\/{rel}","templated":true}]}}