{"id":5343,"date":"2020-06-10T15:43:01","date_gmt":"2020-06-10T13:43:02","guid":{"rendered":"https:\/\/www.curlynights.com\/?post_type=product&#038;p=5343"},"modified":"2023-08-30T16:04:37","modified_gmt":"2023-08-30T14:04:37","slug":"bandeau-de-sport-et-cosmetique-eponge-satin-wax-rose-fushia","status":"publish","type":"product","link":"https:\/\/www.curlynights.com\/fr\/shop\/bandeau-de-sport-et-cosmetique-eponge-satin-wax-rose-fushia\/","title":{"rendered":"Bandeau de sport et cosm\u00e9tique \u00e9ponge\/satin\/wax Rose Fushia"},"content":{"rendered":"<p>Pendant vos <strong>soins du visage<\/strong> ou le <strong>d\u00e9maquillage quotidien<\/strong>, placez le <strong>c\u00f4t\u00e9 en satin<\/strong> \u00e0 la lisi\u00e8re de vos cheveux pour les prot\u00e9ger de l&rsquo;humidit\u00e9 et d&rsquo;\u00e9ventuelles projections d&rsquo;eau.<\/p>\n<p>Pendant <strong>le sport<\/strong>, c&rsquo;est le <strong>c\u00f4t\u00e9 en \u00e9ponge<\/strong> qui viendra absorber la transpiration au contact de votre front.<\/p>\n<p>Bonus : pour celles qui plaquent leurs \u00ab\u00a0baby hair\u00a0\u00bb au gel, ce bandeau permet de fixer vos cr\u00e9ations jusqu&rsquo;au s\u00e9chage complet.<\/p>\n<p>Le bandeau de <strong>85 cm<\/strong> est parfaitement <strong>r\u00e9glable<\/strong> gr\u00e2ce \u00e0 un fil d&rsquo;aluminium anodis\u00e9 ultra flexible. Apr\u00e8s utilisation, saisissez une extr\u00e9mit\u00e9 du fil dans chaque main et tirez d&rsquo;un coup sec pour retrouver un bandeau droit, pr\u00eat \u00e0 \u00eatre utilis\u00e9 \u00e0 nouveau !<\/p>\n","protected":false},"excerpt":{"rendered":"<p>Prot\u00e9gez facilement vos belles boucles ou votre afro de l&rsquo;eau et de la transpiration pendant le sport ou vos soins cosm\u00e9tiques !<\/p>\n<ul>\n<li>un c\u00f4t\u00e9 en satin<\/li>\n<li>un c\u00f4t\u00e9 en tissu \u00e9ponge ultra-doux avec un d\u00e9tail en wax<\/li>\n<li>flexible gr\u00e2ce \u00e0 un fil d&rsquo;aluminium anodis\u00e9 (ne rouille pas)<\/li>\n<li>lavable en machine \u00e0 30\u00b0<\/li>\n<\/ul>\n","protected":false},"featured_media":10268,"template":"","meta":[],"product_brand":[],"product_cat":[101,126],"product_tag":[],"class_list":{"0":"post-5343","1":"product","2":"type-product","3":"status-publish","4":"has-post-thumbnail","6":"product_cat-bandeaux-sport-cosmetique","7":"product_cat-pour-le-jour","9":"first","10":"outofstock","11":"purchasable","12":"product-type-simple"},"yoast_head":"<!-- This site is optimized with the Yoast SEO plugin v27.3 - https:\/\/yoast.com\/product\/yoast-seo-wordpress\/ -->\n<title>Bandeau de sport et cosm\u00e9tique \u00e9ponge\/satin\/wax Rose Fushia &#8902; Curly Nights<\/title>\n<meta name=\"description\" content=\"Bandeau flexible en \u00e9ponge et satin pour prot\u00e9ger les boucles de l&#039;humidit\u00e9 pendant le sport, les soins visage, le d\u00e9maquillage...\" \/>\n<meta name=\"robots\" content=\"index, follow, max-snippet:-1, max-image-preview:large, max-video-preview:-1\" \/>\n<link rel=\"canonical\" href=\"https:\/\/www.curlynights.com\/fr\/shop\/bandeau-de-sport-et-cosmetique-eponge-satin-wax-rose-fushia\/\" \/>\n<meta property=\"og:locale\" content=\"fr_FR\" \/>\n<meta property=\"og:type\" content=\"article\" \/>\n<meta property=\"og:title\" content=\"Bandeau de sport et cosm\u00e9tique \u00e9ponge\/satin\/wax Rose Fushia &#8902; Curly Nights\" \/>\n<meta property=\"og:description\" content=\"Bandeau flexible en \u00e9ponge et satin pour prot\u00e9ger les boucles de l&#039;humidit\u00e9 pendant le sport, les soins visage, le d\u00e9maquillage...\" \/>\n<meta property=\"og:url\" content=\"https:\/\/www.curlynights.com\/fr\/shop\/bandeau-de-sport-et-cosmetique-eponge-satin-wax-rose-fushia\/\" \/>\n<meta property=\"og:site_name\" content=\"Curly Nights\" \/>\n<meta property=\"article:modified_time\" content=\"2023-08-30T14:04:37+00:00\" \/>\n<meta property=\"og:image\" content=\"https:\/\/www.curlynights.com\/wp-content\/uploads\/2020\/05\/Rose-3.jpg\" \/>\n\t<meta property=\"og:image:width\" content=\"1024\" \/>\n\t<meta property=\"og:image:height\" content=\"1024\" \/>\n\t<meta property=\"og:image:type\" content=\"image\/jpeg\" \/>\n<meta name=\"twitter:card\" content=\"summary_large_image\" \/>\n<meta name=\"twitter:label1\" content=\"Dur\u00e9e de lecture estim\u00e9e\" \/>\n\t<meta name=\"twitter:data1\" content=\"1 minute\" \/>\n<script type=\"application\/ld+json\" class=\"yoast-schema-graph\">{\"@context\":\"https:\\\/\\\/schema.org\",\"@graph\":[{\"@type\":\"WebPage\",\"@id\":\"https:\\\/\\\/www.curlynights.com\\\/fr\\\/shop\\\/bandeau-de-sport-et-cosmetique-eponge-satin-wax-rose-fushia\\\/\",\"url\":\"https:\\\/\\\/www.curlynights.com\\\/fr\\\/shop\\\/bandeau-de-sport-et-cosmetique-eponge-satin-wax-rose-fushia\\\/\",\"name\":\"Bandeau de sport et cosm\u00e9tique \u00e9ponge\\\/satin\\\/wax Rose Fushia &#8902; Curly Nights\",\"isPartOf\":{\"@id\":\"https:\\\/\\\/www.curlynights.com\\\/fr\\\/#website\"},\"primaryImageOfPage\":{\"@id\":\"https:\\\/\\\/www.curlynights.com\\\/fr\\\/shop\\\/bandeau-de-sport-et-cosmetique-eponge-satin-wax-rose-fushia\\\/#primaryimage\"},\"image\":{\"@id\":\"https:\\\/\\\/www.curlynights.com\\\/fr\\\/shop\\\/bandeau-de-sport-et-cosmetique-eponge-satin-wax-rose-fushia\\\/#primaryimage\"},\"thumbnailUrl\":\"https:\\\/\\\/www.curlynights.com\\\/wp-content\\\/uploads\\\/2020\\\/05\\\/Rose-3.jpg\",\"datePublished\":\"2020-06-10T13:43:02+00:00\",\"dateModified\":\"2023-08-30T14:04:37+00:00\",\"description\":\"Bandeau flexible en \u00e9ponge et satin pour prot\u00e9ger les boucles de l'humidit\u00e9 pendant le sport, les soins visage, le d\u00e9maquillage...\",\"breadcrumb\":{\"@id\":\"https:\\\/\\\/www.curlynights.com\\\/fr\\\/shop\\\/bandeau-de-sport-et-cosmetique-eponge-satin-wax-rose-fushia\\\/#breadcrumb\"},\"inLanguage\":\"fr-FR\",\"potentialAction\":[{\"@type\":\"ReadAction\",\"target\":[\"https:\\\/\\\/www.curlynights.com\\\/fr\\\/shop\\\/bandeau-de-sport-et-cosmetique-eponge-satin-wax-rose-fushia\\\/\"]}]},{\"@type\":\"ImageObject\",\"inLanguage\":\"fr-FR\",\"@id\":\"https:\\\/\\\/www.curlynights.com\\\/fr\\\/shop\\\/bandeau-de-sport-et-cosmetique-eponge-satin-wax-rose-fushia\\\/#primaryimage\",\"url\":\"https:\\\/\\\/www.curlynights.com\\\/wp-content\\\/uploads\\\/2020\\\/05\\\/Rose-3.jpg\",\"contentUrl\":\"https:\\\/\\\/www.curlynights.com\\\/wp-content\\\/uploads\\\/2020\\\/05\\\/Rose-3.jpg\",\"width\":1024,\"height\":1024,\"caption\":\"bandeau de sport et cosm\u00e9tique en satin et \u00e9ponge curly nights rose fuschia\"},{\"@type\":\"BreadcrumbList\",\"@id\":\"https:\\\/\\\/www.curlynights.com\\\/fr\\\/shop\\\/bandeau-de-sport-et-cosmetique-eponge-satin-wax-rose-fushia\\\/#breadcrumb\",\"itemListElement\":[{\"@type\":\"ListItem\",\"position\":1,\"name\":\"Startseite\",\"item\":\"https:\\\/\\\/www.curlynights.com\\\/fr\\\/\"},{\"@type\":\"ListItem\",\"position\":2,\"name\":\"Boutique\",\"item\":\"https:\\\/\\\/www.curlynights.com\\\/fr\\\/boutique\\\/\"},{\"@type\":\"ListItem\",\"position\":3,\"name\":\"Bandeau de sport et cosm\u00e9tique \u00e9ponge\\\/satin\\\/wax Rose Fushia\"}]},{\"@type\":\"WebSite\",\"@id\":\"https:\\\/\\\/www.curlynights.com\\\/fr\\\/#website\",\"url\":\"https:\\\/\\\/www.curlynights.com\\\/fr\\\/\",\"name\":\"Curly Nights\",\"description\":\"Bonnets de nuit, de soin et taies d&#039;oreiller en wax et satin\",\"publisher\":{\"@id\":\"https:\\\/\\\/www.curlynights.com\\\/fr\\\/#organization\"},\"potentialAction\":[{\"@type\":\"SearchAction\",\"target\":{\"@type\":\"EntryPoint\",\"urlTemplate\":\"https:\\\/\\\/www.curlynights.com\\\/fr\\\/?s={search_term_string}\"},\"query-input\":{\"@type\":\"PropertyValueSpecification\",\"valueRequired\":true,\"valueName\":\"search_term_string\"}}],\"inLanguage\":\"fr-FR\"},{\"@type\":\"Organization\",\"@id\":\"https:\\\/\\\/www.curlynights.com\\\/fr\\\/#organization\",\"name\":\"Curly Nights\",\"url\":\"https:\\\/\\\/www.curlynights.com\\\/fr\\\/\",\"logo\":{\"@type\":\"ImageObject\",\"inLanguage\":\"fr-FR\",\"@id\":\"https:\\\/\\\/www.curlynights.com\\\/fr\\\/#\\\/schema\\\/logo\\\/image\\\/\",\"url\":\"https:\\\/\\\/www.curlynights.com\\\/wp-content\\\/uploads\\\/2018\\\/08\\\/cropped-LOGO-GLYNNIS.png\",\"contentUrl\":\"https:\\\/\\\/www.curlynights.com\\\/wp-content\\\/uploads\\\/2018\\\/08\\\/cropped-LOGO-GLYNNIS.png\",\"width\":1024,\"height\":276,\"caption\":\"Curly Nights\"},\"image\":{\"@id\":\"https:\\\/\\\/www.curlynights.com\\\/fr\\\/#\\\/schema\\\/logo\\\/image\\\/\"}}]}<\/script>\n<!-- \/ Yoast SEO plugin. -->","yoast_head_json":{"title":"Bandeau de sport et cosm\u00e9tique \u00e9ponge\/satin\/wax Rose Fushia &#8902; Curly Nights","description":"Bandeau flexible en \u00e9ponge et satin pour prot\u00e9ger les boucles de l'humidit\u00e9 pendant le sport, les soins visage, le d\u00e9maquillage...","robots":{"index":"index","follow":"follow","max-snippet":"max-snippet:-1","max-image-preview":"max-image-preview:large","max-video-preview":"max-video-preview:-1"},"canonical":"https:\/\/www.curlynights.com\/fr\/shop\/bandeau-de-sport-et-cosmetique-eponge-satin-wax-rose-fushia\/","og_locale":"fr_FR","og_type":"article","og_title":"Bandeau de sport et cosm\u00e9tique \u00e9ponge\/satin\/wax Rose Fushia &#8902; Curly Nights","og_description":"Bandeau flexible en \u00e9ponge et satin pour prot\u00e9ger les boucles de l'humidit\u00e9 pendant le sport, les soins visage, le d\u00e9maquillage...","og_url":"https:\/\/www.curlynights.com\/fr\/shop\/bandeau-de-sport-et-cosmetique-eponge-satin-wax-rose-fushia\/","og_site_name":"Curly Nights","article_modified_time":"2023-08-30T14:04:37+00:00","og_image":[{"width":1024,"height":1024,"url":"https:\/\/www.curlynights.com\/wp-content\/uploads\/2020\/05\/Rose-3.jpg","type":"image\/jpeg"}],"twitter_card":"summary_large_image","twitter_misc":{"Dur\u00e9e de lecture estim\u00e9e":"1 minute"},"schema":{"@context":"https:\/\/schema.org","@graph":[{"@type":"WebPage","@id":"https:\/\/www.curlynights.com\/fr\/shop\/bandeau-de-sport-et-cosmetique-eponge-satin-wax-rose-fushia\/","url":"https:\/\/www.curlynights.com\/fr\/shop\/bandeau-de-sport-et-cosmetique-eponge-satin-wax-rose-fushia\/","name":"Bandeau de sport et cosm\u00e9tique \u00e9ponge\/satin\/wax Rose Fushia &#8902; Curly Nights","isPartOf":{"@id":"https:\/\/www.curlynights.com\/fr\/#website"},"primaryImageOfPage":{"@id":"https:\/\/www.curlynights.com\/fr\/shop\/bandeau-de-sport-et-cosmetique-eponge-satin-wax-rose-fushia\/#primaryimage"},"image":{"@id":"https:\/\/www.curlynights.com\/fr\/shop\/bandeau-de-sport-et-cosmetique-eponge-satin-wax-rose-fushia\/#primaryimage"},"thumbnailUrl":"https:\/\/www.curlynights.com\/wp-content\/uploads\/2020\/05\/Rose-3.jpg","datePublished":"2020-06-10T13:43:02+00:00","dateModified":"2023-08-30T14:04:37+00:00","description":"Bandeau flexible en \u00e9ponge et satin pour prot\u00e9ger les boucles de l'humidit\u00e9 pendant le sport, les soins visage, le d\u00e9maquillage...","breadcrumb":{"@id":"https:\/\/www.curlynights.com\/fr\/shop\/bandeau-de-sport-et-cosmetique-eponge-satin-wax-rose-fushia\/#breadcrumb"},"inLanguage":"fr-FR","potentialAction":[{"@type":"ReadAction","target":["https:\/\/www.curlynights.com\/fr\/shop\/bandeau-de-sport-et-cosmetique-eponge-satin-wax-rose-fushia\/"]}]},{"@type":"ImageObject","inLanguage":"fr-FR","@id":"https:\/\/www.curlynights.com\/fr\/shop\/bandeau-de-sport-et-cosmetique-eponge-satin-wax-rose-fushia\/#primaryimage","url":"https:\/\/www.curlynights.com\/wp-content\/uploads\/2020\/05\/Rose-3.jpg","contentUrl":"https:\/\/www.curlynights.com\/wp-content\/uploads\/2020\/05\/Rose-3.jpg","width":1024,"height":1024,"caption":"bandeau de sport et cosm\u00e9tique en satin et \u00e9ponge curly nights rose fuschia"},{"@type":"BreadcrumbList","@id":"https:\/\/www.curlynights.com\/fr\/shop\/bandeau-de-sport-et-cosmetique-eponge-satin-wax-rose-fushia\/#breadcrumb","itemListElement":[{"@type":"ListItem","position":1,"name":"Startseite","item":"https:\/\/www.curlynights.com\/fr\/"},{"@type":"ListItem","position":2,"name":"Boutique","item":"https:\/\/www.curlynights.com\/fr\/boutique\/"},{"@type":"ListItem","position":3,"name":"Bandeau de sport et cosm\u00e9tique \u00e9ponge\/satin\/wax Rose Fushia"}]},{"@type":"WebSite","@id":"https:\/\/www.curlynights.com\/fr\/#website","url":"https:\/\/www.curlynights.com\/fr\/","name":"Curly Nights","description":"Bonnets de nuit, de soin et taies d&#039;oreiller en wax et satin","publisher":{"@id":"https:\/\/www.curlynights.com\/fr\/#organization"},"potentialAction":[{"@type":"SearchAction","target":{"@type":"EntryPoint","urlTemplate":"https:\/\/www.curlynights.com\/fr\/?s={search_term_string}"},"query-input":{"@type":"PropertyValueSpecification","valueRequired":true,"valueName":"search_term_string"}}],"inLanguage":"fr-FR"},{"@type":"Organization","@id":"https:\/\/www.curlynights.com\/fr\/#organization","name":"Curly Nights","url":"https:\/\/www.curlynights.com\/fr\/","logo":{"@type":"ImageObject","inLanguage":"fr-FR","@id":"https:\/\/www.curlynights.com\/fr\/#\/schema\/logo\/image\/","url":"https:\/\/www.curlynights.com\/wp-content\/uploads\/2018\/08\/cropped-LOGO-GLYNNIS.png","contentUrl":"https:\/\/www.curlynights.com\/wp-content\/uploads\/2018\/08\/cropped-LOGO-GLYNNIS.png","width":1024,"height":276,"caption":"Curly Nights"},"image":{"@id":"https:\/\/www.curlynights.com\/fr\/#\/schema\/logo\/image\/"}}]}},"_links":{"self":[{"href":"https:\/\/www.curlynights.com\/fr\/wp-json\/wp\/v2\/product\/5343","targetHints":{"allow":["GET"]}}],"collection":[{"href":"https:\/\/www.curlynights.com\/fr\/wp-json\/wp\/v2\/product"}],"about":[{"href":"https:\/\/www.curlynights.com\/fr\/wp-json\/wp\/v2\/types\/product"}],"wp:featuredmedia":[{"embeddable":true,"href":"https:\/\/www.curlynights.com\/fr\/wp-json\/wp\/v2\/media\/10268"}],"wp:attachment":[{"href":"https:\/\/www.curlynights.com\/fr\/wp-json\/wp\/v2\/media?parent=5343"}],"wp:term":[{"taxonomy":"product_brand","embeddable":true,"href":"https:\/\/www.curlynights.com\/fr\/wp-json\/wp\/v2\/product_brand?post=5343"},{"taxonomy":"product_cat","embeddable":true,"href":"https:\/\/www.curlynights.com\/fr\/wp-json\/wp\/v2\/product_cat?post=5343"},{"taxonomy":"product_tag","embeddable":true,"href":"https:\/\/www.curlynights.com\/fr\/wp-json\/wp\/v2\/product_tag?post=5343"}],"curies":[{"name":"wp","href":"https:\/\/api.w.org\/{rel}","templated":true}]}}