{"id":4795,"date":"2020-04-19T10:31:34","date_gmt":"2020-04-19T10:31:36","guid":{"rendered":"https:\/\/www.curlynights.com\/?post_type=product&#038;p=4795"},"modified":"2024-06-29T17:58:48","modified_gmt":"2024-06-29T15:58:48","slug":"chouchou-satin-rouge-rubis","status":"publish","type":"product","link":"https:\/\/www.curlynights.com\/fr\/shop\/chouchou-satin-rouge-rubis\/","title":{"rendered":"Chouchou satin rouge rubis XXL"},"content":{"rendered":"<p>Fini les cheveux emm\u00eal\u00e9s et les boucles fatigu\u00e9es au r\u00e9veil !<\/p>\n<p>Faites un chignon haut, un ananas, avec un \u00e9lastique ni trop l\u00e2che, ni trop serr\u00e9. Enfin un mod\u00e8le qui convient !<\/p>\n","protected":false},"excerpt":{"rendered":"<p>Rassemblez vos cheveux en un chignon haut (ananas) pour maintenir vos belles boucles en place toute la nuit ! Enfilez votre bonnet doubl\u00e9 satin Curly Nights &#8211; et vous voil\u00e0 fin pr\u00eate pour une belle nuit de sommeil. Faites de beaux r\u00eaves !<\/p>\n<p>Avec son satin brillant si styl\u00e9, vous le porterez m\u00eame en journ\u00e9e, pour donner une petite touche d&rsquo;originalit\u00e9 \u00e0 toutes vos coiffures.<\/p>\n<p>Fait main en France dans notre atelier lyonnais<\/p>\n","protected":false},"featured_media":4797,"template":"","meta":[],"product_brand":[],"product_cat":[100],"product_tag":[],"class_list":{"0":"post-4795","1":"product","2":"type-product","3":"status-publish","4":"has-post-thumbnail","6":"product_cat-chouchou-satin-scrunchie","8":"first","9":"instock","10":"purchasable","11":"product-type-simple"},"yoast_head":"<!-- This site is optimized with the Yoast SEO plugin v27.4 - https:\/\/yoast.com\/product\/yoast-seo-wordpress\/ -->\n<title>Chouchou satin rouge rubis XXL &#8902; Curly Nights<\/title>\n<meta name=\"description\" content=\"Maintenez vos boucles en hauteur \u00e0 l&#039;aide du chouchou en satin XXL Curly Nights. Votre coiffure sera parfaite le lendemain matin !\" \/>\n<meta name=\"robots\" content=\"index, follow, max-snippet:-1, max-image-preview:large, max-video-preview:-1\" \/>\n<link rel=\"canonical\" href=\"https:\/\/www.curlynights.com\/fr\/shop\/chouchou-satin-rouge-rubis\/\" \/>\n<meta property=\"og:locale\" content=\"fr_FR\" \/>\n<meta property=\"og:type\" content=\"article\" \/>\n<meta property=\"og:title\" content=\"Chouchou satin rouge rubis XXL &#8902; Curly Nights\" \/>\n<meta property=\"og:description\" content=\"Maintenez vos boucles en hauteur \u00e0 l&#039;aide du chouchou en satin XXL Curly Nights. Votre coiffure sera parfaite le lendemain matin !\" \/>\n<meta property=\"og:url\" content=\"https:\/\/www.curlynights.com\/fr\/shop\/chouchou-satin-rouge-rubis\/\" \/>\n<meta property=\"og:site_name\" content=\"Curly Nights\" \/>\n<meta property=\"article:modified_time\" content=\"2024-06-29T15:58:48+00:00\" \/>\n<meta property=\"og:image\" content=\"https:\/\/www.curlynights.com\/wp-content\/uploads\/2020\/04\/LRM_20200419_122808.jpg\" \/>\n\t<meta property=\"og:image:width\" content=\"1023\" \/>\n\t<meta property=\"og:image:height\" content=\"1024\" \/>\n\t<meta property=\"og:image:type\" content=\"image\/jpeg\" \/>\n<meta name=\"twitter:card\" content=\"summary_large_image\" \/>\n<script type=\"application\/ld+json\" class=\"yoast-schema-graph\">{\"@context\":\"https:\\\/\\\/schema.org\",\"@graph\":[{\"@type\":\"WebPage\",\"@id\":\"https:\\\/\\\/www.curlynights.com\\\/fr\\\/shop\\\/chouchou-satin-rouge-rubis\\\/\",\"url\":\"https:\\\/\\\/www.curlynights.com\\\/fr\\\/shop\\\/chouchou-satin-rouge-rubis\\\/\",\"name\":\"Chouchou satin rouge rubis XXL &#8902; Curly Nights\",\"isPartOf\":{\"@id\":\"https:\\\/\\\/www.curlynights.com\\\/fr\\\/#website\"},\"primaryImageOfPage\":{\"@id\":\"https:\\\/\\\/www.curlynights.com\\\/fr\\\/shop\\\/chouchou-satin-rouge-rubis\\\/#primaryimage\"},\"image\":{\"@id\":\"https:\\\/\\\/www.curlynights.com\\\/fr\\\/shop\\\/chouchou-satin-rouge-rubis\\\/#primaryimage\"},\"thumbnailUrl\":\"https:\\\/\\\/www.curlynights.com\\\/wp-content\\\/uploads\\\/2020\\\/04\\\/LRM_20200419_122808.jpg\",\"datePublished\":\"2020-04-19T10:31:36+00:00\",\"dateModified\":\"2024-06-29T15:58:48+00:00\",\"description\":\"Maintenez vos boucles en hauteur \u00e0 l'aide du chouchou en satin XXL Curly Nights. Votre coiffure sera parfaite le lendemain matin !\",\"breadcrumb\":{\"@id\":\"https:\\\/\\\/www.curlynights.com\\\/fr\\\/shop\\\/chouchou-satin-rouge-rubis\\\/#breadcrumb\"},\"inLanguage\":\"fr-FR\",\"potentialAction\":[{\"@type\":\"ReadAction\",\"target\":[\"https:\\\/\\\/www.curlynights.com\\\/fr\\\/shop\\\/chouchou-satin-rouge-rubis\\\/\"]}]},{\"@type\":\"ImageObject\",\"inLanguage\":\"fr-FR\",\"@id\":\"https:\\\/\\\/www.curlynights.com\\\/fr\\\/shop\\\/chouchou-satin-rouge-rubis\\\/#primaryimage\",\"url\":\"https:\\\/\\\/www.curlynights.com\\\/wp-content\\\/uploads\\\/2020\\\/04\\\/LRM_20200419_122808.jpg\",\"contentUrl\":\"https:\\\/\\\/www.curlynights.com\\\/wp-content\\\/uploads\\\/2020\\\/04\\\/LRM_20200419_122808.jpg\",\"width\":1023,\"height\":1024,\"caption\":\"chouchou en satin rouge rubis xxl curly nights\"},{\"@type\":\"BreadcrumbList\",\"@id\":\"https:\\\/\\\/www.curlynights.com\\\/fr\\\/shop\\\/chouchou-satin-rouge-rubis\\\/#breadcrumb\",\"itemListElement\":[{\"@type\":\"ListItem\",\"position\":1,\"name\":\"Startseite\",\"item\":\"https:\\\/\\\/www.curlynights.com\\\/fr\\\/\"},{\"@type\":\"ListItem\",\"position\":2,\"name\":\"Boutique\",\"item\":\"https:\\\/\\\/www.curlynights.com\\\/fr\\\/boutique\\\/\"},{\"@type\":\"ListItem\",\"position\":3,\"name\":\"Chouchou satin rouge rubis XXL\"}]},{\"@type\":\"WebSite\",\"@id\":\"https:\\\/\\\/www.curlynights.com\\\/fr\\\/#website\",\"url\":\"https:\\\/\\\/www.curlynights.com\\\/fr\\\/\",\"name\":\"Curly Nights\",\"description\":\"Bonnets de nuit, de soin et taies d&#039;oreiller en wax et satin\",\"publisher\":{\"@id\":\"https:\\\/\\\/www.curlynights.com\\\/fr\\\/#organization\"},\"potentialAction\":[{\"@type\":\"SearchAction\",\"target\":{\"@type\":\"EntryPoint\",\"urlTemplate\":\"https:\\\/\\\/www.curlynights.com\\\/fr\\\/?s={search_term_string}\"},\"query-input\":{\"@type\":\"PropertyValueSpecification\",\"valueRequired\":true,\"valueName\":\"search_term_string\"}}],\"inLanguage\":\"fr-FR\"},{\"@type\":\"Organization\",\"@id\":\"https:\\\/\\\/www.curlynights.com\\\/fr\\\/#organization\",\"name\":\"Curly Nights\",\"url\":\"https:\\\/\\\/www.curlynights.com\\\/fr\\\/\",\"logo\":{\"@type\":\"ImageObject\",\"inLanguage\":\"fr-FR\",\"@id\":\"https:\\\/\\\/www.curlynights.com\\\/fr\\\/#\\\/schema\\\/logo\\\/image\\\/\",\"url\":\"https:\\\/\\\/www.curlynights.com\\\/wp-content\\\/uploads\\\/2018\\\/08\\\/cropped-LOGO-GLYNNIS.png\",\"contentUrl\":\"https:\\\/\\\/www.curlynights.com\\\/wp-content\\\/uploads\\\/2018\\\/08\\\/cropped-LOGO-GLYNNIS.png\",\"width\":1024,\"height\":276,\"caption\":\"Curly Nights\"},\"image\":{\"@id\":\"https:\\\/\\\/www.curlynights.com\\\/fr\\\/#\\\/schema\\\/logo\\\/image\\\/\"}}]}<\/script>\n<!-- \/ Yoast SEO plugin. -->","yoast_head_json":{"title":"Chouchou satin rouge rubis XXL &#8902; Curly Nights","description":"Maintenez vos boucles en hauteur \u00e0 l'aide du chouchou en satin XXL Curly Nights. Votre coiffure sera parfaite le lendemain matin !","robots":{"index":"index","follow":"follow","max-snippet":"max-snippet:-1","max-image-preview":"max-image-preview:large","max-video-preview":"max-video-preview:-1"},"canonical":"https:\/\/www.curlynights.com\/fr\/shop\/chouchou-satin-rouge-rubis\/","og_locale":"fr_FR","og_type":"article","og_title":"Chouchou satin rouge rubis XXL &#8902; Curly Nights","og_description":"Maintenez vos boucles en hauteur \u00e0 l'aide du chouchou en satin XXL Curly Nights. Votre coiffure sera parfaite le lendemain matin !","og_url":"https:\/\/www.curlynights.com\/fr\/shop\/chouchou-satin-rouge-rubis\/","og_site_name":"Curly Nights","article_modified_time":"2024-06-29T15:58:48+00:00","og_image":[{"width":1023,"height":1024,"url":"https:\/\/www.curlynights.com\/wp-content\/uploads\/2020\/04\/LRM_20200419_122808.jpg","type":"image\/jpeg"}],"twitter_card":"summary_large_image","schema":{"@context":"https:\/\/schema.org","@graph":[{"@type":"WebPage","@id":"https:\/\/www.curlynights.com\/fr\/shop\/chouchou-satin-rouge-rubis\/","url":"https:\/\/www.curlynights.com\/fr\/shop\/chouchou-satin-rouge-rubis\/","name":"Chouchou satin rouge rubis XXL &#8902; Curly Nights","isPartOf":{"@id":"https:\/\/www.curlynights.com\/fr\/#website"},"primaryImageOfPage":{"@id":"https:\/\/www.curlynights.com\/fr\/shop\/chouchou-satin-rouge-rubis\/#primaryimage"},"image":{"@id":"https:\/\/www.curlynights.com\/fr\/shop\/chouchou-satin-rouge-rubis\/#primaryimage"},"thumbnailUrl":"https:\/\/www.curlynights.com\/wp-content\/uploads\/2020\/04\/LRM_20200419_122808.jpg","datePublished":"2020-04-19T10:31:36+00:00","dateModified":"2024-06-29T15:58:48+00:00","description":"Maintenez vos boucles en hauteur \u00e0 l'aide du chouchou en satin XXL Curly Nights. Votre coiffure sera parfaite le lendemain matin !","breadcrumb":{"@id":"https:\/\/www.curlynights.com\/fr\/shop\/chouchou-satin-rouge-rubis\/#breadcrumb"},"inLanguage":"fr-FR","potentialAction":[{"@type":"ReadAction","target":["https:\/\/www.curlynights.com\/fr\/shop\/chouchou-satin-rouge-rubis\/"]}]},{"@type":"ImageObject","inLanguage":"fr-FR","@id":"https:\/\/www.curlynights.com\/fr\/shop\/chouchou-satin-rouge-rubis\/#primaryimage","url":"https:\/\/www.curlynights.com\/wp-content\/uploads\/2020\/04\/LRM_20200419_122808.jpg","contentUrl":"https:\/\/www.curlynights.com\/wp-content\/uploads\/2020\/04\/LRM_20200419_122808.jpg","width":1023,"height":1024,"caption":"chouchou en satin rouge rubis xxl curly nights"},{"@type":"BreadcrumbList","@id":"https:\/\/www.curlynights.com\/fr\/shop\/chouchou-satin-rouge-rubis\/#breadcrumb","itemListElement":[{"@type":"ListItem","position":1,"name":"Startseite","item":"https:\/\/www.curlynights.com\/fr\/"},{"@type":"ListItem","position":2,"name":"Boutique","item":"https:\/\/www.curlynights.com\/fr\/boutique\/"},{"@type":"ListItem","position":3,"name":"Chouchou satin rouge rubis XXL"}]},{"@type":"WebSite","@id":"https:\/\/www.curlynights.com\/fr\/#website","url":"https:\/\/www.curlynights.com\/fr\/","name":"Curly Nights","description":"Bonnets de nuit, de soin et taies d&#039;oreiller en wax et satin","publisher":{"@id":"https:\/\/www.curlynights.com\/fr\/#organization"},"potentialAction":[{"@type":"SearchAction","target":{"@type":"EntryPoint","urlTemplate":"https:\/\/www.curlynights.com\/fr\/?s={search_term_string}"},"query-input":{"@type":"PropertyValueSpecification","valueRequired":true,"valueName":"search_term_string"}}],"inLanguage":"fr-FR"},{"@type":"Organization","@id":"https:\/\/www.curlynights.com\/fr\/#organization","name":"Curly Nights","url":"https:\/\/www.curlynights.com\/fr\/","logo":{"@type":"ImageObject","inLanguage":"fr-FR","@id":"https:\/\/www.curlynights.com\/fr\/#\/schema\/logo\/image\/","url":"https:\/\/www.curlynights.com\/wp-content\/uploads\/2018\/08\/cropped-LOGO-GLYNNIS.png","contentUrl":"https:\/\/www.curlynights.com\/wp-content\/uploads\/2018\/08\/cropped-LOGO-GLYNNIS.png","width":1024,"height":276,"caption":"Curly Nights"},"image":{"@id":"https:\/\/www.curlynights.com\/fr\/#\/schema\/logo\/image\/"}}]}},"_links":{"self":[{"href":"https:\/\/www.curlynights.com\/fr\/wp-json\/wp\/v2\/product\/4795","targetHints":{"allow":["GET"]}}],"collection":[{"href":"https:\/\/www.curlynights.com\/fr\/wp-json\/wp\/v2\/product"}],"about":[{"href":"https:\/\/www.curlynights.com\/fr\/wp-json\/wp\/v2\/types\/product"}],"wp:featuredmedia":[{"embeddable":true,"href":"https:\/\/www.curlynights.com\/fr\/wp-json\/wp\/v2\/media\/4797"}],"wp:attachment":[{"href":"https:\/\/www.curlynights.com\/fr\/wp-json\/wp\/v2\/media?parent=4795"}],"wp:term":[{"taxonomy":"product_brand","embeddable":true,"href":"https:\/\/www.curlynights.com\/fr\/wp-json\/wp\/v2\/product_brand?post=4795"},{"taxonomy":"product_cat","embeddable":true,"href":"https:\/\/www.curlynights.com\/fr\/wp-json\/wp\/v2\/product_cat?post=4795"},{"taxonomy":"product_tag","embeddable":true,"href":"https:\/\/www.curlynights.com\/fr\/wp-json\/wp\/v2\/product_tag?post=4795"}],"curies":[{"name":"wp","href":"https:\/\/api.w.org\/{rel}","templated":true}]}}