{"id":4701,"date":"2020-04-10T10:31:05","date_gmt":"2020-04-10T10:31:05","guid":{"rendered":"https:\/\/www.curlynights.com\/?post_type=product&#038;p=4701"},"modified":"2020-04-10T10:58:24","modified_gmt":"2020-04-10T10:58:24","slug":"housse-de-coussin-35-x-35-cm-wax-satin-graphic","status":"publish","type":"product","link":"https:\/\/www.curlynights.com\/fr\/shop\/housse-de-coussin-35-x-35-cm-wax-satin-graphic\/","title":{"rendered":"Housse de coussin 35 x 35 cm Wax\/Satin GRAPHIC"},"content":{"rendered":"<p>Illuminez votre d\u00e9co en un clin d\u2019\u0153il avec une <strong>housse de coussin en wax<\/strong> styl\u00e9e ! Il s&rsquo;agit de pi\u00e8ces en <strong>\u00e9dition tr\u00e8s limit\u00e9e<\/strong>, qui donneront \u00e0 votre fauteuil pr\u00e9f\u00e9r\u00e9 ou votre canap\u00e9 <strong>un look unique<\/strong>.<\/p>\n<p><strong>Renouveler votre d\u00e9co \u00e0 petit prix<\/strong>, c&rsquo;est aussi facile que \u00e7a !<\/p>\n<p>Si vous faites un marathon de s\u00e9ries ou que vous vous d\u00e9tendez simplement sur votre fauteuil, pensez \u00e0 retourner le coussin pour <strong>appuyer votre t\u00eate sur la partie en satin<\/strong>. Vous <strong>prot\u00e9gez ainsi vos cheveux<\/strong>, qui restent bien hydrat\u00e9s.<\/p>\n","protected":false},"excerpt":{"rendered":"<ul>\n<li>Pour coussins de <strong>35 x 35 cm<\/strong><\/li>\n<li>Un cot\u00e9 en <strong>wax color\u00e9<\/strong><\/li>\n<li>Un c\u00f4t\u00e9 en <strong>satin doux et brillant<\/strong><\/li>\n<li><strong>Fermeture \u00e9clair<\/strong> pratique<\/li>\n<li><strong>S\u00e9rie limit\u00e9e<\/strong> : personne n&rsquo;aura le m\u00eame !<\/li>\n<li><strong>Fabriqu\u00e9 en France<\/strong>, produit artisanal<\/li>\n<li>Finitions soign\u00e9es<\/li>\n<li>Lavable en machine \u00e0 30\u00b0<\/li>\n<\/ul>\n","protected":false},"featured_media":4672,"template":"","meta":[],"product_brand":[],"product_cat":[94],"product_tag":[],"class_list":{"0":"post-4701","1":"product","2":"type-product","3":"status-publish","4":"has-post-thumbnail","6":"product_cat-housses-de-coussin","8":"first","9":"instock","10":"purchasable","11":"product-type-simple"},"yoast_head":"<!-- This site is optimized with the Yoast SEO plugin v27.4 - https:\/\/yoast.com\/product\/yoast-seo-wordpress\/ -->\n<title>Housse de coussin 35 x 35 cm Wax\/Satin GRAPHIC &#8902; Curly Nights<\/title>\n<meta name=\"description\" content=\"Changez de d\u00e9co \u00e0 petit prix et prot\u00e9gez vos boucles pendant vos soir\u00e9es t\u00e9l\u00e9 avec la housse de coussin en wax et satin 35 x 35 cm Curly Nights\" \/>\n<meta name=\"robots\" content=\"index, follow, max-snippet:-1, max-image-preview:large, max-video-preview:-1\" \/>\n<link rel=\"canonical\" href=\"https:\/\/www.curlynights.com\/fr\/shop\/housse-de-coussin-35-x-35-cm-wax-satin-graphic\/\" \/>\n<meta property=\"og:locale\" content=\"fr_FR\" \/>\n<meta property=\"og:type\" content=\"article\" \/>\n<meta property=\"og:title\" content=\"Housse de coussin 35 x 35 cm Wax\/Satin GRAPHIC &#8902; Curly Nights\" \/>\n<meta property=\"og:description\" content=\"Changez de d\u00e9co \u00e0 petit prix et prot\u00e9gez vos boucles pendant vos soir\u00e9es t\u00e9l\u00e9 avec la housse de coussin en wax et satin 35 x 35 cm Curly Nights\" \/>\n<meta property=\"og:url\" content=\"https:\/\/www.curlynights.com\/fr\/shop\/housse-de-coussin-35-x-35-cm-wax-satin-graphic\/\" \/>\n<meta property=\"og:site_name\" content=\"Curly Nights\" \/>\n<meta property=\"article:modified_time\" content=\"2020-04-10T10:58:24+00:00\" \/>\n<meta property=\"og:image\" content=\"https:\/\/www.curlynights.com\/wp-content\/uploads\/2020\/04\/LRM_20200409_102614.jpg\" \/>\n\t<meta property=\"og:image:width\" content=\"1024\" \/>\n\t<meta property=\"og:image:height\" content=\"1024\" \/>\n\t<meta property=\"og:image:type\" content=\"image\/jpeg\" \/>\n<meta name=\"twitter:card\" content=\"summary_large_image\" \/>\n<script type=\"application\/ld+json\" class=\"yoast-schema-graph\">{\"@context\":\"https:\\\/\\\/schema.org\",\"@graph\":[{\"@type\":\"WebPage\",\"@id\":\"https:\\\/\\\/www.curlynights.com\\\/fr\\\/shop\\\/housse-de-coussin-35-x-35-cm-wax-satin-graphic\\\/\",\"url\":\"https:\\\/\\\/www.curlynights.com\\\/fr\\\/shop\\\/housse-de-coussin-35-x-35-cm-wax-satin-graphic\\\/\",\"name\":\"Housse de coussin 35 x 35 cm Wax\\\/Satin GRAPHIC &#8902; Curly Nights\",\"isPartOf\":{\"@id\":\"https:\\\/\\\/www.curlynights.com\\\/fr\\\/#website\"},\"primaryImageOfPage\":{\"@id\":\"https:\\\/\\\/www.curlynights.com\\\/fr\\\/shop\\\/housse-de-coussin-35-x-35-cm-wax-satin-graphic\\\/#primaryimage\"},\"image\":{\"@id\":\"https:\\\/\\\/www.curlynights.com\\\/fr\\\/shop\\\/housse-de-coussin-35-x-35-cm-wax-satin-graphic\\\/#primaryimage\"},\"thumbnailUrl\":\"https:\\\/\\\/www.curlynights.com\\\/wp-content\\\/uploads\\\/2020\\\/04\\\/LRM_20200409_102614.jpg\",\"datePublished\":\"2020-04-10T10:31:05+00:00\",\"dateModified\":\"2020-04-10T10:58:24+00:00\",\"description\":\"Changez de d\u00e9co \u00e0 petit prix et prot\u00e9gez vos boucles pendant vos soir\u00e9es t\u00e9l\u00e9 avec la housse de coussin en wax et satin 35 x 35 cm Curly Nights\",\"breadcrumb\":{\"@id\":\"https:\\\/\\\/www.curlynights.com\\\/fr\\\/shop\\\/housse-de-coussin-35-x-35-cm-wax-satin-graphic\\\/#breadcrumb\"},\"inLanguage\":\"fr-FR\",\"potentialAction\":[{\"@type\":\"ReadAction\",\"target\":[\"https:\\\/\\\/www.curlynights.com\\\/fr\\\/shop\\\/housse-de-coussin-35-x-35-cm-wax-satin-graphic\\\/\"]}]},{\"@type\":\"ImageObject\",\"inLanguage\":\"fr-FR\",\"@id\":\"https:\\\/\\\/www.curlynights.com\\\/fr\\\/shop\\\/housse-de-coussin-35-x-35-cm-wax-satin-graphic\\\/#primaryimage\",\"url\":\"https:\\\/\\\/www.curlynights.com\\\/wp-content\\\/uploads\\\/2020\\\/04\\\/LRM_20200409_102614.jpg\",\"contentUrl\":\"https:\\\/\\\/www.curlynights.com\\\/wp-content\\\/uploads\\\/2020\\\/04\\\/LRM_20200409_102614.jpg\",\"width\":1024,\"height\":1024,\"caption\":\"housse de coussin d\u00e9coration satin wax curly nights GRAPHIC\"},{\"@type\":\"BreadcrumbList\",\"@id\":\"https:\\\/\\\/www.curlynights.com\\\/fr\\\/shop\\\/housse-de-coussin-35-x-35-cm-wax-satin-graphic\\\/#breadcrumb\",\"itemListElement\":[{\"@type\":\"ListItem\",\"position\":1,\"name\":\"Startseite\",\"item\":\"https:\\\/\\\/www.curlynights.com\\\/fr\\\/\"},{\"@type\":\"ListItem\",\"position\":2,\"name\":\"Boutique\",\"item\":\"https:\\\/\\\/www.curlynights.com\\\/fr\\\/boutique\\\/\"},{\"@type\":\"ListItem\",\"position\":3,\"name\":\"Housse de coussin 35 x 35 cm Wax\\\/Satin GRAPHIC\"}]},{\"@type\":\"WebSite\",\"@id\":\"https:\\\/\\\/www.curlynights.com\\\/fr\\\/#website\",\"url\":\"https:\\\/\\\/www.curlynights.com\\\/fr\\\/\",\"name\":\"Curly Nights\",\"description\":\"Bonnets de nuit, de soin et taies d&#039;oreiller en wax et satin\",\"publisher\":{\"@id\":\"https:\\\/\\\/www.curlynights.com\\\/fr\\\/#organization\"},\"potentialAction\":[{\"@type\":\"SearchAction\",\"target\":{\"@type\":\"EntryPoint\",\"urlTemplate\":\"https:\\\/\\\/www.curlynights.com\\\/fr\\\/?s={search_term_string}\"},\"query-input\":{\"@type\":\"PropertyValueSpecification\",\"valueRequired\":true,\"valueName\":\"search_term_string\"}}],\"inLanguage\":\"fr-FR\"},{\"@type\":\"Organization\",\"@id\":\"https:\\\/\\\/www.curlynights.com\\\/fr\\\/#organization\",\"name\":\"Curly Nights\",\"url\":\"https:\\\/\\\/www.curlynights.com\\\/fr\\\/\",\"logo\":{\"@type\":\"ImageObject\",\"inLanguage\":\"fr-FR\",\"@id\":\"https:\\\/\\\/www.curlynights.com\\\/fr\\\/#\\\/schema\\\/logo\\\/image\\\/\",\"url\":\"https:\\\/\\\/www.curlynights.com\\\/wp-content\\\/uploads\\\/2018\\\/08\\\/cropped-LOGO-GLYNNIS.png\",\"contentUrl\":\"https:\\\/\\\/www.curlynights.com\\\/wp-content\\\/uploads\\\/2018\\\/08\\\/cropped-LOGO-GLYNNIS.png\",\"width\":1024,\"height\":276,\"caption\":\"Curly Nights\"},\"image\":{\"@id\":\"https:\\\/\\\/www.curlynights.com\\\/fr\\\/#\\\/schema\\\/logo\\\/image\\\/\"}}]}<\/script>\n<!-- \/ Yoast SEO plugin. -->","yoast_head_json":{"title":"Housse de coussin 35 x 35 cm Wax\/Satin GRAPHIC &#8902; Curly Nights","description":"Changez de d\u00e9co \u00e0 petit prix et prot\u00e9gez vos boucles pendant vos soir\u00e9es t\u00e9l\u00e9 avec la housse de coussin en wax et satin 35 x 35 cm Curly Nights","robots":{"index":"index","follow":"follow","max-snippet":"max-snippet:-1","max-image-preview":"max-image-preview:large","max-video-preview":"max-video-preview:-1"},"canonical":"https:\/\/www.curlynights.com\/fr\/shop\/housse-de-coussin-35-x-35-cm-wax-satin-graphic\/","og_locale":"fr_FR","og_type":"article","og_title":"Housse de coussin 35 x 35 cm Wax\/Satin GRAPHIC &#8902; Curly Nights","og_description":"Changez de d\u00e9co \u00e0 petit prix et prot\u00e9gez vos boucles pendant vos soir\u00e9es t\u00e9l\u00e9 avec la housse de coussin en wax et satin 35 x 35 cm Curly Nights","og_url":"https:\/\/www.curlynights.com\/fr\/shop\/housse-de-coussin-35-x-35-cm-wax-satin-graphic\/","og_site_name":"Curly Nights","article_modified_time":"2020-04-10T10:58:24+00:00","og_image":[{"width":1024,"height":1024,"url":"https:\/\/www.curlynights.com\/wp-content\/uploads\/2020\/04\/LRM_20200409_102614.jpg","type":"image\/jpeg"}],"twitter_card":"summary_large_image","schema":{"@context":"https:\/\/schema.org","@graph":[{"@type":"WebPage","@id":"https:\/\/www.curlynights.com\/fr\/shop\/housse-de-coussin-35-x-35-cm-wax-satin-graphic\/","url":"https:\/\/www.curlynights.com\/fr\/shop\/housse-de-coussin-35-x-35-cm-wax-satin-graphic\/","name":"Housse de coussin 35 x 35 cm Wax\/Satin GRAPHIC &#8902; Curly Nights","isPartOf":{"@id":"https:\/\/www.curlynights.com\/fr\/#website"},"primaryImageOfPage":{"@id":"https:\/\/www.curlynights.com\/fr\/shop\/housse-de-coussin-35-x-35-cm-wax-satin-graphic\/#primaryimage"},"image":{"@id":"https:\/\/www.curlynights.com\/fr\/shop\/housse-de-coussin-35-x-35-cm-wax-satin-graphic\/#primaryimage"},"thumbnailUrl":"https:\/\/www.curlynights.com\/wp-content\/uploads\/2020\/04\/LRM_20200409_102614.jpg","datePublished":"2020-04-10T10:31:05+00:00","dateModified":"2020-04-10T10:58:24+00:00","description":"Changez de d\u00e9co \u00e0 petit prix et prot\u00e9gez vos boucles pendant vos soir\u00e9es t\u00e9l\u00e9 avec la housse de coussin en wax et satin 35 x 35 cm Curly Nights","breadcrumb":{"@id":"https:\/\/www.curlynights.com\/fr\/shop\/housse-de-coussin-35-x-35-cm-wax-satin-graphic\/#breadcrumb"},"inLanguage":"fr-FR","potentialAction":[{"@type":"ReadAction","target":["https:\/\/www.curlynights.com\/fr\/shop\/housse-de-coussin-35-x-35-cm-wax-satin-graphic\/"]}]},{"@type":"ImageObject","inLanguage":"fr-FR","@id":"https:\/\/www.curlynights.com\/fr\/shop\/housse-de-coussin-35-x-35-cm-wax-satin-graphic\/#primaryimage","url":"https:\/\/www.curlynights.com\/wp-content\/uploads\/2020\/04\/LRM_20200409_102614.jpg","contentUrl":"https:\/\/www.curlynights.com\/wp-content\/uploads\/2020\/04\/LRM_20200409_102614.jpg","width":1024,"height":1024,"caption":"housse de coussin d\u00e9coration satin wax curly nights GRAPHIC"},{"@type":"BreadcrumbList","@id":"https:\/\/www.curlynights.com\/fr\/shop\/housse-de-coussin-35-x-35-cm-wax-satin-graphic\/#breadcrumb","itemListElement":[{"@type":"ListItem","position":1,"name":"Startseite","item":"https:\/\/www.curlynights.com\/fr\/"},{"@type":"ListItem","position":2,"name":"Boutique","item":"https:\/\/www.curlynights.com\/fr\/boutique\/"},{"@type":"ListItem","position":3,"name":"Housse de coussin 35 x 35 cm Wax\/Satin GRAPHIC"}]},{"@type":"WebSite","@id":"https:\/\/www.curlynights.com\/fr\/#website","url":"https:\/\/www.curlynights.com\/fr\/","name":"Curly Nights","description":"Bonnets de nuit, de soin et taies d&#039;oreiller en wax et satin","publisher":{"@id":"https:\/\/www.curlynights.com\/fr\/#organization"},"potentialAction":[{"@type":"SearchAction","target":{"@type":"EntryPoint","urlTemplate":"https:\/\/www.curlynights.com\/fr\/?s={search_term_string}"},"query-input":{"@type":"PropertyValueSpecification","valueRequired":true,"valueName":"search_term_string"}}],"inLanguage":"fr-FR"},{"@type":"Organization","@id":"https:\/\/www.curlynights.com\/fr\/#organization","name":"Curly Nights","url":"https:\/\/www.curlynights.com\/fr\/","logo":{"@type":"ImageObject","inLanguage":"fr-FR","@id":"https:\/\/www.curlynights.com\/fr\/#\/schema\/logo\/image\/","url":"https:\/\/www.curlynights.com\/wp-content\/uploads\/2018\/08\/cropped-LOGO-GLYNNIS.png","contentUrl":"https:\/\/www.curlynights.com\/wp-content\/uploads\/2018\/08\/cropped-LOGO-GLYNNIS.png","width":1024,"height":276,"caption":"Curly Nights"},"image":{"@id":"https:\/\/www.curlynights.com\/fr\/#\/schema\/logo\/image\/"}}]}},"_links":{"self":[{"href":"https:\/\/www.curlynights.com\/fr\/wp-json\/wp\/v2\/product\/4701","targetHints":{"allow":["GET"]}}],"collection":[{"href":"https:\/\/www.curlynights.com\/fr\/wp-json\/wp\/v2\/product"}],"about":[{"href":"https:\/\/www.curlynights.com\/fr\/wp-json\/wp\/v2\/types\/product"}],"wp:featuredmedia":[{"embeddable":true,"href":"https:\/\/www.curlynights.com\/fr\/wp-json\/wp\/v2\/media\/4672"}],"wp:attachment":[{"href":"https:\/\/www.curlynights.com\/fr\/wp-json\/wp\/v2\/media?parent=4701"}],"wp:term":[{"taxonomy":"product_brand","embeddable":true,"href":"https:\/\/www.curlynights.com\/fr\/wp-json\/wp\/v2\/product_brand?post=4701"},{"taxonomy":"product_cat","embeddable":true,"href":"https:\/\/www.curlynights.com\/fr\/wp-json\/wp\/v2\/product_cat?post=4701"},{"taxonomy":"product_tag","embeddable":true,"href":"https:\/\/www.curlynights.com\/fr\/wp-json\/wp\/v2\/product_tag?post=4701"}],"curies":[{"name":"wp","href":"https:\/\/api.w.org\/{rel}","templated":true}]}}