{"id":2276,"date":"2019-12-06T22:24:08","date_gmt":"2019-12-06T22:24:09","guid":{"rendered":"https:\/\/www.curlynights.com\/?post_type=product&#038;p=2276"},"modified":"2020-03-01T21:28:34","modified_gmt":"2020-03-01T21:28:34","slug":"bonnet-wax-satin-elastique-pour-enfant-fly","status":"publish","type":"product","link":"https:\/\/www.curlynights.com\/fr\/shop\/bonnet-wax-satin-elastique-pour-enfant-fly\/","title":{"rendered":"Bonnet wax\/satin \u00e9lastique pour enfant FLY"},"content":{"rendered":"","protected":false},"excerpt":{"rendered":"<p>Le bonnet doubl\u00e9 en satin classique, simple et efficace. Au matin, les cheveux sont plus faciles \u00e0 coiffer et les coiffures protectrices restent jolies plus longtemps. Votre enfant va adorer !<\/p>\n<ul>\n<li>100% coton wax<\/li>\n<li>doublure 100% satin<\/li>\n<li>bordure \u00e9lastique pour tour de t\u00eate d\u00e8s 35 cm<\/li>\n<\/ul>\n","protected":false},"featured_media":1508,"template":"","meta":[],"product_brand":[],"product_cat":[83],"product_tag":[],"class_list":{"0":"post-2276","1":"product","2":"type-product","3":"status-publish","4":"has-post-thumbnail","6":"product_cat-pour-les-enfants","8":"first","9":"outofstock","10":"purchasable","11":"product-type-simple"},"yoast_head":"<!-- This site is optimized with the Yoast SEO plugin v27.5 - https:\/\/yoast.com\/product\/yoast-seo-wordpress\/ -->\n<title>Bonnet wax\/satin \u00e9lastique pour enfant FLY &#8902; Curly Nights<\/title>\n<meta name=\"description\" content=\"Joli bonnet de bonne qualit\u00e9 pour enfants aux cheveux boucl\u00e9s, fris\u00e9s, cr\u00e9pus. Il n&#039;est jamais trop t\u00f4t pour adopter les bons gestes !\" \/>\n<meta name=\"robots\" content=\"index, follow, max-snippet:-1, max-image-preview:large, max-video-preview:-1\" \/>\n<link rel=\"canonical\" href=\"https:\/\/www.curlynights.com\/fr\/shop\/bonnet-wax-satin-elastique-pour-enfant-fly\/\" \/>\n<meta property=\"og:locale\" content=\"fr_FR\" \/>\n<meta property=\"og:type\" content=\"article\" \/>\n<meta property=\"og:title\" content=\"Bonnet wax\/satin \u00e9lastique pour enfant FLY &#8902; Curly Nights\" \/>\n<meta property=\"og:description\" content=\"Joli bonnet de bonne qualit\u00e9 pour enfants aux cheveux boucl\u00e9s, fris\u00e9s, cr\u00e9pus. Il n&#039;est jamais trop t\u00f4t pour adopter les bons gestes !\" \/>\n<meta property=\"og:url\" content=\"https:\/\/www.curlynights.com\/fr\/shop\/bonnet-wax-satin-elastique-pour-enfant-fly\/\" \/>\n<meta property=\"og:site_name\" content=\"Curly Nights\" \/>\n<meta property=\"article:modified_time\" content=\"2020-03-01T21:28:34+00:00\" \/>\n<meta property=\"og:image\" content=\"https:\/\/i1.wp.com\/www.curlynights.com\/wp-content\/uploads\/2019\/07\/2019-18-2-3.jpg?fit=1024%2C1024&ssl=1\" \/>\n\t<meta property=\"og:image:width\" content=\"1024\" \/>\n\t<meta property=\"og:image:height\" content=\"1024\" \/>\n\t<meta property=\"og:image:type\" content=\"image\/jpeg\" \/>\n<meta name=\"twitter:card\" content=\"summary_large_image\" \/>\n<script type=\"application\/ld+json\" class=\"yoast-schema-graph\">{\"@context\":\"https:\\\/\\\/schema.org\",\"@graph\":[{\"@type\":\"WebPage\",\"@id\":\"https:\\\/\\\/www.curlynights.com\\\/fr\\\/shop\\\/bonnet-wax-satin-elastique-pour-enfant-fly\\\/\",\"url\":\"https:\\\/\\\/www.curlynights.com\\\/fr\\\/shop\\\/bonnet-wax-satin-elastique-pour-enfant-fly\\\/\",\"name\":\"Bonnet wax\\\/satin \u00e9lastique pour enfant FLY &#8902; Curly Nights\",\"isPartOf\":{\"@id\":\"https:\\\/\\\/www.curlynights.com\\\/fr\\\/#website\"},\"primaryImageOfPage\":{\"@id\":\"https:\\\/\\\/www.curlynights.com\\\/fr\\\/shop\\\/bonnet-wax-satin-elastique-pour-enfant-fly\\\/#primaryimage\"},\"image\":{\"@id\":\"https:\\\/\\\/www.curlynights.com\\\/fr\\\/shop\\\/bonnet-wax-satin-elastique-pour-enfant-fly\\\/#primaryimage\"},\"thumbnailUrl\":\"https:\\\/\\\/www.curlynights.com\\\/wp-content\\\/uploads\\\/2019\\\/07\\\/2019-18-2-3.jpg\",\"datePublished\":\"2019-12-06T22:24:09+00:00\",\"dateModified\":\"2020-03-01T21:28:34+00:00\",\"description\":\"Joli bonnet de bonne qualit\u00e9 pour enfants aux cheveux boucl\u00e9s, fris\u00e9s, cr\u00e9pus. Il n'est jamais trop t\u00f4t pour adopter les bons gestes !\",\"breadcrumb\":{\"@id\":\"https:\\\/\\\/www.curlynights.com\\\/fr\\\/shop\\\/bonnet-wax-satin-elastique-pour-enfant-fly\\\/#breadcrumb\"},\"inLanguage\":\"fr-FR\",\"potentialAction\":[{\"@type\":\"ReadAction\",\"target\":[\"https:\\\/\\\/www.curlynights.com\\\/fr\\\/shop\\\/bonnet-wax-satin-elastique-pour-enfant-fly\\\/\"]}]},{\"@type\":\"ImageObject\",\"inLanguage\":\"fr-FR\",\"@id\":\"https:\\\/\\\/www.curlynights.com\\\/fr\\\/shop\\\/bonnet-wax-satin-elastique-pour-enfant-fly\\\/#primaryimage\",\"url\":\"https:\\\/\\\/www.curlynights.com\\\/wp-content\\\/uploads\\\/2019\\\/07\\\/2019-18-2-3.jpg\",\"contentUrl\":\"https:\\\/\\\/www.curlynights.com\\\/wp-content\\\/uploads\\\/2019\\\/07\\\/2019-18-2-3.jpg\",\"width\":1024,\"height\":1024,\"caption\":\"bonnet int\u00e9rieur satin protecteur de boucles curly nights freedom cheveux cr\u00e9pus\"},{\"@type\":\"BreadcrumbList\",\"@id\":\"https:\\\/\\\/www.curlynights.com\\\/fr\\\/shop\\\/bonnet-wax-satin-elastique-pour-enfant-fly\\\/#breadcrumb\",\"itemListElement\":[{\"@type\":\"ListItem\",\"position\":1,\"name\":\"Startseite\",\"item\":\"https:\\\/\\\/www.curlynights.com\\\/fr\\\/\"},{\"@type\":\"ListItem\",\"position\":2,\"name\":\"Boutique\",\"item\":\"https:\\\/\\\/www.curlynights.com\\\/fr\\\/boutique\\\/\"},{\"@type\":\"ListItem\",\"position\":3,\"name\":\"Bonnet wax\\\/satin \u00e9lastique pour enfant FLY\"}]},{\"@type\":\"WebSite\",\"@id\":\"https:\\\/\\\/www.curlynights.com\\\/fr\\\/#website\",\"url\":\"https:\\\/\\\/www.curlynights.com\\\/fr\\\/\",\"name\":\"Curly Nights\",\"description\":\"Bonnets de nuit, de soin et taies d&#039;oreiller en wax et satin\",\"publisher\":{\"@id\":\"https:\\\/\\\/www.curlynights.com\\\/fr\\\/#organization\"},\"potentialAction\":[{\"@type\":\"SearchAction\",\"target\":{\"@type\":\"EntryPoint\",\"urlTemplate\":\"https:\\\/\\\/www.curlynights.com\\\/fr\\\/?s={search_term_string}\"},\"query-input\":{\"@type\":\"PropertyValueSpecification\",\"valueRequired\":true,\"valueName\":\"search_term_string\"}}],\"inLanguage\":\"fr-FR\"},{\"@type\":\"Organization\",\"@id\":\"https:\\\/\\\/www.curlynights.com\\\/fr\\\/#organization\",\"name\":\"Curly Nights\",\"url\":\"https:\\\/\\\/www.curlynights.com\\\/fr\\\/\",\"logo\":{\"@type\":\"ImageObject\",\"inLanguage\":\"fr-FR\",\"@id\":\"https:\\\/\\\/www.curlynights.com\\\/fr\\\/#\\\/schema\\\/logo\\\/image\\\/\",\"url\":\"https:\\\/\\\/www.curlynights.com\\\/wp-content\\\/uploads\\\/2018\\\/08\\\/cropped-LOGO-GLYNNIS.png\",\"contentUrl\":\"https:\\\/\\\/www.curlynights.com\\\/wp-content\\\/uploads\\\/2018\\\/08\\\/cropped-LOGO-GLYNNIS.png\",\"width\":1024,\"height\":276,\"caption\":\"Curly Nights\"},\"image\":{\"@id\":\"https:\\\/\\\/www.curlynights.com\\\/fr\\\/#\\\/schema\\\/logo\\\/image\\\/\"}}]}<\/script>\n<!-- \/ Yoast SEO plugin. -->","yoast_head_json":{"title":"Bonnet wax\/satin \u00e9lastique pour enfant FLY &#8902; Curly Nights","description":"Joli bonnet de bonne qualit\u00e9 pour enfants aux cheveux boucl\u00e9s, fris\u00e9s, cr\u00e9pus. Il n'est jamais trop t\u00f4t pour adopter les bons gestes !","robots":{"index":"index","follow":"follow","max-snippet":"max-snippet:-1","max-image-preview":"max-image-preview:large","max-video-preview":"max-video-preview:-1"},"canonical":"https:\/\/www.curlynights.com\/fr\/shop\/bonnet-wax-satin-elastique-pour-enfant-fly\/","og_locale":"fr_FR","og_type":"article","og_title":"Bonnet wax\/satin \u00e9lastique pour enfant FLY &#8902; Curly Nights","og_description":"Joli bonnet de bonne qualit\u00e9 pour enfants aux cheveux boucl\u00e9s, fris\u00e9s, cr\u00e9pus. Il n'est jamais trop t\u00f4t pour adopter les bons gestes !","og_url":"https:\/\/www.curlynights.com\/fr\/shop\/bonnet-wax-satin-elastique-pour-enfant-fly\/","og_site_name":"Curly Nights","article_modified_time":"2020-03-01T21:28:34+00:00","og_image":[{"width":1024,"height":1024,"url":"https:\/\/i1.wp.com\/www.curlynights.com\/wp-content\/uploads\/2019\/07\/2019-18-2-3.jpg?fit=1024%2C1024&ssl=1","type":"image\/jpeg"}],"twitter_card":"summary_large_image","schema":{"@context":"https:\/\/schema.org","@graph":[{"@type":"WebPage","@id":"https:\/\/www.curlynights.com\/fr\/shop\/bonnet-wax-satin-elastique-pour-enfant-fly\/","url":"https:\/\/www.curlynights.com\/fr\/shop\/bonnet-wax-satin-elastique-pour-enfant-fly\/","name":"Bonnet wax\/satin \u00e9lastique pour enfant FLY &#8902; Curly Nights","isPartOf":{"@id":"https:\/\/www.curlynights.com\/fr\/#website"},"primaryImageOfPage":{"@id":"https:\/\/www.curlynights.com\/fr\/shop\/bonnet-wax-satin-elastique-pour-enfant-fly\/#primaryimage"},"image":{"@id":"https:\/\/www.curlynights.com\/fr\/shop\/bonnet-wax-satin-elastique-pour-enfant-fly\/#primaryimage"},"thumbnailUrl":"https:\/\/www.curlynights.com\/wp-content\/uploads\/2019\/07\/2019-18-2-3.jpg","datePublished":"2019-12-06T22:24:09+00:00","dateModified":"2020-03-01T21:28:34+00:00","description":"Joli bonnet de bonne qualit\u00e9 pour enfants aux cheveux boucl\u00e9s, fris\u00e9s, cr\u00e9pus. Il n'est jamais trop t\u00f4t pour adopter les bons gestes !","breadcrumb":{"@id":"https:\/\/www.curlynights.com\/fr\/shop\/bonnet-wax-satin-elastique-pour-enfant-fly\/#breadcrumb"},"inLanguage":"fr-FR","potentialAction":[{"@type":"ReadAction","target":["https:\/\/www.curlynights.com\/fr\/shop\/bonnet-wax-satin-elastique-pour-enfant-fly\/"]}]},{"@type":"ImageObject","inLanguage":"fr-FR","@id":"https:\/\/www.curlynights.com\/fr\/shop\/bonnet-wax-satin-elastique-pour-enfant-fly\/#primaryimage","url":"https:\/\/www.curlynights.com\/wp-content\/uploads\/2019\/07\/2019-18-2-3.jpg","contentUrl":"https:\/\/www.curlynights.com\/wp-content\/uploads\/2019\/07\/2019-18-2-3.jpg","width":1024,"height":1024,"caption":"bonnet int\u00e9rieur satin protecteur de boucles curly nights freedom cheveux cr\u00e9pus"},{"@type":"BreadcrumbList","@id":"https:\/\/www.curlynights.com\/fr\/shop\/bonnet-wax-satin-elastique-pour-enfant-fly\/#breadcrumb","itemListElement":[{"@type":"ListItem","position":1,"name":"Startseite","item":"https:\/\/www.curlynights.com\/fr\/"},{"@type":"ListItem","position":2,"name":"Boutique","item":"https:\/\/www.curlynights.com\/fr\/boutique\/"},{"@type":"ListItem","position":3,"name":"Bonnet wax\/satin \u00e9lastique pour enfant FLY"}]},{"@type":"WebSite","@id":"https:\/\/www.curlynights.com\/fr\/#website","url":"https:\/\/www.curlynights.com\/fr\/","name":"Curly Nights","description":"Bonnets de nuit, de soin et taies d&#039;oreiller en wax et satin","publisher":{"@id":"https:\/\/www.curlynights.com\/fr\/#organization"},"potentialAction":[{"@type":"SearchAction","target":{"@type":"EntryPoint","urlTemplate":"https:\/\/www.curlynights.com\/fr\/?s={search_term_string}"},"query-input":{"@type":"PropertyValueSpecification","valueRequired":true,"valueName":"search_term_string"}}],"inLanguage":"fr-FR"},{"@type":"Organization","@id":"https:\/\/www.curlynights.com\/fr\/#organization","name":"Curly Nights","url":"https:\/\/www.curlynights.com\/fr\/","logo":{"@type":"ImageObject","inLanguage":"fr-FR","@id":"https:\/\/www.curlynights.com\/fr\/#\/schema\/logo\/image\/","url":"https:\/\/www.curlynights.com\/wp-content\/uploads\/2018\/08\/cropped-LOGO-GLYNNIS.png","contentUrl":"https:\/\/www.curlynights.com\/wp-content\/uploads\/2018\/08\/cropped-LOGO-GLYNNIS.png","width":1024,"height":276,"caption":"Curly Nights"},"image":{"@id":"https:\/\/www.curlynights.com\/fr\/#\/schema\/logo\/image\/"}}]}},"_links":{"self":[{"href":"https:\/\/www.curlynights.com\/fr\/wp-json\/wp\/v2\/product\/2276","targetHints":{"allow":["GET"]}}],"collection":[{"href":"https:\/\/www.curlynights.com\/fr\/wp-json\/wp\/v2\/product"}],"about":[{"href":"https:\/\/www.curlynights.com\/fr\/wp-json\/wp\/v2\/types\/product"}],"wp:featuredmedia":[{"embeddable":true,"href":"https:\/\/www.curlynights.com\/fr\/wp-json\/wp\/v2\/media\/1508"}],"wp:attachment":[{"href":"https:\/\/www.curlynights.com\/fr\/wp-json\/wp\/v2\/media?parent=2276"}],"wp:term":[{"taxonomy":"product_brand","embeddable":true,"href":"https:\/\/www.curlynights.com\/fr\/wp-json\/wp\/v2\/product_brand?post=2276"},{"taxonomy":"product_cat","embeddable":true,"href":"https:\/\/www.curlynights.com\/fr\/wp-json\/wp\/v2\/product_cat?post=2276"},{"taxonomy":"product_tag","embeddable":true,"href":"https:\/\/www.curlynights.com\/fr\/wp-json\/wp\/v2\/product_tag?post=2276"}],"curies":[{"name":"wp","href":"https:\/\/api.w.org\/{rel}","templated":true}]}}