{"id":159,"date":"2019-04-21T14:06:50","date_gmt":"2019-04-21T14:06:50","guid":{"rendered":"https:\/\/www.curlynights.com\/?post_type=product&#038;p=159"},"modified":"2023-06-18T15:18:28","modified_gmt":"2023-06-18T13:18:28","slug":"t-shirt-boyfriend-poche-wax-savane","status":"publish","type":"product","link":"https:\/\/www.curlynights.com\/fr\/shop\/t-shirt-boyfriend-poche-wax-savane\/","title":{"rendered":"T-Shirt Boyfriend Poche Wax SAVANE"},"content":{"rendered":"","protected":false},"excerpt":{"rendered":"<p>Offrez-le \u00e0 votre compagnon ou portez le en chemise de nuit : ce t-shirt fera toujours son petit effet !<\/p>\n<ul>\n<li>100% coton<\/li>\n<li>Poche en wax<\/li>\n<li>Lavable en machine, 30\u00b0<\/li>\n<li>Coupe droite<\/li>\n<li>Taille M<\/li>\n<\/ul>\n","protected":false},"featured_media":166,"template":"","meta":[],"product_brand":[],"product_cat":[126,66,78],"product_tag":[],"class_list":{"0":"post-159","1":"product","2":"type-product","3":"status-publish","4":"has-post-thumbnail","6":"product_cat-pour-le-jour","7":"product_cat-t-shirts-fr","8":"product_cat-t-shirt-boyfriend-fr","10":"first","11":"instock","12":"sale","13":"purchasable","14":"product-type-variable","15":"has-default-attributes"},"yoast_head":"<!-- This site is optimized with the Yoast SEO plugin v27.4 - https:\/\/yoast.com\/product\/yoast-seo-wordpress\/ -->\n<title>T-Shirt Boyfriend Poche Wax SAVANE &#8902; Curly Nights<\/title>\n<meta name=\"description\" content=\"T-shirt Curly Nights unisexe coupe droite avec d\u00e9tail poche wax - choisissez le assorti \u00e0 votre bonnet pour des nuits styl\u00e9es !\" \/>\n<meta name=\"robots\" content=\"index, follow, max-snippet:-1, max-image-preview:large, max-video-preview:-1\" \/>\n<link rel=\"canonical\" href=\"https:\/\/www.curlynights.com\/fr\/shop\/t-shirt-boyfriend-poche-wax-savane\/\" \/>\n<meta property=\"og:locale\" content=\"fr_FR\" \/>\n<meta property=\"og:type\" content=\"article\" \/>\n<meta property=\"og:title\" content=\"T-Shirt Boyfriend Poche Wax SAVANE &#8902; Curly Nights\" \/>\n<meta property=\"og:description\" content=\"T-shirt Curly Nights unisexe coupe droite avec d\u00e9tail poche wax - choisissez le assorti \u00e0 votre bonnet pour des nuits styl\u00e9es !\" \/>\n<meta property=\"og:url\" content=\"https:\/\/www.curlynights.com\/fr\/shop\/t-shirt-boyfriend-poche-wax-savane\/\" \/>\n<meta property=\"og:site_name\" content=\"Curly Nights\" \/>\n<meta property=\"article:modified_time\" content=\"2023-06-18T13:18:28+00:00\" \/>\n<meta property=\"og:image\" content=\"https:\/\/www.curlynights.com\/wp-content\/uploads\/2019\/04\/2019-2-3-8.jpg\" \/>\n\t<meta property=\"og:image:width\" content=\"1024\" \/>\n\t<meta property=\"og:image:height\" content=\"683\" \/>\n\t<meta property=\"og:image:type\" content=\"image\/jpeg\" \/>\n<meta name=\"twitter:card\" content=\"summary_large_image\" \/>\n<script type=\"application\/ld+json\" class=\"yoast-schema-graph\">{\"@context\":\"https:\\\/\\\/schema.org\",\"@graph\":[{\"@type\":\"WebPage\",\"@id\":\"https:\\\/\\\/www.curlynights.com\\\/fr\\\/shop\\\/t-shirt-boyfriend-poche-wax-savane\\\/\",\"url\":\"https:\\\/\\\/www.curlynights.com\\\/fr\\\/shop\\\/t-shirt-boyfriend-poche-wax-savane\\\/\",\"name\":\"T-Shirt Boyfriend Poche Wax SAVANE &#8902; Curly Nights\",\"isPartOf\":{\"@id\":\"https:\\\/\\\/www.curlynights.com\\\/fr\\\/#website\"},\"primaryImageOfPage\":{\"@id\":\"https:\\\/\\\/www.curlynights.com\\\/fr\\\/shop\\\/t-shirt-boyfriend-poche-wax-savane\\\/#primaryimage\"},\"image\":{\"@id\":\"https:\\\/\\\/www.curlynights.com\\\/fr\\\/shop\\\/t-shirt-boyfriend-poche-wax-savane\\\/#primaryimage\"},\"thumbnailUrl\":\"https:\\\/\\\/www.curlynights.com\\\/wp-content\\\/uploads\\\/2019\\\/04\\\/2019-2-3-8.jpg\",\"datePublished\":\"2019-04-21T14:06:50+00:00\",\"dateModified\":\"2023-06-18T13:18:28+00:00\",\"description\":\"T-shirt Curly Nights unisexe coupe droite avec d\u00e9tail poche wax - choisissez le assorti \u00e0 votre bonnet pour des nuits styl\u00e9es !\",\"breadcrumb\":{\"@id\":\"https:\\\/\\\/www.curlynights.com\\\/fr\\\/shop\\\/t-shirt-boyfriend-poche-wax-savane\\\/#breadcrumb\"},\"inLanguage\":\"fr-FR\",\"potentialAction\":[{\"@type\":\"ReadAction\",\"target\":[\"https:\\\/\\\/www.curlynights.com\\\/fr\\\/shop\\\/t-shirt-boyfriend-poche-wax-savane\\\/\"]}]},{\"@type\":\"ImageObject\",\"inLanguage\":\"fr-FR\",\"@id\":\"https:\\\/\\\/www.curlynights.com\\\/fr\\\/shop\\\/t-shirt-boyfriend-poche-wax-savane\\\/#primaryimage\",\"url\":\"https:\\\/\\\/www.curlynights.com\\\/wp-content\\\/uploads\\\/2019\\\/04\\\/2019-2-3-8.jpg\",\"contentUrl\":\"https:\\\/\\\/www.curlynights.com\\\/wp-content\\\/uploads\\\/2019\\\/04\\\/2019-2-3-8.jpg\",\"width\":1024,\"height\":683,\"caption\":\"tshirt boyfriend bleu marine poche wax savane curly nights\"},{\"@type\":\"BreadcrumbList\",\"@id\":\"https:\\\/\\\/www.curlynights.com\\\/fr\\\/shop\\\/t-shirt-boyfriend-poche-wax-savane\\\/#breadcrumb\",\"itemListElement\":[{\"@type\":\"ListItem\",\"position\":1,\"name\":\"Startseite\",\"item\":\"https:\\\/\\\/www.curlynights.com\\\/fr\\\/\"},{\"@type\":\"ListItem\",\"position\":2,\"name\":\"Boutique\",\"item\":\"https:\\\/\\\/www.curlynights.com\\\/fr\\\/boutique\\\/\"},{\"@type\":\"ListItem\",\"position\":3,\"name\":\"T-Shirt Boyfriend Poche Wax SAVANE\"}]},{\"@type\":\"WebSite\",\"@id\":\"https:\\\/\\\/www.curlynights.com\\\/fr\\\/#website\",\"url\":\"https:\\\/\\\/www.curlynights.com\\\/fr\\\/\",\"name\":\"Curly Nights\",\"description\":\"Bonnets de nuit, de soin et taies d&#039;oreiller en wax et satin\",\"publisher\":{\"@id\":\"https:\\\/\\\/www.curlynights.com\\\/fr\\\/#organization\"},\"potentialAction\":[{\"@type\":\"SearchAction\",\"target\":{\"@type\":\"EntryPoint\",\"urlTemplate\":\"https:\\\/\\\/www.curlynights.com\\\/fr\\\/?s={search_term_string}\"},\"query-input\":{\"@type\":\"PropertyValueSpecification\",\"valueRequired\":true,\"valueName\":\"search_term_string\"}}],\"inLanguage\":\"fr-FR\"},{\"@type\":\"Organization\",\"@id\":\"https:\\\/\\\/www.curlynights.com\\\/fr\\\/#organization\",\"name\":\"Curly Nights\",\"url\":\"https:\\\/\\\/www.curlynights.com\\\/fr\\\/\",\"logo\":{\"@type\":\"ImageObject\",\"inLanguage\":\"fr-FR\",\"@id\":\"https:\\\/\\\/www.curlynights.com\\\/fr\\\/#\\\/schema\\\/logo\\\/image\\\/\",\"url\":\"https:\\\/\\\/www.curlynights.com\\\/wp-content\\\/uploads\\\/2018\\\/08\\\/cropped-LOGO-GLYNNIS.png\",\"contentUrl\":\"https:\\\/\\\/www.curlynights.com\\\/wp-content\\\/uploads\\\/2018\\\/08\\\/cropped-LOGO-GLYNNIS.png\",\"width\":1024,\"height\":276,\"caption\":\"Curly Nights\"},\"image\":{\"@id\":\"https:\\\/\\\/www.curlynights.com\\\/fr\\\/#\\\/schema\\\/logo\\\/image\\\/\"}}]}<\/script>\n<!-- \/ Yoast SEO plugin. -->","yoast_head_json":{"title":"T-Shirt Boyfriend Poche Wax SAVANE &#8902; Curly Nights","description":"T-shirt Curly Nights unisexe coupe droite avec d\u00e9tail poche wax - choisissez le assorti \u00e0 votre bonnet pour des nuits styl\u00e9es !","robots":{"index":"index","follow":"follow","max-snippet":"max-snippet:-1","max-image-preview":"max-image-preview:large","max-video-preview":"max-video-preview:-1"},"canonical":"https:\/\/www.curlynights.com\/fr\/shop\/t-shirt-boyfriend-poche-wax-savane\/","og_locale":"fr_FR","og_type":"article","og_title":"T-Shirt Boyfriend Poche Wax SAVANE &#8902; Curly Nights","og_description":"T-shirt Curly Nights unisexe coupe droite avec d\u00e9tail poche wax - choisissez le assorti \u00e0 votre bonnet pour des nuits styl\u00e9es !","og_url":"https:\/\/www.curlynights.com\/fr\/shop\/t-shirt-boyfriend-poche-wax-savane\/","og_site_name":"Curly Nights","article_modified_time":"2023-06-18T13:18:28+00:00","og_image":[{"width":1024,"height":683,"url":"https:\/\/www.curlynights.com\/wp-content\/uploads\/2019\/04\/2019-2-3-8.jpg","type":"image\/jpeg"}],"twitter_card":"summary_large_image","schema":{"@context":"https:\/\/schema.org","@graph":[{"@type":"WebPage","@id":"https:\/\/www.curlynights.com\/fr\/shop\/t-shirt-boyfriend-poche-wax-savane\/","url":"https:\/\/www.curlynights.com\/fr\/shop\/t-shirt-boyfriend-poche-wax-savane\/","name":"T-Shirt Boyfriend Poche Wax SAVANE &#8902; Curly Nights","isPartOf":{"@id":"https:\/\/www.curlynights.com\/fr\/#website"},"primaryImageOfPage":{"@id":"https:\/\/www.curlynights.com\/fr\/shop\/t-shirt-boyfriend-poche-wax-savane\/#primaryimage"},"image":{"@id":"https:\/\/www.curlynights.com\/fr\/shop\/t-shirt-boyfriend-poche-wax-savane\/#primaryimage"},"thumbnailUrl":"https:\/\/www.curlynights.com\/wp-content\/uploads\/2019\/04\/2019-2-3-8.jpg","datePublished":"2019-04-21T14:06:50+00:00","dateModified":"2023-06-18T13:18:28+00:00","description":"T-shirt Curly Nights unisexe coupe droite avec d\u00e9tail poche wax - choisissez le assorti \u00e0 votre bonnet pour des nuits styl\u00e9es !","breadcrumb":{"@id":"https:\/\/www.curlynights.com\/fr\/shop\/t-shirt-boyfriend-poche-wax-savane\/#breadcrumb"},"inLanguage":"fr-FR","potentialAction":[{"@type":"ReadAction","target":["https:\/\/www.curlynights.com\/fr\/shop\/t-shirt-boyfriend-poche-wax-savane\/"]}]},{"@type":"ImageObject","inLanguage":"fr-FR","@id":"https:\/\/www.curlynights.com\/fr\/shop\/t-shirt-boyfriend-poche-wax-savane\/#primaryimage","url":"https:\/\/www.curlynights.com\/wp-content\/uploads\/2019\/04\/2019-2-3-8.jpg","contentUrl":"https:\/\/www.curlynights.com\/wp-content\/uploads\/2019\/04\/2019-2-3-8.jpg","width":1024,"height":683,"caption":"tshirt boyfriend bleu marine poche wax savane curly nights"},{"@type":"BreadcrumbList","@id":"https:\/\/www.curlynights.com\/fr\/shop\/t-shirt-boyfriend-poche-wax-savane\/#breadcrumb","itemListElement":[{"@type":"ListItem","position":1,"name":"Startseite","item":"https:\/\/www.curlynights.com\/fr\/"},{"@type":"ListItem","position":2,"name":"Boutique","item":"https:\/\/www.curlynights.com\/fr\/boutique\/"},{"@type":"ListItem","position":3,"name":"T-Shirt Boyfriend Poche Wax SAVANE"}]},{"@type":"WebSite","@id":"https:\/\/www.curlynights.com\/fr\/#website","url":"https:\/\/www.curlynights.com\/fr\/","name":"Curly Nights","description":"Bonnets de nuit, de soin et taies d&#039;oreiller en wax et satin","publisher":{"@id":"https:\/\/www.curlynights.com\/fr\/#organization"},"potentialAction":[{"@type":"SearchAction","target":{"@type":"EntryPoint","urlTemplate":"https:\/\/www.curlynights.com\/fr\/?s={search_term_string}"},"query-input":{"@type":"PropertyValueSpecification","valueRequired":true,"valueName":"search_term_string"}}],"inLanguage":"fr-FR"},{"@type":"Organization","@id":"https:\/\/www.curlynights.com\/fr\/#organization","name":"Curly Nights","url":"https:\/\/www.curlynights.com\/fr\/","logo":{"@type":"ImageObject","inLanguage":"fr-FR","@id":"https:\/\/www.curlynights.com\/fr\/#\/schema\/logo\/image\/","url":"https:\/\/www.curlynights.com\/wp-content\/uploads\/2018\/08\/cropped-LOGO-GLYNNIS.png","contentUrl":"https:\/\/www.curlynights.com\/wp-content\/uploads\/2018\/08\/cropped-LOGO-GLYNNIS.png","width":1024,"height":276,"caption":"Curly Nights"},"image":{"@id":"https:\/\/www.curlynights.com\/fr\/#\/schema\/logo\/image\/"}}]}},"_links":{"self":[{"href":"https:\/\/www.curlynights.com\/fr\/wp-json\/wp\/v2\/product\/159","targetHints":{"allow":["GET"]}}],"collection":[{"href":"https:\/\/www.curlynights.com\/fr\/wp-json\/wp\/v2\/product"}],"about":[{"href":"https:\/\/www.curlynights.com\/fr\/wp-json\/wp\/v2\/types\/product"}],"wp:featuredmedia":[{"embeddable":true,"href":"https:\/\/www.curlynights.com\/fr\/wp-json\/wp\/v2\/media\/166"}],"wp:attachment":[{"href":"https:\/\/www.curlynights.com\/fr\/wp-json\/wp\/v2\/media?parent=159"}],"wp:term":[{"taxonomy":"product_brand","embeddable":true,"href":"https:\/\/www.curlynights.com\/fr\/wp-json\/wp\/v2\/product_brand?post=159"},{"taxonomy":"product_cat","embeddable":true,"href":"https:\/\/www.curlynights.com\/fr\/wp-json\/wp\/v2\/product_cat?post=159"},{"taxonomy":"product_tag","embeddable":true,"href":"https:\/\/www.curlynights.com\/fr\/wp-json\/wp\/v2\/product_tag?post=159"}],"curies":[{"name":"wp","href":"https:\/\/api.w.org\/{rel}","templated":true}]}}