{"id":1276,"date":"2019-06-29T09:17:06","date_gmt":"2019-06-29T09:18:49","guid":{"rendered":"https:\/\/www.curlynights.com\/?post_type=product&#038;p=1276"},"modified":"2021-05-15T09:52:37","modified_gmt":"2021-05-15T07:52:37","slug":"bonnet-satin-wax-reglable-enfant-bebe","status":"publish","type":"product","link":"https:\/\/www.curlynights.com\/fr\/shop\/bonnet-satin-wax-reglable-enfant-bebe\/","title":{"rendered":"Bonnet satin\/wax r\u00e9glable pour enfant PINK BIRDS"},"content":{"rendered":"","protected":false},"excerpt":{"rendered":"<ul>\n<li>Bonnet wax doubl\u00e9 en satin<\/li>\n<li>R\u00e9glable \u00e0 l\u2019aide des rubans<\/li>\n<li>Tour de t\u00eate d\u00e8s 37 cm jusqu&rsquo;\u00e0 60 cm (0-10 ans)<\/li>\n<li>Finitions de qualit\u00e9<\/li>\n<li>Lavable en machine 30\u00b0<\/li>\n<\/ul>\n","protected":false},"featured_media":1282,"template":"","meta":[],"product_brand":[],"product_cat":[76,83],"product_tag":[],"class_list":{"0":"post-1276","1":"product","2":"type-product","3":"status-publish","4":"has-post-thumbnail","6":"product_cat-bonnet-reglable","7":"product_cat-pour-les-enfants","9":"first","10":"outofstock","11":"purchasable","12":"product-type-simple"},"yoast_head":"<!-- This site is optimized with the Yoast SEO plugin v27.5 - https:\/\/yoast.com\/product\/yoast-seo-wordpress\/ -->\n<title>Bonnet satin\/wax r\u00e9glable pour enfant PINK BIRDS &#8902; Curly Nights<\/title>\n<meta name=\"description\" content=\"Il n&#039;est jamais trop t\u00f4t pour apprendre les bons gestes : montrez \u00e0 vos enfants comment prot\u00e9ger leurs cheveux boucl\u00e9s et cr\u00e9pus avec de jolis accessoires.\" \/>\n<meta name=\"robots\" content=\"index, follow, max-snippet:-1, max-image-preview:large, max-video-preview:-1\" \/>\n<link rel=\"canonical\" href=\"https:\/\/www.curlynights.com\/fr\/shop\/bonnet-satin-wax-reglable-enfant-bebe\/\" \/>\n<meta property=\"og:locale\" content=\"fr_FR\" \/>\n<meta property=\"og:type\" content=\"article\" \/>\n<meta property=\"og:title\" content=\"Bonnet satin\/wax r\u00e9glable pour enfant PINK BIRDS &#8902; Curly Nights\" \/>\n<meta property=\"og:description\" content=\"Il n&#039;est jamais trop t\u00f4t pour apprendre les bons gestes : montrez \u00e0 vos enfants comment prot\u00e9ger leurs cheveux boucl\u00e9s et cr\u00e9pus avec de jolis accessoires.\" \/>\n<meta property=\"og:url\" content=\"https:\/\/www.curlynights.com\/fr\/shop\/bonnet-satin-wax-reglable-enfant-bebe\/\" \/>\n<meta property=\"og:site_name\" content=\"Curly Nights\" \/>\n<meta property=\"article:modified_time\" content=\"2021-05-15T07:52:37+00:00\" \/>\n<meta property=\"og:image\" content=\"https:\/\/i2.wp.com\/www.curlynights.com\/wp-content\/uploads\/2019\/06\/2019-18-7-1.jpg?fit=1024%2C1024&ssl=1\" \/>\n\t<meta property=\"og:image:width\" content=\"1024\" \/>\n\t<meta property=\"og:image:height\" content=\"1024\" \/>\n\t<meta property=\"og:image:type\" content=\"image\/jpeg\" \/>\n<meta name=\"twitter:card\" content=\"summary_large_image\" \/>\n<script type=\"application\/ld+json\" class=\"yoast-schema-graph\">{\"@context\":\"https:\\\/\\\/schema.org\",\"@graph\":[{\"@type\":\"WebPage\",\"@id\":\"https:\\\/\\\/www.curlynights.com\\\/fr\\\/shop\\\/bonnet-satin-wax-reglable-enfant-bebe\\\/\",\"url\":\"https:\\\/\\\/www.curlynights.com\\\/fr\\\/shop\\\/bonnet-satin-wax-reglable-enfant-bebe\\\/\",\"name\":\"Bonnet satin\\\/wax r\u00e9glable pour enfant PINK BIRDS &#8902; Curly Nights\",\"isPartOf\":{\"@id\":\"https:\\\/\\\/www.curlynights.com\\\/fr\\\/#website\"},\"primaryImageOfPage\":{\"@id\":\"https:\\\/\\\/www.curlynights.com\\\/fr\\\/shop\\\/bonnet-satin-wax-reglable-enfant-bebe\\\/#primaryimage\"},\"image\":{\"@id\":\"https:\\\/\\\/www.curlynights.com\\\/fr\\\/shop\\\/bonnet-satin-wax-reglable-enfant-bebe\\\/#primaryimage\"},\"thumbnailUrl\":\"https:\\\/\\\/www.curlynights.com\\\/wp-content\\\/uploads\\\/2019\\\/06\\\/2019-18-7-1.jpg\",\"datePublished\":\"2019-06-29T09:18:49+00:00\",\"dateModified\":\"2021-05-15T07:52:37+00:00\",\"description\":\"Il n'est jamais trop t\u00f4t pour apprendre les bons gestes : montrez \u00e0 vos enfants comment prot\u00e9ger leurs cheveux boucl\u00e9s et cr\u00e9pus avec de jolis accessoires.\",\"breadcrumb\":{\"@id\":\"https:\\\/\\\/www.curlynights.com\\\/fr\\\/shop\\\/bonnet-satin-wax-reglable-enfant-bebe\\\/#breadcrumb\"},\"inLanguage\":\"fr-FR\",\"potentialAction\":[{\"@type\":\"ReadAction\",\"target\":[\"https:\\\/\\\/www.curlynights.com\\\/fr\\\/shop\\\/bonnet-satin-wax-reglable-enfant-bebe\\\/\"]}]},{\"@type\":\"ImageObject\",\"inLanguage\":\"fr-FR\",\"@id\":\"https:\\\/\\\/www.curlynights.com\\\/fr\\\/shop\\\/bonnet-satin-wax-reglable-enfant-bebe\\\/#primaryimage\",\"url\":\"https:\\\/\\\/www.curlynights.com\\\/wp-content\\\/uploads\\\/2019\\\/06\\\/2019-18-7-1.jpg\",\"contentUrl\":\"https:\\\/\\\/www.curlynights.com\\\/wp-content\\\/uploads\\\/2019\\\/06\\\/2019-18-7-1.jpg\",\"width\":1024,\"height\":1024,\"caption\":\"Bonnet enfant r\u00e9glable EUFLORIA\"},{\"@type\":\"BreadcrumbList\",\"@id\":\"https:\\\/\\\/www.curlynights.com\\\/fr\\\/shop\\\/bonnet-satin-wax-reglable-enfant-bebe\\\/#breadcrumb\",\"itemListElement\":[{\"@type\":\"ListItem\",\"position\":1,\"name\":\"Startseite\",\"item\":\"https:\\\/\\\/www.curlynights.com\\\/fr\\\/\"},{\"@type\":\"ListItem\",\"position\":2,\"name\":\"Boutique\",\"item\":\"https:\\\/\\\/www.curlynights.com\\\/fr\\\/boutique\\\/\"},{\"@type\":\"ListItem\",\"position\":3,\"name\":\"Bonnet satin\\\/wax r\u00e9glable pour enfant PINK BIRDS\"}]},{\"@type\":\"WebSite\",\"@id\":\"https:\\\/\\\/www.curlynights.com\\\/fr\\\/#website\",\"url\":\"https:\\\/\\\/www.curlynights.com\\\/fr\\\/\",\"name\":\"Curly Nights\",\"description\":\"Bonnets de nuit, de soin et taies d&#039;oreiller en wax et satin\",\"publisher\":{\"@id\":\"https:\\\/\\\/www.curlynights.com\\\/fr\\\/#organization\"},\"potentialAction\":[{\"@type\":\"SearchAction\",\"target\":{\"@type\":\"EntryPoint\",\"urlTemplate\":\"https:\\\/\\\/www.curlynights.com\\\/fr\\\/?s={search_term_string}\"},\"query-input\":{\"@type\":\"PropertyValueSpecification\",\"valueRequired\":true,\"valueName\":\"search_term_string\"}}],\"inLanguage\":\"fr-FR\"},{\"@type\":\"Organization\",\"@id\":\"https:\\\/\\\/www.curlynights.com\\\/fr\\\/#organization\",\"name\":\"Curly Nights\",\"url\":\"https:\\\/\\\/www.curlynights.com\\\/fr\\\/\",\"logo\":{\"@type\":\"ImageObject\",\"inLanguage\":\"fr-FR\",\"@id\":\"https:\\\/\\\/www.curlynights.com\\\/fr\\\/#\\\/schema\\\/logo\\\/image\\\/\",\"url\":\"https:\\\/\\\/www.curlynights.com\\\/wp-content\\\/uploads\\\/2018\\\/08\\\/cropped-LOGO-GLYNNIS.png\",\"contentUrl\":\"https:\\\/\\\/www.curlynights.com\\\/wp-content\\\/uploads\\\/2018\\\/08\\\/cropped-LOGO-GLYNNIS.png\",\"width\":1024,\"height\":276,\"caption\":\"Curly Nights\"},\"image\":{\"@id\":\"https:\\\/\\\/www.curlynights.com\\\/fr\\\/#\\\/schema\\\/logo\\\/image\\\/\"}}]}<\/script>\n<!-- \/ Yoast SEO plugin. -->","yoast_head_json":{"title":"Bonnet satin\/wax r\u00e9glable pour enfant PINK BIRDS &#8902; Curly Nights","description":"Il n'est jamais trop t\u00f4t pour apprendre les bons gestes : montrez \u00e0 vos enfants comment prot\u00e9ger leurs cheveux boucl\u00e9s et cr\u00e9pus avec de jolis accessoires.","robots":{"index":"index","follow":"follow","max-snippet":"max-snippet:-1","max-image-preview":"max-image-preview:large","max-video-preview":"max-video-preview:-1"},"canonical":"https:\/\/www.curlynights.com\/fr\/shop\/bonnet-satin-wax-reglable-enfant-bebe\/","og_locale":"fr_FR","og_type":"article","og_title":"Bonnet satin\/wax r\u00e9glable pour enfant PINK BIRDS &#8902; Curly Nights","og_description":"Il n'est jamais trop t\u00f4t pour apprendre les bons gestes : montrez \u00e0 vos enfants comment prot\u00e9ger leurs cheveux boucl\u00e9s et cr\u00e9pus avec de jolis accessoires.","og_url":"https:\/\/www.curlynights.com\/fr\/shop\/bonnet-satin-wax-reglable-enfant-bebe\/","og_site_name":"Curly Nights","article_modified_time":"2021-05-15T07:52:37+00:00","og_image":[{"width":1024,"height":1024,"url":"https:\/\/i2.wp.com\/www.curlynights.com\/wp-content\/uploads\/2019\/06\/2019-18-7-1.jpg?fit=1024%2C1024&ssl=1","type":"image\/jpeg"}],"twitter_card":"summary_large_image","schema":{"@context":"https:\/\/schema.org","@graph":[{"@type":"WebPage","@id":"https:\/\/www.curlynights.com\/fr\/shop\/bonnet-satin-wax-reglable-enfant-bebe\/","url":"https:\/\/www.curlynights.com\/fr\/shop\/bonnet-satin-wax-reglable-enfant-bebe\/","name":"Bonnet satin\/wax r\u00e9glable pour enfant PINK BIRDS &#8902; Curly Nights","isPartOf":{"@id":"https:\/\/www.curlynights.com\/fr\/#website"},"primaryImageOfPage":{"@id":"https:\/\/www.curlynights.com\/fr\/shop\/bonnet-satin-wax-reglable-enfant-bebe\/#primaryimage"},"image":{"@id":"https:\/\/www.curlynights.com\/fr\/shop\/bonnet-satin-wax-reglable-enfant-bebe\/#primaryimage"},"thumbnailUrl":"https:\/\/www.curlynights.com\/wp-content\/uploads\/2019\/06\/2019-18-7-1.jpg","datePublished":"2019-06-29T09:18:49+00:00","dateModified":"2021-05-15T07:52:37+00:00","description":"Il n'est jamais trop t\u00f4t pour apprendre les bons gestes : montrez \u00e0 vos enfants comment prot\u00e9ger leurs cheveux boucl\u00e9s et cr\u00e9pus avec de jolis accessoires.","breadcrumb":{"@id":"https:\/\/www.curlynights.com\/fr\/shop\/bonnet-satin-wax-reglable-enfant-bebe\/#breadcrumb"},"inLanguage":"fr-FR","potentialAction":[{"@type":"ReadAction","target":["https:\/\/www.curlynights.com\/fr\/shop\/bonnet-satin-wax-reglable-enfant-bebe\/"]}]},{"@type":"ImageObject","inLanguage":"fr-FR","@id":"https:\/\/www.curlynights.com\/fr\/shop\/bonnet-satin-wax-reglable-enfant-bebe\/#primaryimage","url":"https:\/\/www.curlynights.com\/wp-content\/uploads\/2019\/06\/2019-18-7-1.jpg","contentUrl":"https:\/\/www.curlynights.com\/wp-content\/uploads\/2019\/06\/2019-18-7-1.jpg","width":1024,"height":1024,"caption":"Bonnet enfant r\u00e9glable EUFLORIA"},{"@type":"BreadcrumbList","@id":"https:\/\/www.curlynights.com\/fr\/shop\/bonnet-satin-wax-reglable-enfant-bebe\/#breadcrumb","itemListElement":[{"@type":"ListItem","position":1,"name":"Startseite","item":"https:\/\/www.curlynights.com\/fr\/"},{"@type":"ListItem","position":2,"name":"Boutique","item":"https:\/\/www.curlynights.com\/fr\/boutique\/"},{"@type":"ListItem","position":3,"name":"Bonnet satin\/wax r\u00e9glable pour enfant PINK BIRDS"}]},{"@type":"WebSite","@id":"https:\/\/www.curlynights.com\/fr\/#website","url":"https:\/\/www.curlynights.com\/fr\/","name":"Curly Nights","description":"Bonnets de nuit, de soin et taies d&#039;oreiller en wax et satin","publisher":{"@id":"https:\/\/www.curlynights.com\/fr\/#organization"},"potentialAction":[{"@type":"SearchAction","target":{"@type":"EntryPoint","urlTemplate":"https:\/\/www.curlynights.com\/fr\/?s={search_term_string}"},"query-input":{"@type":"PropertyValueSpecification","valueRequired":true,"valueName":"search_term_string"}}],"inLanguage":"fr-FR"},{"@type":"Organization","@id":"https:\/\/www.curlynights.com\/fr\/#organization","name":"Curly Nights","url":"https:\/\/www.curlynights.com\/fr\/","logo":{"@type":"ImageObject","inLanguage":"fr-FR","@id":"https:\/\/www.curlynights.com\/fr\/#\/schema\/logo\/image\/","url":"https:\/\/www.curlynights.com\/wp-content\/uploads\/2018\/08\/cropped-LOGO-GLYNNIS.png","contentUrl":"https:\/\/www.curlynights.com\/wp-content\/uploads\/2018\/08\/cropped-LOGO-GLYNNIS.png","width":1024,"height":276,"caption":"Curly Nights"},"image":{"@id":"https:\/\/www.curlynights.com\/fr\/#\/schema\/logo\/image\/"}}]}},"_links":{"self":[{"href":"https:\/\/www.curlynights.com\/fr\/wp-json\/wp\/v2\/product\/1276","targetHints":{"allow":["GET"]}}],"collection":[{"href":"https:\/\/www.curlynights.com\/fr\/wp-json\/wp\/v2\/product"}],"about":[{"href":"https:\/\/www.curlynights.com\/fr\/wp-json\/wp\/v2\/types\/product"}],"wp:featuredmedia":[{"embeddable":true,"href":"https:\/\/www.curlynights.com\/fr\/wp-json\/wp\/v2\/media\/1282"}],"wp:attachment":[{"href":"https:\/\/www.curlynights.com\/fr\/wp-json\/wp\/v2\/media?parent=1276"}],"wp:term":[{"taxonomy":"product_brand","embeddable":true,"href":"https:\/\/www.curlynights.com\/fr\/wp-json\/wp\/v2\/product_brand?post=1276"},{"taxonomy":"product_cat","embeddable":true,"href":"https:\/\/www.curlynights.com\/fr\/wp-json\/wp\/v2\/product_cat?post=1276"},{"taxonomy":"product_tag","embeddable":true,"href":"https:\/\/www.curlynights.com\/fr\/wp-json\/wp\/v2\/product_tag?post=1276"}],"curies":[{"name":"wp","href":"https:\/\/api.w.org\/{rel}","templated":true}]}}