{"id":12389,"date":"2023-01-29T18:08:23","date_gmt":"2023-01-29T17:08:25","guid":{"rendered":"https:\/\/www.curlynights.com\/?post_type=product&#038;p=12389"},"modified":"2024-12-08T23:54:06","modified_gmt":"2024-12-08T22:54:06","slug":"taie-doreiller-wax-satin-rayon","status":"publish","type":"product","link":"https:\/\/www.curlynights.com\/fr\/shop\/taie-doreiller-wax-satin-rayon\/","title":{"rendered":"Taie d&rsquo;oreiller Wax \/ Satin RAYON"},"content":{"rendered":"<p>La taie d&rsquo;oreiller en satin et wax Curly Nights :<\/p>\n<ul>\n<li>c\u00f4t\u00e9 wax 100% coton pour une d\u00e9co tendance<\/li>\n<li>c\u00f4t\u00e9 satin pour la protection des cheveux anti-frisottis &#8230; et anti-rides !<\/li>\n<li>lavage en machine \u00e0 30\u00b0<\/li>\n<li>fermeture \u00e9clair pratique, la taie ne bouge pas pendant la nuit<\/li>\n<li>disponible en deux tailles<\/li>\n<li>fabrication artisanale en France dans notre atelier lyonnais<\/li>\n<\/ul>\n","protected":false},"excerpt":{"rendered":"<p>Vos cheveux ont besoin de protection la nuit pour conserver tout le b\u00e9n\u00e9fice des soins que vous leur prodiguez. Adieu les frisottis au r\u00e9veil et bonjour les boucles hydrat\u00e9es et bien d\u00e9finies !<\/p>\n<p>La taie d&rsquo;oreiller en satin et wax joint l&rsquo;utile \u00e0 l&rsquo;agr\u00e9able : en journ\u00e9e, le c\u00f4t\u00e9 wax apporte un \u00e9l\u00e9ment de d\u00e9coration tendance \u00e0 votre chambre. Le soir, il vous suffit de retourner votre coussin et de dormir sur le c\u00f4t\u00e9 en satin !<\/p>\n<p>Si vous souhaitez attacher vos cheveux en hauteur, choisissez de pr\u00e9f\u00e9rence un chouchou en satin pas trop serr\u00e9.<\/p>\n","protected":false},"featured_media":12420,"template":"","meta":[],"product_brand":[],"product_cat":[85],"product_tag":[],"class_list":{"0":"post-12389","1":"product","2":"type-product","3":"status-publish","4":"has-post-thumbnail","6":"product_cat-taie-doreiller","8":"first","9":"instock","10":"purchasable","11":"product-type-variable"},"yoast_head":"<!-- This site is optimized with the Yoast SEO plugin v27.3 - https:\/\/yoast.com\/product\/yoast-seo-wordpress\/ -->\n<title>Taie d&#039;oreiller Wax \/ Satin RAYON &#8902; Curly Nights<\/title>\n<meta name=\"description\" content=\"Avec la taie d4oreiller Curly Nights, dormez sur le c\u00f4t\u00e9 satin pour prot\u00e9ger vos cheveux et offrez \u00e0 votre chambre une d\u00e9co tendance avec le c\u00f4t\u00e9 wax !\" \/>\n<meta name=\"robots\" content=\"index, follow, max-snippet:-1, max-image-preview:large, max-video-preview:-1\" \/>\n<link rel=\"canonical\" href=\"https:\/\/www.curlynights.com\/fr\/shop\/taie-doreiller-wax-satin-rayon\/\" \/>\n<meta property=\"og:locale\" content=\"fr_FR\" \/>\n<meta property=\"og:type\" content=\"article\" \/>\n<meta property=\"og:title\" content=\"Taie d&#039;oreiller Wax \/ Satin RAYON &#8902; Curly Nights\" \/>\n<meta property=\"og:description\" content=\"Avec la taie d4oreiller Curly Nights, dormez sur le c\u00f4t\u00e9 satin pour prot\u00e9ger vos cheveux et offrez \u00e0 votre chambre une d\u00e9co tendance avec le c\u00f4t\u00e9 wax !\" \/>\n<meta property=\"og:url\" content=\"https:\/\/www.curlynights.com\/fr\/shop\/taie-doreiller-wax-satin-rayon\/\" \/>\n<meta property=\"og:site_name\" content=\"Curly Nights\" \/>\n<meta property=\"article:modified_time\" content=\"2024-12-08T22:54:06+00:00\" \/>\n<meta property=\"og:image\" content=\"https:\/\/www.curlynights.com\/wp-content\/uploads\/2023\/01\/IMG_4753-2-scaled.jpg\" \/>\n\t<meta property=\"og:image:width\" content=\"2048\" \/>\n\t<meta property=\"og:image:height\" content=\"2048\" \/>\n\t<meta property=\"og:image:type\" content=\"image\/jpeg\" \/>\n<meta name=\"twitter:card\" content=\"summary_large_image\" \/>\n<meta name=\"twitter:label1\" content=\"Dur\u00e9e de lecture estim\u00e9e\" \/>\n\t<meta name=\"twitter:data1\" content=\"1 minute\" \/>\n<script type=\"application\/ld+json\" class=\"yoast-schema-graph\">{\"@context\":\"https:\\\/\\\/schema.org\",\"@graph\":[{\"@type\":\"WebPage\",\"@id\":\"https:\\\/\\\/www.curlynights.com\\\/fr\\\/shop\\\/taie-doreiller-wax-satin-rayon\\\/\",\"url\":\"https:\\\/\\\/www.curlynights.com\\\/fr\\\/shop\\\/taie-doreiller-wax-satin-rayon\\\/\",\"name\":\"Taie d'oreiller Wax \\\/ Satin RAYON &#8902; Curly Nights\",\"isPartOf\":{\"@id\":\"https:\\\/\\\/www.curlynights.com\\\/fr\\\/#website\"},\"primaryImageOfPage\":{\"@id\":\"https:\\\/\\\/www.curlynights.com\\\/fr\\\/shop\\\/taie-doreiller-wax-satin-rayon\\\/#primaryimage\"},\"image\":{\"@id\":\"https:\\\/\\\/www.curlynights.com\\\/fr\\\/shop\\\/taie-doreiller-wax-satin-rayon\\\/#primaryimage\"},\"thumbnailUrl\":\"https:\\\/\\\/www.curlynights.com\\\/wp-content\\\/uploads\\\/2023\\\/01\\\/IMG_4753-2-scaled.jpg\",\"datePublished\":\"2023-01-29T17:08:25+00:00\",\"dateModified\":\"2024-12-08T22:54:06+00:00\",\"description\":\"Avec la taie d4oreiller Curly Nights, dormez sur le c\u00f4t\u00e9 satin pour prot\u00e9ger vos cheveux et offrez \u00e0 votre chambre une d\u00e9co tendance avec le c\u00f4t\u00e9 wax !\",\"breadcrumb\":{\"@id\":\"https:\\\/\\\/www.curlynights.com\\\/fr\\\/shop\\\/taie-doreiller-wax-satin-rayon\\\/#breadcrumb\"},\"inLanguage\":\"fr-FR\",\"potentialAction\":[{\"@type\":\"ReadAction\",\"target\":[\"https:\\\/\\\/www.curlynights.com\\\/fr\\\/shop\\\/taie-doreiller-wax-satin-rayon\\\/\"]}]},{\"@type\":\"ImageObject\",\"inLanguage\":\"fr-FR\",\"@id\":\"https:\\\/\\\/www.curlynights.com\\\/fr\\\/shop\\\/taie-doreiller-wax-satin-rayon\\\/#primaryimage\",\"url\":\"https:\\\/\\\/www.curlynights.com\\\/wp-content\\\/uploads\\\/2023\\\/01\\\/IMG_4753-2-scaled.jpg\",\"contentUrl\":\"https:\\\/\\\/www.curlynights.com\\\/wp-content\\\/uploads\\\/2023\\\/01\\\/IMG_4753-2-scaled.jpg\",\"width\":2048,\"height\":2048,\"caption\":\"taie d'oreiller wax satin r\u00e9versible curly nights RAYON\"},{\"@type\":\"BreadcrumbList\",\"@id\":\"https:\\\/\\\/www.curlynights.com\\\/fr\\\/shop\\\/taie-doreiller-wax-satin-rayon\\\/#breadcrumb\",\"itemListElement\":[{\"@type\":\"ListItem\",\"position\":1,\"name\":\"Startseite\",\"item\":\"https:\\\/\\\/www.curlynights.com\\\/fr\\\/\"},{\"@type\":\"ListItem\",\"position\":2,\"name\":\"Boutique\",\"item\":\"https:\\\/\\\/www.curlynights.com\\\/fr\\\/boutique\\\/\"},{\"@type\":\"ListItem\",\"position\":3,\"name\":\"Taie d&#8217;oreiller Wax \\\/ Satin RAYON\"}]},{\"@type\":\"WebSite\",\"@id\":\"https:\\\/\\\/www.curlynights.com\\\/fr\\\/#website\",\"url\":\"https:\\\/\\\/www.curlynights.com\\\/fr\\\/\",\"name\":\"Curly Nights\",\"description\":\"Bonnets de nuit, de soin et taies d&#039;oreiller en wax et satin\",\"publisher\":{\"@id\":\"https:\\\/\\\/www.curlynights.com\\\/fr\\\/#organization\"},\"potentialAction\":[{\"@type\":\"SearchAction\",\"target\":{\"@type\":\"EntryPoint\",\"urlTemplate\":\"https:\\\/\\\/www.curlynights.com\\\/fr\\\/?s={search_term_string}\"},\"query-input\":{\"@type\":\"PropertyValueSpecification\",\"valueRequired\":true,\"valueName\":\"search_term_string\"}}],\"inLanguage\":\"fr-FR\"},{\"@type\":\"Organization\",\"@id\":\"https:\\\/\\\/www.curlynights.com\\\/fr\\\/#organization\",\"name\":\"Curly Nights\",\"url\":\"https:\\\/\\\/www.curlynights.com\\\/fr\\\/\",\"logo\":{\"@type\":\"ImageObject\",\"inLanguage\":\"fr-FR\",\"@id\":\"https:\\\/\\\/www.curlynights.com\\\/fr\\\/#\\\/schema\\\/logo\\\/image\\\/\",\"url\":\"https:\\\/\\\/www.curlynights.com\\\/wp-content\\\/uploads\\\/2018\\\/08\\\/cropped-LOGO-GLYNNIS.png\",\"contentUrl\":\"https:\\\/\\\/www.curlynights.com\\\/wp-content\\\/uploads\\\/2018\\\/08\\\/cropped-LOGO-GLYNNIS.png\",\"width\":1024,\"height\":276,\"caption\":\"Curly Nights\"},\"image\":{\"@id\":\"https:\\\/\\\/www.curlynights.com\\\/fr\\\/#\\\/schema\\\/logo\\\/image\\\/\"}}]}<\/script>\n<!-- \/ Yoast SEO plugin. -->","yoast_head_json":{"title":"Taie d'oreiller Wax \/ Satin RAYON &#8902; Curly Nights","description":"Avec la taie d4oreiller Curly Nights, dormez sur le c\u00f4t\u00e9 satin pour prot\u00e9ger vos cheveux et offrez \u00e0 votre chambre une d\u00e9co tendance avec le c\u00f4t\u00e9 wax !","robots":{"index":"index","follow":"follow","max-snippet":"max-snippet:-1","max-image-preview":"max-image-preview:large","max-video-preview":"max-video-preview:-1"},"canonical":"https:\/\/www.curlynights.com\/fr\/shop\/taie-doreiller-wax-satin-rayon\/","og_locale":"fr_FR","og_type":"article","og_title":"Taie d'oreiller Wax \/ Satin RAYON &#8902; Curly Nights","og_description":"Avec la taie d4oreiller Curly Nights, dormez sur le c\u00f4t\u00e9 satin pour prot\u00e9ger vos cheveux et offrez \u00e0 votre chambre une d\u00e9co tendance avec le c\u00f4t\u00e9 wax !","og_url":"https:\/\/www.curlynights.com\/fr\/shop\/taie-doreiller-wax-satin-rayon\/","og_site_name":"Curly Nights","article_modified_time":"2024-12-08T22:54:06+00:00","og_image":[{"width":2048,"height":2048,"url":"https:\/\/www.curlynights.com\/wp-content\/uploads\/2023\/01\/IMG_4753-2-scaled.jpg","type":"image\/jpeg"}],"twitter_card":"summary_large_image","twitter_misc":{"Dur\u00e9e de lecture estim\u00e9e":"1 minute"},"schema":{"@context":"https:\/\/schema.org","@graph":[{"@type":"WebPage","@id":"https:\/\/www.curlynights.com\/fr\/shop\/taie-doreiller-wax-satin-rayon\/","url":"https:\/\/www.curlynights.com\/fr\/shop\/taie-doreiller-wax-satin-rayon\/","name":"Taie d'oreiller Wax \/ Satin RAYON &#8902; Curly Nights","isPartOf":{"@id":"https:\/\/www.curlynights.com\/fr\/#website"},"primaryImageOfPage":{"@id":"https:\/\/www.curlynights.com\/fr\/shop\/taie-doreiller-wax-satin-rayon\/#primaryimage"},"image":{"@id":"https:\/\/www.curlynights.com\/fr\/shop\/taie-doreiller-wax-satin-rayon\/#primaryimage"},"thumbnailUrl":"https:\/\/www.curlynights.com\/wp-content\/uploads\/2023\/01\/IMG_4753-2-scaled.jpg","datePublished":"2023-01-29T17:08:25+00:00","dateModified":"2024-12-08T22:54:06+00:00","description":"Avec la taie d4oreiller Curly Nights, dormez sur le c\u00f4t\u00e9 satin pour prot\u00e9ger vos cheveux et offrez \u00e0 votre chambre une d\u00e9co tendance avec le c\u00f4t\u00e9 wax !","breadcrumb":{"@id":"https:\/\/www.curlynights.com\/fr\/shop\/taie-doreiller-wax-satin-rayon\/#breadcrumb"},"inLanguage":"fr-FR","potentialAction":[{"@type":"ReadAction","target":["https:\/\/www.curlynights.com\/fr\/shop\/taie-doreiller-wax-satin-rayon\/"]}]},{"@type":"ImageObject","inLanguage":"fr-FR","@id":"https:\/\/www.curlynights.com\/fr\/shop\/taie-doreiller-wax-satin-rayon\/#primaryimage","url":"https:\/\/www.curlynights.com\/wp-content\/uploads\/2023\/01\/IMG_4753-2-scaled.jpg","contentUrl":"https:\/\/www.curlynights.com\/wp-content\/uploads\/2023\/01\/IMG_4753-2-scaled.jpg","width":2048,"height":2048,"caption":"taie d'oreiller wax satin r\u00e9versible curly nights RAYON"},{"@type":"BreadcrumbList","@id":"https:\/\/www.curlynights.com\/fr\/shop\/taie-doreiller-wax-satin-rayon\/#breadcrumb","itemListElement":[{"@type":"ListItem","position":1,"name":"Startseite","item":"https:\/\/www.curlynights.com\/fr\/"},{"@type":"ListItem","position":2,"name":"Boutique","item":"https:\/\/www.curlynights.com\/fr\/boutique\/"},{"@type":"ListItem","position":3,"name":"Taie d&#8217;oreiller Wax \/ Satin RAYON"}]},{"@type":"WebSite","@id":"https:\/\/www.curlynights.com\/fr\/#website","url":"https:\/\/www.curlynights.com\/fr\/","name":"Curly Nights","description":"Bonnets de nuit, de soin et taies d&#039;oreiller en wax et satin","publisher":{"@id":"https:\/\/www.curlynights.com\/fr\/#organization"},"potentialAction":[{"@type":"SearchAction","target":{"@type":"EntryPoint","urlTemplate":"https:\/\/www.curlynights.com\/fr\/?s={search_term_string}"},"query-input":{"@type":"PropertyValueSpecification","valueRequired":true,"valueName":"search_term_string"}}],"inLanguage":"fr-FR"},{"@type":"Organization","@id":"https:\/\/www.curlynights.com\/fr\/#organization","name":"Curly Nights","url":"https:\/\/www.curlynights.com\/fr\/","logo":{"@type":"ImageObject","inLanguage":"fr-FR","@id":"https:\/\/www.curlynights.com\/fr\/#\/schema\/logo\/image\/","url":"https:\/\/www.curlynights.com\/wp-content\/uploads\/2018\/08\/cropped-LOGO-GLYNNIS.png","contentUrl":"https:\/\/www.curlynights.com\/wp-content\/uploads\/2018\/08\/cropped-LOGO-GLYNNIS.png","width":1024,"height":276,"caption":"Curly Nights"},"image":{"@id":"https:\/\/www.curlynights.com\/fr\/#\/schema\/logo\/image\/"}}]}},"_links":{"self":[{"href":"https:\/\/www.curlynights.com\/fr\/wp-json\/wp\/v2\/product\/12389","targetHints":{"allow":["GET"]}}],"collection":[{"href":"https:\/\/www.curlynights.com\/fr\/wp-json\/wp\/v2\/product"}],"about":[{"href":"https:\/\/www.curlynights.com\/fr\/wp-json\/wp\/v2\/types\/product"}],"wp:featuredmedia":[{"embeddable":true,"href":"https:\/\/www.curlynights.com\/fr\/wp-json\/wp\/v2\/media\/12420"}],"wp:attachment":[{"href":"https:\/\/www.curlynights.com\/fr\/wp-json\/wp\/v2\/media?parent=12389"}],"wp:term":[{"taxonomy":"product_brand","embeddable":true,"href":"https:\/\/www.curlynights.com\/fr\/wp-json\/wp\/v2\/product_brand?post=12389"},{"taxonomy":"product_cat","embeddable":true,"href":"https:\/\/www.curlynights.com\/fr\/wp-json\/wp\/v2\/product_cat?post=12389"},{"taxonomy":"product_tag","embeddable":true,"href":"https:\/\/www.curlynights.com\/fr\/wp-json\/wp\/v2\/product_tag?post=12389"}],"curies":[{"name":"wp","href":"https:\/\/api.w.org\/{rel}","templated":true}]}}