{"id":11261,"date":"2021-11-28T18:23:07","date_gmt":"2021-11-28T17:23:07","guid":{"rendered":"https:\/\/www.curlynights.com\/?post_type=product&#038;p=11261"},"modified":"2023-02-21T00:11:30","modified_gmt":"2023-02-20T23:11:30","slug":"beanie-interieur-satin-gris","status":"publish","type":"product","link":"https:\/\/www.curlynights.com\/fr\/shop\/beanie-interieur-satin-gris\/","title":{"rendered":"Beanie Int\u00e9rieur Satin &#8211; Gris"},"content":{"rendered":"","protected":false},"excerpt":{"rendered":"<ul>\n<li>Parfait pour les jours de grand froid<\/li>\n<li>L\u00e9ger et agr\u00e9able \u00e0 porter<\/li>\n<li>R\u00e9duit l&rsquo;\u00e9lectricit\u00e9 statique<\/li>\n<li>Revers mobile pour r\u00e9gler la taille<\/li>\n<li>Pour les boucles libres, les coiffures protectrices ou un petit afro<\/li>\n<li>Unisexe<\/li>\n<li>Jersey flexible et doux (50% viscose, 25% polyester, 25% polyamide)<\/li>\n<li>Doublure en satin 100% polyester<\/li>\n<li>Lavable en machine \u00e0 30\u00b0C<\/li>\n<li>Fait main en France dans notre atelier lyonnais<\/li>\n<\/ul>\n","protected":false},"featured_media":11241,"template":"","meta":[],"product_brand":[],"product_cat":[123],"product_tag":[],"class_list":{"0":"post-11261","1":"product","2":"type-product","3":"status-publish","4":"has-post-thumbnail","6":"product_cat-beanie-bonnet-hiver-interieur-satin","8":"first","9":"instock","10":"purchasable","11":"product-type-simple"},"yoast_head":"<!-- This site is optimized with the Yoast SEO plugin v27.4 - https:\/\/yoast.com\/product\/yoast-seo-wordpress\/ -->\n<title>Beanie Int\u00e9rieur Satin - Gris &#8902; Curly Nights<\/title>\n<meta name=\"description\" content=\"Adoptez le beanie doubl\u00e9 en satin Curly Nights pour des oreilles au chaud et des boucles au top tout l&#039;hiver !\" \/>\n<meta name=\"robots\" content=\"index, follow, max-snippet:-1, max-image-preview:large, max-video-preview:-1\" \/>\n<link rel=\"canonical\" href=\"https:\/\/www.curlynights.com\/fr\/shop\/beanie-interieur-satin-gris\/\" \/>\n<meta property=\"og:locale\" content=\"fr_FR\" \/>\n<meta property=\"og:type\" content=\"article\" \/>\n<meta property=\"og:title\" content=\"Beanie Int\u00e9rieur Satin - Gris &#8902; Curly Nights\" \/>\n<meta property=\"og:description\" content=\"Adoptez le beanie doubl\u00e9 en satin Curly Nights pour des oreilles au chaud et des boucles au top tout l&#039;hiver !\" \/>\n<meta property=\"og:url\" content=\"https:\/\/www.curlynights.com\/fr\/shop\/beanie-interieur-satin-gris\/\" \/>\n<meta property=\"og:site_name\" content=\"Curly Nights\" \/>\n<meta property=\"article:modified_time\" content=\"2023-02-20T23:11:30+00:00\" \/>\n<meta property=\"og:image\" content=\"https:\/\/www.curlynights.com\/wp-content\/uploads\/2021\/11\/2021-78-16-4.jpg\" \/>\n\t<meta property=\"og:image:width\" content=\"1024\" \/>\n\t<meta property=\"og:image:height\" content=\"1024\" \/>\n\t<meta property=\"og:image:type\" content=\"image\/jpeg\" \/>\n<meta name=\"twitter:card\" content=\"summary_large_image\" \/>\n<script type=\"application\/ld+json\" class=\"yoast-schema-graph\">{\"@context\":\"https:\\\/\\\/schema.org\",\"@graph\":[{\"@type\":\"WebPage\",\"@id\":\"https:\\\/\\\/www.curlynights.com\\\/fr\\\/shop\\\/beanie-interieur-satin-gris\\\/\",\"url\":\"https:\\\/\\\/www.curlynights.com\\\/fr\\\/shop\\\/beanie-interieur-satin-gris\\\/\",\"name\":\"Beanie Int\u00e9rieur Satin - Gris &#8902; Curly Nights\",\"isPartOf\":{\"@id\":\"https:\\\/\\\/www.curlynights.com\\\/fr\\\/#website\"},\"primaryImageOfPage\":{\"@id\":\"https:\\\/\\\/www.curlynights.com\\\/fr\\\/shop\\\/beanie-interieur-satin-gris\\\/#primaryimage\"},\"image\":{\"@id\":\"https:\\\/\\\/www.curlynights.com\\\/fr\\\/shop\\\/beanie-interieur-satin-gris\\\/#primaryimage\"},\"thumbnailUrl\":\"https:\\\/\\\/www.curlynights.com\\\/wp-content\\\/uploads\\\/2021\\\/11\\\/2021-78-16-4.jpg\",\"datePublished\":\"2021-11-28T17:23:07+00:00\",\"dateModified\":\"2023-02-20T23:11:30+00:00\",\"description\":\"Adoptez le beanie doubl\u00e9 en satin Curly Nights pour des oreilles au chaud et des boucles au top tout l'hiver !\",\"breadcrumb\":{\"@id\":\"https:\\\/\\\/www.curlynights.com\\\/fr\\\/shop\\\/beanie-interieur-satin-gris\\\/#breadcrumb\"},\"inLanguage\":\"fr-FR\",\"potentialAction\":[{\"@type\":\"ReadAction\",\"target\":[\"https:\\\/\\\/www.curlynights.com\\\/fr\\\/shop\\\/beanie-interieur-satin-gris\\\/\"]}]},{\"@type\":\"ImageObject\",\"inLanguage\":\"fr-FR\",\"@id\":\"https:\\\/\\\/www.curlynights.com\\\/fr\\\/shop\\\/beanie-interieur-satin-gris\\\/#primaryimage\",\"url\":\"https:\\\/\\\/www.curlynights.com\\\/wp-content\\\/uploads\\\/2021\\\/11\\\/2021-78-16-4.jpg\",\"contentUrl\":\"https:\\\/\\\/www.curlynights.com\\\/wp-content\\\/uploads\\\/2021\\\/11\\\/2021-78-16-4.jpg\",\"width\":1024,\"height\":1024,\"caption\":\"bonnet d'hiver beanie doublure satin homme femme gris curly nights\"},{\"@type\":\"BreadcrumbList\",\"@id\":\"https:\\\/\\\/www.curlynights.com\\\/fr\\\/shop\\\/beanie-interieur-satin-gris\\\/#breadcrumb\",\"itemListElement\":[{\"@type\":\"ListItem\",\"position\":1,\"name\":\"Startseite\",\"item\":\"https:\\\/\\\/www.curlynights.com\\\/fr\\\/\"},{\"@type\":\"ListItem\",\"position\":2,\"name\":\"Boutique\",\"item\":\"https:\\\/\\\/www.curlynights.com\\\/fr\\\/boutique\\\/\"},{\"@type\":\"ListItem\",\"position\":3,\"name\":\"Beanie Int\u00e9rieur Satin &#8211; Gris\"}]},{\"@type\":\"WebSite\",\"@id\":\"https:\\\/\\\/www.curlynights.com\\\/fr\\\/#website\",\"url\":\"https:\\\/\\\/www.curlynights.com\\\/fr\\\/\",\"name\":\"Curly Nights\",\"description\":\"Bonnets de nuit, de soin et taies d&#039;oreiller en wax et satin\",\"publisher\":{\"@id\":\"https:\\\/\\\/www.curlynights.com\\\/fr\\\/#organization\"},\"potentialAction\":[{\"@type\":\"SearchAction\",\"target\":{\"@type\":\"EntryPoint\",\"urlTemplate\":\"https:\\\/\\\/www.curlynights.com\\\/fr\\\/?s={search_term_string}\"},\"query-input\":{\"@type\":\"PropertyValueSpecification\",\"valueRequired\":true,\"valueName\":\"search_term_string\"}}],\"inLanguage\":\"fr-FR\"},{\"@type\":\"Organization\",\"@id\":\"https:\\\/\\\/www.curlynights.com\\\/fr\\\/#organization\",\"name\":\"Curly Nights\",\"url\":\"https:\\\/\\\/www.curlynights.com\\\/fr\\\/\",\"logo\":{\"@type\":\"ImageObject\",\"inLanguage\":\"fr-FR\",\"@id\":\"https:\\\/\\\/www.curlynights.com\\\/fr\\\/#\\\/schema\\\/logo\\\/image\\\/\",\"url\":\"https:\\\/\\\/www.curlynights.com\\\/wp-content\\\/uploads\\\/2018\\\/08\\\/cropped-LOGO-GLYNNIS.png\",\"contentUrl\":\"https:\\\/\\\/www.curlynights.com\\\/wp-content\\\/uploads\\\/2018\\\/08\\\/cropped-LOGO-GLYNNIS.png\",\"width\":1024,\"height\":276,\"caption\":\"Curly Nights\"},\"image\":{\"@id\":\"https:\\\/\\\/www.curlynights.com\\\/fr\\\/#\\\/schema\\\/logo\\\/image\\\/\"}}]}<\/script>\n<!-- \/ Yoast SEO plugin. -->","yoast_head_json":{"title":"Beanie Int\u00e9rieur Satin - Gris &#8902; Curly Nights","description":"Adoptez le beanie doubl\u00e9 en satin Curly Nights pour des oreilles au chaud et des boucles au top tout l'hiver !","robots":{"index":"index","follow":"follow","max-snippet":"max-snippet:-1","max-image-preview":"max-image-preview:large","max-video-preview":"max-video-preview:-1"},"canonical":"https:\/\/www.curlynights.com\/fr\/shop\/beanie-interieur-satin-gris\/","og_locale":"fr_FR","og_type":"article","og_title":"Beanie Int\u00e9rieur Satin - Gris &#8902; Curly Nights","og_description":"Adoptez le beanie doubl\u00e9 en satin Curly Nights pour des oreilles au chaud et des boucles au top tout l'hiver !","og_url":"https:\/\/www.curlynights.com\/fr\/shop\/beanie-interieur-satin-gris\/","og_site_name":"Curly Nights","article_modified_time":"2023-02-20T23:11:30+00:00","og_image":[{"width":1024,"height":1024,"url":"https:\/\/www.curlynights.com\/wp-content\/uploads\/2021\/11\/2021-78-16-4.jpg","type":"image\/jpeg"}],"twitter_card":"summary_large_image","schema":{"@context":"https:\/\/schema.org","@graph":[{"@type":"WebPage","@id":"https:\/\/www.curlynights.com\/fr\/shop\/beanie-interieur-satin-gris\/","url":"https:\/\/www.curlynights.com\/fr\/shop\/beanie-interieur-satin-gris\/","name":"Beanie Int\u00e9rieur Satin - Gris &#8902; Curly Nights","isPartOf":{"@id":"https:\/\/www.curlynights.com\/fr\/#website"},"primaryImageOfPage":{"@id":"https:\/\/www.curlynights.com\/fr\/shop\/beanie-interieur-satin-gris\/#primaryimage"},"image":{"@id":"https:\/\/www.curlynights.com\/fr\/shop\/beanie-interieur-satin-gris\/#primaryimage"},"thumbnailUrl":"https:\/\/www.curlynights.com\/wp-content\/uploads\/2021\/11\/2021-78-16-4.jpg","datePublished":"2021-11-28T17:23:07+00:00","dateModified":"2023-02-20T23:11:30+00:00","description":"Adoptez le beanie doubl\u00e9 en satin Curly Nights pour des oreilles au chaud et des boucles au top tout l'hiver !","breadcrumb":{"@id":"https:\/\/www.curlynights.com\/fr\/shop\/beanie-interieur-satin-gris\/#breadcrumb"},"inLanguage":"fr-FR","potentialAction":[{"@type":"ReadAction","target":["https:\/\/www.curlynights.com\/fr\/shop\/beanie-interieur-satin-gris\/"]}]},{"@type":"ImageObject","inLanguage":"fr-FR","@id":"https:\/\/www.curlynights.com\/fr\/shop\/beanie-interieur-satin-gris\/#primaryimage","url":"https:\/\/www.curlynights.com\/wp-content\/uploads\/2021\/11\/2021-78-16-4.jpg","contentUrl":"https:\/\/www.curlynights.com\/wp-content\/uploads\/2021\/11\/2021-78-16-4.jpg","width":1024,"height":1024,"caption":"bonnet d'hiver beanie doublure satin homme femme gris curly nights"},{"@type":"BreadcrumbList","@id":"https:\/\/www.curlynights.com\/fr\/shop\/beanie-interieur-satin-gris\/#breadcrumb","itemListElement":[{"@type":"ListItem","position":1,"name":"Startseite","item":"https:\/\/www.curlynights.com\/fr\/"},{"@type":"ListItem","position":2,"name":"Boutique","item":"https:\/\/www.curlynights.com\/fr\/boutique\/"},{"@type":"ListItem","position":3,"name":"Beanie Int\u00e9rieur Satin &#8211; Gris"}]},{"@type":"WebSite","@id":"https:\/\/www.curlynights.com\/fr\/#website","url":"https:\/\/www.curlynights.com\/fr\/","name":"Curly Nights","description":"Bonnets de nuit, de soin et taies d&#039;oreiller en wax et satin","publisher":{"@id":"https:\/\/www.curlynights.com\/fr\/#organization"},"potentialAction":[{"@type":"SearchAction","target":{"@type":"EntryPoint","urlTemplate":"https:\/\/www.curlynights.com\/fr\/?s={search_term_string}"},"query-input":{"@type":"PropertyValueSpecification","valueRequired":true,"valueName":"search_term_string"}}],"inLanguage":"fr-FR"},{"@type":"Organization","@id":"https:\/\/www.curlynights.com\/fr\/#organization","name":"Curly Nights","url":"https:\/\/www.curlynights.com\/fr\/","logo":{"@type":"ImageObject","inLanguage":"fr-FR","@id":"https:\/\/www.curlynights.com\/fr\/#\/schema\/logo\/image\/","url":"https:\/\/www.curlynights.com\/wp-content\/uploads\/2018\/08\/cropped-LOGO-GLYNNIS.png","contentUrl":"https:\/\/www.curlynights.com\/wp-content\/uploads\/2018\/08\/cropped-LOGO-GLYNNIS.png","width":1024,"height":276,"caption":"Curly Nights"},"image":{"@id":"https:\/\/www.curlynights.com\/fr\/#\/schema\/logo\/image\/"}}]}},"_links":{"self":[{"href":"https:\/\/www.curlynights.com\/fr\/wp-json\/wp\/v2\/product\/11261","targetHints":{"allow":["GET"]}}],"collection":[{"href":"https:\/\/www.curlynights.com\/fr\/wp-json\/wp\/v2\/product"}],"about":[{"href":"https:\/\/www.curlynights.com\/fr\/wp-json\/wp\/v2\/types\/product"}],"wp:featuredmedia":[{"embeddable":true,"href":"https:\/\/www.curlynights.com\/fr\/wp-json\/wp\/v2\/media\/11241"}],"wp:attachment":[{"href":"https:\/\/www.curlynights.com\/fr\/wp-json\/wp\/v2\/media?parent=11261"}],"wp:term":[{"taxonomy":"product_brand","embeddable":true,"href":"https:\/\/www.curlynights.com\/fr\/wp-json\/wp\/v2\/product_brand?post=11261"},{"taxonomy":"product_cat","embeddable":true,"href":"https:\/\/www.curlynights.com\/fr\/wp-json\/wp\/v2\/product_cat?post=11261"},{"taxonomy":"product_tag","embeddable":true,"href":"https:\/\/www.curlynights.com\/fr\/wp-json\/wp\/v2\/product_tag?post=11261"}],"curies":[{"name":"wp","href":"https:\/\/api.w.org\/{rel}","templated":true}]}}