{"id":10618,"date":"2021-06-13T16:37:29","date_gmt":"2021-06-13T14:37:30","guid":{"rendered":"https:\/\/www.curlynights.com\/?post_type=product&#038;p=10618"},"modified":"2022-04-07T13:29:05","modified_gmt":"2022-04-07T11:29:05","slug":"turban-en-satin-jour-nuit-miroir-dore","status":"publish","type":"product","link":"https:\/\/www.curlynights.com\/fr\/shop\/turban-en-satin-jour-nuit-miroir-dore\/","title":{"rendered":"Turban en satin jour\/nuit MIROIR DOR\u00c9"},"content":{"rendered":"<p><strong>Mode d&#8217;emploi :\u00a0<\/strong><\/p>\n<ol>\n<li>Placer tous les cheveux dans le bonnet. S&rsquo;ils sont longs et boucl\u00e9s, vous pouvez le faire t\u00eate en bas comme lors d&rsquo;un plopping.<\/li>\n<li>Tirez les bandes de tissu vers l&rsquo;avant et croisez-les en ajustant \u00e0 votre tour de t\u00eate. Apr\u00e8s cette \u00e9tape, le turban en satin tient tout seul.<\/li>\n<li>Mettez les bandes de tissu en forme pour cr\u00e9er un noeud, une boucle ou ce que vous voudrez ! Gr\u00e2ce \u00e0 la tige flexible, votre cr\u00e9ation restera bien en place.<\/li>\n<\/ol>\n<p>Astuce 1 : les noeuds r\u00e9alis\u00e9s au hasard sont souvent les plus r\u00e9ussis. Ne cherchez pas \u00e0 imiter un noeud vu en photo ou sur quelau&rsquo;un d&rsquo;autre. Laissez libre cours \u00e0 votre cr\u00e9ativit\u00e9 ou froissez simplement les tiges et regardez ce que \u00e7a donne ! Il suffit de tirer sur la tige pour cr\u00e9er un nouveau style si vous avez envie de changer. Vous pouvez aussi laisser le noeud tout fait pour les prochaines fois et utiliser uniqument l&rsquo;\u00e9lastique pour mettre et retirer le foulard.<\/p>\n<p>Astuce 2 : si vous avez peu de volume (cheveux fins, courts, coiff\u00e9s en tresses ou twists), rabattez le pan de tissu vers le haut (comme sur les photos) et rentrez l&rsquo;exc\u00e9dent de tissu \u00e0 l&rsquo;int\u00e9rieur. Si vous avez un gros volume, par exemple un afro ou de longues boucles \u00e9paisses, rabattez le tissu vers le bas pour augmenter la taille du bonnet.<\/p>\n<p>Astuce 3 : pour les cheveux ondul\u00e9s dont les boucles ont tendance \u00e0 se d\u00e9tendre facilement, comprimez-les au maximum pour dormir afin de conserver leur forme. Il suffit de rentrer l&rsquo;exc\u00e9dent de tissu dans le rebord du turban et de bien le serrer avec la tige flexible.<\/p>\n<p><strong>Entretien :\u00a0<\/strong><\/p>\n<p>Laver en machine au cycle d\u00e9licat \u00e0 30 degr\u00e9s ou \u00e0 la main. Il est possible de retirer la tige.<\/p>\n","protected":false},"excerpt":{"rendered":"<p>L&rsquo;accessoire parfait pour prot\u00e9ger vos cheveux la nuit avec style et boire un verre en terrasse cet \u00e9t\u00e9 !<\/p>\n<p>En satin \u00e0 l&rsquo;int\u00e9rieur, ce foulard de nuit vous aide \u00e0 conserver l&rsquo;hydratation de vos cheveux la nuit, \u00e0 conserver la d\u00e9finition de vos boucles et \u00e0 vous coiffer plus rapidement le matin.<\/p>\n<p>Vos boucles sont un peu d\u00e9fra\u00eechies en fin de semaine, ou alors vous manquez de temps pour d\u00e9faire la coiffure protectrice r\u00e9alis\u00e9e sur vos cheveux cr\u00e9pus ? Utilisez le turban pour r\u00e9aliser en deux minutes une coiffure originale et styl\u00e9e, ni vu ni connu !<\/p>\n<ul>\n<li>facile \u00e0 enfiler gr\u00e2ce \u00e0 la partie \u00e9lastiqu\u00e9e<\/li>\n<li>r\u00e9glable au niveau du tour de t\u00eate gr\u00e2ce \u00e0 la tige flexible<\/li>\n<li>rebord en tissu \u00e0 rabattre vers le haut ou le bas en fonction du volume de cheveux<\/li>\n<li>fabrication artisanale \u00e0 Lyon<\/li>\n<\/ul>\n","protected":false},"featured_media":10541,"template":"","meta":[],"product_brand":[],"product_cat":[120],"product_tag":[],"class_list":{"0":"post-10618","1":"product","2":"type-product","3":"status-publish","4":"has-post-thumbnail","6":"product_cat-turban-satin-foulard","8":"first","9":"outofstock","10":"purchasable","11":"product-type-simple"},"yoast_head":"<!-- This site is optimized with the Yoast SEO plugin v27.5 - https:\/\/yoast.com\/product\/yoast-seo-wordpress\/ -->\n<title>Turban en satin jour\/nuit MIROIR DOR\u00c9 &#8902; Curly Nights<\/title>\n<meta name=\"description\" content=\"Le turban foulard en satin de Curly Nights : un seul accessoire pour prot\u00e9ger les cheveux boucl\u00e9s et cr\u00e9pus avec style de jour comme de nuit !\" \/>\n<meta name=\"robots\" content=\"index, follow, max-snippet:-1, max-image-preview:large, max-video-preview:-1\" \/>\n<link rel=\"canonical\" href=\"https:\/\/www.curlynights.com\/fr\/shop\/turban-en-satin-jour-nuit-miroir-dore\/\" \/>\n<meta property=\"og:locale\" content=\"fr_FR\" \/>\n<meta property=\"og:type\" content=\"article\" \/>\n<meta property=\"og:title\" content=\"Turban en satin jour\/nuit MIROIR DOR\u00c9 &#8902; Curly Nights\" \/>\n<meta property=\"og:description\" content=\"Le turban foulard en satin de Curly Nights : un seul accessoire pour prot\u00e9ger les cheveux boucl\u00e9s et cr\u00e9pus avec style de jour comme de nuit !\" \/>\n<meta property=\"og:url\" content=\"https:\/\/www.curlynights.com\/fr\/shop\/turban-en-satin-jour-nuit-miroir-dore\/\" \/>\n<meta property=\"og:site_name\" content=\"Curly Nights\" \/>\n<meta property=\"article:modified_time\" content=\"2022-04-07T11:29:05+00:00\" \/>\n<meta property=\"og:image\" content=\"https:\/\/i0.wp.com\/www.curlynights.com\/wp-content\/uploads\/2021\/06\/2021-68-5-2.jpg?fit=1024%2C1024&ssl=1\" \/>\n\t<meta property=\"og:image:width\" content=\"1024\" \/>\n\t<meta property=\"og:image:height\" content=\"1024\" \/>\n\t<meta property=\"og:image:type\" content=\"image\/jpeg\" \/>\n<meta name=\"twitter:card\" content=\"summary_large_image\" \/>\n<meta name=\"twitter:label1\" content=\"Dur\u00e9e de lecture estim\u00e9e\" \/>\n\t<meta name=\"twitter:data1\" content=\"2 minutes\" \/>\n<script type=\"application\/ld+json\" class=\"yoast-schema-graph\">{\"@context\":\"https:\\\/\\\/schema.org\",\"@graph\":[{\"@type\":\"WebPage\",\"@id\":\"https:\\\/\\\/www.curlynights.com\\\/fr\\\/shop\\\/turban-en-satin-jour-nuit-miroir-dore\\\/\",\"url\":\"https:\\\/\\\/www.curlynights.com\\\/fr\\\/shop\\\/turban-en-satin-jour-nuit-miroir-dore\\\/\",\"name\":\"Turban en satin jour\\\/nuit MIROIR DOR\u00c9 &#8902; Curly Nights\",\"isPartOf\":{\"@id\":\"https:\\\/\\\/www.curlynights.com\\\/fr\\\/#website\"},\"primaryImageOfPage\":{\"@id\":\"https:\\\/\\\/www.curlynights.com\\\/fr\\\/shop\\\/turban-en-satin-jour-nuit-miroir-dore\\\/#primaryimage\"},\"image\":{\"@id\":\"https:\\\/\\\/www.curlynights.com\\\/fr\\\/shop\\\/turban-en-satin-jour-nuit-miroir-dore\\\/#primaryimage\"},\"thumbnailUrl\":\"https:\\\/\\\/www.curlynights.com\\\/wp-content\\\/uploads\\\/2021\\\/06\\\/2021-68-5-2.jpg\",\"datePublished\":\"2021-06-13T14:37:30+00:00\",\"dateModified\":\"2022-04-07T11:29:05+00:00\",\"description\":\"Le turban foulard en satin de Curly Nights : un seul accessoire pour prot\u00e9ger les cheveux boucl\u00e9s et cr\u00e9pus avec style de jour comme de nuit !\",\"breadcrumb\":{\"@id\":\"https:\\\/\\\/www.curlynights.com\\\/fr\\\/shop\\\/turban-en-satin-jour-nuit-miroir-dore\\\/#breadcrumb\"},\"inLanguage\":\"fr-FR\",\"potentialAction\":[{\"@type\":\"ReadAction\",\"target\":[\"https:\\\/\\\/www.curlynights.com\\\/fr\\\/shop\\\/turban-en-satin-jour-nuit-miroir-dore\\\/\"]}]},{\"@type\":\"ImageObject\",\"inLanguage\":\"fr-FR\",\"@id\":\"https:\\\/\\\/www.curlynights.com\\\/fr\\\/shop\\\/turban-en-satin-jour-nuit-miroir-dore\\\/#primaryimage\",\"url\":\"https:\\\/\\\/www.curlynights.com\\\/wp-content\\\/uploads\\\/2021\\\/06\\\/2021-68-5-2.jpg\",\"contentUrl\":\"https:\\\/\\\/www.curlynights.com\\\/wp-content\\\/uploads\\\/2021\\\/06\\\/2021-68-5-2.jpg\",\"width\":1024,\"height\":1024,\"caption\":\"turban satin foulard curly nights miroir dor\u00e9\"},{\"@type\":\"BreadcrumbList\",\"@id\":\"https:\\\/\\\/www.curlynights.com\\\/fr\\\/shop\\\/turban-en-satin-jour-nuit-miroir-dore\\\/#breadcrumb\",\"itemListElement\":[{\"@type\":\"ListItem\",\"position\":1,\"name\":\"Startseite\",\"item\":\"https:\\\/\\\/www.curlynights.com\\\/fr\\\/\"},{\"@type\":\"ListItem\",\"position\":2,\"name\":\"Boutique\",\"item\":\"https:\\\/\\\/www.curlynights.com\\\/fr\\\/boutique\\\/\"},{\"@type\":\"ListItem\",\"position\":3,\"name\":\"Turban en satin jour\\\/nuit MIROIR DOR\u00c9\"}]},{\"@type\":\"WebSite\",\"@id\":\"https:\\\/\\\/www.curlynights.com\\\/fr\\\/#website\",\"url\":\"https:\\\/\\\/www.curlynights.com\\\/fr\\\/\",\"name\":\"Curly Nights\",\"description\":\"Bonnets de nuit, de soin et taies d&#039;oreiller en wax et satin\",\"publisher\":{\"@id\":\"https:\\\/\\\/www.curlynights.com\\\/fr\\\/#organization\"},\"potentialAction\":[{\"@type\":\"SearchAction\",\"target\":{\"@type\":\"EntryPoint\",\"urlTemplate\":\"https:\\\/\\\/www.curlynights.com\\\/fr\\\/?s={search_term_string}\"},\"query-input\":{\"@type\":\"PropertyValueSpecification\",\"valueRequired\":true,\"valueName\":\"search_term_string\"}}],\"inLanguage\":\"fr-FR\"},{\"@type\":\"Organization\",\"@id\":\"https:\\\/\\\/www.curlynights.com\\\/fr\\\/#organization\",\"name\":\"Curly Nights\",\"url\":\"https:\\\/\\\/www.curlynights.com\\\/fr\\\/\",\"logo\":{\"@type\":\"ImageObject\",\"inLanguage\":\"fr-FR\",\"@id\":\"https:\\\/\\\/www.curlynights.com\\\/fr\\\/#\\\/schema\\\/logo\\\/image\\\/\",\"url\":\"https:\\\/\\\/www.curlynights.com\\\/wp-content\\\/uploads\\\/2018\\\/08\\\/cropped-LOGO-GLYNNIS.png\",\"contentUrl\":\"https:\\\/\\\/www.curlynights.com\\\/wp-content\\\/uploads\\\/2018\\\/08\\\/cropped-LOGO-GLYNNIS.png\",\"width\":1024,\"height\":276,\"caption\":\"Curly Nights\"},\"image\":{\"@id\":\"https:\\\/\\\/www.curlynights.com\\\/fr\\\/#\\\/schema\\\/logo\\\/image\\\/\"}}]}<\/script>\n<!-- \/ Yoast SEO plugin. -->","yoast_head_json":{"title":"Turban en satin jour\/nuit MIROIR DOR\u00c9 &#8902; Curly Nights","description":"Le turban foulard en satin de Curly Nights : un seul accessoire pour prot\u00e9ger les cheveux boucl\u00e9s et cr\u00e9pus avec style de jour comme de nuit !","robots":{"index":"index","follow":"follow","max-snippet":"max-snippet:-1","max-image-preview":"max-image-preview:large","max-video-preview":"max-video-preview:-1"},"canonical":"https:\/\/www.curlynights.com\/fr\/shop\/turban-en-satin-jour-nuit-miroir-dore\/","og_locale":"fr_FR","og_type":"article","og_title":"Turban en satin jour\/nuit MIROIR DOR\u00c9 &#8902; Curly Nights","og_description":"Le turban foulard en satin de Curly Nights : un seul accessoire pour prot\u00e9ger les cheveux boucl\u00e9s et cr\u00e9pus avec style de jour comme de nuit !","og_url":"https:\/\/www.curlynights.com\/fr\/shop\/turban-en-satin-jour-nuit-miroir-dore\/","og_site_name":"Curly Nights","article_modified_time":"2022-04-07T11:29:05+00:00","og_image":[{"width":1024,"height":1024,"url":"https:\/\/i0.wp.com\/www.curlynights.com\/wp-content\/uploads\/2021\/06\/2021-68-5-2.jpg?fit=1024%2C1024&ssl=1","type":"image\/jpeg"}],"twitter_card":"summary_large_image","twitter_misc":{"Dur\u00e9e de lecture estim\u00e9e":"2 minutes"},"schema":{"@context":"https:\/\/schema.org","@graph":[{"@type":"WebPage","@id":"https:\/\/www.curlynights.com\/fr\/shop\/turban-en-satin-jour-nuit-miroir-dore\/","url":"https:\/\/www.curlynights.com\/fr\/shop\/turban-en-satin-jour-nuit-miroir-dore\/","name":"Turban en satin jour\/nuit MIROIR DOR\u00c9 &#8902; Curly Nights","isPartOf":{"@id":"https:\/\/www.curlynights.com\/fr\/#website"},"primaryImageOfPage":{"@id":"https:\/\/www.curlynights.com\/fr\/shop\/turban-en-satin-jour-nuit-miroir-dore\/#primaryimage"},"image":{"@id":"https:\/\/www.curlynights.com\/fr\/shop\/turban-en-satin-jour-nuit-miroir-dore\/#primaryimage"},"thumbnailUrl":"https:\/\/www.curlynights.com\/wp-content\/uploads\/2021\/06\/2021-68-5-2.jpg","datePublished":"2021-06-13T14:37:30+00:00","dateModified":"2022-04-07T11:29:05+00:00","description":"Le turban foulard en satin de Curly Nights : un seul accessoire pour prot\u00e9ger les cheveux boucl\u00e9s et cr\u00e9pus avec style de jour comme de nuit !","breadcrumb":{"@id":"https:\/\/www.curlynights.com\/fr\/shop\/turban-en-satin-jour-nuit-miroir-dore\/#breadcrumb"},"inLanguage":"fr-FR","potentialAction":[{"@type":"ReadAction","target":["https:\/\/www.curlynights.com\/fr\/shop\/turban-en-satin-jour-nuit-miroir-dore\/"]}]},{"@type":"ImageObject","inLanguage":"fr-FR","@id":"https:\/\/www.curlynights.com\/fr\/shop\/turban-en-satin-jour-nuit-miroir-dore\/#primaryimage","url":"https:\/\/www.curlynights.com\/wp-content\/uploads\/2021\/06\/2021-68-5-2.jpg","contentUrl":"https:\/\/www.curlynights.com\/wp-content\/uploads\/2021\/06\/2021-68-5-2.jpg","width":1024,"height":1024,"caption":"turban satin foulard curly nights miroir dor\u00e9"},{"@type":"BreadcrumbList","@id":"https:\/\/www.curlynights.com\/fr\/shop\/turban-en-satin-jour-nuit-miroir-dore\/#breadcrumb","itemListElement":[{"@type":"ListItem","position":1,"name":"Startseite","item":"https:\/\/www.curlynights.com\/fr\/"},{"@type":"ListItem","position":2,"name":"Boutique","item":"https:\/\/www.curlynights.com\/fr\/boutique\/"},{"@type":"ListItem","position":3,"name":"Turban en satin jour\/nuit MIROIR DOR\u00c9"}]},{"@type":"WebSite","@id":"https:\/\/www.curlynights.com\/fr\/#website","url":"https:\/\/www.curlynights.com\/fr\/","name":"Curly Nights","description":"Bonnets de nuit, de soin et taies d&#039;oreiller en wax et satin","publisher":{"@id":"https:\/\/www.curlynights.com\/fr\/#organization"},"potentialAction":[{"@type":"SearchAction","target":{"@type":"EntryPoint","urlTemplate":"https:\/\/www.curlynights.com\/fr\/?s={search_term_string}"},"query-input":{"@type":"PropertyValueSpecification","valueRequired":true,"valueName":"search_term_string"}}],"inLanguage":"fr-FR"},{"@type":"Organization","@id":"https:\/\/www.curlynights.com\/fr\/#organization","name":"Curly Nights","url":"https:\/\/www.curlynights.com\/fr\/","logo":{"@type":"ImageObject","inLanguage":"fr-FR","@id":"https:\/\/www.curlynights.com\/fr\/#\/schema\/logo\/image\/","url":"https:\/\/www.curlynights.com\/wp-content\/uploads\/2018\/08\/cropped-LOGO-GLYNNIS.png","contentUrl":"https:\/\/www.curlynights.com\/wp-content\/uploads\/2018\/08\/cropped-LOGO-GLYNNIS.png","width":1024,"height":276,"caption":"Curly Nights"},"image":{"@id":"https:\/\/www.curlynights.com\/fr\/#\/schema\/logo\/image\/"}}]}},"_links":{"self":[{"href":"https:\/\/www.curlynights.com\/fr\/wp-json\/wp\/v2\/product\/10618","targetHints":{"allow":["GET"]}}],"collection":[{"href":"https:\/\/www.curlynights.com\/fr\/wp-json\/wp\/v2\/product"}],"about":[{"href":"https:\/\/www.curlynights.com\/fr\/wp-json\/wp\/v2\/types\/product"}],"wp:featuredmedia":[{"embeddable":true,"href":"https:\/\/www.curlynights.com\/fr\/wp-json\/wp\/v2\/media\/10541"}],"wp:attachment":[{"href":"https:\/\/www.curlynights.com\/fr\/wp-json\/wp\/v2\/media?parent=10618"}],"wp:term":[{"taxonomy":"product_brand","embeddable":true,"href":"https:\/\/www.curlynights.com\/fr\/wp-json\/wp\/v2\/product_brand?post=10618"},{"taxonomy":"product_cat","embeddable":true,"href":"https:\/\/www.curlynights.com\/fr\/wp-json\/wp\/v2\/product_cat?post=10618"},{"taxonomy":"product_tag","embeddable":true,"href":"https:\/\/www.curlynights.com\/fr\/wp-json\/wp\/v2\/product_tag?post=10618"}],"curies":[{"name":"wp","href":"https:\/\/api.w.org\/{rel}","templated":true}]}}