{"id":10234,"date":"2021-05-15T13:15:45","date_gmt":"2021-05-15T11:15:46","guid":{"rendered":"https:\/\/www.curlynights.com\/?post_type=product&#038;p=10234"},"modified":"2025-05-18T15:31:40","modified_gmt":"2025-05-18T13:31:40","slug":"bonnet-wax-satin-elastique-pour-enfant-arlequin","status":"publish","type":"product","link":"https:\/\/www.curlynights.com\/fr\/shop\/bonnet-wax-satin-elastique-pour-enfant-arlequin\/","title":{"rendered":"Bonnet wax\/satin \u00e9lastique pour enfant ARLEQUIN"},"content":{"rendered":"","protected":false},"excerpt":{"rendered":"<p>Le bonnet doubl\u00e9 en satin classique, simple et efficace. Au matin, les cheveux sont plus faciles \u00e0 coiffer et les coiffures protectrices restent jolies plus longtemps. Votre enfant va adorer !<\/p>\n<ul>\n<li>100% coton wax<\/li>\n<li>doublure 100% satin<\/li>\n<li>bordure \u00e9lastique pour tour de t\u00eate d\u00e8s 35 cm<\/li>\n<li>fait main en France, dans notre atelier lyonnais<\/li>\n<\/ul>\n","protected":false},"featured_media":10236,"template":"","meta":[],"product_brand":[],"product_cat":[83],"product_tag":[],"class_list":{"0":"post-10234","1":"product","2":"type-product","3":"status-publish","4":"has-post-thumbnail","6":"product_cat-pour-les-enfants","8":"first","9":"outofstock","10":"purchasable","11":"product-type-simple"},"yoast_head":"<!-- This site is optimized with the Yoast SEO plugin v27.5 - https:\/\/yoast.com\/product\/yoast-seo-wordpress\/ -->\n<title>Bonnet wax\/satin \u00e9lastique pour enfant ARLEQUIN &#8902; Curly Nights<\/title>\n<meta name=\"description\" content=\"Joli bonnet de bonne qualit\u00e9 pour enfants aux cheveux boucl\u00e9s, fris\u00e9s, cr\u00e9pus. Il n&#039;est jamais trop t\u00f4t pour adopter les bons gestes !\" \/>\n<meta name=\"robots\" content=\"index, follow, max-snippet:-1, max-image-preview:large, max-video-preview:-1\" \/>\n<link rel=\"canonical\" href=\"https:\/\/www.curlynights.com\/fr\/shop\/bonnet-wax-satin-elastique-pour-enfant-arlequin\/\" \/>\n<meta property=\"og:locale\" content=\"fr_FR\" \/>\n<meta property=\"og:type\" content=\"article\" \/>\n<meta property=\"og:title\" content=\"Bonnet wax\/satin \u00e9lastique pour enfant ARLEQUIN &#8902; Curly Nights\" \/>\n<meta property=\"og:description\" content=\"Joli bonnet de bonne qualit\u00e9 pour enfants aux cheveux boucl\u00e9s, fris\u00e9s, cr\u00e9pus. Il n&#039;est jamais trop t\u00f4t pour adopter les bons gestes !\" \/>\n<meta property=\"og:url\" content=\"https:\/\/www.curlynights.com\/fr\/shop\/bonnet-wax-satin-elastique-pour-enfant-arlequin\/\" \/>\n<meta property=\"og:site_name\" content=\"Curly Nights\" \/>\n<meta property=\"article:modified_time\" content=\"2025-05-18T13:31:40+00:00\" \/>\n<meta property=\"og:image\" content=\"https:\/\/i2.wp.com\/www.curlynights.com\/wp-content\/uploads\/2021\/05\/2021-33-2-1-k.jpg?fit=1024%2C1024&ssl=1\" \/>\n\t<meta property=\"og:image:width\" content=\"1024\" \/>\n\t<meta property=\"og:image:height\" content=\"1024\" \/>\n\t<meta property=\"og:image:type\" content=\"image\/jpeg\" \/>\n<meta name=\"twitter:card\" content=\"summary_large_image\" \/>\n<script type=\"application\/ld+json\" class=\"yoast-schema-graph\">{\"@context\":\"https:\\\/\\\/schema.org\",\"@graph\":[{\"@type\":\"WebPage\",\"@id\":\"https:\\\/\\\/www.curlynights.com\\\/fr\\\/shop\\\/bonnet-wax-satin-elastique-pour-enfant-arlequin\\\/\",\"url\":\"https:\\\/\\\/www.curlynights.com\\\/fr\\\/shop\\\/bonnet-wax-satin-elastique-pour-enfant-arlequin\\\/\",\"name\":\"Bonnet wax\\\/satin \u00e9lastique pour enfant ARLEQUIN &#8902; Curly Nights\",\"isPartOf\":{\"@id\":\"https:\\\/\\\/www.curlynights.com\\\/fr\\\/#website\"},\"primaryImageOfPage\":{\"@id\":\"https:\\\/\\\/www.curlynights.com\\\/fr\\\/shop\\\/bonnet-wax-satin-elastique-pour-enfant-arlequin\\\/#primaryimage\"},\"image\":{\"@id\":\"https:\\\/\\\/www.curlynights.com\\\/fr\\\/shop\\\/bonnet-wax-satin-elastique-pour-enfant-arlequin\\\/#primaryimage\"},\"thumbnailUrl\":\"https:\\\/\\\/www.curlynights.com\\\/wp-content\\\/uploads\\\/2021\\\/05\\\/2021-33-2-1-k.jpg\",\"datePublished\":\"2021-05-15T11:15:46+00:00\",\"dateModified\":\"2025-05-18T13:31:40+00:00\",\"description\":\"Joli bonnet de bonne qualit\u00e9 pour enfants aux cheveux boucl\u00e9s, fris\u00e9s, cr\u00e9pus. Il n'est jamais trop t\u00f4t pour adopter les bons gestes !\",\"breadcrumb\":{\"@id\":\"https:\\\/\\\/www.curlynights.com\\\/fr\\\/shop\\\/bonnet-wax-satin-elastique-pour-enfant-arlequin\\\/#breadcrumb\"},\"inLanguage\":\"fr-FR\",\"potentialAction\":[{\"@type\":\"ReadAction\",\"target\":[\"https:\\\/\\\/www.curlynights.com\\\/fr\\\/shop\\\/bonnet-wax-satin-elastique-pour-enfant-arlequin\\\/\"]}]},{\"@type\":\"ImageObject\",\"inLanguage\":\"fr-FR\",\"@id\":\"https:\\\/\\\/www.curlynights.com\\\/fr\\\/shop\\\/bonnet-wax-satin-elastique-pour-enfant-arlequin\\\/#primaryimage\",\"url\":\"https:\\\/\\\/www.curlynights.com\\\/wp-content\\\/uploads\\\/2021\\\/05\\\/2021-33-2-1-k.jpg\",\"contentUrl\":\"https:\\\/\\\/www.curlynights.com\\\/wp-content\\\/uploads\\\/2021\\\/05\\\/2021-33-2-1-k.jpg\",\"width\":1024,\"height\":1024,\"caption\":\"Bonnet satin enfant \u00e9lastique ARLEQUIN\"},{\"@type\":\"BreadcrumbList\",\"@id\":\"https:\\\/\\\/www.curlynights.com\\\/fr\\\/shop\\\/bonnet-wax-satin-elastique-pour-enfant-arlequin\\\/#breadcrumb\",\"itemListElement\":[{\"@type\":\"ListItem\",\"position\":1,\"name\":\"Startseite\",\"item\":\"https:\\\/\\\/www.curlynights.com\\\/fr\\\/\"},{\"@type\":\"ListItem\",\"position\":2,\"name\":\"Boutique\",\"item\":\"https:\\\/\\\/www.curlynights.com\\\/fr\\\/boutique\\\/\"},{\"@type\":\"ListItem\",\"position\":3,\"name\":\"Bonnet wax\\\/satin \u00e9lastique pour enfant ARLEQUIN\"}]},{\"@type\":\"WebSite\",\"@id\":\"https:\\\/\\\/www.curlynights.com\\\/fr\\\/#website\",\"url\":\"https:\\\/\\\/www.curlynights.com\\\/fr\\\/\",\"name\":\"Curly Nights\",\"description\":\"Bonnets de nuit, de soin et taies d&#039;oreiller en wax et satin\",\"publisher\":{\"@id\":\"https:\\\/\\\/www.curlynights.com\\\/fr\\\/#organization\"},\"potentialAction\":[{\"@type\":\"SearchAction\",\"target\":{\"@type\":\"EntryPoint\",\"urlTemplate\":\"https:\\\/\\\/www.curlynights.com\\\/fr\\\/?s={search_term_string}\"},\"query-input\":{\"@type\":\"PropertyValueSpecification\",\"valueRequired\":true,\"valueName\":\"search_term_string\"}}],\"inLanguage\":\"fr-FR\"},{\"@type\":\"Organization\",\"@id\":\"https:\\\/\\\/www.curlynights.com\\\/fr\\\/#organization\",\"name\":\"Curly Nights\",\"url\":\"https:\\\/\\\/www.curlynights.com\\\/fr\\\/\",\"logo\":{\"@type\":\"ImageObject\",\"inLanguage\":\"fr-FR\",\"@id\":\"https:\\\/\\\/www.curlynights.com\\\/fr\\\/#\\\/schema\\\/logo\\\/image\\\/\",\"url\":\"https:\\\/\\\/www.curlynights.com\\\/wp-content\\\/uploads\\\/2018\\\/08\\\/cropped-LOGO-GLYNNIS.png\",\"contentUrl\":\"https:\\\/\\\/www.curlynights.com\\\/wp-content\\\/uploads\\\/2018\\\/08\\\/cropped-LOGO-GLYNNIS.png\",\"width\":1024,\"height\":276,\"caption\":\"Curly Nights\"},\"image\":{\"@id\":\"https:\\\/\\\/www.curlynights.com\\\/fr\\\/#\\\/schema\\\/logo\\\/image\\\/\"}}]}<\/script>\n<!-- \/ Yoast SEO plugin. -->","yoast_head_json":{"title":"Bonnet wax\/satin \u00e9lastique pour enfant ARLEQUIN &#8902; Curly Nights","description":"Joli bonnet de bonne qualit\u00e9 pour enfants aux cheveux boucl\u00e9s, fris\u00e9s, cr\u00e9pus. Il n'est jamais trop t\u00f4t pour adopter les bons gestes !","robots":{"index":"index","follow":"follow","max-snippet":"max-snippet:-1","max-image-preview":"max-image-preview:large","max-video-preview":"max-video-preview:-1"},"canonical":"https:\/\/www.curlynights.com\/fr\/shop\/bonnet-wax-satin-elastique-pour-enfant-arlequin\/","og_locale":"fr_FR","og_type":"article","og_title":"Bonnet wax\/satin \u00e9lastique pour enfant ARLEQUIN &#8902; Curly Nights","og_description":"Joli bonnet de bonne qualit\u00e9 pour enfants aux cheveux boucl\u00e9s, fris\u00e9s, cr\u00e9pus. Il n'est jamais trop t\u00f4t pour adopter les bons gestes !","og_url":"https:\/\/www.curlynights.com\/fr\/shop\/bonnet-wax-satin-elastique-pour-enfant-arlequin\/","og_site_name":"Curly Nights","article_modified_time":"2025-05-18T13:31:40+00:00","og_image":[{"width":1024,"height":1024,"url":"https:\/\/i2.wp.com\/www.curlynights.com\/wp-content\/uploads\/2021\/05\/2021-33-2-1-k.jpg?fit=1024%2C1024&ssl=1","type":"image\/jpeg"}],"twitter_card":"summary_large_image","schema":{"@context":"https:\/\/schema.org","@graph":[{"@type":"WebPage","@id":"https:\/\/www.curlynights.com\/fr\/shop\/bonnet-wax-satin-elastique-pour-enfant-arlequin\/","url":"https:\/\/www.curlynights.com\/fr\/shop\/bonnet-wax-satin-elastique-pour-enfant-arlequin\/","name":"Bonnet wax\/satin \u00e9lastique pour enfant ARLEQUIN &#8902; Curly Nights","isPartOf":{"@id":"https:\/\/www.curlynights.com\/fr\/#website"},"primaryImageOfPage":{"@id":"https:\/\/www.curlynights.com\/fr\/shop\/bonnet-wax-satin-elastique-pour-enfant-arlequin\/#primaryimage"},"image":{"@id":"https:\/\/www.curlynights.com\/fr\/shop\/bonnet-wax-satin-elastique-pour-enfant-arlequin\/#primaryimage"},"thumbnailUrl":"https:\/\/www.curlynights.com\/wp-content\/uploads\/2021\/05\/2021-33-2-1-k.jpg","datePublished":"2021-05-15T11:15:46+00:00","dateModified":"2025-05-18T13:31:40+00:00","description":"Joli bonnet de bonne qualit\u00e9 pour enfants aux cheveux boucl\u00e9s, fris\u00e9s, cr\u00e9pus. Il n'est jamais trop t\u00f4t pour adopter les bons gestes !","breadcrumb":{"@id":"https:\/\/www.curlynights.com\/fr\/shop\/bonnet-wax-satin-elastique-pour-enfant-arlequin\/#breadcrumb"},"inLanguage":"fr-FR","potentialAction":[{"@type":"ReadAction","target":["https:\/\/www.curlynights.com\/fr\/shop\/bonnet-wax-satin-elastique-pour-enfant-arlequin\/"]}]},{"@type":"ImageObject","inLanguage":"fr-FR","@id":"https:\/\/www.curlynights.com\/fr\/shop\/bonnet-wax-satin-elastique-pour-enfant-arlequin\/#primaryimage","url":"https:\/\/www.curlynights.com\/wp-content\/uploads\/2021\/05\/2021-33-2-1-k.jpg","contentUrl":"https:\/\/www.curlynights.com\/wp-content\/uploads\/2021\/05\/2021-33-2-1-k.jpg","width":1024,"height":1024,"caption":"Bonnet satin enfant \u00e9lastique ARLEQUIN"},{"@type":"BreadcrumbList","@id":"https:\/\/www.curlynights.com\/fr\/shop\/bonnet-wax-satin-elastique-pour-enfant-arlequin\/#breadcrumb","itemListElement":[{"@type":"ListItem","position":1,"name":"Startseite","item":"https:\/\/www.curlynights.com\/fr\/"},{"@type":"ListItem","position":2,"name":"Boutique","item":"https:\/\/www.curlynights.com\/fr\/boutique\/"},{"@type":"ListItem","position":3,"name":"Bonnet wax\/satin \u00e9lastique pour enfant ARLEQUIN"}]},{"@type":"WebSite","@id":"https:\/\/www.curlynights.com\/fr\/#website","url":"https:\/\/www.curlynights.com\/fr\/","name":"Curly Nights","description":"Bonnets de nuit, de soin et taies d&#039;oreiller en wax et satin","publisher":{"@id":"https:\/\/www.curlynights.com\/fr\/#organization"},"potentialAction":[{"@type":"SearchAction","target":{"@type":"EntryPoint","urlTemplate":"https:\/\/www.curlynights.com\/fr\/?s={search_term_string}"},"query-input":{"@type":"PropertyValueSpecification","valueRequired":true,"valueName":"search_term_string"}}],"inLanguage":"fr-FR"},{"@type":"Organization","@id":"https:\/\/www.curlynights.com\/fr\/#organization","name":"Curly Nights","url":"https:\/\/www.curlynights.com\/fr\/","logo":{"@type":"ImageObject","inLanguage":"fr-FR","@id":"https:\/\/www.curlynights.com\/fr\/#\/schema\/logo\/image\/","url":"https:\/\/www.curlynights.com\/wp-content\/uploads\/2018\/08\/cropped-LOGO-GLYNNIS.png","contentUrl":"https:\/\/www.curlynights.com\/wp-content\/uploads\/2018\/08\/cropped-LOGO-GLYNNIS.png","width":1024,"height":276,"caption":"Curly Nights"},"image":{"@id":"https:\/\/www.curlynights.com\/fr\/#\/schema\/logo\/image\/"}}]}},"_links":{"self":[{"href":"https:\/\/www.curlynights.com\/fr\/wp-json\/wp\/v2\/product\/10234","targetHints":{"allow":["GET"]}}],"collection":[{"href":"https:\/\/www.curlynights.com\/fr\/wp-json\/wp\/v2\/product"}],"about":[{"href":"https:\/\/www.curlynights.com\/fr\/wp-json\/wp\/v2\/types\/product"}],"wp:featuredmedia":[{"embeddable":true,"href":"https:\/\/www.curlynights.com\/fr\/wp-json\/wp\/v2\/media\/10236"}],"wp:attachment":[{"href":"https:\/\/www.curlynights.com\/fr\/wp-json\/wp\/v2\/media?parent=10234"}],"wp:term":[{"taxonomy":"product_brand","embeddable":true,"href":"https:\/\/www.curlynights.com\/fr\/wp-json\/wp\/v2\/product_brand?post=10234"},{"taxonomy":"product_cat","embeddable":true,"href":"https:\/\/www.curlynights.com\/fr\/wp-json\/wp\/v2\/product_cat?post=10234"},{"taxonomy":"product_tag","embeddable":true,"href":"https:\/\/www.curlynights.com\/fr\/wp-json\/wp\/v2\/product_tag?post=10234"}],"curies":[{"name":"wp","href":"https:\/\/api.w.org\/{rel}","templated":true}]}}