{"id":818,"date":"2019-05-02T18:05:00","date_gmt":"2019-05-02T18:05:00","guid":{"rendered":"https:\/\/www.curlynights.com\/?page_id=818"},"modified":"2020-06-17T15:37:40","modified_gmt":"2020-06-17T13:37:40","slug":"pourquoi-curly-nights","status":"publish","type":"page","link":"https:\/\/www.curlynights.com\/fr\/pourquoi-curly-nights\/","title":{"rendered":"\u00c0 propos"},"content":{"rendered":"\t\t<div data-elementor-type=\"wp-post\" data-elementor-id=\"818\" class=\"elementor elementor-818 elementor-775\" data-elementor-post-type=\"page\">\n\t\t\t\t\t\t<section class=\"elementor-section elementor-top-section elementor-element elementor-element-2cebe4d elementor-section-boxed elementor-section-height-default elementor-section-height-default\" data-id=\"2cebe4d\" data-element_type=\"section\" data-e-type=\"section\">\n\t\t\t\t\t\t<div class=\"elementor-container elementor-column-gap-default\">\n\t\t\t\t\t<div class=\"elementor-column elementor-col-33 elementor-top-column elementor-element elementor-element-3f57c58\" data-id=\"3f57c58\" data-element_type=\"column\" data-e-type=\"column\">\n\t\t\t<div class=\"elementor-widget-wrap elementor-element-populated\">\n\t\t\t\t\t\t<div class=\"elementor-element elementor-element-34c244c elementor-widget elementor-widget-image\" data-id=\"34c244c\" data-element_type=\"widget\" data-e-type=\"widget\" data-widget_type=\"image.default\">\n\t\t\t\t<div class=\"elementor-widget-container\">\n\t\t\t\t\t\t\t\t\t\t\t\t\t\t\t<img fetchpriority=\"high\" decoding=\"async\" width=\"900\" height=\"900\" src=\"https:\/\/www.curlynights.com\/wp-content\/uploads\/2020\/06\/portrait-site-1.jpg\" class=\"attachment-large size-large wp-image-5847\" alt=\"portrait fondateurs curly nights Philipp Glynnis\" srcset=\"https:\/\/www.curlynights.com\/wp-content\/uploads\/2020\/06\/portrait-site-1.jpg 1024w, https:\/\/www.curlynights.com\/wp-content\/uploads\/2020\/06\/portrait-site-1-300x300.jpg 300w, https:\/\/www.curlynights.com\/wp-content\/uploads\/2020\/06\/portrait-site-1-150x150.jpg 150w, https:\/\/www.curlynights.com\/wp-content\/uploads\/2020\/06\/portrait-site-1-768x768.jpg 768w, https:\/\/www.curlynights.com\/wp-content\/uploads\/2020\/06\/portrait-site-1-600x600.jpg 600w, https:\/\/www.curlynights.com\/wp-content\/uploads\/2020\/06\/portrait-site-1-100x100.jpg 100w\" sizes=\"(max-width: 900px) 100vw, 900px\" \/>\t\t\t\t\t\t\t\t\t\t\t\t\t\t\t<\/div>\n\t\t\t\t<\/div>\n\t\t\t\t\t<\/div>\n\t\t<\/div>\n\t\t\t\t<div class=\"elementor-column elementor-col-66 elementor-top-column elementor-element elementor-element-7980f35\" data-id=\"7980f35\" data-element_type=\"column\" data-e-type=\"column\">\n\t\t\t<div class=\"elementor-widget-wrap elementor-element-populated\">\n\t\t\t\t\t\t<div class=\"elementor-element elementor-element-a6c84b8 elementor-widget elementor-widget-heading\" data-id=\"a6c84b8\" data-element_type=\"widget\" data-e-type=\"widget\" data-widget_type=\"heading.default\">\n\t\t\t\t<div class=\"elementor-widget-container\">\n\t\t\t\t\t<h2 class=\"elementor-heading-title elementor-size-default\">Qui se cache derri\u00e8re Curly Nights ? Philipp et Glynnis !<\/h2>\t\t\t\t<\/div>\n\t\t\t\t<\/div>\n\t\t\t\t<div class=\"elementor-element elementor-element-851903f elementor-widget elementor-widget-spacer\" data-id=\"851903f\" data-element_type=\"widget\" data-e-type=\"widget\" data-widget_type=\"spacer.default\">\n\t\t\t\t<div class=\"elementor-widget-container\">\n\t\t\t\t\t\t\t<div class=\"elementor-spacer\">\n\t\t\t<div class=\"elementor-spacer-inner\"><\/div>\n\t\t<\/div>\n\t\t\t\t\t\t<\/div>\n\t\t\t\t<\/div>\n\t\t\t\t<div class=\"elementor-element elementor-element-d123c3e elementor-widget elementor-widget-text-editor\" data-id=\"d123c3e\" data-element_type=\"widget\" data-e-type=\"widget\" data-widget_type=\"text-editor.default\">\n\t\t\t\t<div class=\"elementor-widget-container\">\n\t\t\t\t\t\t\t\t\t<p class=\"MsoNormal\" style=\"text-align: justify;\"><span lang=\"FR\" style=\"font-size: 14pt;\">La fibre entrepreneuriale, l\u2019habilet\u00e9 artisanale et l\u2019engagement qui habite Glynnis et Philipp leur a permis de cr\u00e9er leur propre entreprise sp\u00e9cialis\u00e9e dans les accessoires d\u2019entretien satin\u00e9s pour cheveux boucl\u00e9s, cr\u00e9pus et afros\u00a0: Curly Nights.<\/span><\/p>\t\t\t\t\t\t\t\t<\/div>\n\t\t\t\t<\/div>\n\t\t\t\t\t<\/div>\n\t\t<\/div>\n\t\t\t\t\t<\/div>\n\t\t<\/section>\n\t\t\t\t<section class=\"elementor-section elementor-top-section elementor-element elementor-element-b3d614f elementor-section-boxed elementor-section-height-default elementor-section-height-default\" data-id=\"b3d614f\" data-element_type=\"section\" data-e-type=\"section\">\n\t\t\t\t\t\t<div class=\"elementor-container elementor-column-gap-default\">\n\t\t\t\t\t<div class=\"elementor-column elementor-col-50 elementor-top-column elementor-element elementor-element-04dc632\" data-id=\"04dc632\" data-element_type=\"column\" data-e-type=\"column\">\n\t\t\t<div class=\"elementor-widget-wrap elementor-element-populated\">\n\t\t\t\t\t\t<div class=\"elementor-element elementor-element-3ec2b34 elementor-widget elementor-widget-text-editor\" data-id=\"3ec2b34\" data-element_type=\"widget\" data-e-type=\"widget\" data-widget_type=\"text-editor.default\">\n\t\t\t\t<div class=\"elementor-widget-container\">\n\t\t\t\t\t\t\t\t\t<p class=\"MsoNormal\" style=\"text-align: justify;\"><span lang=\"FR\">\u00a0<\/span><\/p><p class=\"MsoNormal\" style=\"text-align: justify;\"><span lang=\"FR\" style=\"font-size: 14pt;\">Cousus minutieusement \u00e0 la main, avec une expertise et un savoir-faire particulier du satin et du wax, les cr\u00e9ations Curly Nights \u00e9voluent au fil des saisons et des attentes des clientes.\u00a0<\/span><\/p><p class=\"MsoNormal\" style=\"text-align: justify;\"><span lang=\"FR\" style=\"font-size: 14pt;\">La conceptualisation et la r\u00e9alisation des cr\u00e9ations se fait de mani\u00e8re aboutie et soign\u00e9e dans un atelier local et familial, situ\u00e9 \u00e0 Lyon. Ainsi, les articles propos\u00e9s sont le r\u00e9sultat d\u2019heures de travail acharn\u00e9, consciencieux et passionn\u00e9.<\/span><\/p>\t\t\t\t\t\t\t\t<\/div>\n\t\t\t\t<\/div>\n\t\t\t\t<div class=\"elementor-element elementor-element-56ddc6d elementor-widget elementor-widget-image\" data-id=\"56ddc6d\" data-element_type=\"widget\" data-e-type=\"widget\" data-widget_type=\"image.default\">\n\t\t\t\t<div class=\"elementor-widget-container\">\n\t\t\t\t\t\t\t\t\t\t\t\t\t\t\t<img decoding=\"async\" width=\"900\" height=\"299\" src=\"https:\/\/www.curlynights.com\/wp-content\/uploads\/2019\/05\/2019-Slider-1-1024x340.jpg\" class=\"attachment-large size-large wp-image-806\" alt=\"\" srcset=\"https:\/\/www.curlynights.com\/wp-content\/uploads\/2019\/05\/2019-Slider-1.jpg 1024w, https:\/\/www.curlynights.com\/wp-content\/uploads\/2019\/05\/2019-Slider-1-300x100.jpg 300w, https:\/\/www.curlynights.com\/wp-content\/uploads\/2019\/05\/2019-Slider-1-768x255.jpg 768w, https:\/\/www.curlynights.com\/wp-content\/uploads\/2019\/05\/2019-Slider-1-600x199.jpg 600w\" sizes=\"(max-width: 900px) 100vw, 900px\" \/>\t\t\t\t\t\t\t\t\t\t\t\t\t\t\t<\/div>\n\t\t\t\t<\/div>\n\t\t\t\t\t<\/div>\n\t\t<\/div>\n\t\t\t\t<div class=\"elementor-column elementor-col-50 elementor-top-column elementor-element elementor-element-cfdea24\" data-id=\"cfdea24\" data-element_type=\"column\" data-e-type=\"column\">\n\t\t\t<div class=\"elementor-widget-wrap elementor-element-populated\">\n\t\t\t\t\t\t<div class=\"elementor-element elementor-element-871d3bf elementor-widget elementor-widget-image\" data-id=\"871d3bf\" data-element_type=\"widget\" data-e-type=\"widget\" data-widget_type=\"image.default\">\n\t\t\t\t<div class=\"elementor-widget-container\">\n\t\t\t\t\t\t\t\t\t\t\t\t\t\t\t<img decoding=\"async\" width=\"900\" height=\"900\" src=\"https:\/\/www.curlynights.com\/wp-content\/uploads\/2019\/05\/philippandermaschine.jpg\" class=\"attachment-large size-large wp-image-800\" alt=\"Philipp Curly Nights an der N\u00e4hmaschine\" srcset=\"https:\/\/www.curlynights.com\/wp-content\/uploads\/2019\/05\/philippandermaschine.jpg 1024w, https:\/\/www.curlynights.com\/wp-content\/uploads\/2019\/05\/philippandermaschine-150x150.jpg 150w, https:\/\/www.curlynights.com\/wp-content\/uploads\/2019\/05\/philippandermaschine-300x300.jpg 300w, https:\/\/www.curlynights.com\/wp-content\/uploads\/2019\/05\/philippandermaschine-768x768.jpg 768w, https:\/\/www.curlynights.com\/wp-content\/uploads\/2019\/05\/philippandermaschine-600x600.jpg 600w, https:\/\/www.curlynights.com\/wp-content\/uploads\/2019\/05\/philippandermaschine-100x100.jpg 100w\" sizes=\"(max-width: 900px) 100vw, 900px\" \/>\t\t\t\t\t\t\t\t\t\t\t\t\t\t\t<\/div>\n\t\t\t\t<\/div>\n\t\t\t\t\t<\/div>\n\t\t<\/div>\n\t\t\t\t\t<\/div>\n\t\t<\/section>\n\t\t\t\t<section class=\"elementor-section elementor-top-section elementor-element elementor-element-ab2341d elementor-section-boxed elementor-section-height-default elementor-section-height-default\" data-id=\"ab2341d\" data-element_type=\"section\" data-e-type=\"section\">\n\t\t\t\t\t\t<div class=\"elementor-container elementor-column-gap-default\">\n\t\t\t\t\t<div class=\"elementor-column elementor-col-50 elementor-top-column elementor-element elementor-element-36637e0\" data-id=\"36637e0\" data-element_type=\"column\" data-e-type=\"column\">\n\t\t\t<div class=\"elementor-widget-wrap elementor-element-populated\">\n\t\t\t\t\t\t<div class=\"elementor-element elementor-element-edb82fa elementor-widget elementor-widget-image\" data-id=\"edb82fa\" data-element_type=\"widget\" data-e-type=\"widget\" data-widget_type=\"image.default\">\n\t\t\t\t<div class=\"elementor-widget-container\">\n\t\t\t\t\t\t\t\t\t\t\t\t\t\t\t<img loading=\"lazy\" decoding=\"async\" width=\"900\" height=\"900\" src=\"https:\/\/www.curlynights.com\/wp-content\/uploads\/2020\/06\/20200508_135430.jpg\" class=\"attachment-large size-large wp-image-5845\" alt=\"gamme compl\u00e8te accessoires satin\u00e9s soin des boucles curly nights\" srcset=\"https:\/\/www.curlynights.com\/wp-content\/uploads\/2020\/06\/20200508_135430.jpg 1024w, https:\/\/www.curlynights.com\/wp-content\/uploads\/2020\/06\/20200508_135430-300x300.jpg 300w, https:\/\/www.curlynights.com\/wp-content\/uploads\/2020\/06\/20200508_135430-150x150.jpg 150w, https:\/\/www.curlynights.com\/wp-content\/uploads\/2020\/06\/20200508_135430-768x768.jpg 768w, https:\/\/www.curlynights.com\/wp-content\/uploads\/2020\/06\/20200508_135430-600x600.jpg 600w, https:\/\/www.curlynights.com\/wp-content\/uploads\/2020\/06\/20200508_135430-100x100.jpg 100w\" sizes=\"(max-width: 900px) 100vw, 900px\" \/>\t\t\t\t\t\t\t\t\t\t\t\t\t\t\t<\/div>\n\t\t\t\t<\/div>\n\t\t\t\t\t<\/div>\n\t\t<\/div>\n\t\t\t\t<div class=\"elementor-column elementor-col-50 elementor-top-column elementor-element elementor-element-adef566\" data-id=\"adef566\" data-element_type=\"column\" data-e-type=\"column\">\n\t\t\t<div class=\"elementor-widget-wrap elementor-element-populated\">\n\t\t\t\t\t\t<div class=\"elementor-element elementor-element-9541241 elementor-widget elementor-widget-text-editor\" data-id=\"9541241\" data-element_type=\"widget\" data-e-type=\"widget\" data-widget_type=\"text-editor.default\">\n\t\t\t\t<div class=\"elementor-widget-container\">\n\t\t\t\t\t\t\t\t\t<p><span style=\"font-size: 14pt;\">Curly Nights se diversifie sans pour autant perdre l\u2019essence de la marque, et propose aussi des pyjamas, des t-shirts, des\u00a0 bandeaux et des chouchous.\u00a0<\/span><\/p><p><span style=\"font-size: 14pt;\">D\u00e9clin\u00e9es dans une large palette de\u00a0motifs, des plus discrets (unis, fleuris) aux plus voyants (wax), ces cr\u00e9ations conservent l\u2019aspect utilitaire et pratique qui forge l\u2019identit\u00e9 de Curly Nights, m\u00eame lorsqu\u2019il s\u2019agit d\u2019accessoires de mode. \u00a0<\/span><\/p>\t\t\t\t\t\t\t\t<\/div>\n\t\t\t\t<\/div>\n\t\t\t\t\t<\/div>\n\t\t<\/div>\n\t\t\t\t\t<\/div>\n\t\t<\/section>\n\t\t\t\t<section class=\"elementor-section elementor-top-section elementor-element elementor-element-db7bb2a elementor-section-boxed elementor-section-height-default elementor-section-height-default\" data-id=\"db7bb2a\" data-element_type=\"section\" data-e-type=\"section\">\n\t\t\t\t\t\t<div class=\"elementor-container elementor-column-gap-default\">\n\t\t\t\t\t<div class=\"elementor-column elementor-col-100 elementor-top-column elementor-element elementor-element-92f53c4\" data-id=\"92f53c4\" data-element_type=\"column\" data-e-type=\"column\">\n\t\t\t<div class=\"elementor-widget-wrap elementor-element-populated\">\n\t\t\t\t\t\t<div class=\"elementor-element elementor-element-bd62e5e elementor-widget elementor-widget-testimonial\" data-id=\"bd62e5e\" data-element_type=\"widget\" data-e-type=\"widget\" data-widget_type=\"testimonial.default\">\n\t\t\t\t<div class=\"elementor-widget-container\">\n\t\t\t\t\t\t\t<div class=\"elementor-testimonial-wrapper\">\n\t\t\t\t\t\t\t<div class=\"elementor-testimonial-content\">A travers la cr\u00e9ation de jolis accessoires de qualit\u00e9, Curly Nights accompagne les femmes dans l\u2019acceptation de la nature de leurs cheveux avec l\u2019ambition de contribuer ainsi \u00e0 leur \u00e9panouissement personnel et\/ou identitaire.  <\/div>\n\t\t\t\n\t\t\t\t\t\t<div class=\"elementor-testimonial-meta elementor-has-image elementor-testimonial-image-position-aside\">\n\t\t\t\t<div class=\"elementor-testimonial-meta-inner\">\n\t\t\t\t\t\t\t\t\t\t\t<div class=\"elementor-testimonial-image\">\n\t\t\t\t\t\t\t<a href=\"http:\/\/www.curlynights.com\/fr\"><img loading=\"lazy\" decoding=\"async\" width=\"150\" height=\"150\" src=\"https:\/\/www.curlynights.com\/wp-content\/uploads\/2019\/05\/Untitled-design-1-150x150.png\" class=\"attachment-thumbnail size-thumbnail wp-image-802\" alt=\"logo curly nights\" srcset=\"https:\/\/www.curlynights.com\/wp-content\/uploads\/2019\/05\/Untitled-design-1-150x150.png 150w, https:\/\/www.curlynights.com\/wp-content\/uploads\/2019\/05\/Untitled-design-1-300x300.png 300w, https:\/\/www.curlynights.com\/wp-content\/uploads\/2019\/05\/Untitled-design-1-768x768.png 768w, https:\/\/www.curlynights.com\/wp-content\/uploads\/2019\/05\/Untitled-design-1-1024x1024.png 1024w, https:\/\/www.curlynights.com\/wp-content\/uploads\/2019\/05\/Untitled-design-1-600x600.png 600w, https:\/\/www.curlynights.com\/wp-content\/uploads\/2019\/05\/Untitled-design-1-100x100.png 100w, https:\/\/www.curlynights.com\/wp-content\/uploads\/2019\/05\/Untitled-design-1.png 1080w\" sizes=\"(max-width: 150px) 100vw, 150px\" \/><\/a>\t\t\t\t\t\t<\/div>\n\t\t\t\t\t\n\t\t\t\t\t\t\t\t\t\t<div class=\"elementor-testimonial-details\">\n\t\t\t\t\t\t\t\t\t\t\t\t\t\t<a class=\"elementor-testimonial-name\" href=\"http:\/\/www.curlynights.com\/fr\">Curly Nights<\/a>\n\t\t\t\t\t\t\t\t\t\t\t\t\t\t\t\t\t\t\t<\/div>\n\t\t\t\t\t\t\t\t\t<\/div>\n\t\t\t<\/div>\n\t\t\t\t\t<\/div>\n\t\t\t\t\t\t<\/div>\n\t\t\t\t<\/div>\n\t\t\t\t\t<\/div>\n\t\t<\/div>\n\t\t\t\t\t<\/div>\n\t\t<\/section>\n\t\t\t\t<\/div>\n\t\t","protected":false},"excerpt":{"rendered":"<p>Qui se cache derri\u00e8re Curly Nights ? Philipp et Glynnis ! La fibre entrepreneuriale, l\u2019habilet\u00e9 artisanale et l\u2019engagement qui habite Glynnis et Philipp leur a permis de cr\u00e9er leur propre entreprise sp\u00e9cialis\u00e9e dans les accessoires d\u2019entretien satin\u00e9s pour cheveux boucl\u00e9s, cr\u00e9pus et afros\u00a0: Curly Nights. \u00a0 Cousus minutieusement \u00e0 la main, avec une expertise et [&hellip;]<\/p>\n","protected":false},"author":1,"featured_media":0,"parent":0,"menu_order":0,"comment_status":"closed","ping_status":"closed","template":"","meta":{"footnotes":""},"class_list":["post-818","page","type-page","status-publish","hentry"],"yoast_head":"<!-- This site is optimized with the Yoast SEO plugin v27.4 - https:\/\/yoast.com\/product\/yoast-seo-wordpress\/ -->\n<title>\u00c0 propos &#8902; Curly Nights<\/title>\n<meta name=\"description\" content=\"D\u00e9couvrez l&#039;histoire de Curly Nights - Philipp et Glynnis expliquent pourquoi ils ont cr\u00e9\u00e9 cette marque et le message qu&#039;ils veulent transmettre.\" \/>\n<meta name=\"robots\" content=\"index, follow, max-snippet:-1, max-image-preview:large, max-video-preview:-1\" \/>\n<link rel=\"canonical\" href=\"https:\/\/www.curlynights.com\/fr\/pourquoi-curly-nights\/\" \/>\n<meta property=\"og:locale\" content=\"fr_FR\" \/>\n<meta property=\"og:type\" content=\"article\" \/>\n<meta property=\"og:title\" content=\"\u00c0 propos &#8902; Curly Nights\" \/>\n<meta property=\"og:description\" content=\"D\u00e9couvrez l&#039;histoire de Curly Nights - Philipp et Glynnis expliquent pourquoi ils ont cr\u00e9\u00e9 cette marque et le message qu&#039;ils veulent transmettre.\" \/>\n<meta property=\"og:url\" content=\"https:\/\/www.curlynights.com\/fr\/pourquoi-curly-nights\/\" \/>\n<meta property=\"og:site_name\" content=\"Curly Nights\" \/>\n<meta property=\"article:modified_time\" content=\"2020-06-17T13:37:40+00:00\" \/>\n<meta property=\"og:image\" content=\"https:\/\/www.curlynights.com\/wp-content\/uploads\/2020\/06\/portrait-site-1.jpg\" \/>\n<meta name=\"twitter:card\" content=\"summary_large_image\" \/>\n<meta name=\"twitter:label1\" content=\"Dur\u00e9e de lecture estim\u00e9e\" \/>\n\t<meta name=\"twitter:data1\" content=\"1 minute\" \/>\n<script type=\"application\/ld+json\" class=\"yoast-schema-graph\">{\"@context\":\"https:\\\/\\\/schema.org\",\"@graph\":[{\"@type\":\"WebPage\",\"@id\":\"https:\\\/\\\/www.curlynights.com\\\/fr\\\/pourquoi-curly-nights\\\/\",\"url\":\"https:\\\/\\\/www.curlynights.com\\\/fr\\\/pourquoi-curly-nights\\\/\",\"name\":\"\u00c0 propos &#8902; Curly Nights\",\"isPartOf\":{\"@id\":\"https:\\\/\\\/www.curlynights.com\\\/fr\\\/#website\"},\"primaryImageOfPage\":{\"@id\":\"https:\\\/\\\/www.curlynights.com\\\/fr\\\/pourquoi-curly-nights\\\/#primaryimage\"},\"image\":{\"@id\":\"https:\\\/\\\/www.curlynights.com\\\/fr\\\/pourquoi-curly-nights\\\/#primaryimage\"},\"thumbnailUrl\":\"https:\\\/\\\/www.curlynights.com\\\/wp-content\\\/uploads\\\/2020\\\/06\\\/portrait-site-1.jpg\",\"datePublished\":\"2019-05-02T18:05:00+00:00\",\"dateModified\":\"2020-06-17T13:37:40+00:00\",\"description\":\"D\u00e9couvrez l'histoire de Curly Nights - Philipp et Glynnis expliquent pourquoi ils ont cr\u00e9\u00e9 cette marque et le message qu'ils veulent transmettre.\",\"breadcrumb\":{\"@id\":\"https:\\\/\\\/www.curlynights.com\\\/fr\\\/pourquoi-curly-nights\\\/#breadcrumb\"},\"inLanguage\":\"fr-FR\",\"potentialAction\":[{\"@type\":\"ReadAction\",\"target\":[\"https:\\\/\\\/www.curlynights.com\\\/fr\\\/pourquoi-curly-nights\\\/\"]}]},{\"@type\":\"ImageObject\",\"inLanguage\":\"fr-FR\",\"@id\":\"https:\\\/\\\/www.curlynights.com\\\/fr\\\/pourquoi-curly-nights\\\/#primaryimage\",\"url\":\"https:\\\/\\\/www.curlynights.com\\\/wp-content\\\/uploads\\\/2020\\\/06\\\/portrait-site-1.jpg\",\"contentUrl\":\"https:\\\/\\\/www.curlynights.com\\\/wp-content\\\/uploads\\\/2020\\\/06\\\/portrait-site-1.jpg\"},{\"@type\":\"BreadcrumbList\",\"@id\":\"https:\\\/\\\/www.curlynights.com\\\/fr\\\/pourquoi-curly-nights\\\/#breadcrumb\",\"itemListElement\":[{\"@type\":\"ListItem\",\"position\":1,\"name\":\"Startseite\",\"item\":\"https:\\\/\\\/www.curlynights.com\\\/fr\\\/\"},{\"@type\":\"ListItem\",\"position\":2,\"name\":\"\u00c0 propos\"}]},{\"@type\":\"WebSite\",\"@id\":\"https:\\\/\\\/www.curlynights.com\\\/fr\\\/#website\",\"url\":\"https:\\\/\\\/www.curlynights.com\\\/fr\\\/\",\"name\":\"Curly Nights\",\"description\":\"Bonnets de nuit, de soin et taies d&#039;oreiller en wax et satin\",\"publisher\":{\"@id\":\"https:\\\/\\\/www.curlynights.com\\\/fr\\\/#organization\"},\"potentialAction\":[{\"@type\":\"SearchAction\",\"target\":{\"@type\":\"EntryPoint\",\"urlTemplate\":\"https:\\\/\\\/www.curlynights.com\\\/fr\\\/?s={search_term_string}\"},\"query-input\":{\"@type\":\"PropertyValueSpecification\",\"valueRequired\":true,\"valueName\":\"search_term_string\"}}],\"inLanguage\":\"fr-FR\"},{\"@type\":\"Organization\",\"@id\":\"https:\\\/\\\/www.curlynights.com\\\/fr\\\/#organization\",\"name\":\"Curly Nights\",\"url\":\"https:\\\/\\\/www.curlynights.com\\\/fr\\\/\",\"logo\":{\"@type\":\"ImageObject\",\"inLanguage\":\"fr-FR\",\"@id\":\"https:\\\/\\\/www.curlynights.com\\\/fr\\\/#\\\/schema\\\/logo\\\/image\\\/\",\"url\":\"https:\\\/\\\/www.curlynights.com\\\/wp-content\\\/uploads\\\/2018\\\/08\\\/cropped-LOGO-GLYNNIS.png\",\"contentUrl\":\"https:\\\/\\\/www.curlynights.com\\\/wp-content\\\/uploads\\\/2018\\\/08\\\/cropped-LOGO-GLYNNIS.png\",\"width\":1024,\"height\":276,\"caption\":\"Curly Nights\"},\"image\":{\"@id\":\"https:\\\/\\\/www.curlynights.com\\\/fr\\\/#\\\/schema\\\/logo\\\/image\\\/\"}}]}<\/script>\n<!-- \/ Yoast SEO plugin. -->","yoast_head_json":{"title":"\u00c0 propos &#8902; Curly Nights","description":"D\u00e9couvrez l'histoire de Curly Nights - Philipp et Glynnis expliquent pourquoi ils ont cr\u00e9\u00e9 cette marque et le message qu'ils veulent transmettre.","robots":{"index":"index","follow":"follow","max-snippet":"max-snippet:-1","max-image-preview":"max-image-preview:large","max-video-preview":"max-video-preview:-1"},"canonical":"https:\/\/www.curlynights.com\/fr\/pourquoi-curly-nights\/","og_locale":"fr_FR","og_type":"article","og_title":"\u00c0 propos &#8902; Curly Nights","og_description":"D\u00e9couvrez l'histoire de Curly Nights - Philipp et Glynnis expliquent pourquoi ils ont cr\u00e9\u00e9 cette marque et le message qu'ils veulent transmettre.","og_url":"https:\/\/www.curlynights.com\/fr\/pourquoi-curly-nights\/","og_site_name":"Curly Nights","article_modified_time":"2020-06-17T13:37:40+00:00","og_image":[{"url":"https:\/\/www.curlynights.com\/wp-content\/uploads\/2020\/06\/portrait-site-1.jpg","type":"","width":"","height":""}],"twitter_card":"summary_large_image","twitter_misc":{"Dur\u00e9e de lecture estim\u00e9e":"1 minute"},"schema":{"@context":"https:\/\/schema.org","@graph":[{"@type":"WebPage","@id":"https:\/\/www.curlynights.com\/fr\/pourquoi-curly-nights\/","url":"https:\/\/www.curlynights.com\/fr\/pourquoi-curly-nights\/","name":"\u00c0 propos &#8902; Curly Nights","isPartOf":{"@id":"https:\/\/www.curlynights.com\/fr\/#website"},"primaryImageOfPage":{"@id":"https:\/\/www.curlynights.com\/fr\/pourquoi-curly-nights\/#primaryimage"},"image":{"@id":"https:\/\/www.curlynights.com\/fr\/pourquoi-curly-nights\/#primaryimage"},"thumbnailUrl":"https:\/\/www.curlynights.com\/wp-content\/uploads\/2020\/06\/portrait-site-1.jpg","datePublished":"2019-05-02T18:05:00+00:00","dateModified":"2020-06-17T13:37:40+00:00","description":"D\u00e9couvrez l'histoire de Curly Nights - Philipp et Glynnis expliquent pourquoi ils ont cr\u00e9\u00e9 cette marque et le message qu'ils veulent transmettre.","breadcrumb":{"@id":"https:\/\/www.curlynights.com\/fr\/pourquoi-curly-nights\/#breadcrumb"},"inLanguage":"fr-FR","potentialAction":[{"@type":"ReadAction","target":["https:\/\/www.curlynights.com\/fr\/pourquoi-curly-nights\/"]}]},{"@type":"ImageObject","inLanguage":"fr-FR","@id":"https:\/\/www.curlynights.com\/fr\/pourquoi-curly-nights\/#primaryimage","url":"https:\/\/www.curlynights.com\/wp-content\/uploads\/2020\/06\/portrait-site-1.jpg","contentUrl":"https:\/\/www.curlynights.com\/wp-content\/uploads\/2020\/06\/portrait-site-1.jpg"},{"@type":"BreadcrumbList","@id":"https:\/\/www.curlynights.com\/fr\/pourquoi-curly-nights\/#breadcrumb","itemListElement":[{"@type":"ListItem","position":1,"name":"Startseite","item":"https:\/\/www.curlynights.com\/fr\/"},{"@type":"ListItem","position":2,"name":"\u00c0 propos"}]},{"@type":"WebSite","@id":"https:\/\/www.curlynights.com\/fr\/#website","url":"https:\/\/www.curlynights.com\/fr\/","name":"Curly Nights","description":"Bonnets de nuit, de soin et taies d&#039;oreiller en wax et satin","publisher":{"@id":"https:\/\/www.curlynights.com\/fr\/#organization"},"potentialAction":[{"@type":"SearchAction","target":{"@type":"EntryPoint","urlTemplate":"https:\/\/www.curlynights.com\/fr\/?s={search_term_string}"},"query-input":{"@type":"PropertyValueSpecification","valueRequired":true,"valueName":"search_term_string"}}],"inLanguage":"fr-FR"},{"@type":"Organization","@id":"https:\/\/www.curlynights.com\/fr\/#organization","name":"Curly Nights","url":"https:\/\/www.curlynights.com\/fr\/","logo":{"@type":"ImageObject","inLanguage":"fr-FR","@id":"https:\/\/www.curlynights.com\/fr\/#\/schema\/logo\/image\/","url":"https:\/\/www.curlynights.com\/wp-content\/uploads\/2018\/08\/cropped-LOGO-GLYNNIS.png","contentUrl":"https:\/\/www.curlynights.com\/wp-content\/uploads\/2018\/08\/cropped-LOGO-GLYNNIS.png","width":1024,"height":276,"caption":"Curly Nights"},"image":{"@id":"https:\/\/www.curlynights.com\/fr\/#\/schema\/logo\/image\/"}}]}},"_links":{"self":[{"href":"https:\/\/www.curlynights.com\/fr\/wp-json\/wp\/v2\/pages\/818","targetHints":{"allow":["GET"]}}],"collection":[{"href":"https:\/\/www.curlynights.com\/fr\/wp-json\/wp\/v2\/pages"}],"about":[{"href":"https:\/\/www.curlynights.com\/fr\/wp-json\/wp\/v2\/types\/page"}],"author":[{"embeddable":true,"href":"https:\/\/www.curlynights.com\/fr\/wp-json\/wp\/v2\/users\/1"}],"replies":[{"embeddable":true,"href":"https:\/\/www.curlynights.com\/fr\/wp-json\/wp\/v2\/comments?post=818"}],"version-history":[{"count":11,"href":"https:\/\/www.curlynights.com\/fr\/wp-json\/wp\/v2\/pages\/818\/revisions"}],"predecessor-version":[{"id":5850,"href":"https:\/\/www.curlynights.com\/fr\/wp-json\/wp\/v2\/pages\/818\/revisions\/5850"}],"wp:attachment":[{"href":"https:\/\/www.curlynights.com\/fr\/wp-json\/wp\/v2\/media?parent=818"}],"curies":[{"name":"wp","href":"https:\/\/api.w.org\/{rel}","templated":true}]}}