{"id":5764,"date":"2020-06-17T13:49:45","date_gmt":"2020-06-17T11:49:45","guid":{"rendered":"https:\/\/www.curlynights.com\/?page_id=5764"},"modified":"2020-08-14T19:34:30","modified_gmt":"2020-08-14T17:34:30","slug":"les-fondateurs-curly-nights","status":"publish","type":"page","link":"https:\/\/www.curlynights.com\/fr\/les-fondateurs-curly-nights\/","title":{"rendered":"Les fondateurs"},"content":{"rendered":"\t\t<div data-elementor-type=\"wp-page\" data-elementor-id=\"5764\" class=\"elementor elementor-5764\" data-elementor-post-type=\"page\">\n\t\t\t\t\t\t<section class=\"elementor-section elementor-top-section elementor-element elementor-element-133ae1f4 elementor-section-full_width elementor-section-content-middle elementor-section-height-default elementor-section-height-default\" data-id=\"133ae1f4\" data-element_type=\"section\" data-e-type=\"section\">\n\t\t\t\t\t\t<div class=\"elementor-container elementor-column-gap-no\">\n\t\t\t\t\t<div class=\"elementor-column elementor-col-50 elementor-top-column elementor-element elementor-element-12b5e428\" data-id=\"12b5e428\" data-element_type=\"column\" data-e-type=\"column\" data-settings=\"{&quot;background_background&quot;:&quot;classic&quot;}\">\n\t\t\t<div class=\"elementor-widget-wrap elementor-element-populated\">\n\t\t\t\t\t<div class=\"elementor-background-overlay\"><\/div>\n\t\t\t\t\t\t<div class=\"elementor-element elementor-element-59ec2bb6 elementor-widget__width-initial elementor-widget elementor-widget-heading\" data-id=\"59ec2bb6\" data-element_type=\"widget\" data-e-type=\"widget\" data-widget_type=\"heading.default\">\n\t\t\t\t<div class=\"elementor-widget-container\">\n\t\t\t\t\t<h4 class=\"elementor-heading-title elementor-size-default\"><br><br>Philipp <br>&amp;<br>Glynnis<\/h4>\t\t\t\t<\/div>\n\t\t\t\t<\/div>\n\t\t\t\t\t<\/div>\n\t\t<\/div>\n\t\t\t\t<div class=\"elementor-column elementor-col-50 elementor-top-column elementor-element elementor-element-45b5a910\" data-id=\"45b5a910\" data-element_type=\"column\" data-e-type=\"column\">\n\t\t\t<div class=\"elementor-widget-wrap elementor-element-populated\">\n\t\t\t\t\t\t<div class=\"elementor-element elementor-element-42a30e9b elementor-widget elementor-widget-text-editor\" data-id=\"42a30e9b\" data-element_type=\"widget\" data-e-type=\"widget\" data-widget_type=\"text-editor.default\">\n\t\t\t\t<div class=\"elementor-widget-container\">\n\t\t\t\t\t\t\t\t\t<p style=\"text-align: justify;\"><span lang=\"FR\">Curly Nights, c\u2019est une aventure que nous avons lanc\u00e9e en 2018.\u00a0<\/span><\/p><p style=\"text-align: justify;\"><span lang=\"FR\">Apr\u00e8s avoir r\u00e9alis\u00e9 un projet mode\/lifestyle et un blog collaboratif sur le port d\u00e9complex\u00e9 de l\u2019afro au quotidien, nous \u00e9tions d\u00e9sireux d\u2019agir concr\u00e8tement pour r\u00e9pondre aux besoins des femmes qui n\u2019ont pas les cheveux lisses.\u00a0<i><\/i><\/span><\/p>\t\t\t\t\t\t\t\t<\/div>\n\t\t\t\t<\/div>\n\t\t\t\t<div class=\"elementor-element elementor-element-9ef79fb elementor-widget elementor-widget-text-editor\" data-id=\"9ef79fb\" data-element_type=\"widget\" data-e-type=\"widget\" data-widget_type=\"text-editor.default\">\n\t\t\t\t<div class=\"elementor-widget-container\">\n\t\t\t\t\t\t\t\t\t<p style=\"text-align: justify;\"><span lang=\"FR\" style=\"color: #000000;\">Partis de la beaut\u00e9 du wax et de l\u2019entretien du cheveu afro, nous avons tr\u00e8s rapidement compris que la probl\u00e9matique du soin du cheveu la nuit concerne en r\u00e9alit\u00e9 bien plus de monde. <\/span><\/p><p style=\"text-align: justify;\"><span lang=\"FR\" style=\"color: #000000;\">Soucieux de nous adapter aux pr\u00e9f\u00e9rences, go\u00fbts et habitudes de chacune, ainsi qu\u2019aux besoins de diff\u00e9rents types de cheveux,\u00a0 nous avons fait \u00e9voluer notre gamme d\u2019accessoires satin\u00e9s en tenant compte des retours de nos clientes. <\/span><\/p><p style=\"text-align: justify;\">\u00a0<\/p>\t\t\t\t\t\t\t\t<\/div>\n\t\t\t\t<\/div>\n\t\t\t\t<div class=\"elementor-element elementor-element-16c07d28 elementor-widget elementor-widget-text-editor\" data-id=\"16c07d28\" data-element_type=\"widget\" data-e-type=\"widget\" data-widget_type=\"text-editor.default\">\n\t\t\t\t<div class=\"elementor-widget-container\">\n\t\t\t\t\t\t\t\t\t<p><span style=\"color: #342a21;\"><span style=\"text-align: justify;\"><strong>Notre objectif<\/strong>\u00a0: accompagner chaque femme dans l\u2019acceptation et la mise en valeur de sa nature de cheveux avec de jolis accessoires de qualit\u00e9.\u00a0<\/span><span style=\"text-align: justify;\">\u00a0\u00a0<\/span><\/span><\/p>\t\t\t\t\t\t\t\t<\/div>\n\t\t\t\t<\/div>\n\t\t\t\t\t<\/div>\n\t\t<\/div>\n\t\t\t\t\t<\/div>\n\t\t<\/section>\n\t\t\t\t<section class=\"elementor-section elementor-top-section elementor-element elementor-element-f5512a3 elementor-section-boxed elementor-section-height-default elementor-section-height-default\" data-id=\"f5512a3\" data-element_type=\"section\" data-e-type=\"section\">\n\t\t\t\t\t\t<div class=\"elementor-container elementor-column-gap-default\">\n\t\t\t\t\t<div class=\"elementor-column elementor-col-100 elementor-top-column elementor-element elementor-element-efd401d\" data-id=\"efd401d\" data-element_type=\"column\" data-e-type=\"column\">\n\t\t\t<div class=\"elementor-widget-wrap elementor-element-populated\">\n\t\t\t\t\t\t<div class=\"elementor-element elementor-element-1742c84 elementor-hidden-phone elementor-widget elementor-widget-html\" data-id=\"1742c84\" data-element_type=\"widget\" data-e-type=\"widget\" data-widget_type=\"html.default\">\n\t\t\t\t<div class=\"elementor-widget-container\">\n\t\t\t\t\t<iframe width=\"100%\" height=\"135\" frameborder=\"0\" scrolling=\"no\" marginheight=\"0\" marginwidth=\"0\" src=\"https:\/\/www.societe-des-avis-garantis.fr\/wp-content\/plugins\/ag-core\/widgetFooter.php?id=4114\"> <\/iframe>\t\t\t\t<\/div>\n\t\t\t\t<\/div>\n\t\t\t\t\t<\/div>\n\t\t<\/div>\n\t\t\t\t\t<\/div>\n\t\t<\/section>\n\t\t\t\t<\/div>\n\t\t","protected":false},"excerpt":{"rendered":"<p>Philipp &amp;Glynnis Curly Nights, c\u2019est une aventure que nous avons lanc\u00e9e en 2018.\u00a0 Apr\u00e8s avoir r\u00e9alis\u00e9 un projet mode\/lifestyle et un blog collaboratif sur le port d\u00e9complex\u00e9 de l\u2019afro au quotidien, nous \u00e9tions d\u00e9sireux d\u2019agir concr\u00e8tement pour r\u00e9pondre aux besoins des femmes qui n\u2019ont pas les cheveux lisses.\u00a0 Partis de la beaut\u00e9 du wax et [&hellip;]<\/p>\n","protected":false},"author":1,"featured_media":0,"parent":0,"menu_order":0,"comment_status":"closed","ping_status":"closed","template":"elementor_header_footer","meta":{"footnotes":""},"class_list":["post-5764","page","type-page","status-publish","hentry"],"yoast_head":"<!-- This site is optimized with the Yoast SEO plugin v27.5 - https:\/\/yoast.com\/product\/yoast-seo-wordpress\/ -->\n<title>Les fondateurs &#8902; Curly Nights<\/title>\n<meta name=\"description\" content=\"Philipp et Glynnis, les fondateurs de Curly Nights, pr\u00e9sentent leur objectif : cr\u00e9er des accessoires satin\u00e9s jolis et pratiques pour toutes les boucles !\" \/>\n<meta name=\"robots\" content=\"index, follow, max-snippet:-1, max-image-preview:large, max-video-preview:-1\" \/>\n<link rel=\"canonical\" href=\"https:\/\/www.curlynights.com\/fr\/les-fondateurs-curly-nights\/\" \/>\n<meta property=\"og:locale\" content=\"fr_FR\" \/>\n<meta property=\"og:type\" content=\"article\" \/>\n<meta property=\"og:title\" content=\"Les fondateurs &#8902; Curly Nights\" \/>\n<meta property=\"og:description\" content=\"Philipp et Glynnis, les fondateurs de Curly Nights, pr\u00e9sentent leur objectif : cr\u00e9er des accessoires satin\u00e9s jolis et pratiques pour toutes les boucles !\" \/>\n<meta property=\"og:url\" content=\"https:\/\/www.curlynights.com\/fr\/les-fondateurs-curly-nights\/\" \/>\n<meta property=\"og:site_name\" content=\"Curly Nights\" \/>\n<meta property=\"article:modified_time\" content=\"2020-08-14T17:34:30+00:00\" \/>\n<meta name=\"twitter:card\" content=\"summary_large_image\" \/>\n<meta name=\"twitter:label1\" content=\"Dur\u00e9e de lecture estim\u00e9e\" \/>\n\t<meta name=\"twitter:data1\" content=\"1 minute\" \/>\n<script type=\"application\/ld+json\" class=\"yoast-schema-graph\">{\"@context\":\"https:\\\/\\\/schema.org\",\"@graph\":[{\"@type\":\"WebPage\",\"@id\":\"https:\\\/\\\/www.curlynights.com\\\/fr\\\/les-fondateurs-curly-nights\\\/\",\"url\":\"https:\\\/\\\/www.curlynights.com\\\/fr\\\/les-fondateurs-curly-nights\\\/\",\"name\":\"Les fondateurs &#8902; Curly Nights\",\"isPartOf\":{\"@id\":\"https:\\\/\\\/www.curlynights.com\\\/fr\\\/#website\"},\"datePublished\":\"2020-06-17T11:49:45+00:00\",\"dateModified\":\"2020-08-14T17:34:30+00:00\",\"description\":\"Philipp et Glynnis, les fondateurs de Curly Nights, pr\u00e9sentent leur objectif : cr\u00e9er des accessoires satin\u00e9s jolis et pratiques pour toutes les boucles !\",\"breadcrumb\":{\"@id\":\"https:\\\/\\\/www.curlynights.com\\\/fr\\\/les-fondateurs-curly-nights\\\/#breadcrumb\"},\"inLanguage\":\"fr-FR\",\"potentialAction\":[{\"@type\":\"ReadAction\",\"target\":[\"https:\\\/\\\/www.curlynights.com\\\/fr\\\/les-fondateurs-curly-nights\\\/\"]}]},{\"@type\":\"BreadcrumbList\",\"@id\":\"https:\\\/\\\/www.curlynights.com\\\/fr\\\/les-fondateurs-curly-nights\\\/#breadcrumb\",\"itemListElement\":[{\"@type\":\"ListItem\",\"position\":1,\"name\":\"Startseite\",\"item\":\"https:\\\/\\\/www.curlynights.com\\\/fr\\\/\"},{\"@type\":\"ListItem\",\"position\":2,\"name\":\"Les fondateurs\"}]},{\"@type\":\"WebSite\",\"@id\":\"https:\\\/\\\/www.curlynights.com\\\/fr\\\/#website\",\"url\":\"https:\\\/\\\/www.curlynights.com\\\/fr\\\/\",\"name\":\"Curly Nights\",\"description\":\"Bonnets de nuit, de soin et taies d&#039;oreiller en wax et satin\",\"publisher\":{\"@id\":\"https:\\\/\\\/www.curlynights.com\\\/fr\\\/#organization\"},\"potentialAction\":[{\"@type\":\"SearchAction\",\"target\":{\"@type\":\"EntryPoint\",\"urlTemplate\":\"https:\\\/\\\/www.curlynights.com\\\/fr\\\/?s={search_term_string}\"},\"query-input\":{\"@type\":\"PropertyValueSpecification\",\"valueRequired\":true,\"valueName\":\"search_term_string\"}}],\"inLanguage\":\"fr-FR\"},{\"@type\":\"Organization\",\"@id\":\"https:\\\/\\\/www.curlynights.com\\\/fr\\\/#organization\",\"name\":\"Curly Nights\",\"url\":\"https:\\\/\\\/www.curlynights.com\\\/fr\\\/\",\"logo\":{\"@type\":\"ImageObject\",\"inLanguage\":\"fr-FR\",\"@id\":\"https:\\\/\\\/www.curlynights.com\\\/fr\\\/#\\\/schema\\\/logo\\\/image\\\/\",\"url\":\"https:\\\/\\\/www.curlynights.com\\\/wp-content\\\/uploads\\\/2018\\\/08\\\/cropped-LOGO-GLYNNIS.png\",\"contentUrl\":\"https:\\\/\\\/www.curlynights.com\\\/wp-content\\\/uploads\\\/2018\\\/08\\\/cropped-LOGO-GLYNNIS.png\",\"width\":1024,\"height\":276,\"caption\":\"Curly Nights\"},\"image\":{\"@id\":\"https:\\\/\\\/www.curlynights.com\\\/fr\\\/#\\\/schema\\\/logo\\\/image\\\/\"}}]}<\/script>\n<!-- \/ Yoast SEO plugin. -->","yoast_head_json":{"title":"Les fondateurs &#8902; Curly Nights","description":"Philipp et Glynnis, les fondateurs de Curly Nights, pr\u00e9sentent leur objectif : cr\u00e9er des accessoires satin\u00e9s jolis et pratiques pour toutes les boucles !","robots":{"index":"index","follow":"follow","max-snippet":"max-snippet:-1","max-image-preview":"max-image-preview:large","max-video-preview":"max-video-preview:-1"},"canonical":"https:\/\/www.curlynights.com\/fr\/les-fondateurs-curly-nights\/","og_locale":"fr_FR","og_type":"article","og_title":"Les fondateurs &#8902; Curly Nights","og_description":"Philipp et Glynnis, les fondateurs de Curly Nights, pr\u00e9sentent leur objectif : cr\u00e9er des accessoires satin\u00e9s jolis et pratiques pour toutes les boucles !","og_url":"https:\/\/www.curlynights.com\/fr\/les-fondateurs-curly-nights\/","og_site_name":"Curly Nights","article_modified_time":"2020-08-14T17:34:30+00:00","twitter_card":"summary_large_image","twitter_misc":{"Dur\u00e9e de lecture estim\u00e9e":"1 minute"},"schema":{"@context":"https:\/\/schema.org","@graph":[{"@type":"WebPage","@id":"https:\/\/www.curlynights.com\/fr\/les-fondateurs-curly-nights\/","url":"https:\/\/www.curlynights.com\/fr\/les-fondateurs-curly-nights\/","name":"Les fondateurs &#8902; Curly Nights","isPartOf":{"@id":"https:\/\/www.curlynights.com\/fr\/#website"},"datePublished":"2020-06-17T11:49:45+00:00","dateModified":"2020-08-14T17:34:30+00:00","description":"Philipp et Glynnis, les fondateurs de Curly Nights, pr\u00e9sentent leur objectif : cr\u00e9er des accessoires satin\u00e9s jolis et pratiques pour toutes les boucles !","breadcrumb":{"@id":"https:\/\/www.curlynights.com\/fr\/les-fondateurs-curly-nights\/#breadcrumb"},"inLanguage":"fr-FR","potentialAction":[{"@type":"ReadAction","target":["https:\/\/www.curlynights.com\/fr\/les-fondateurs-curly-nights\/"]}]},{"@type":"BreadcrumbList","@id":"https:\/\/www.curlynights.com\/fr\/les-fondateurs-curly-nights\/#breadcrumb","itemListElement":[{"@type":"ListItem","position":1,"name":"Startseite","item":"https:\/\/www.curlynights.com\/fr\/"},{"@type":"ListItem","position":2,"name":"Les fondateurs"}]},{"@type":"WebSite","@id":"https:\/\/www.curlynights.com\/fr\/#website","url":"https:\/\/www.curlynights.com\/fr\/","name":"Curly Nights","description":"Bonnets de nuit, de soin et taies d&#039;oreiller en wax et satin","publisher":{"@id":"https:\/\/www.curlynights.com\/fr\/#organization"},"potentialAction":[{"@type":"SearchAction","target":{"@type":"EntryPoint","urlTemplate":"https:\/\/www.curlynights.com\/fr\/?s={search_term_string}"},"query-input":{"@type":"PropertyValueSpecification","valueRequired":true,"valueName":"search_term_string"}}],"inLanguage":"fr-FR"},{"@type":"Organization","@id":"https:\/\/www.curlynights.com\/fr\/#organization","name":"Curly Nights","url":"https:\/\/www.curlynights.com\/fr\/","logo":{"@type":"ImageObject","inLanguage":"fr-FR","@id":"https:\/\/www.curlynights.com\/fr\/#\/schema\/logo\/image\/","url":"https:\/\/www.curlynights.com\/wp-content\/uploads\/2018\/08\/cropped-LOGO-GLYNNIS.png","contentUrl":"https:\/\/www.curlynights.com\/wp-content\/uploads\/2018\/08\/cropped-LOGO-GLYNNIS.png","width":1024,"height":276,"caption":"Curly Nights"},"image":{"@id":"https:\/\/www.curlynights.com\/fr\/#\/schema\/logo\/image\/"}}]}},"_links":{"self":[{"href":"https:\/\/www.curlynights.com\/fr\/wp-json\/wp\/v2\/pages\/5764","targetHints":{"allow":["GET"]}}],"collection":[{"href":"https:\/\/www.curlynights.com\/fr\/wp-json\/wp\/v2\/pages"}],"about":[{"href":"https:\/\/www.curlynights.com\/fr\/wp-json\/wp\/v2\/types\/page"}],"author":[{"embeddable":true,"href":"https:\/\/www.curlynights.com\/fr\/wp-json\/wp\/v2\/users\/1"}],"replies":[{"embeddable":true,"href":"https:\/\/www.curlynights.com\/fr\/wp-json\/wp\/v2\/comments?post=5764"}],"version-history":[{"count":10,"href":"https:\/\/www.curlynights.com\/fr\/wp-json\/wp\/v2\/pages\/5764\/revisions"}],"predecessor-version":[{"id":7546,"href":"https:\/\/www.curlynights.com\/fr\/wp-json\/wp\/v2\/pages\/5764\/revisions\/7546"}],"wp:attachment":[{"href":"https:\/\/www.curlynights.com\/fr\/wp-json\/wp\/v2\/media?parent=5764"}],"curies":[{"name":"wp","href":"https:\/\/api.w.org\/{rel}","templated":true}]}}